{"id":9096,"date":"2023-06-26T11:35:43","date_gmt":"2023-06-26T09:35:43","guid":{"rendered":"https:\/\/agora.xtec.cat\/sesvallbonadanoia\/?page_id=9096"},"modified":"2023-10-18T13:20:41","modified_gmt":"2023-10-18T11:20:41","slug":"serveix-digitals-de-linstitut","status":"publish","type":"page","link":"https:\/\/agora.xtec.cat\/sesvallbonadanoia\/projecte-educatiu\/estrategia-digital-de-centre\/cultura-digital\/serveix-digitals-de-linstitut\/","title":{"rendered":"Serveis digitals de l&#8217;Institut"},"content":{"rendered":"<section id=\"h.718d29e0851e99b0_0\">\n<div tabindex=\"-1\">\n<div id=\"h.718d29e0851e99b0_3\">\n<h5><strong>Entorns Virtuals d&#8217;Aprenentatge (EVA)<\/strong><\/h5>\n<p style=\"padding-left: 40px;\">Moodle.<\/p>\n<p style=\"padding-left: 40px;\">Google Classrom.<\/p>\n<h5><strong>Eines i aplicacions digitals<\/strong><\/h5>\n<p style=\"padding-left: 40px;\">Recull de recursos, eines i aplicacions digitals per al professorat i l&#8217;alumnat.<\/p>\n<h5><strong>Maquinari<\/strong><\/h5>\n<p style=\"padding-left: 40px;\">Ordinadors a totes les aules.<\/p>\n<p style=\"padding-left: 40px;\">Projectors i algunes pissarres digitals.<\/p>\n<h5><strong>Calendaris<\/strong><\/h5>\n<p style=\"padding-left: 40px;\">Calendari d&#8217;organitzaci\u00f3 a Google Calendar.<\/p>\n<h5><strong>Creaci\u00f3 i gesti\u00f3 d&#8217;usuaris i canvi de curs<\/strong><\/h5>\n<p style=\"padding-left: 40px;\">Procediment d\u2019altes i baixes d\u2019usuaris (alumnat, professorat i fam\u00edlies) a les plataformes EVA del centre.<\/p>\n<p style=\"padding-left: 40px;\">Creaci\u00f3 i actualitzaci\u00f3 d&#8217;usuaris G Suite.<\/p>\n<p style=\"padding-left: 40px;\">Tasques canvi de curs.<\/p>\n<p style=\"padding-left: 40px;\">Control historial web usuaris.<\/p>\n<p style=\"padding-left: 40px;\">Bloqueig d&#8217;acc\u00e9s a internet d&#8217;usuaris.<\/p>\n<h5><strong>Organitzaci\u00f3 de la documentaci\u00f3 digital del centre<\/strong><\/h5>\n<p style=\"padding-left: 40px;\">Com gestiona el centre la documentaci\u00f3 digital: sistema de carpetes i arxius al Drive, al servidor del centre, &#8230;<\/p>\n<p style=\"padding-left: 40px;\">Protocols de centre en relaci\u00f3 a l&#8217;EDC<\/p>\n<p style=\"padding-left: 40px;\">\u00das dels m\u00f2bils al centre.<\/p>\n<p style=\"padding-left: 40px;\">Acords d&#8217;\u00fas de la plataforma EVA.<\/p>\n<p style=\"padding-left: 40px;\">Pol\u00edtiques d&#8217;utilitzaci\u00f3 d&#8217;aplicacions al n\u00favol.<\/p>\n<p style=\"padding-left: 40px;\">Normativa dels drets d&#8217;imatge.<\/p>\n<\/div>\n<\/div>\n<\/section>\n","protected":false},"excerpt":{"rendered":"<p>Entorns Virtuals d&#8217;Aprenentatge (EVA)<br \/>\nMoodle.<br \/>\nGoogle Classrom.<br \/>\nEines i aplicacions digitals<br \/>\nRecull de recursos, eines i aplicacions digitals per al professorat i l&#8217;alumnat.<br \/>\nMaquinari<br \/>\nOrdinadors a totes les aules.<br \/>\nProjectors i algunes pissarres digitals.<br \/>\nCalendaris<br \/>\nCalendari d&#8217;organitzaci\u00f3 a Google Calendar.<br \/>\nCreaci\u00f3 i gesti\u00f3 d&#8217;usuaris i canvi de curs<br \/>\nProcediment d\u2019altes i baixes d\u2019usuaris (alumnat, professorat i&hellip;  <a href=\"https:\/\/agora.xtec.cat\/sesvallbonadanoia\/projecte-educatiu\/estrategia-digital-de-centre\/cultura-digital\/serveix-digitals-de-linstitut\/\" title=\"Read Serveis digitals de l&#8217;Institut\">Llegeix m\u00e9s\u00bb<\/a><\/p>\n","protected":false},"author":1,"featured_media":0,"parent":9088,"menu_order":0,"comment_status":"closed","ping_status":"closed","template":"","meta":{"_bbp_topic_count":0,"_bbp_reply_count":0,"_bbp_total_topic_count":0,"_bbp_total_reply_count":0,"_bbp_voice_count":0,"_bbp_anonymous_reply_count":0,"_bbp_topic_count_hidden":0,"_bbp_reply_count_hidden":0,"_bbp_forum_subforum_count":0,"footnotes":""},"class_list":["post-9096","page","type-page","status-publish","hentry"],"post_mailing_queue_ids":[],"_links":{"self":[{"href":"https:\/\/agora.xtec.cat\/sesvallbonadanoia\/wp-json\/wp\/v2\/pages\/9096","targetHints":{"allow":["GET"]}}],"collection":[{"href":"https:\/\/agora.xtec.cat\/sesvallbonadanoia\/wp-json\/wp\/v2\/pages"}],"about":[{"href":"https:\/\/agora.xtec.cat\/sesvallbonadanoia\/wp-json\/wp\/v2\/types\/page"}],"author":[{"embeddable":true,"href":"https:\/\/agora.xtec.cat\/sesvallbonadanoia\/wp-json\/wp\/v2\/users\/1"}],"replies":[{"embeddable":true,"href":"https:\/\/agora.xtec.cat\/sesvallbonadanoia\/wp-json\/wp\/v2\/comments?post=9096"}],"version-history":[{"count":5,"href":"https:\/\/agora.xtec.cat\/sesvallbonadanoia\/wp-json\/wp\/v2\/pages\/9096\/revisions"}],"predecessor-version":[{"id":9348,"href":"https:\/\/agora.xtec.cat\/sesvallbonadanoia\/wp-json\/wp\/v2\/pages\/9096\/revisions\/9348"}],"up":[{"embeddable":true,"href":"https:\/\/agora.xtec.cat\/sesvallbonadanoia\/wp-json\/wp\/v2\/pages\/9088"}],"wp:attachment":[{"href":"https:\/\/agora.xtec.cat\/sesvallbonadanoia\/wp-json\/wp\/v2\/media?parent=9096"}],"curies":[{"name":"wp","href":"https:\/\/api.w.org\/{rel}","templated":true}]}}