{"id":9088,"date":"2023-06-26T11:27:16","date_gmt":"2023-06-26T09:27:16","guid":{"rendered":"https:\/\/agora.xtec.cat\/sesvallbonadanoia\/?page_id=9088"},"modified":"2025-03-11T11:18:03","modified_gmt":"2025-03-11T10:18:03","slug":"cultura-digital","status":"publish","type":"page","link":"https:\/\/agora.xtec.cat\/sesvallbonadanoia\/projecte-educatiu\/estrategia-digital-de-centre\/cultura-digital\/","title":{"rendered":"Cultura Digital"},"content":{"rendered":"<p>S\u00f3n el conjunt d&#8217;accions, procediments, protocols i acords relacionats amb tots els \u00e0mbits digitals del centre organitzats en forma de recull i posat a disposici\u00f3 de la comunitat educativa. Entre d&#8217;altres, anirem publicant els seg\u00fcents documents:<\/p>\n<ul>\n<li><a href=\"https:\/\/agora.xtec.cat\/sesvallbonadanoia\/projecte-educatiu\/cultura-digital\/serveix-digitals-de-linstitut\/\">SERVEIS DIGITALS I DISPOSITIUS DE L&#8217;INSTITUT<\/a><\/li>\n<li><a href=\"https:\/\/agora.xtec.cat\/sesvallbonadanoia\/projecte-educatiu\/cultura-digital\/plans-dacollida\/\">PLANS D&#8217;ACOLLIDA<\/a><\/li>\n<li><a href=\"https:\/\/agora.xtec.cat\/sesvallbonadanoia\/projecte-educatiu\/cultura-digital\/prestec-ordinadors\/\">PR\u00c9STEC D&#8217;ORDINADORS<\/a><\/li>\n<li><a href=\"https:\/\/agora.xtec.cat\/sesvallbonadanoia\/projecte-educatiu\/cultura-digital\/acords-claustre-en-tema-digital\/\">DOCUMENTACI\u00d3<\/a><\/li>\n<li><a href=\"https:\/\/agora.xtec.cat\/sesvallbonadanoia\/projecte-educatiu\/cultura-digital\/desplegament-curricular-de-la-comissio-digital\/\">DESPLEGAMENT CURRICULAR DE LA COMPET\u00c8NCIA DIGITAL<\/a><\/li>\n<li><a href=\"https:\/\/agora.xtec.cat\/sesvallbonadanoia\/wp-content\/uploads\/usu60\/2025\/03\/Pla-de-comunicacio.pdf\">PLA DE COMUNICACI\u00d3<\/a><\/li>\n<\/ul>\n","protected":false},"excerpt":{"rendered":"<p>S\u00f3n el conjunt d&#8217;accions, procediments, protocols i acords relacionats amb tots els \u00e0mbits digitals del centre organitzats en forma de recull i posat a disposici\u00f3 de la comunitat educativa. Entre d&#8217;altres, anirem publicant els seg\u00fcents documents:<\/p>\n<ul>\n<li><a href=\"https:\/\/agora.xtec.cat\/sesvallbonadanoia\/projecte-educatiu\/cultura-digital\/serveix-digitals-de-linstitut\/\">SERVEIS DIGITALS I DISPOSITIUS DE L&#8217;INSTITUT<\/a><\/li>\n<li><a href=\"https:\/\/agora.xtec.cat\/sesvallbonadanoia\/projecte-educatiu\/cultura-digital\/plans-dacollida\/\">PLANS D&#8217;ACOLLIDA<\/a><\/li>\n<li><a href=\"https:\/\/agora.xtec.cat\/sesvallbonadanoia\/projecte-educatiu\/cultura-digital\/prestec-ordinadors\/\">PR\u00c9STEC&hellip;  <a href=\"https:\/\/agora.xtec.cat\/sesvallbonadanoia\/projecte-educatiu\/estrategia-digital-de-centre\/cultura-digital\/\" title=\"Read Cultura Digital\">Llegeix m\u00e9s\u00bb<\/a><br \/>\n","protected":false},"author":1,"featured_media":0,"parent":9487,"menu_order":0,"comment_status":"closed","ping_status":"closed","template":"page-templates\/side-menu.php","meta":{"_bbp_topic_count":0,"_bbp_reply_count":0,"_bbp_total_topic_count":0,"_bbp_total_reply_count":0,"_bbp_voice_count":0,"_bbp_anonymous_reply_count":0,"_bbp_topic_count_hidden":0,"_bbp_reply_count_hidden":0,"_bbp_forum_subforum_count":0,"footnotes":""},"class_list":["post-9088","page","type-page","status-publish","hentry"],"post_mailing_queue_ids":[],"_links":{"self":[{"href":"https:\/\/agora.xtec.cat\/sesvallbonadanoia\/wp-json\/wp\/v2\/pages\/9088","targetHints":{"allow":["GET"]}}],"collection":[{"href":"https:\/\/agora.xtec.cat\/sesvallbonadanoia\/wp-json\/wp\/v2\/pages"}],"about":[{"href":"https:\/\/agora.xtec.cat\/sesvallbonadanoia\/wp-json\/wp\/v2\/types\/page"}],"author":[{"embeddable":true,"href":"https:\/\/agora.xtec.cat\/sesvallbonadanoia\/wp-json\/wp\/v2\/users\/1"}],"replies":[{"embeddable":true,"href":"https:\/\/agora.xtec.cat\/sesvallbonadanoia\/wp-json\/wp\/v2\/comments?post=9088"}],"version-history":[{"count":6,"href":"https:\/\/agora.xtec.cat\/sesvallbonadanoia\/wp-json\/wp\/v2\/pages\/9088\/revisions"}],"predecessor-version":[{"id":11438,"href":"https:\/\/agora.xtec.cat\/sesvallbonadanoia\/wp-json\/wp\/v2\/pages\/9088\/revisions\/11438"}],"up":[{"embeddable":true,"href":"https:\/\/agora.xtec.cat\/sesvallbonadanoia\/wp-json\/wp\/v2\/pages\/9487"}],"wp:attachment":[{"href":"https:\/\/agora.xtec.cat\/sesvallbonadanoia\/wp-json\/wp\/v2\/media?parent=9088"}],"curies":[{"name":"wp","href":"https:\/\/api.w.org\/{rel}","templated":true}]}}