{"id":8694,"date":"2022-10-11T18:29:09","date_gmt":"2022-10-11T16:29:09","guid":{"rendered":"https:\/\/agora.xtec.cat\/sesvallbonadanoia\/?page_id=8694"},"modified":"2025-07-11T00:44:16","modified_gmt":"2025-07-10T22:44:16","slug":"escola-despectadors","status":"publish","type":"page","link":"https:\/\/agora.xtec.cat\/sesvallbonadanoia\/estudis\/projectes-del-centre\/escola-despectadors\/","title":{"rendered":"Escola d&#8217;Espectadors"},"content":{"rendered":"<h2 id=\":13v\" class=\"hP\" tabindex=\"-1\" data-thread-perm-id=\"thread-f:1644282203461101218\" data-legacy-thread-id=\"16d1a9f3c7cba6a2\">No us perdeu l&#8217;Escola d&#8217;<span class=\"il\">Espectadors<\/span> de l&#8217;institut!<\/h2>\n<p>L&#8217;escola d&#8217;<span class=\"m_5801346369349334558m_-885857974323249794gmail-il\"><span class=\"il\">espectadors<\/span><\/span>\/es de teatre \u00e9s un projecte entre el TNC (Teatre Nacional de Catalunya), el Bibliob\u00fas de Vallbona i l&#8217;Institut de Vallbona d&#8217;Anoia, amb la col\u00b7laboraci\u00f3 dels Ajuntaments de Vallbona d&#8217;Anoia, La Pobla de Claramunt i Cabrera d&#8217;Anoia.<\/p>\n<p>Es tracta d&#8217;un projecte similar a un club de lectura al qual se li suma veure l&#8217;obra.<a href=\"https:\/\/biblioteques.gencat.cat\/ca\/el-servei-de-biblioteques\/linies-dactivitat\/promocio_lectura_cultura\/clubs-de-lectura-presencials-00001\/llegir_teatre\/index.html\"> La biblioteca ens proporciona els llibres de les obres de teatre<\/a> per tal que les puguem llegir a casa i posteriorment, anem a veure l&#8217;espectacle i el valorem conjuntament. Els Ajuntaments subvencionen el transport fins al teatre. Les entrades tenen un cost redu\u00eft.<\/p>\n<p>Us animeu? Us podeu inscriure trucant a l&#8217;institut al 937719800 o enviant-nos un correu a<\/p>\n<p><span dir=\"ltr\" role=\"presentation\">\ud83d\udce8<a href=\"mailto:insvallbona@xtec.cat\">insvallbona@xtec.cat<\/a><\/span><\/p>\n<h3>Espectacles del curs 25-26:<\/h3>\n<div>\n<ol>\n<li><strong>Tarsius<\/strong> \u2013\u00a0 15 de novembre de 2025 19h (bus 16:50h)<\/li>\n<li><strong>La Reina Lloba<\/strong> \u2013 7 de febrer del 2026 19h (bus 16:50h)<\/li>\n<li><strong>Edip i Ant\u00edgona<\/strong> \u2013 18 de abril del 2026 19h (bus 16:50h)<\/li>\n<\/ol>\n<\/div>\n<p><a href=\"https:\/\/agora.xtec.cat\/sesvallbonadanoia\/wp-content\/uploads\/usu60\/2025\/07\/Cartel-para-Inscripciones-en-Clase-de-Teatro-con-Fotografia-amarillo-y-rojo-oscuro-1.png\"><img loading=\"lazy\" decoding=\"async\" class=\"alignnone size-full wp-image-12079 aligncenter\" src=\"https:\/\/agora.xtec.cat\/sesvallbonadanoia\/wp-content\/uploads\/usu60\/2025\/07\/Cartel-para-Inscripciones-en-Clase-de-Teatro-con-Fotografia-amarillo-y-rojo-oscuro-1.png\" alt=\"\" width=\"453\" height=\"640\" srcset=\"https:\/\/agora.xtec.cat\/sesvallbonadanoia\/wp-content\/uploads\/usu60\/2025\/07\/Cartel-para-Inscripciones-en-Clase-de-Teatro-con-Fotografia-amarillo-y-rojo-oscuro-1.png 453w, https:\/\/agora.xtec.cat\/sesvallbonadanoia\/wp-content\/uploads\/usu60\/2025\/07\/Cartel-para-Inscripciones-en-Clase-de-Teatro-con-Fotografia-amarillo-y-rojo-oscuro-1-212x300.png 212w\" sizes=\"auto, (max-width: 453px) 100vw, 453px\" \/><\/a><\/p>\n<h3>Espectacles del curs 24-25:<\/h3>\n<div>\n<ol>\n<li><span style=\"font-size: large;\"><strong>Bruixes<\/strong> &#8211;\u00a0 12 d&#8217;octubre de 2024 19h (bus 17h)<\/span><\/li>\n<li><span style=\"font-size: large;\"><strong>L&#8217;aranya<\/strong> &#8211; 15 de febrer del 2025 19h (bus 17h)<\/span><\/li>\n<li><span style=\"font-size: large;\"><strong>Tercera fuga<\/strong> &#8211; 17 de maig del 2024\u00a0 19h (bus 17h)<\/span><\/li>\n<\/ol>\n<\/div>\n<p><span style=\"font-family: inherit; font-size: 1em;\">Les persones interessades a formar part d&#8217;aquest projecte rebran el llibre per poder <\/span><b style=\"font-family: inherit; font-size: 1em;\">Llegir el teatre<\/b><span style=\"font-family: inherit; font-size: 1em;\"> abans d&#8217;anar-hi.<\/span><\/p>\n<p>Cada persona es compra la seva entrada amb el codi que us facilita el centre, que inclou un descompte en el preu de l&#8217;entrada.<\/p>\n<p>Poden apuntar-se alumnat, fam\u00edlies i amics sempre que hi hagi un vincle amb el centre educatiu. Tamb\u00e9 \u00e9s obert al professorat i PAS, aix\u00ed com als seus familiars i amics.<\/p>\n<p style=\"text-align: center;\"><a href=\"https:\/\/agora.xtec.cat\/sesvallbonadanoia\/wp-content\/uploads\/usu60\/2024\/07\/Copia-de-Cartel-para-Inscripciones-en-Clase-de-Teatro-con-Fotografia-amarillo-y-rojo-oscuro.png\"><img loading=\"lazy\" decoding=\"async\" class=\"alignnone size-full wp-image-10339\" src=\"https:\/\/agora.xtec.cat\/sesvallbonadanoia\/wp-content\/uploads\/usu60\/2024\/07\/Copia-de-Cartel-para-Inscripciones-en-Clase-de-Teatro-con-Fotografia-amarillo-y-rojo-oscuro.png\" alt=\"\" width=\"453\" height=\"640\" srcset=\"https:\/\/agora.xtec.cat\/sesvallbonadanoia\/wp-content\/uploads\/usu60\/2024\/07\/Copia-de-Cartel-para-Inscripciones-en-Clase-de-Teatro-con-Fotografia-amarillo-y-rojo-oscuro.png 453w, https:\/\/agora.xtec.cat\/sesvallbonadanoia\/wp-content\/uploads\/usu60\/2024\/07\/Copia-de-Cartel-para-Inscripciones-en-Clase-de-Teatro-con-Fotografia-amarillo-y-rojo-oscuro-212x300.png 212w\" sizes=\"auto, (max-width: 453px) 100vw, 453px\" \/><\/a><\/p>\n<p>&nbsp;<\/p>\n","protected":false},"excerpt":{"rendered":"<p>No us perdeu l&#8217;Escola d&#8217;Espectadors de l&#8217;institut!<br \/>\nL&#8217;escola d&#8217;espectadors\/es de teatre \u00e9s un projecte entre el TNC (Teatre Nacional de Catalunya), el Bibliob\u00fas de Vallbona i l&#8217;Institut de Vallbona d&#8217;Anoia, amb la col\u00b7laboraci\u00f3 dels Ajuntaments de Vallbona d&#8217;Anoia, La Pobla de Claramunt i Cabrera d&#8217;Anoia.<br \/>\nEs tracta&hellip;  <a href=\"https:\/\/agora.xtec.cat\/sesvallbonadanoia\/estudis\/projectes-del-centre\/escola-despectadors\/\" title=\"Read Escola d&#8217;Espectadors\">Llegeix m\u00e9s\u00bb<\/a><\/p>\n","protected":false},"author":27,"featured_media":0,"parent":2513,"menu_order":0,"comment_status":"closed","ping_status":"closed","template":"","meta":{"_bbp_topic_count":0,"_bbp_reply_count":0,"_bbp_total_topic_count":0,"_bbp_total_reply_count":0,"_bbp_voice_count":0,"_bbp_anonymous_reply_count":0,"_bbp_topic_count_hidden":0,"_bbp_reply_count_hidden":0,"_bbp_forum_subforum_count":0,"footnotes":""},"class_list":["post-8694","page","type-page","status-publish","hentry"],"post_mailing_queue_ids":[],"_links":{"self":[{"href":"https:\/\/agora.xtec.cat\/sesvallbonadanoia\/wp-json\/wp\/v2\/pages\/8694","targetHints":{"allow":["GET"]}}],"collection":[{"href":"https:\/\/agora.xtec.cat\/sesvallbonadanoia\/wp-json\/wp\/v2\/pages"}],"about":[{"href":"https:\/\/agora.xtec.cat\/sesvallbonadanoia\/wp-json\/wp\/v2\/types\/page"}],"author":[{"embeddable":true,"href":"https:\/\/agora.xtec.cat\/sesvallbonadanoia\/wp-json\/wp\/v2\/users\/27"}],"replies":[{"embeddable":true,"href":"https:\/\/agora.xtec.cat\/sesvallbonadanoia\/wp-json\/wp\/v2\/comments?post=8694"}],"version-history":[{"count":6,"href":"https:\/\/agora.xtec.cat\/sesvallbonadanoia\/wp-json\/wp\/v2\/pages\/8694\/revisions"}],"predecessor-version":[{"id":12080,"href":"https:\/\/agora.xtec.cat\/sesvallbonadanoia\/wp-json\/wp\/v2\/pages\/8694\/revisions\/12080"}],"up":[{"embeddable":true,"href":"https:\/\/agora.xtec.cat\/sesvallbonadanoia\/wp-json\/wp\/v2\/pages\/2513"}],"wp:attachment":[{"href":"https:\/\/agora.xtec.cat\/sesvallbonadanoia\/wp-json\/wp\/v2\/media?parent=8694"}],"curies":[{"name":"wp","href":"https:\/\/api.w.org\/{rel}","templated":true}]}}