{"id":8523,"date":"2022-06-10T10:07:56","date_gmt":"2022-06-10T08:07:56","guid":{"rendered":"https:\/\/agora.xtec.cat\/sesvallbonadanoia\/?page_id=8523"},"modified":"2025-06-17T12:58:28","modified_gmt":"2025-06-17T10:58:28","slug":"extraescolars","status":"publish","type":"page","link":"https:\/\/agora.xtec.cat\/sesvallbonadanoia\/ampa\/extraescolars\/","title":{"rendered":"Extraescolars"},"content":{"rendered":"<h1>Curs 25-26<\/h1>\n<div dir=\"auto\">Des de l&#8217;AFA s&#8217;oferiran activitats extraescolars aquest curs:<\/div>\n<div dir=\"auto\"><\/div>\n<div dir=\"auto\">\n<ul>\n<li>Rob\u00f2tica, programaci\u00f3 i disseny de videojocs: Ja podeu reservar pla\u00e7a!<\/li>\n<li><span style=\"color: #ff0000;\">\u00a0<\/span><\/li>\n<\/ul>\n<\/div>\n<div dir=\"auto\"><\/div>\n<p>Per qualsevol dubte, podeu contactar amb la b\u00fastia de l&#8217;AFA:\u00a0 \u2709 <a href=\"mailto:afa@insvallbona.cat\">afa<span class=\"\">@insvallbona.cat<\/span><\/a><\/p>\n<table style=\"border-collapse: collapse; width: 100%; height: 272px;\">\n<tbody>\n<tr style=\"height: 32px;\">\n<td style=\"width: 15.2007%; height: 32px;\"><strong>Extraescolar<\/strong><\/td>\n<td style=\"width: 33.8745%; height: 32px;\"><strong>Dies i hores<\/strong><\/td>\n<td style=\"width: 50.9247%; height: 32px;\"><strong>Inscripci\u00f3<\/strong><\/td>\n<\/tr>\n<tr style=\"height: 63px;\">\n<td style=\"width: 15.2007%; height: 63px;\">Rob\u00f2tica<\/td>\n<td style=\"width: 33.8745%; height: 63px;\">Dijous, de 16:30 a 18h<\/td>\n<td style=\"width: 50.9247%; height: 63px;\"><strong><span style=\"color: #ff0000;\">Inscripcions obertes!<\/span><\/strong><\/p>\n<p>\u27a1 <a href=\"https:\/\/docs.google.com\/forms\/d\/e\/1FAIpQLSdu_1kfd4bG2-9mENvR5lQ3IiUoWjAMlLdumLQDiVtGs9_VzA\/viewform\" target=\"_blank\" rel=\"noopener\">https:\/\/forms.gle\/txSwchAZG67UHQqz8<\/a><\/td>\n<\/tr>\n<tr>\n<td style=\"width: 15.2007%;\">Estudi assistit <span style=\"color: #ff0000;\">(pendent de confirmar)<\/span><\/td>\n<td style=\"width: 33.8745%;\">Dilluns de 17:30 a 19:00h<\/td>\n<td style=\"width: 50.9247%;\">\u27a1 <a href=\"https:\/\/agora.xtec.cat\/sesvallbonadanoia\/general\/estudi-assistit-vallbona-danoia-23-24\/\">Vallbona d&#8217;Anoia<\/a><\/p>\n<p>\u27a1 <a href=\"https:\/\/agora.xtec.cat\/sesvallbonadanoia\/general\/estudi-assistit-cabrera-danoia-23-24\/\">Cabrera d&#8217;Anoia<\/a><\/p>\n<p>\u27a1 <a href=\"https:\/\/agora.xtec.cat\/sesvallbonadanoia\/general\/estudi-assistit-la-pobla-de-claramunt\/\">La Pobla de Claramunt<\/a><\/td>\n<\/tr>\n<\/tbody>\n<\/table>\n<p>&nbsp;<\/p>\n<p>&nbsp;<\/p>\n<p>&nbsp;<\/p>\n","protected":false},"excerpt":{"rendered":"<p>Curs 25-26<br \/>\nDes de l&#8217;AFA s&#8217;oferiran activitats extraescolars aquest curs:<\/p>\n<ul>\n<li>Rob\u00f2tica, programaci\u00f3 i disseny de videojocs: Ja podeu reservar pla\u00e7a!<\/li>\n<li>\u00a0<\/li>\n<\/ul>\n<p>Per qualsevol dubte, podeu contactar amb la b\u00fastia de l&#8217;AFA:\u00a0 \u2709 <a href=\"mailto:afa@insvallbona.cat\">afa@insvallbona.cat<\/a><\/p>\n<p>Extraescolar<br \/>\nDies i hores<br \/>\nInscripci\u00f3<\/p>\n<p>Rob\u00f2tica<br \/>\nDijous, de 16:30 a 18h<br \/>\nInscripcions obertes!<br \/>\n\u27a1 <a href=\"https:\/\/docs.google.com\/forms\/d\/e\/1FAIpQLSdu_1kfd4bG2-9mENvR5lQ3IiUoWjAMlLdumLQDiVtGs9_VzA\/viewform\" target=\"_blank\" rel=\"noopener\">https:\/\/forms.gle\/txSwchAZG67UHQqz8<\/a><\/p>\n<p>Estudi assistit (pendent de confirmar)<br \/>\nDilluns&hellip;  <a href=\"https:\/\/agora.xtec.cat\/sesvallbonadanoia\/ampa\/extraescolars\/\" title=\"Read Extraescolars\">Llegeix m\u00e9s\u00bb<\/a><\/p>\n","protected":false},"author":27,"featured_media":0,"parent":2519,"menu_order":0,"comment_status":"closed","ping_status":"closed","template":"page-templates\/side-menu.php","meta":{"_bbp_topic_count":0,"_bbp_reply_count":0,"_bbp_total_topic_count":0,"_bbp_total_reply_count":0,"_bbp_voice_count":0,"_bbp_anonymous_reply_count":0,"_bbp_topic_count_hidden":0,"_bbp_reply_count_hidden":0,"_bbp_forum_subforum_count":0,"footnotes":""},"class_list":["post-8523","page","type-page","status-publish","hentry"],"post_mailing_queue_ids":[],"_links":{"self":[{"href":"https:\/\/agora.xtec.cat\/sesvallbonadanoia\/wp-json\/wp\/v2\/pages\/8523","targetHints":{"allow":["GET"]}}],"collection":[{"href":"https:\/\/agora.xtec.cat\/sesvallbonadanoia\/wp-json\/wp\/v2\/pages"}],"about":[{"href":"https:\/\/agora.xtec.cat\/sesvallbonadanoia\/wp-json\/wp\/v2\/types\/page"}],"author":[{"embeddable":true,"href":"https:\/\/agora.xtec.cat\/sesvallbonadanoia\/wp-json\/wp\/v2\/users\/27"}],"replies":[{"embeddable":true,"href":"https:\/\/agora.xtec.cat\/sesvallbonadanoia\/wp-json\/wp\/v2\/comments?post=8523"}],"version-history":[{"count":7,"href":"https:\/\/agora.xtec.cat\/sesvallbonadanoia\/wp-json\/wp\/v2\/pages\/8523\/revisions"}],"predecessor-version":[{"id":11933,"href":"https:\/\/agora.xtec.cat\/sesvallbonadanoia\/wp-json\/wp\/v2\/pages\/8523\/revisions\/11933"}],"up":[{"embeddable":true,"href":"https:\/\/agora.xtec.cat\/sesvallbonadanoia\/wp-json\/wp\/v2\/pages\/2519"}],"wp:attachment":[{"href":"https:\/\/agora.xtec.cat\/sesvallbonadanoia\/wp-json\/wp\/v2\/media?parent=8523"}],"curies":[{"name":"wp","href":"https:\/\/api.w.org\/{rel}","templated":true}]}}