{"id":7704,"date":"2021-07-07T10:34:20","date_gmt":"2021-07-07T08:34:20","guid":{"rendered":"https:\/\/agora.xtec.cat\/sesvallbonadanoia\/?page_id=7704"},"modified":"2025-07-14T13:43:38","modified_gmt":"2025-07-14T11:43:38","slug":"presentacio-del-centre","status":"publish","type":"page","link":"https:\/\/agora.xtec.cat\/sesvallbonadanoia\/presentacio-del-centre\/","title":{"rendered":"Presentaci\u00f3 del centre"},"content":{"rendered":"<h3><a href=\"https:\/\/agora.xtec.cat\/sesvallbonadanoia\/wp-content\/uploads\/usu60\/2025\/07\/1.png\"><img loading=\"lazy\" decoding=\"async\" class=\"size-full wp-image-12065 aligncenter\" src=\"https:\/\/agora.xtec.cat\/sesvallbonadanoia\/wp-content\/uploads\/usu60\/2025\/07\/1.png\" alt=\"\" width=\"1000\" height=\"707\" srcset=\"https:\/\/agora.xtec.cat\/sesvallbonadanoia\/wp-content\/uploads\/usu60\/2025\/07\/1.png 1000w, https:\/\/agora.xtec.cat\/sesvallbonadanoia\/wp-content\/uploads\/usu60\/2025\/07\/1-300x212.png 300w, https:\/\/agora.xtec.cat\/sesvallbonadanoia\/wp-content\/uploads\/usu60\/2025\/07\/1-768x543.png 768w\" sizes=\"auto, (max-width: 1000px) 100vw, 1000px\" \/><\/a><a href=\"https:\/\/agora.xtec.cat\/sesvallbonadanoia\/wp-content\/uploads\/usu60\/2025\/07\/2.png\"><img loading=\"lazy\" decoding=\"async\" class=\"size-full wp-image-12066 aligncenter\" src=\"https:\/\/agora.xtec.cat\/sesvallbonadanoia\/wp-content\/uploads\/usu60\/2025\/07\/2.png\" alt=\"\" width=\"1000\" height=\"707\" srcset=\"https:\/\/agora.xtec.cat\/sesvallbonadanoia\/wp-content\/uploads\/usu60\/2025\/07\/2.png 1000w, https:\/\/agora.xtec.cat\/sesvallbonadanoia\/wp-content\/uploads\/usu60\/2025\/07\/2-300x212.png 300w, https:\/\/agora.xtec.cat\/sesvallbonadanoia\/wp-content\/uploads\/usu60\/2025\/07\/2-768x543.png 768w\" sizes=\"auto, (max-width: 1000px) 100vw, 1000px\" \/><\/a><\/h3>\n<p>&nbsp;<\/p>\n<h3>Mandat 2025-2029<\/h3>\n<h4><b>Identitat i car\u00e0cter propi del centre<\/b><\/h4>\n<p><span style=\"font-weight: 400;\">L\u2019Institut Vallbona d\u2019Anoia \u00e9s un centre p\u00fablic d\u2019educaci\u00f3 secund\u00e0ria obligat\u00f2ria (1r a 4t d\u2019ESO) situat en un entorn semiurb\u00e0, amb una comunitat educativa diversa, cohesionada i compromesa amb l\u2019\u00e8xit acad\u00e8mic i personal de tot l\u2019alumnat.<\/span><\/p>\n<p><span style=\"font-weight: 400;\">La nostra identitat es fonamenta en una pedagogia <\/span><b>hol\u00edstica, inclusiva i integradora<\/b><span style=\"font-weight: 400;\">, que posa l\u2019alumne al centre de l\u2019aprenentatge, fomenta la conviv\u00e8ncia des d\u2019una mirada <\/span><b>restaurativa<\/b><span style=\"font-weight: 400;\">, i impulsa el <\/span><b>benestar, la creativitat, la curiositat i la diversificaci\u00f3 curricular<\/b><span style=\"font-weight: 400;\">.<\/span><\/p>\n<p><span style=\"font-weight: 400;\">Som un centre educatiu arrelat al territori i comprom\u00e8s amb la llengua i la cultura catalana. El catal\u00e0 \u00e9s la llengua vehicular del centre en tots els \u00e0mbits: acad\u00e8mic, institucional i de relaci\u00f3 quotidiana. Vetllem per garantir la compet\u00e8ncia ling\u00fc\u00edstica plena de l\u2019alumnat en catal\u00e0, castell\u00e0 i, progressivament, en lleng\u00fces estrangeres, tot afavorint el pluriling\u00fcisme des d\u2019una base s\u00f2lida en la llengua pr\u00f2pia del pa\u00eds.<\/span><\/p>\n<p><span style=\"font-weight: 400;\">Som un centre obert i acollidor que promou el respecte i la conviv\u00e8ncia entre totes les lleng\u00fces i cultures presents a la nostra comunitat educativa. Valorem la diversitat com una riquesa, i desenvolupem accions espec\u00edfiques per facilitar la inclusi\u00f3 i el sentiment de pertinen\u00e7a de tot l\u2019alumnat, vingui d\u2019on vingui.<\/span><\/p>\n<p><span style=\"font-weight: 400;\">Alhora, fomentem el coneixement, l\u2019estima i el comprom\u00eds amb el patrimoni cultural catal\u00e0, tant des d\u2019un vessant hist\u00f2ric, ling\u00fc\u00edstic i literari com des de les manifestacions art\u00edstiques i populars. Creiem en l\u2019educaci\u00f3 com a eina per construir una ciutadania cr\u00edtica, arrelada i oberta al m\u00f3n.<\/span><\/p>\n<p><span style=\"font-weight: 400;\">Disposem de r\u00e0tios redu\u00efdes, oferim <\/span><b>formaci\u00f3 docent cooperativa<\/b><span style=\"font-weight: 400;\">, i apostem per <\/span><b>programes Erasmus+<\/b><span style=\"font-weight: 400;\">, projectes <\/span><b>amb empreses i entitats locals<\/b><span style=\"font-weight: 400;\">, i una <\/span><b>mirada art\u00edstica, cient\u00edfica i l\u00fadica<\/b><span style=\"font-weight: 400;\"> de l\u2019aprenentatge.<\/span><\/p>\n<p><span style=\"font-weight: 400;\">\u00a0Apostem per una educaci\u00f3 integral que prioritzi tant el desenvolupament acad\u00e8mic com el personal i emocional de l\u2019alumnat, i que fomenti la conviv\u00e8ncia positiva, el pensament cr\u00edtic, la creativitat i el comprom\u00eds social.<\/span><\/p>\n<h4><b>Missi\u00f3<\/b><\/h4>\n<p><span style=\"font-weight: 400;\">La nostra missi\u00f3 \u00e9s l\u2019educaci\u00f3, formaci\u00f3 i orientaci\u00f3 integral de l\u2019alumnat perqu\u00e8 sigui capa\u00e7 de desenvolupar les capacitats i compet\u00e8ncies corresponents als estudis que cursa.<\/span><span style=\"font-weight: 400;\"><br \/>\n<\/span><span style=\"font-weight: 400;\">Ens comprometem a oferir:<\/span><\/p>\n<ul>\n<li style=\"font-weight: 400;\" aria-level=\"1\"><span style=\"font-weight: 400;\">Una formaci\u00f3 de qualitat adaptada als canvis pedag\u00f2gics i tecnol\u00f2gics, basada en la cultura de l\u2019esfor\u00e7, la igualtat, la col\u00b7laboraci\u00f3, el rigor, la capacitat de dialogar i el foment d\u2019un esperit cr\u00edtic constructiu.<\/span><\/li>\n<li style=\"font-weight: 400;\" aria-level=\"1\"><span style=\"font-weight: 400;\">Una comunicaci\u00f3 fluida amb les fam\u00edlies com a via d\u2019orientaci\u00f3 i assessorament envers la formaci\u00f3 dels seus fills i filles, potenciant l\u2019atenci\u00f3 personalitzada a trav\u00e9s de la tutoria.<\/span><\/li>\n<li style=\"font-weight: 400;\" aria-level=\"1\"><span style=\"font-weight: 400;\">La m\u00e0xima transpar\u00e8ncia i el foment de la participaci\u00f3 de la comunitat educativa.<\/span><\/li>\n<li style=\"font-weight: 400;\" aria-level=\"1\"><span style=\"font-weight: 400;\">La col\u00b7laboraci\u00f3 amb les entitats i empreses de l\u2019entorn per refor\u00e7ar el vincle educatiu amb la realitat social i laboral del territori.<\/span><\/li>\n<\/ul>\n<h4><b>Visi\u00f3<\/b><\/h4>\n<p><span style=\"font-weight: 400;\">Volem esdevenir una comunitat educativa de qualitat, participativa, innovadora i emprenedora, capa\u00e7 de fomentar de forma coordinada les ganes d\u2019aprendre i educar.<\/span><span style=\"font-weight: 400;\"><br \/>\n<\/span><span style=\"font-weight: 400;\">Aspirem a:<\/span><\/p>\n<ul>\n<li style=\"font-weight: 400;\" aria-level=\"1\"><span style=\"font-weight: 400;\">Oferir una formaci\u00f3 integral que permeti a l\u2019alumnat contribuir en el futur a la millora de la societat amb coneixements, valors, aptituds i actituds adquirides al centre.<\/span><\/li>\n<li style=\"font-weight: 400;\" aria-level=\"1\"><span style=\"font-weight: 400;\">Formar una ciutadania aut\u00f2noma i emprenedora, d\u2019esperit cr\u00edtic, responsable i compromesa.<\/span><\/li>\n<li style=\"font-weight: 400;\" aria-level=\"1\"><span style=\"font-weight: 400;\">Consolidar un model educatiu flexible i centrat en l\u2019alumnat, amb espais segurs i emocionalment positius que fomentin l\u2019autonomia i el creixement personal.<\/span><\/li>\n<\/ul>\n<h4><b>Valors educatius<\/b><\/h4>\n<p><span style=\"font-weight: 400;\">Els nostres valors fonamentals s\u00f3n:<\/span><\/p>\n<ul>\n<li style=\"font-weight: 400;\" aria-level=\"1\"><span style=\"font-weight: 400;\">Servei p\u00fablic de qualitat.<\/span><\/li>\n<li style=\"font-weight: 400;\" aria-level=\"1\"><span style=\"font-weight: 400;\">Respecte per la diversitat i la conviv\u00e8ncia pac\u00edfica.<\/span><\/li>\n<li style=\"font-weight: 400;\" aria-level=\"1\"><span style=\"font-weight: 400;\">Participaci\u00f3 i implicaci\u00f3 de tots els estaments de la comunitat educativa.<\/span><\/li>\n<li style=\"font-weight: 400;\" aria-level=\"1\"><span style=\"font-weight: 400;\">Igualtat d\u2019oportunitats i equitat educativa.<\/span><\/li>\n<li style=\"font-weight: 400;\" aria-level=\"1\"><span style=\"font-weight: 400;\">Formaci\u00f3 integral i al llarg de la vida.<\/span><\/li>\n<li style=\"font-weight: 400;\" aria-level=\"1\"><span style=\"font-weight: 400;\">La millora cont\u00ednua.<\/span><\/li>\n<li style=\"font-weight: 400;\" aria-level=\"1\"><span style=\"font-weight: 400;\">Vinculaci\u00f3 amb l\u2019entorn.<\/span><\/li>\n<li style=\"font-weight: 400;\" aria-level=\"1\"><span style=\"font-weight: 400;\">Renovaci\u00f3 pedag\u00f2gica.<\/span><\/li>\n<li style=\"font-weight: 400;\" aria-level=\"1\"><span style=\"font-weight: 400;\">Innovaci\u00f3 i transfer\u00e8ncia tecnol\u00f2gica.<\/span><\/li>\n<li style=\"font-weight: 400;\" aria-level=\"1\"><span style=\"font-weight: 400;\">Emprenedoria.<\/span><\/li>\n<li style=\"font-weight: 400;\" aria-level=\"1\"><span style=\"font-weight: 400;\">L\u2019orientaci\u00f3 educativa i personal com a eix vertebrador del proc\u00e9s formatiu.<\/span><\/li>\n<li style=\"font-weight: 400;\" aria-level=\"1\"><span style=\"font-weight: 400;\">La mobilitat i la internacionalitzaci\u00f3, especialment a trav\u00e9s de projectes Erasmus.<\/span><\/li>\n<li style=\"font-weight: 400;\" aria-level=\"1\"><span style=\"font-weight: 400;\">El respecte envers el medi ambient i el comprom\u00eds amb la sostenibilitat.<\/span><\/li>\n<\/ul>\n<h4><b>L\u00ednies estrat\u00e8giques de centre<\/b><\/h4>\n<ol>\n<li style=\"font-weight: 400;\" aria-level=\"1\"><span style=\"font-weight: 400;\">Millora dels resultats acad\u00e8mics a trav\u00e9s de metodologies actives, cooperatives i competencials.<\/span><\/li>\n<li style=\"font-weight: 400;\" aria-level=\"1\"><span style=\"font-weight: 400;\">Promoci\u00f3 de la conviv\u00e8ncia positiva mitjan\u00e7ant una mirada restaurativa, la mediaci\u00f3 i la corresponsabilitat.<\/span><\/li>\n<li style=\"font-weight: 400;\" aria-level=\"1\"><span style=\"font-weight: 400;\">Vinculaci\u00f3 amb l\u2019entorn mitjan\u00e7ant projectes d\u2019aprenentatge servei, col\u00b7laboraci\u00f3 amb empreses i entitats locals.<\/span><\/li>\n<li style=\"font-weight: 400;\" aria-level=\"1\"><span style=\"font-weight: 400;\">Desenvolupament professional docent a trav\u00e9s de la reflexi\u00f3 pedag\u00f2gica, la formaci\u00f3 cont\u00ednua i el treball col\u00b7laboratiu.<\/span><\/li>\n<li style=\"font-weight: 400;\" aria-level=\"1\"><span style=\"font-weight: 400;\">Integraci\u00f3 plena de les compet\u00e8ncies digitals i comunicatives en el dia a dia del centre.<\/span><\/li>\n<li style=\"font-weight: 400;\" aria-level=\"1\"><span style=\"font-weight: 400;\">Impuls de la internacionalitzaci\u00f3 i la mobilitat educativa com a eixos de creixement personal i acad\u00e8mic.<\/span><\/li>\n<\/ol>\n<p><a href=\"https:\/\/agora.xtec.cat\/sesvallbonadanoia\/wp-content\/uploads\/usu60\/2025\/07\/Tiptic_INS_Vallbona-25-26-1-1.pdf\">Tiptic_INS_Vallbona 25-26<\/a><\/p>\n<h3 style=\"text-align: justify;\"><span style=\"font-weight: 400;\">Curs 24-25<\/span><\/h3>\n<p style=\"text-align: justify;\"><span style=\"font-weight: 400;\">L\u2019institut Vallbona d\u2019Anoia, a la comarca de l\u2019Anoia, es va inaugurar al curs 2008-2009. Actualment,\u00a0 al curs 24-25, el centre t\u00e9 adscrits alumnat de Vallbona d\u2019Anoia, Cabrera d\u2019Anoia i de la Pobla de Claramunt\u00a0 amb dues l\u00ednies per a 1r, 3r i 4t d\u2019ESO i una l\u00ednia a segon.\u00a0<\/span><\/p>\n<p style=\"text-align: justify;\"><span style=\"font-weight: 400;\">L\u2019institut Vallbona d\u2019Anoia \u00e9s un centre p\u00fablic d\u2019Educaci\u00f3 Secund\u00e0ria Obligat\u00f2ria que t\u00e9 com a objectiu principal fomentar l&#8217;inter\u00e8s de l\u2019alumnat per l&#8217;aprenentatge, desenvolupant la seva capacitat de plantejar-se preguntes i desitjar aprendre. Es busca incentivar el plaer per la cultura i la lectura, aix\u00ed com ensenyar a gestionar el benestar emocional i social. Volem ser un centre de qualitat, que ofereix un bon nivell acad\u00e8mic, emocional, social i art\u00edstic, per la formaci\u00f3 de les persones que estudien en ell. Ser un centre que treballa amb sinergies entre docents, alumnat, fam\u00edlies i membres PAS. Un centre en qu\u00e8 tothom es respecta i s\u2019escolta, fomentant la conviv\u00e8ncia amb la interacci\u00f3 de grups heterogenis i homogenis, segons les agrupacions proposades. Que formi a persones aut\u00f2nomes, responsables i conscients del seu aprenentatge. Es vol fomentar el model cooperatiu, per treballar amb objectius comuns, com diu Musons: Cooperar per aprendre i aprendre per cooperar. Promoure l&#8217;aprenentatge com un proc\u00e9s continu i permanent a tots els nivells de la vida, animant a estudiants i membres del personal a ser aprenents al llarg de tota la vida (lifelong learning).<\/span><\/p>\n<p style=\"text-align: justify;\"><span style=\"font-weight: 400;\">Per assumir la funci\u00f3 directiva, \u00e9s essencial establir objectius SMART (Espec\u00edfics, mesurables, assolibles, rellevants i acotats en un temps). En aquest context, es detallen els tres objectius:\u00a0<\/span><\/p>\n<p style=\"text-align: justify;\"><span style=\"font-weight: 400;\"> <a href=\"https:\/\/agora.xtec.cat\/sesvallbonadanoia\/wp-content\/uploads\/usu60\/2024\/07\/objectius-1.png\"><img loading=\"lazy\" decoding=\"async\" class=\"size-full wp-image-10335 alignnone\" src=\"https:\/\/agora.xtec.cat\/sesvallbonadanoia\/wp-content\/uploads\/usu60\/2024\/07\/objectius-1.png\" alt=\"\" width=\"1024\" height=\"768\" srcset=\"https:\/\/agora.xtec.cat\/sesvallbonadanoia\/wp-content\/uploads\/usu60\/2024\/07\/objectius-1.png 1024w, https:\/\/agora.xtec.cat\/sesvallbonadanoia\/wp-content\/uploads\/usu60\/2024\/07\/objectius-1-300x225.png 300w, https:\/\/agora.xtec.cat\/sesvallbonadanoia\/wp-content\/uploads\/usu60\/2024\/07\/objectius-1-768x576.png 768w, https:\/\/agora.xtec.cat\/sesvallbonadanoia\/wp-content\/uploads\/usu60\/2024\/07\/objectius-1-200x150.png 200w\" sizes=\"auto, (max-width: 1024px) 100vw, 1024px\" \/><\/a><\/span><span style=\"font-family: inherit; font-size: 1em;\">La proposta s\u2019emmarca en la Llei d\u2019autonomia de centres i t\u00e9 com a finalitats:<\/span><\/p>\n<ul style=\"text-align: justify;\">\n<li><span style=\"font-weight: 400;\">Millorar el rendiment acad\u00e8mic<\/span><\/li>\n<li><span style=\"font-weight: 400;\"> Estimular la continu\u00eftats en els estudis<\/span><\/li>\n<li><span style=\"font-weight: 400;\"> Adequar-se als requeriments de la societat del coneixement\u00a0<\/span><\/li>\n<li><span style=\"font-weight: 400;\"> Atendre a la diversitat<\/span><\/li>\n<li><span style=\"font-weight: 400;\"> Avan\u00e7ar en la inclusi\u00f3 escolar de l\u2019alumnat<\/span><\/li>\n<li><span style=\"font-weight: 400;\"> Crear un context d\u2019universalitat i d\u2019equitat<\/span><\/li>\n<\/ul>\n<p style=\"text-align: justify;\">\n","protected":false},"excerpt":{"rendered":"<p><a href=\"https:\/\/agora.xtec.cat\/sesvallbonadanoia\/wp-content\/uploads\/usu60\/2025\/07\/1.png\"><\/a><a href=\"https:\/\/agora.xtec.cat\/sesvallbonadanoia\/wp-content\/uploads\/usu60\/2025\/07\/2.png\"><\/a><br \/>\n&nbsp;<br \/>\nMandat 2025-2029<br \/>\nIdentitat i car\u00e0cter propi del centre<br \/>\nL\u2019Institut Vallbona d\u2019Anoia \u00e9s un centre p\u00fablic d\u2019educaci\u00f3 secund\u00e0ria obligat\u00f2ria (1r a 4t d\u2019ESO) situat en un entorn semiurb\u00e0, amb una comunitat educativa diversa, cohesionada i compromesa amb l\u2019\u00e8xit acad\u00e8mic i personal de tot l\u2019alumnat.<br \/>\nLa nostra identitat&hellip;  <a href=\"https:\/\/agora.xtec.cat\/sesvallbonadanoia\/presentacio-del-centre\/\" title=\"Read Presentaci\u00f3 del centre\">Llegeix m\u00e9s\u00bb<\/a><\/p>\n","protected":false},"author":1,"featured_media":0,"parent":0,"menu_order":0,"comment_status":"closed","ping_status":"closed","template":"","meta":{"_bbp_topic_count":0,"_bbp_reply_count":0,"_bbp_total_topic_count":0,"_bbp_total_reply_count":0,"_bbp_voice_count":0,"_bbp_anonymous_reply_count":0,"_bbp_topic_count_hidden":0,"_bbp_reply_count_hidden":0,"_bbp_forum_subforum_count":0,"footnotes":""},"class_list":["post-7704","page","type-page","status-publish","hentry"],"post_mailing_queue_ids":[],"_links":{"self":[{"href":"https:\/\/agora.xtec.cat\/sesvallbonadanoia\/wp-json\/wp\/v2\/pages\/7704","targetHints":{"allow":["GET"]}}],"collection":[{"href":"https:\/\/agora.xtec.cat\/sesvallbonadanoia\/wp-json\/wp\/v2\/pages"}],"about":[{"href":"https:\/\/agora.xtec.cat\/sesvallbonadanoia\/wp-json\/wp\/v2\/types\/page"}],"author":[{"embeddable":true,"href":"https:\/\/agora.xtec.cat\/sesvallbonadanoia\/wp-json\/wp\/v2\/users\/1"}],"replies":[{"embeddable":true,"href":"https:\/\/agora.xtec.cat\/sesvallbonadanoia\/wp-json\/wp\/v2\/comments?post=7704"}],"version-history":[{"count":6,"href":"https:\/\/agora.xtec.cat\/sesvallbonadanoia\/wp-json\/wp\/v2\/pages\/7704\/revisions"}],"predecessor-version":[{"id":12155,"href":"https:\/\/agora.xtec.cat\/sesvallbonadanoia\/wp-json\/wp\/v2\/pages\/7704\/revisions\/12155"}],"wp:attachment":[{"href":"https:\/\/agora.xtec.cat\/sesvallbonadanoia\/wp-json\/wp\/v2\/media?parent=7704"}],"curies":[{"name":"wp","href":"https:\/\/api.w.org\/{rel}","templated":true}]}}