{"id":7282,"date":"2021-02-11T11:33:04","date_gmt":"2021-02-11T10:33:04","guid":{"rendered":"https:\/\/agora.xtec.cat\/sesvallbonadanoia\/?page_id=7282"},"modified":"2026-02-05T09:27:53","modified_gmt":"2026-02-05T08:27:53","slug":"proves-per-obtenir-el-titol-deso","status":"publish","type":"page","link":"https:\/\/agora.xtec.cat\/sesvallbonadanoia\/secretaria\/proves-per-obtenir-el-titol-deso\/","title":{"rendered":"Proves per obtenir el t\u00edtol d&#8217;ESO"},"content":{"rendered":"<p>Cada any es convoquen proves per a l&#8217;obtenci\u00f3 del t\u00edtol de graduat\/ada en educaci\u00f3 secund\u00e0ria obligat\u00f2ria (GESO), per als alumnes que no l&#8217;hagin obtingut en finalitzar l&#8217;etapa.<\/p>\n<p>Els dos requisits que han de reunir els alumnes per poder presentar-se a aquestes proves l&#8217;any 2026 s\u00f3n:<\/p>\n<ul>\n<li>Haver finalitzat l&#8217;ESO l&#8217;any 2024 o 2025<\/li>\n<li>Tenir almenys 18 anys o complir-los dins de l&#8217;any 2026. Tamb\u00e9 hi pot conc\u00f3rrer l&#8217;alumne\/a que tingui 17 anys, o faci els 17 anys l&#8217;any 2026 sempre que compleixi alguna de les condicions seg\u00fcents:\n<ul>\n<li>Tenir un contracte laboral que l&#8217;impedeixi assistir al centre en r\u00e8gim ordinari.<\/li>\n<li>Trobar-se en proc\u00e9s d&#8217;obtenci\u00f3 d&#8217;un perm\u00eds de treball (alumnat estranger).<\/li>\n<li>Ser esportista d&#8217;alt rendiment. Caldr\u00e0 presentar una certificaci\u00f3 del Consell Catal\u00e0 de l&#8217;Esport.<\/li>\n<li>Que tingui un expedient d&#8217;homologaci\u00f3 obert d&#8217;estudis estrangers al t\u00edtol de GESO.<\/li>\n<\/ul>\n<\/li>\n<\/ul>\n<p>Calendari del procediment: \u27a1\u00a0 <a href=\"https:\/\/agora.xtec.cat\/sesvallbonadanoia\/wp-content\/uploads\/usu60\/2026\/02\/03-Calendari-proces.pdf\">Calendari proc\u00e9s<\/a><\/p>\n<p>Sol\u00b7licitud d&#8217;inscripci\u00f3 a les proves GESO: \u27a1 \u00a0 <a href=\"https:\/\/agora.xtec.cat\/sesvallbonadanoia\/wp-content\/uploads\/usu60\/2025\/01\/Impres-de-sollicitud.pdf\">Impr\u00e8s de sol\u00b7licitud<\/a><\/p>\n<p>Continguts i criteris d&#8217;avaluaci\u00f3 m\u00ednims per a la superaci\u00f3 de les mat\u00e8ries:<\/p>\n<ul>\n<li><a href=\"https:\/\/agora.xtec.cat\/sesvallbonadanoia\/wp-content\/uploads\/usu60\/2026\/02\/Angles-CONTINGUTS-I-CRITERIS-per-GESO-4ESO.pdf\">Angl\u00e8s CONTINGUTS I CRITERIS per GESO 4ESO<\/a><\/li>\n<li><a href=\"https:\/\/agora.xtec.cat\/sesvallbonadanoia\/wp-content\/uploads\/usu60\/2026\/02\/Arts-Esceniques-i-Dansa.-Competencies-criteris-i-sabers-per-GESO-4ESO.pdf\">Arts Esc\u00e8niques i Dansa. Compet\u00e8ncies, criteris i sabers per GESO 4ESO<\/a><\/li>\n<li><a href=\"https:\/\/agora.xtec.cat\/sesvallbonadanoia\/wp-content\/uploads\/usu60\/2026\/02\/Biologia-Geologia-CONTINGUTS-I-CRITERIS-per-GESO-3-4ESO.pdf\">Biologia-Geologia CONTINGUTS I CRITERIS per GESO 3-4ESO<\/a><\/li>\n<li><a href=\"https:\/\/agora.xtec.cat\/sesvallbonadanoia\/wp-content\/uploads\/usu60\/2026\/02\/Castella-CONTINGUTS-I-CRITERIS-per-GESO-4ESO.pdf\">Castell\u00e0 CONTINGUTS I CRITERIS per GESO 4ESO<\/a><\/li>\n<li><a href=\"https:\/\/agora.xtec.cat\/sesvallbonadanoia\/wp-content\/uploads\/usu60\/2026\/02\/Catala-CONTINGUTS-I-CRITERIS-per-GESO-4ESO.pdf\">Catal\u00e0 CONTINGUTS I CRITERIS per GESO 4ESO<\/a><\/li>\n<li><a href=\"https:\/\/agora.xtec.cat\/sesvallbonadanoia\/wp-content\/uploads\/usu60\/2026\/02\/Cultura-i-Valors-CONTINGUTS-I-CRITERIS-per-GESO-4ESO.pdf\">Cultura i Valors CONTINGUTS I CRITERIS per GESO 4ESO<\/a><\/li>\n<li><a href=\"https:\/\/agora.xtec.cat\/sesvallbonadanoia\/wp-content\/uploads\/usu60\/2026\/02\/Digitalitzacio-Tic-CONTINGUTS-I-CRITERIS-per-GESO-4ESO.pdf\">Digitalitzaci\u00f3 (Tic) CONTINGUTS I CRITERIS per GESO 4ESO<\/a><\/li>\n<li><a href=\"https:\/\/agora.xtec.cat\/sesvallbonadanoia\/wp-content\/uploads\/usu60\/2026\/02\/Economia-CONTINGUTS-I-CRITERIS-per-GESO-4ESO.pdf\">Economia CONTINGUTS I CRITERIS per GESO 4ESO<\/a><\/li>\n<li><a href=\"https:\/\/agora.xtec.cat\/sesvallbonadanoia\/wp-content\/uploads\/usu60\/2026\/02\/Ed.Fisica-CONTINGUTS-I-CRITERIS-per-GESO-4ESO.pdf\">Ed.F\u00edsica CONTINGUTS I CRITERIS per GESO 4ESO<\/a><\/li>\n<li><a href=\"https:\/\/agora.xtec.cat\/sesvallbonadanoia\/wp-content\/uploads\/usu60\/2026\/02\/Fisica-Quimica-CONTINGUTS-I-CRITERIS-per-GESO-3ESO.pdf\">F\u00edsica-Qu\u00edmica CONTINGUTS I CRITERIS per GESO 3ESO<\/a><\/li>\n<li><a href=\"https:\/\/agora.xtec.cat\/sesvallbonadanoia\/wp-content\/uploads\/usu60\/2026\/02\/Fisica-Quimica-CONTINGUTS-I-CRITERIS-per-GESO-4ESO.pdf\">F\u00edsica-Qu\u00edmica CONTINGUTS I CRITERIS per GESO 4ESO<\/a><\/li>\n<li><a href=\"https:\/\/agora.xtec.cat\/sesvallbonadanoia\/wp-content\/uploads\/usu60\/2026\/02\/Frances-CONTINGUTS-I-CRITERIS-per-GESO-4ESO.pdf\">Franc\u00e8s CONTINGUTS I CRITERIS per GESO 4ESO<\/a><\/li>\n<li><a href=\"https:\/\/agora.xtec.cat\/sesvallbonadanoia\/wp-content\/uploads\/usu60\/2026\/02\/Matematiques-CONTINGUTS-I-CRITERIS-per-GESO-4ESO.pdf\">Matem\u00e0tiques CONTINGUTS I CRITERIS per GESO 4ESO<\/a><\/li>\n<li><a href=\"https:\/\/agora.xtec.cat\/sesvallbonadanoia\/wp-content\/uploads\/usu60\/2026\/02\/Musica-CONTINGUTS-I-CRITERIS-per-GESO-4ESO-1.pdf\">M\u00fasica CONTINGUTS I CRITERIS per GESO 4ESO<\/a><\/li>\n<li><a href=\"https:\/\/agora.xtec.cat\/sesvallbonadanoia\/wp-content\/uploads\/usu60\/2026\/02\/Religio-CONTINGUTS-I-CRITERIS-per-GESO-4ESO.pdf\">Religi\u00f3 CONTINGUTS I CRITERIS per GESO 4ESO<\/a><\/li>\n<li><a href=\"https:\/\/agora.xtec.cat\/sesvallbonadanoia\/wp-content\/uploads\/usu60\/2026\/02\/Socials-CONTINGUTS-I-CRITERIS-per-GESO-3-4ESO.pdf\">Socials CONTINGUTS I CRITERIS per GESO 3-4ESO<\/a><\/li>\n<li><a href=\"https:\/\/agora.xtec.cat\/sesvallbonadanoia\/wp-content\/uploads\/usu60\/2026\/02\/Tecnologia-CONTINGUTS-I-CRITERIS-per-GESO-3ESO.pdf\">Tecnologia CONTINGUTS I CRITERIS per GESO 3ESO<\/a><\/li>\n<li><a href=\"https:\/\/agora.xtec.cat\/sesvallbonadanoia\/wp-content\/uploads\/usu60\/2026\/02\/Tecnologia-CONTINGUTS-I-CRITERIS-per-GESO-4ESO.pdf\">Tecnologia CONTINGUTS I CRITERIS per GESO 4ESO<\/a><\/li>\n<li><a href=\"https:\/\/agora.xtec.cat\/sesvallbonadanoia\/wp-content\/uploads\/usu60\/2026\/02\/Visual-i-Plastica-CONTINGUTS-I-CRITERIS-per-GESO-1-3ESO.pdf\">Visual i Pl\u00e0stica CONTINGUTS I CRITERIS per GESO 1-3ESO<\/a><\/li>\n<li><a href=\"https:\/\/agora.xtec.cat\/sesvallbonadanoia\/wp-content\/uploads\/usu60\/2026\/02\/Visual-i-Plastica-CONTINGUTS-I-CRITERIS-per-GESO-4ESO-1.pdf\">Visual i Pl\u00e0stica CONTINGUTS I CRITERIS per GESO 4ESO<\/a><\/li>\n<li><\/li>\n<\/ul>\n<p>&nbsp;<\/p>\n","protected":false},"excerpt":{"rendered":"<p>Cada any es convoquen proves per a l&#8217;obtenci\u00f3 del t\u00edtol de graduat\/ada en educaci\u00f3 secund\u00e0ria obligat\u00f2ria (GESO), per als alumnes que no l&#8217;hagin obtingut en finalitzar l&#8217;etapa.<br \/>\nEls dos requisits que han de reunir els alumnes per poder presentar-se a aquestes proves l&#8217;any 2026 s\u00f3n:<\/p>\n<ul>\n<li>Haver finalitzat&hellip;  <a href=\"https:\/\/agora.xtec.cat\/sesvallbonadanoia\/secretaria\/proves-per-obtenir-el-titol-deso\/\" title=\"Read Proves per obtenir el t\u00edtol d&#8217;ESO\">Llegeix m\u00e9s\u00bb<\/a><br \/>\n","protected":false},"author":1,"featured_media":0,"parent":81,"menu_order":0,"comment_status":"closed","ping_status":"closed","template":"","meta":{"_bbp_topic_count":0,"_bbp_reply_count":0,"_bbp_total_topic_count":0,"_bbp_total_reply_count":0,"_bbp_voice_count":0,"_bbp_anonymous_reply_count":0,"_bbp_topic_count_hidden":0,"_bbp_reply_count_hidden":0,"_bbp_forum_subforum_count":0,"footnotes":""},"class_list":["post-7282","page","type-page","status-publish","hentry"],"post_mailing_queue_ids":[],"_links":{"self":[{"href":"https:\/\/agora.xtec.cat\/sesvallbonadanoia\/wp-json\/wp\/v2\/pages\/7282","targetHints":{"allow":["GET"]}}],"collection":[{"href":"https:\/\/agora.xtec.cat\/sesvallbonadanoia\/wp-json\/wp\/v2\/pages"}],"about":[{"href":"https:\/\/agora.xtec.cat\/sesvallbonadanoia\/wp-json\/wp\/v2\/types\/page"}],"author":[{"embeddable":true,"href":"https:\/\/agora.xtec.cat\/sesvallbonadanoia\/wp-json\/wp\/v2\/users\/1"}],"replies":[{"embeddable":true,"href":"https:\/\/agora.xtec.cat\/sesvallbonadanoia\/wp-json\/wp\/v2\/comments?post=7282"}],"version-history":[{"count":6,"href":"https:\/\/agora.xtec.cat\/sesvallbonadanoia\/wp-json\/wp\/v2\/pages\/7282\/revisions"}],"predecessor-version":[{"id":12973,"href":"https:\/\/agora.xtec.cat\/sesvallbonadanoia\/wp-json\/wp\/v2\/pages\/7282\/revisions\/12973"}],"up":[{"embeddable":true,"href":"https:\/\/agora.xtec.cat\/sesvallbonadanoia\/wp-json\/wp\/v2\/pages\/81"}],"wp:attachment":[{"href":"https:\/\/agora.xtec.cat\/sesvallbonadanoia\/wp-json\/wp\/v2\/media?parent=7282"}],"curies":[{"name":"wp","href":"https:\/\/api.w.org\/{rel}","templated":true}]}}