{"id":631,"date":"2016-03-03T13:16:56","date_gmt":"2016-03-03T12:16:56","guid":{"rendered":"http:\/\/agora.xtec.cat\/sesvallbonadanoia\/?page_id=631"},"modified":"2025-07-11T01:14:44","modified_gmt":"2025-07-10T23:14:44","slug":"contacte-ampa","status":"publish","type":"page","link":"https:\/\/agora.xtec.cat\/sesvallbonadanoia\/contacte-ampa\/","title":{"rendered":"Contacte AFA"},"content":{"rendered":"<p>Podeu contactar amb l&#8217;AFA del centre a trav\u00e9s del seg\u00fcent correu electr\u00f2nic:<\/p>\n<p>afa@insvallbona.cat<\/p>\n","protected":false},"excerpt":{"rendered":"<p>Podeu contactar amb l&#8217;AFA del centre a trav\u00e9s del seg\u00fcent correu electr\u00f2nic:<br \/>\nafa@insvallbona.cat<\/p>\n","protected":false},"author":1,"featured_media":0,"parent":0,"menu_order":0,"comment_status":"closed","ping_status":"closed","template":"","meta":{"_bbp_topic_count":0,"_bbp_reply_count":0,"_bbp_total_topic_count":0,"_bbp_total_reply_count":0,"_bbp_voice_count":0,"_bbp_anonymous_reply_count":0,"_bbp_topic_count_hidden":0,"_bbp_reply_count_hidden":0,"_bbp_forum_subforum_count":0,"footnotes":""},"class_list":["post-631","page","type-page","status-publish","hentry"],"post_mailing_queue_ids":[],"_links":{"self":[{"href":"https:\/\/agora.xtec.cat\/sesvallbonadanoia\/wp-json\/wp\/v2\/pages\/631","targetHints":{"allow":["GET"]}}],"collection":[{"href":"https:\/\/agora.xtec.cat\/sesvallbonadanoia\/wp-json\/wp\/v2\/pages"}],"about":[{"href":"https:\/\/agora.xtec.cat\/sesvallbonadanoia\/wp-json\/wp\/v2\/types\/page"}],"author":[{"embeddable":true,"href":"https:\/\/agora.xtec.cat\/sesvallbonadanoia\/wp-json\/wp\/v2\/users\/1"}],"replies":[{"embeddable":true,"href":"https:\/\/agora.xtec.cat\/sesvallbonadanoia\/wp-json\/wp\/v2\/comments?post=631"}],"version-history":[{"count":4,"href":"https:\/\/agora.xtec.cat\/sesvallbonadanoia\/wp-json\/wp\/v2\/pages\/631\/revisions"}],"predecessor-version":[{"id":12086,"href":"https:\/\/agora.xtec.cat\/sesvallbonadanoia\/wp-json\/wp\/v2\/pages\/631\/revisions\/12086"}],"wp:attachment":[{"href":"https:\/\/agora.xtec.cat\/sesvallbonadanoia\/wp-json\/wp\/v2\/media?parent=631"}],"curies":[{"name":"wp","href":"https:\/\/api.w.org\/{rel}","templated":true}]}}