{"id":622,"date":"2016-03-02T14:14:47","date_gmt":"2016-03-02T13:14:47","guid":{"rendered":"http:\/\/agora.xtec.cat\/sesvallbonadanoia\/?page_id=622"},"modified":"2026-03-03T12:41:05","modified_gmt":"2026-03-03T11:41:05","slug":"preinscripcions","status":"publish","type":"page","link":"https:\/\/agora.xtec.cat\/sesvallbonadanoia\/secretaria\/preinscripcions\/","title":{"rendered":"Preinscripcions ESO"},"content":{"rendered":"<p>Informaci\u00f3 fam\u00edlia per a fer la preinscripci\u00f3: \u27a1\u00a0 \u00a0 <a href=\"https:\/\/agora.xtec.cat\/sesvallbonadanoia\/wp-content\/uploads\/usu60\/2026\/03\/Informacio-Preinscripcio-26-27.pdf\">Informaci\u00f3 Preinscripci\u00f3 26-27<\/a><\/p>\n<h3>Calendari de preinscripci\u00f3 i matr\u00edcula (curs 2026-27):<\/h3>\n<ul>\n<li>Oferta inicial de places: 3 de mar\u00e7\u00a0\u00a0 \u27a1\u00a0 <a href=\"https:\/\/agora.xtec.cat\/sesvallbonadanoia\/wp-content\/uploads\/usu60\/2026\/03\/2026_03_03-INFORME_OFERTA_OME.pdf\">Oferta inicial de places 26-27<\/a>\u00a0 \u00a0 <strong><span style=\"color: #ff0000;\">NOU!<\/span><\/strong><\/li>\n<li><strong>Presentaci\u00f3 de sol\u00b7licitud de preinscripci\u00f3: 6<\/strong><strong> al 18 de mar\u00e7<\/strong><\/li>\n<li>Presentaci\u00f3 documentaci\u00f3 criteris de prioritats: fins al 19 de mar\u00e7<\/li>\n<li>Publicaci\u00f3 de la llista de sol\u00b7licituds amb puntuaci\u00f3 provisional: 24 d&#8217;abril\u00a0 \u27a1\u00a0 \u00a0(pendent de publicaci\u00f3)<span style=\"color: #ff0000;\"><strong><br \/>\n<\/strong><\/span><\/li>\n<li>Reclamacions a la puntuaci\u00f3 de les llistes: 15 al 20 d&#8217;abril<\/li>\n<li>Publicaci\u00f3 de la llista de sol\u00b7licituds amb la puntuaci\u00f3 definitiva: 23 d&#8217;abril\u00a0 \u27a1\u00a0 \u00a0(pendent de publicaci\u00f3)<\/li>\n<li>Sorteig del n\u00famero per al desempat: 28 d&#8217;abril a les 11h. \u00a0 \u27a1<\/li>\n<li>Publicaci\u00f3 de la llista ordenada per n\u00famero de desempat: 29 d&#8217;abril\u00a0 \u00a0\u27a1\u00a0 \u00a0(pendent de publicaci\u00f3)<\/li>\n<li>Oferta final de places: 10 de juny\u00a0\u00a0 \u27a1\u00a0 \u00a0(pendent de publicaci\u00f3)<\/li>\n<li>Publicaci\u00f3 de la llista <strong>d&#8217;alumnat assignat: 10 de juny\u00a0 \u27a1<\/strong>\u00a0 \u00a0(pendent de publicaci\u00f3)<span style=\"color: #ff0000;\"><span style=\"color: #000000;\"><br \/>\n<\/span><\/span><\/li>\n<li>Matr\u00edcula <strong>d&#8217;ESO: 22 al 30 de juny<\/strong><strong><br \/>\n<\/strong><\/li>\n<\/ul>\n<p>&nbsp;<\/p>\n<h3>Com es far\u00e0 la preinscripci\u00f3:<\/h3>\n<p>La preinscripci\u00f3 es far\u00e0 de forma telem\u00e0tica a trav\u00e9s del portal: \u27a1 <a href=\"https:\/\/preinscripcio.gencat.cat\/ca\/inici\/\">https:\/\/preinscripcio.gencat.cat\/ca\/inici\/<\/a><\/p>\n<p><strong>Recordeu<\/strong>:<\/p>\n<p>La <strong>sol\u00b7licitud electr\u00f2nica<\/strong>, l\u2019haureu d\u2019omplir si teniu algun Certificat Digital, i la <strong>sol\u00b7licitud en suport inform\u00e0tic<\/strong> l\u2019haureu d\u2019omplir si no disposeu de cap Certificat Digital.<\/p>\n<p>&nbsp;<\/p>\n<ul>\n<li>Acc\u00e9s a la Sol\u00b7licitud telem\u00e0tica: \u27a1 <a href=\"https:\/\/preinscripcio.gencat.cat\/ca\/estudis\/eso\/inici\/\">https:\/\/preinscripcio.gencat.cat\/ca\/estudis\/eso\/inici\/<\/a><\/li>\n<li><span style=\"color: #0000ff;\"><span style=\"color: #000000;\">Documentaci\u00f3 necess\u00e0ria: n\u00famero d&#8217;identificaci\u00f3 de l&#8217;alumne\/a (RALC), DNI pare\/mare, Llibre de fam\u00edlia<br \/>\n<\/span><\/span><\/li>\n<li>Altra documentaci\u00f3 a efectes de barem: \u27a1 <a href=\"https:\/\/preinscripcio.gencat.cat\/ca\/estudis\/eso\/informat\/prepara-documentacio\/\">https:\/\/preinscripcio.gencat.cat\/ca\/estudis\/eso\/informat\/prepara-documentacio\/<\/a><\/li>\n<\/ul>\n<p>Contacte amb el centre:<\/p>\n<ul>\n<li>Per correu: \u27a1 <span style=\"color: #0000ff;\"><a style=\"color: #0000ff;\" href=\"mailto:a8065019@xtec.cat\" target=\"_blank\" rel=\"noopener noreferrer\">a8065019@xtec.cat<\/a><\/span><\/li>\n<li>Per tel\u00e8fon: \u27a1 937719800 (de 8:30 a 14:30h)<\/li>\n<\/ul>\n<p>&nbsp;<\/p>\n<h3>Com es far\u00e0 l&#8217;atenci\u00f3 presencial (per la matr\u00edcula a partir del 22 de juny):<\/h3>\n<p>Per venir al centre cal concertar cita pr\u00e8via<\/p>\n<p>Trobareu m\u00e9s informaci\u00f3 a la web Preinscripci\u00f3 2026-27: \u27a1 <a href=\"https:\/\/preinscripcio.gencat.cat\/ca\/inici\/\">Web informaci\u00f3 preinscripcions<\/a><\/p>\n","protected":false},"excerpt":{"rendered":"<p>Informaci\u00f3 fam\u00edlia per a fer la preinscripci\u00f3: \u27a1\u00a0 \u00a0 <a href=\"https:\/\/agora.xtec.cat\/sesvallbonadanoia\/wp-content\/uploads\/usu60\/2026\/03\/Informacio-Preinscripcio-26-27.pdf\">Informaci\u00f3 Preinscripci\u00f3 26-27<\/a><br \/>\nCalendari de preinscripci\u00f3 i matr\u00edcula (curs 2026-27):<\/p>\n<ul>\n<li>Oferta inicial de places: 3 de mar\u00e7\u00a0\u00a0 \u27a1\u00a0 <a href=\"https:\/\/agora.xtec.cat\/sesvallbonadanoia\/wp-content\/uploads\/usu60\/2026\/03\/2026_03_03-INFORME_OFERTA_OME.pdf\">Oferta inicial de places 26-27<\/a>\u00a0 \u00a0 NOU!<\/li>\n<li>Presentaci\u00f3 de sol\u00b7licitud de preinscripci\u00f3: 6 al 18 de mar\u00e7<\/li>\n<li>Presentaci\u00f3 documentaci\u00f3 criteris&hellip;  <a href=\"https:\/\/agora.xtec.cat\/sesvallbonadanoia\/secretaria\/preinscripcions\/\" title=\"Read Preinscripcions ESO\">Llegeix m\u00e9s\u00bb<\/a><br \/>\n","protected":false},"author":1,"featured_media":0,"parent":81,"menu_order":0,"comment_status":"closed","ping_status":"closed","template":"","meta":{"_bbp_topic_count":0,"_bbp_reply_count":0,"_bbp_total_topic_count":0,"_bbp_total_reply_count":0,"_bbp_voice_count":0,"_bbp_anonymous_reply_count":0,"_bbp_topic_count_hidden":0,"_bbp_reply_count_hidden":0,"_bbp_forum_subforum_count":0,"footnotes":""},"class_list":["post-622","page","type-page","status-publish","hentry"],"post_mailing_queue_ids":[],"_links":{"self":[{"href":"https:\/\/agora.xtec.cat\/sesvallbonadanoia\/wp-json\/wp\/v2\/pages\/622","targetHints":{"allow":["GET"]}}],"collection":[{"href":"https:\/\/agora.xtec.cat\/sesvallbonadanoia\/wp-json\/wp\/v2\/pages"}],"about":[{"href":"https:\/\/agora.xtec.cat\/sesvallbonadanoia\/wp-json\/wp\/v2\/types\/page"}],"author":[{"embeddable":true,"href":"https:\/\/agora.xtec.cat\/sesvallbonadanoia\/wp-json\/wp\/v2\/users\/1"}],"replies":[{"embeddable":true,"href":"https:\/\/agora.xtec.cat\/sesvallbonadanoia\/wp-json\/wp\/v2\/comments?post=622"}],"version-history":[{"count":7,"href":"https:\/\/agora.xtec.cat\/sesvallbonadanoia\/wp-json\/wp\/v2\/pages\/622\/revisions"}],"predecessor-version":[{"id":12997,"href":"https:\/\/agora.xtec.cat\/sesvallbonadanoia\/wp-json\/wp\/v2\/pages\/622\/revisions\/12997"}],"up":[{"embeddable":true,"href":"https:\/\/agora.xtec.cat\/sesvallbonadanoia\/wp-json\/wp\/v2\/pages\/81"}],"wp:attachment":[{"href":"https:\/\/agora.xtec.cat\/sesvallbonadanoia\/wp-json\/wp\/v2\/media?parent=622"}],"curies":[{"name":"wp","href":"https:\/\/api.w.org\/{rel}","templated":true}]}}