{"id":592,"date":"2016-02-16T10:54:37","date_gmt":"2016-02-16T09:54:37","guid":{"rendered":"http:\/\/agora.xtec.cat\/sesvallbonadanoia\/?page_id=592"},"modified":"2022-09-27T08:41:32","modified_gmt":"2022-09-27T06:41:32","slug":"intranet-ieducacio","status":"publish","type":"page","link":"https:\/\/agora.xtec.cat\/sesvallbonadanoia\/serveis\/intranet-ieducacio\/","title":{"rendered":"Aplicaci\u00f3 ITescola"},"content":{"rendered":"<p>Podeu accedir a la plataforma a trav\u00e9s de l&#8217;enlla\u00e7 \u27a1 <a href=\"https:\/\/itescola.tpvescola.com\/itescola\/\">https:\/\/itescola.tpvescola.com\/itescola\/<\/a>\u00a0 o mitjan\u00e7ant l&#8217;app de TPVescola del m\u00f2bil.<\/p>\n<p>Guia per a qu\u00e8 pugueu accedir i navegar per la plataforma i consultar la informaci\u00f3 dels vostres fills\/es: \u27a1 <a href=\"https:\/\/agora.xtec.cat\/sesvallbonadanoia\/wp-content\/uploads\/usu60\/2021\/10\/Documentacio-ITEscola-Families.pdf\">Documentaci\u00f3 ITEscola (Fam\u00edlies)<\/a><\/p>\n","protected":false},"excerpt":{"rendered":"<p>Podeu accedir a la plataforma a trav\u00e9s de l&#8217;enlla\u00e7 \u27a1 <a href=\"https:\/\/itescola.tpvescola.com\/itescola\/\">https:\/\/itescola.tpvescola.com\/itescola\/<\/a>\u00a0 o mitjan\u00e7ant l&#8217;app de TPVescola del m\u00f2bil.<br \/>\nGuia per a qu\u00e8 pugueu accedir i navegar per la plataforma i consultar la informaci\u00f3 dels vostres fills\/es: \u27a1 <a href=\"https:\/\/agora.xtec.cat\/sesvallbonadanoia\/wp-content\/uploads\/usu60\/2021\/10\/Documentacio-ITEscola-Families.pdf\">Documentaci\u00f3 ITEscola (Fam\u00edlies)<\/a><\/p>\n","protected":false},"author":1,"featured_media":0,"parent":63,"menu_order":0,"comment_status":"closed","ping_status":"closed","template":"page-templates\/side-menu.php","meta":{"_bbp_topic_count":0,"_bbp_reply_count":0,"_bbp_total_topic_count":0,"_bbp_total_reply_count":0,"_bbp_voice_count":0,"_bbp_anonymous_reply_count":0,"_bbp_topic_count_hidden":0,"_bbp_reply_count_hidden":0,"_bbp_forum_subforum_count":0,"footnotes":""},"class_list":["post-592","page","type-page","status-publish","hentry"],"post_mailing_queue_ids":[],"_links":{"self":[{"href":"https:\/\/agora.xtec.cat\/sesvallbonadanoia\/wp-json\/wp\/v2\/pages\/592","targetHints":{"allow":["GET"]}}],"collection":[{"href":"https:\/\/agora.xtec.cat\/sesvallbonadanoia\/wp-json\/wp\/v2\/pages"}],"about":[{"href":"https:\/\/agora.xtec.cat\/sesvallbonadanoia\/wp-json\/wp\/v2\/types\/page"}],"author":[{"embeddable":true,"href":"https:\/\/agora.xtec.cat\/sesvallbonadanoia\/wp-json\/wp\/v2\/users\/1"}],"replies":[{"embeddable":true,"href":"https:\/\/agora.xtec.cat\/sesvallbonadanoia\/wp-json\/wp\/v2\/comments?post=592"}],"version-history":[{"count":4,"href":"https:\/\/agora.xtec.cat\/sesvallbonadanoia\/wp-json\/wp\/v2\/pages\/592\/revisions"}],"predecessor-version":[{"id":8651,"href":"https:\/\/agora.xtec.cat\/sesvallbonadanoia\/wp-json\/wp\/v2\/pages\/592\/revisions\/8651"}],"up":[{"embeddable":true,"href":"https:\/\/agora.xtec.cat\/sesvallbonadanoia\/wp-json\/wp\/v2\/pages\/63"}],"wp:attachment":[{"href":"https:\/\/agora.xtec.cat\/sesvallbonadanoia\/wp-json\/wp\/v2\/media?parent=592"}],"curies":[{"name":"wp","href":"https:\/\/api.w.org\/{rel}","templated":true}]}}