{"id":5688,"date":"2019-11-13T14:13:09","date_gmt":"2019-11-13T13:13:09","guid":{"rendered":"https:\/\/agora.xtec.cat\/sesvallbonadanoia\/?page_id=5688"},"modified":"2025-07-14T18:42:01","modified_gmt":"2025-07-14T16:42:01","slug":"departament-dorientacio","status":"publish","type":"page","link":"https:\/\/agora.xtec.cat\/sesvallbonadanoia\/estudis\/departaments-didactics\/departament-dorientacio\/","title":{"rendered":"\u00c0MBIT ORIENTACI\u00d3 (departament d&#8217;orientaci\u00f3)"},"content":{"rendered":"<p>El departament d&#8217;orientaci\u00f3 t\u00e9 la funci\u00f3 de guiar i donar suport a l&#8217;alumnat en diferents aspectes del seu desenvolupament acad\u00e8mic, personal i professional. <span style=\"font-family: inherit; font-size: 1em;\">Aquest departament est\u00e0 format per professionals com orientadores i psicopedagogues\u00a0 que treballen conjuntament amb el professorat i les fam\u00edlies per oferir una atenci\u00f3 integral a l&#8217;alumnat.<\/span><\/p>\n<p>En el nostre cas comptem amb <strong>M\u00f2nica Rovira.<\/strong> I cal comptar amb tot l&#8217;equip de tutors\/es i mentors\/es, un total de 14 docents.<\/p>\n<h3>Funcions Principals del Departament d&#8217;Orientaci\u00f3<\/h3>\n<ol>\n<li><strong>Orientaci\u00f3 Acad\u00e8mica<\/strong>:\n<ul>\n<li><strong>Assessorament en la tria d&#8217;assignatures<\/strong>: Ajudar a l&#8217;alumnat a escollir les mat\u00e8ries m\u00e9s adequades segons els seus interessos i capacitats.<\/li>\n<li><strong>Seguiment del rendiment acad\u00e8mic<\/strong>: Supervisar i donar suport a l&#8217;alumnat en la seva traject\u00f2ria acad\u00e8mica, detectant dificultats i proposant estrat\u00e8gies de millora.<\/li>\n<\/ul>\n<\/li>\n<li><strong>Orientaci\u00f3 Personal i Emocional<\/strong>:\n<ul>\n<li><strong>Atenci\u00f3 personalitzada<\/strong>: Oferir suport psicol\u00f2gic i emocional als alumnes que ho necessiten, ajudant-los a afrontar problemes personals o familiars.<\/li>\n<li><strong>Desenvolupament d&#8217;habilitats socials<\/strong>: Promoure programes i activitats que fomentin l&#8217;autoestima, la resoluci\u00f3 de conflictes i la conviv\u00e8ncia.<\/li>\n<\/ul>\n<\/li>\n<li><strong>Orientaci\u00f3 Professional i Vocacional<\/strong>:\n<ul>\n<li><strong>Informaci\u00f3 sobre sortides professionals<\/strong>: Proporcionar informaci\u00f3 sobre les diferents opcions educatives i professionals disponibles despr\u00e9s de la secund\u00e0ria.<\/li>\n<li><strong>Talleres i activitats d&#8217;orientaci\u00f3 vocacional<\/strong>: Organitzar activitats que ajudin els estudiants a con\u00e8ixer les seves aptituds i interessos, aix\u00ed com les oportunitats laborals del seu entorn.<\/li>\n<\/ul>\n<\/li>\n<li><strong>Atenci\u00f3 a la Diversitat<\/strong>:\n<ul>\n<li><strong>Suport a l&#8217;alumnat amb necessitats educatives especials<\/strong>: Detectar i atendre les necessitats espec\u00edfiques de l&#8217;alumnat amb dificultats d&#8217;aprenentatge o discapacitats.<\/li>\n<li><strong>Adaptaci\u00f3 de recursos i metodologies<\/strong>: Proposar i implementar adaptacions curriculares i metodologies que afavoreixin la inclusi\u00f3 i el desenvolupament de tot l&#8217;alumnat.<\/li>\n<\/ul>\n<\/li>\n<li><strong>Col\u00b7laboraci\u00f3 amb Fam\u00edlies i Professorat<\/strong>:\n<ul>\n<li><strong>Assessorament a fam\u00edlies<\/strong>: Oferir orientaci\u00f3 i suport a les fam\u00edlies en q\u00fcestions relacionades amb l&#8217;educaci\u00f3 i el desenvolupament dels seus fills i de les seves filles.<\/li>\n<li><strong>Formaci\u00f3 i suport al professorat<\/strong>: Col\u00b7laborar amb el professorat per implementar estrat\u00e8gies educatives que afavoreixin l&#8217;aprenentatge i el benestar de l&#8217;alumnat.<\/li>\n<\/ul>\n<\/li>\n<\/ol>\n<p>En resum, el departament d&#8217;orientaci\u00f3 \u00e9s essencial per garantir que l&#8217;alumnat rebi el suport necessari en les seves \u00e0rees acad\u00e8miques, personals i professionals, facilitant aix\u00ed el seu desenvolupament integral i preparant-los per al futur.<\/p>\n<p>&nbsp;<\/p>\n","protected":false},"excerpt":{"rendered":"<p>El departament d&#8217;orientaci\u00f3 t\u00e9 la funci\u00f3 de guiar i donar suport a l&#8217;alumnat en diferents aspectes del seu desenvolupament acad\u00e8mic, personal i professional. Aquest departament est\u00e0 format per professionals com orientadores i psicopedagogues\u00a0 que treballen conjuntament amb el professorat i les fam\u00edlies per oferir una&hellip;  <a href=\"https:\/\/agora.xtec.cat\/sesvallbonadanoia\/estudis\/departaments-didactics\/departament-dorientacio\/\" title=\"Read \u00c0MBIT ORIENTACI\u00d3 (departament d&#8217;orientaci\u00f3)\">Llegeix m\u00e9s\u00bb<\/a><\/p>\n","protected":false},"author":15,"featured_media":0,"parent":5677,"menu_order":0,"comment_status":"closed","ping_status":"closed","template":"page-templates\/side-menu.php","meta":{"_bbp_topic_count":0,"_bbp_reply_count":0,"_bbp_total_topic_count":0,"_bbp_total_reply_count":0,"_bbp_voice_count":0,"_bbp_anonymous_reply_count":0,"_bbp_topic_count_hidden":0,"_bbp_reply_count_hidden":0,"_bbp_forum_subforum_count":0,"footnotes":""},"class_list":["post-5688","page","type-page","status-publish","hentry"],"post_mailing_queue_ids":[],"_links":{"self":[{"href":"https:\/\/agora.xtec.cat\/sesvallbonadanoia\/wp-json\/wp\/v2\/pages\/5688","targetHints":{"allow":["GET"]}}],"collection":[{"href":"https:\/\/agora.xtec.cat\/sesvallbonadanoia\/wp-json\/wp\/v2\/pages"}],"about":[{"href":"https:\/\/agora.xtec.cat\/sesvallbonadanoia\/wp-json\/wp\/v2\/types\/page"}],"author":[{"embeddable":true,"href":"https:\/\/agora.xtec.cat\/sesvallbonadanoia\/wp-json\/wp\/v2\/users\/15"}],"replies":[{"embeddable":true,"href":"https:\/\/agora.xtec.cat\/sesvallbonadanoia\/wp-json\/wp\/v2\/comments?post=5688"}],"version-history":[{"count":6,"href":"https:\/\/agora.xtec.cat\/sesvallbonadanoia\/wp-json\/wp\/v2\/pages\/5688\/revisions"}],"predecessor-version":[{"id":12184,"href":"https:\/\/agora.xtec.cat\/sesvallbonadanoia\/wp-json\/wp\/v2\/pages\/5688\/revisions\/12184"}],"up":[{"embeddable":true,"href":"https:\/\/agora.xtec.cat\/sesvallbonadanoia\/wp-json\/wp\/v2\/pages\/5677"}],"wp:attachment":[{"href":"https:\/\/agora.xtec.cat\/sesvallbonadanoia\/wp-json\/wp\/v2\/media?parent=5688"}],"curies":[{"name":"wp","href":"https:\/\/api.w.org\/{rel}","templated":true}]}}