{"id":5686,"date":"2019-11-13T14:10:38","date_gmt":"2019-11-13T13:10:38","guid":{"rendered":"https:\/\/agora.xtec.cat\/sesvallbonadanoia\/?page_id=5686"},"modified":"2025-07-17T13:56:10","modified_gmt":"2025-07-17T11:56:10","slug":"departament-dexpressio","status":"publish","type":"page","link":"https:\/\/agora.xtec.cat\/sesvallbonadanoia\/estudis\/departaments-didactics\/departament-dexpressio\/","title":{"rendered":"\u00c0MBIT Expressi\u00f3 i humanitats"},"content":{"rendered":"<p>El Departament d\u2019Expressi\u00f3 i Humanitats es caracteritza per la seva diversitat, ja que acull diferents \u00e0mbits curriculars. <span style=\"font-family: inherit; font-size: 1em;\">Els \u00e0mbits que hi conviuen, les seves respectives mat\u00e8ries i el professorat que les imparteix s\u00f3n els seg\u00fcents:<\/span><\/p>\n<table style=\"width: 70.4459%; height: 402px;\">\n<tbody>\n<tr style=\"height: 31px;\">\n<td style=\"width: 51.2373%; height: 31px; text-align: left;\" colspan=\"2\"><strong>\u00c0MBITS I MAT\u00c8RIES<\/strong><\/td>\n<td style=\"width: 61.9848%; height: 31px; text-align: left;\"><strong>PROFESSORAT\u00a0 2025-2026<br \/>\n<\/strong><\/td>\n<\/tr>\n<tr style=\"height: 31px;\">\n<td style=\"text-align: center; width: 17.2628%; height: 124px;\" rowspan=\"4\"><strong>\u00c0MBIT SOCIAL<br \/>\n<\/strong><strong><br \/>\n<\/strong><strong><br \/>\n<\/strong><strong><br \/>\n<\/strong><\/td>\n<td style=\"width: 33.9745%; height: 31px; text-align: left;\">Ci\u00e8ncies socials: Geografia i hist\u00f2ria<\/td>\n<td style=\"width: 61.9848%; height: 31px; text-align: left;\"><\/td>\n<\/tr>\n<tr style=\"height: 31px;\">\n<td style=\"width: 33.9745%; height: 31px; text-align: left;\">Cultura cl\u00e0ssica<\/td>\n<td style=\"width: 61.9848%; height: 31px; text-align: left;\"><\/td>\n<\/tr>\n<tr style=\"height: 31px;\">\n<td style=\"width: 33.9745%; height: 31px; text-align: left;\">Economia<\/td>\n<td style=\"width: 61.9848%; height: 31px; text-align: left;\"><\/td>\n<\/tr>\n<tr style=\"height: 31px;\">\n<td style=\"width: 33.9745%; height: 31px; text-align: left;\">Emprenedoria<\/td>\n<td style=\"width: 61.9848%; height: 31px; text-align: left;\"><\/td>\n<\/tr>\n<tr style=\"height: 31px;\">\n<td style=\"text-align: center; width: 17.2628%; height: 93px;\" rowspan=\"3\"><strong>\u00c0MBIT ART\u00cdSTIC<br \/>\n<\/strong><strong><br \/>\n<\/strong><strong><br \/>\n<\/strong><\/td>\n<td style=\"width: 33.9745%; height: 31px; text-align: left;\">M\u00fasica<\/td>\n<td style=\"width: 61.9848%; height: 31px; text-align: left;\">Xavier Alicart<\/td>\n<\/tr>\n<tr style=\"height: 31px;\">\n<td style=\"width: 33.9745%; height: 31px; text-align: left;\">Educaci\u00f3 visual i pl\u00e0stica<\/td>\n<td style=\"width: 61.9848%; height: 31px; text-align: left;\"><\/td>\n<\/tr>\n<tr style=\"height: 31px;\">\n<td style=\"width: 33.9745%; height: 31px; text-align: left;\">Arts esc\u00e8niques i dansa<\/td>\n<td style=\"width: 61.9848%; height: 31px; text-align: left;\">Xesca Vela<\/td>\n<\/tr>\n<tr style=\"height: 31px;\">\n<td style=\"text-align: center; height: 93px; width: 17.2628%;\"><strong><br \/>\n<\/strong><strong><br \/>\n<\/strong><\/td>\n<td style=\"width: 33.9745%; height: 31px; text-align: left;\">Cultura i valors \u00e8tics<\/td>\n<td style=\"width: 61.9848%; height: 31px; text-align: left;\">Tutors\/es 1r-4t<\/td>\n<\/tr>\n<tr style=\"height: 31px;\">\n<td style=\"text-align: center; width: 17.2628%;\"><strong>\u00a0<\/strong><\/td>\n<td style=\"width: 33.9745%; height: 31px; text-align: left;\">Religi\u00f3<\/td>\n<td style=\"width: 61.9848%; height: 31px; text-align: left;\">Gemma Claret<\/td>\n<\/tr>\n<tr style=\"height: 61px;\">\n<td style=\"text-align: center; width: 17.2628%; height: 61px;\"><strong>\u00c0MBIT CORPORAL<\/strong><\/td>\n<td style=\"width: 33.9745%; height: 61px; text-align: left;\">Educaci\u00f3 f\u00edsica<\/td>\n<td style=\"width: 61.9848%; height: 61px; text-align: left;\">Raquel Dom\u00ednguez i Samuel P\u00e9rez<\/td>\n<\/tr>\n<\/tbody>\n<\/table>\n<p><strong>Cap de Departament<\/strong><\/p>\n<p>&nbsp;<\/p>\n<p><strong>CONTINGUTS DE LES DIFERENTS MAT\u00c8RIES DEL DEPARTAMENT A L&#8217;ETAPA<\/strong><\/p>\n<table style=\"height: 155px; width: 425px;\">\n<tbody>\n<tr style=\"height: 31px;\">\n<td style=\"height: 31px; width: 419px;\"><strong>CONTINGUTS DE LES MAT\u00c8RIES A L&#8217;ETAPA<\/strong><\/td>\n<\/tr>\n<tr style=\"height: 31px;\">\n<td style=\"height: 31px; width: 419px;\"><a href=\"https:\/\/docs.google.com\/document\/d\/1RGHjsLPuBxyYWmTO-KC-DznZdSXbEteAfU-F3d9rNGo\/edit\">\u27a1<\/a>Ci\u00e8ncies Socials<\/td>\n<\/tr>\n<tr style=\"height: 31px;\">\n<td style=\"height: 31px; width: 419px;\">\u27a1Economia (optativa espec\u00edfica 4ESO)<\/td>\n<\/tr>\n<tr style=\"height: 31px;\">\n<td style=\"height: 31px; width: 419px;\"><a href=\"https:\/\/docs.google.com\/document\/d\/1D3YKek04ixK5VVneHS32f6FOsRnx6Kbd\/edit\">\u27a1<\/a>Religi\u00f3<\/td>\n<\/tr>\n<tr style=\"height: 31px;\">\n<td style=\"height: 31px; width: 419px;\"><a href=\"https:\/\/docs.google.com\/document\/d\/1dHq8Jby6iL7IbWyKWHLyHamCXRXQ5pVf\/edit\">\u27a1<\/a>M\u00fasica<\/td>\n<\/tr>\n<tr>\n<td style=\"width: 419px;\"><a href=\"https:\/\/docs.google.com\/document\/d\/1secLrQnj_kWkMKxUTXqdOLHoeqe9W3YCS1_K11gp1-k\/edit\">\u27a1<\/a>Educaci\u00f3 Visual i Pl\u00e0stica<\/td>\n<\/tr>\n<tr>\n<td style=\"width: 419px;\"><a href=\"https:\/\/docs.google.com\/document\/d\/1V2HHcjsvqI53SZ6wfRmBqhvkJTUYQignU8H6cab5Pr8\/edit\">\u27a1<\/a>Educaci\u00f3 F\u00edsica<\/td>\n<\/tr>\n<tr>\n<td style=\"width: 419px;\"><a href=\"https:\/\/drive.google.com\/drive\/folders\/1dy6_WKbv1z4jQKaMMtAdkKE7Z_7Xo5a_\">\u27a1<\/a>Arts Esc\u00e8niques i Dansa (1r-4t ESO): Projecte ESOACTUEM<\/td>\n<\/tr>\n<tr>\n<td style=\"width: 419px;\">\u27a1Cultura i Valors \u00c8tics (optativa)<\/td>\n<\/tr>\n<tr>\n<td style=\"width: 419px;\">\u27a1Emprenedoria (optativa 3ESO)<\/td>\n<\/tr>\n<\/tbody>\n<\/table>\n","protected":false},"excerpt":{"rendered":"<p>El Departament d\u2019Expressi\u00f3 i Humanitats es caracteritza per la seva diversitat, ja que acull diferents \u00e0mbits curriculars. Els \u00e0mbits que hi conviuen, les seves respectives mat\u00e8ries i el professorat que les imparteix s\u00f3n els seg\u00fcents:<\/p>\n<p>\u00c0MBITS I MAT\u00c8RIES<br \/>\nPROFESSORAT\u00a0 2025-2026<\/p>\n<p>\u00c0MBIT SOCIAL<\/p>\n<p>Ci\u00e8ncies socials: Geografia i hist\u00f2ria<\/p>\n<p>Cultura cl\u00e0ssica<\/p>\n<p>Economia<\/p>\n<p>Emprenedoria<\/p>\n<p>\u00c0MBIT ART\u00cdSTIC<\/p>\n<p>M\u00fasica<br \/>\nXavier&hellip;  <a href=\"https:\/\/agora.xtec.cat\/sesvallbonadanoia\/estudis\/departaments-didactics\/departament-dexpressio\/\" title=\"Read \u00c0MBIT Expressi\u00f3 i humanitats\">Llegeix m\u00e9s\u00bb<\/a><\/p>\n","protected":false},"author":15,"featured_media":0,"parent":5677,"menu_order":0,"comment_status":"closed","ping_status":"closed","template":"page-templates\/side-menu.php","meta":{"_bbp_topic_count":0,"_bbp_reply_count":0,"_bbp_total_topic_count":0,"_bbp_total_reply_count":0,"_bbp_voice_count":0,"_bbp_anonymous_reply_count":0,"_bbp_topic_count_hidden":0,"_bbp_reply_count_hidden":0,"_bbp_forum_subforum_count":0,"footnotes":""},"class_list":["post-5686","page","type-page","status-publish","hentry"],"post_mailing_queue_ids":[],"_links":{"self":[{"href":"https:\/\/agora.xtec.cat\/sesvallbonadanoia\/wp-json\/wp\/v2\/pages\/5686","targetHints":{"allow":["GET"]}}],"collection":[{"href":"https:\/\/agora.xtec.cat\/sesvallbonadanoia\/wp-json\/wp\/v2\/pages"}],"about":[{"href":"https:\/\/agora.xtec.cat\/sesvallbonadanoia\/wp-json\/wp\/v2\/types\/page"}],"author":[{"embeddable":true,"href":"https:\/\/agora.xtec.cat\/sesvallbonadanoia\/wp-json\/wp\/v2\/users\/15"}],"replies":[{"embeddable":true,"href":"https:\/\/agora.xtec.cat\/sesvallbonadanoia\/wp-json\/wp\/v2\/comments?post=5686"}],"version-history":[{"count":8,"href":"https:\/\/agora.xtec.cat\/sesvallbonadanoia\/wp-json\/wp\/v2\/pages\/5686\/revisions"}],"predecessor-version":[{"id":12227,"href":"https:\/\/agora.xtec.cat\/sesvallbonadanoia\/wp-json\/wp\/v2\/pages\/5686\/revisions\/12227"}],"up":[{"embeddable":true,"href":"https:\/\/agora.xtec.cat\/sesvallbonadanoia\/wp-json\/wp\/v2\/pages\/5677"}],"wp:attachment":[{"href":"https:\/\/agora.xtec.cat\/sesvallbonadanoia\/wp-json\/wp\/v2\/media?parent=5686"}],"curies":[{"name":"wp","href":"https:\/\/api.w.org\/{rel}","templated":true}]}}