{"id":5684,"date":"2019-11-13T14:11:49","date_gmt":"2019-11-13T13:11:49","guid":{"rendered":"https:\/\/agora.xtec.cat\/sesvallbonadanoia\/?page_id=5684"},"modified":"2025-07-14T18:44:49","modified_gmt":"2025-07-14T16:44:49","slug":"departament-de-llengues","status":"publish","type":"page","link":"https:\/\/agora.xtec.cat\/sesvallbonadanoia\/estudis\/departaments-didactics\/departament-de-llengues\/","title":{"rendered":"\u00c0MBIT COMUNICACI\u00d3 (Departament de Lleng\u00fces)"},"content":{"rendered":"<p>&nbsp;<\/p>\n<p>&nbsp;<\/p>\n<p>&nbsp;<\/p>\n<table style=\"height: 175px;\">\n<tbody>\n<tr style=\"height: 32px;\">\n<td style=\"width: 204px; height: 32px;\"><strong>Mat\u00e8ries<\/strong><\/td>\n<td style=\"width: 329.143px; height: 32px;\"><strong>Professorat curs 25-26<\/strong><\/td>\n<\/tr>\n<tr style=\"height: 47px;\">\n<td style=\"width: 204px; height: 47px;\">Llengua catalana i literatura<\/td>\n<td style=\"width: 329.143px; height: 47px;\">\u00c0lex Ribas i Aida Tort<\/td>\n<\/tr>\n<tr style=\"height: 32px;\">\n<td style=\"width: 204px; height: 32px;\">Llengua castellana i literatura<\/td>\n<td style=\"width: 329.143px; height: 32px;\">Imma Cerd\u00e0 Lorena Tiscar<\/td>\n<\/tr>\n<tr style=\"height: 32px;\">\n<td style=\"width: 204px; height: 32px;\">Llengua anglesa<\/td>\n<td style=\"width: 329.143px; height: 32px;\">Patricia Gallego i V\u00edctor Rodr\u00edguez<\/td>\n<\/tr>\n<tr style=\"height: 32px;\">\n<td style=\"width: 204px; height: 32px;\">Llengua francesa<\/td>\n<td style=\"width: 329.143px; height: 32px;\">Lorena Tiscar<\/td>\n<\/tr>\n<\/tbody>\n<\/table>\n<p style=\"text-align: left;\">Cap de Departament<\/p>\n<p>&nbsp;<\/p>\n<p><strong>CONTINGUTS DE LES DIFERENTS MAT\u00c8RIES DEL DEPARTAMENT A L&#8217;ETAPA<\/strong><\/p>\n<table style=\"height: 155px;\">\n<tbody>\n<tr style=\"height: 31px;\">\n<td style=\"height: 31px; width: 317.143px;\"><strong>CONTINGUTS DE LES MAT\u00c8RIES A L&#8217;ETAPA<\/strong><\/td>\n<\/tr>\n<tr style=\"height: 31px;\">\n<td style=\"height: 31px; width: 317.143px;\"><a href=\"https:\/\/docs.google.com\/document\/d\/16INNE4etZGm0wHYev8FjcY4u1IZ5p9Lpe-FBBuM2Haw\/edit\">\u27a1<\/a> Llengua Catalana<\/td>\n<\/tr>\n<tr style=\"height: 31px;\">\n<td style=\"height: 31px; width: 317.143px;\"><a href=\"https:\/\/docs.google.com\/document\/d\/1dnHCBjfN1Ler27r1_gJ2oUW5ZTa5HUZHSuSJQ20SfOA\/edit\">\u27a1<\/a> Llengua Castellana<\/td>\n<\/tr>\n<tr style=\"height: 31px;\">\n<td style=\"height: 31px; width: 317.143px;\"><a href=\"https:\/\/docs.google.com\/document\/u\/1\/d\/1e_S2dj9S_KTJ-6TzzVmenEyQrULfCc7W\/edit?usp=drive_web&amp;ouid=106843705989800960530&amp;dls=true\">\u27a1<\/a> Angl\u00e8s<\/td>\n<\/tr>\n<tr style=\"height: 31px;\">\n<td style=\"height: 31px; width: 317.143px;\">\u27a1 Franc\u00e8s<\/td>\n<\/tr>\n<\/tbody>\n<\/table>\n<p>&nbsp;<\/p>\n","protected":false},"excerpt":{"rendered":"<p>&nbsp;<br \/>\n&nbsp;<br \/>\n&nbsp;<\/p>\n<p>Mat\u00e8ries<br \/>\nProfessorat curs 25-26<\/p>\n<p>Llengua catalana i literatura<br \/>\n\u00c0lex Ribas i Aida Tort<\/p>\n<p>Llengua castellana i literatura<br \/>\nImma Cerd\u00e0 Lorena Tiscar<\/p>\n<p>Llengua anglesa<br \/>\nPatricia Gallego i V\u00edctor Rodr\u00edguez<\/p>\n<p>Llengua francesa<br \/>\nLorena Tiscar<\/p>\n<p>Cap de Departament<br \/>\n&nbsp;<br \/>\nCONTINGUTS DE LES DIFERENTS MAT\u00c8RIES DEL DEPARTAMENT A L&#8217;ETAPA<\/p>\n<p>CONTINGUTS DE LES MAT\u00c8RIES A L&#8217;ETAPA<\/p>\n<p><a href=\"https:\/\/docs.google.com\/document\/d\/16INNE4etZGm0wHYev8FjcY4u1IZ5p9Lpe-FBBuM2Haw\/edit\">\u27a1<\/a> Llengua Catalana<\/p>\n<p><a href=\"https:\/\/docs.google.com\/document\/d\/1dnHCBjfN1Ler27r1_gJ2oUW5ZTa5HUZHSuSJQ20SfOA\/edit\">\u27a1<\/a> Llengua Castellana<\/p>\n<p><a href=\"https:\/\/docs.google.com\/document\/u\/1\/d\/1e_S2dj9S_KTJ-6TzzVmenEyQrULfCc7W\/edit?usp=drive_web&amp;ouid=106843705989800960530&amp;dls=true\">\u27a1<\/a>&hellip;  <a href=\"https:\/\/agora.xtec.cat\/sesvallbonadanoia\/estudis\/departaments-didactics\/departament-de-llengues\/\" title=\"Read \u00c0MBIT COMUNICACI\u00d3 (Departament de Lleng\u00fces)\">Llegeix m\u00e9s\u00bb<\/a><\/p>\n","protected":false},"author":15,"featured_media":0,"parent":5677,"menu_order":0,"comment_status":"closed","ping_status":"closed","template":"page-templates\/side-menu.php","meta":{"_bbp_topic_count":0,"_bbp_reply_count":0,"_bbp_total_topic_count":0,"_bbp_total_reply_count":0,"_bbp_voice_count":0,"_bbp_anonymous_reply_count":0,"_bbp_topic_count_hidden":0,"_bbp_reply_count_hidden":0,"_bbp_forum_subforum_count":0,"footnotes":""},"class_list":["post-5684","page","type-page","status-publish","hentry"],"post_mailing_queue_ids":[],"_links":{"self":[{"href":"https:\/\/agora.xtec.cat\/sesvallbonadanoia\/wp-json\/wp\/v2\/pages\/5684","targetHints":{"allow":["GET"]}}],"collection":[{"href":"https:\/\/agora.xtec.cat\/sesvallbonadanoia\/wp-json\/wp\/v2\/pages"}],"about":[{"href":"https:\/\/agora.xtec.cat\/sesvallbonadanoia\/wp-json\/wp\/v2\/types\/page"}],"author":[{"embeddable":true,"href":"https:\/\/agora.xtec.cat\/sesvallbonadanoia\/wp-json\/wp\/v2\/users\/15"}],"replies":[{"embeddable":true,"href":"https:\/\/agora.xtec.cat\/sesvallbonadanoia\/wp-json\/wp\/v2\/comments?post=5684"}],"version-history":[{"count":7,"href":"https:\/\/agora.xtec.cat\/sesvallbonadanoia\/wp-json\/wp\/v2\/pages\/5684\/revisions"}],"predecessor-version":[{"id":12187,"href":"https:\/\/agora.xtec.cat\/sesvallbonadanoia\/wp-json\/wp\/v2\/pages\/5684\/revisions\/12187"}],"up":[{"embeddable":true,"href":"https:\/\/agora.xtec.cat\/sesvallbonadanoia\/wp-json\/wp\/v2\/pages\/5677"}],"wp:attachment":[{"href":"https:\/\/agora.xtec.cat\/sesvallbonadanoia\/wp-json\/wp\/v2\/media?parent=5684"}],"curies":[{"name":"wp","href":"https:\/\/api.w.org\/{rel}","templated":true}]}}