{"id":5677,"date":"2019-11-13T14:04:24","date_gmt":"2019-11-13T13:04:24","guid":{"rendered":"https:\/\/agora.xtec.cat\/sesvallbonadanoia\/?page_id=5677"},"modified":"2025-07-14T18:45:35","modified_gmt":"2025-07-14T16:45:35","slug":"departaments-didactics","status":"publish","type":"page","link":"https:\/\/agora.xtec.cat\/sesvallbonadanoia\/estudis\/departaments-didactics\/","title":{"rendered":"\u00c0mbits Did\u00e0ctics"},"content":{"rendered":"<table>\n<tbody>\n<tr>\n<td style=\"width: 208px;\"><strong>\u00c0MBITS (DEPARTAMENT, <\/strong>enlla\u00e7 web)<\/td>\n<td style=\"width: 700px;\"><strong>MAT\u00c8RIES ASSOCIADES<\/strong><\/td>\n<\/tr>\n<tr>\n<td style=\"width: 208px;\">\n<h6><a href=\"https:\/\/agora.xtec.cat\/sesvallbonadanoia\/estudis\/departaments-didactics\/departament-de-ciencies\/\" target=\"_blank\" rel=\"noopener noreferrer\">\u00c0MBIT CIENT\u00cdFIC TECNOL\u00d2GIC<\/a><\/h6>\n<p>\u00c0MBIT MATEM\u00c0TIC<\/td>\n<td style=\"width: 700px;\">Biologia i Geologia, F\u00edsica i Qu\u00edmica i Tecnologia<\/p>\n<p>Matem\u00e0tiques<\/td>\n<\/tr>\n<tr>\n<td style=\"width: 208px;\">\n<h6><a href=\"https:\/\/agora.xtec.cat\/sesvallbonadanoia\/estudis\/departaments-didactics\/departament-de-llengues\/\" target=\"_blank\" rel=\"noopener noreferrer\">\u00c0MBIT COMUNICACI\u00d3 Lleng\u00fces<\/a><\/h6>\n<\/td>\n<td style=\"width: 700px;\">Catal\u00e0, Castell\u00e0, Angl\u00e8s, Franc\u00e8s<\/td>\n<\/tr>\n<tr>\n<td style=\"width: 208px;\">\n<h6><a href=\"https:\/\/agora.xtec.cat\/sesvallbonadanoia\/estudis\/departaments-didactics\/departament-dexpressio\/\" target=\"_blank\" rel=\"noopener noreferrer\">\u00c0MBIT ART\u00cdSTIC<\/a><\/h6>\n<p>\u00c0MBIT SOCIAL<\/p>\n<p>\u00c0MBIT EDUCACI\u00d3 F\u00cdSICA<\/td>\n<td style=\"width: 700px;\">Educaci\u00f3 f\u00edsica, Educaci\u00f3 visual i pl\u00e0stica, M\u00fasica, Arts esc\u00e8niques i dansa<\/p>\n<p>Socials, Economia, Cultura cl\u00e0ssica, Emprenedoria, Cultura i valors \u00e8tics, Religi\u00f3<\/p>\n<p>Educaci\u00f3 F\u00edsica i Dansa<\/td>\n<\/tr>\n<tr>\n<td style=\"width: 208px;\">\n<h6><a href=\"https:\/\/agora.xtec.cat\/sesvallbonadanoia\/estudis\/departaments-didactics\/departament-dorientacio\/\" target=\"_blank\" rel=\"noopener noreferrer\">\u00c0MBIT ORIENTADOR<\/a><\/h6>\n<\/td>\n<td style=\"width: 700px;\">Pla Personal d&#8217;Aprenentatge (PPA). Atenci\u00f3 individualitzada. Aules de refor\u00e7 i ampliaci\u00f3. Acollida als nouvinguts i nouvingudes.<\/td>\n<\/tr>\n<\/tbody>\n<\/table>\n<p><img decoding=\"async\" class=\"n3VNCb aligncenter\" src=\"https:\/\/s3.amazonaws.com\/wordpress-production\/wp-content\/uploads\/sites\/19\/2016\/07\/crowdsourcing-para-tu-estrategia-de-marketing-de-contenidos.jpg\" alt=\"Resultat d'imatges per a &quot;Departaments did\u00e0ctics&quot;&quot;\" data-noaft=\"1\" \/><\/p>\n","protected":false},"excerpt":{"rendered":"<p>\u00c0MBITS (DEPARTAMENT, enlla\u00e7 web)<br \/>\nMAT\u00c8RIES ASSOCIADES<\/p>\n<p><a href=\"https:\/\/agora.xtec.cat\/sesvallbonadanoia\/estudis\/departaments-didactics\/departament-de-ciencies\/\" target=\"_blank\" rel=\"noopener noreferrer\">\u00c0MBIT CIENT\u00cdFIC TECNOL\u00d2GIC<\/a><br \/>\n\u00c0MBIT MATEM\u00c0TIC<br \/>\nBiologia i Geologia, F\u00edsica i Qu\u00edmica i Tecnologia<br \/>\nMatem\u00e0tiques<\/p>\n<p><a href=\"https:\/\/agora.xtec.cat\/sesvallbonadanoia\/estudis\/departaments-didactics\/departament-de-llengues\/\" target=\"_blank\" rel=\"noopener noreferrer\">\u00c0MBIT COMUNICACI\u00d3 Lleng\u00fces<\/a><\/p>\n<p>Catal\u00e0, Castell\u00e0, Angl\u00e8s, Franc\u00e8s<\/p>\n<p><a href=\"https:\/\/agora.xtec.cat\/sesvallbonadanoia\/estudis\/departaments-didactics\/departament-dexpressio\/\" target=\"_blank\" rel=\"noopener noreferrer\">\u00c0MBIT ART\u00cdSTIC<\/a><br \/>\n\u00c0MBIT SOCIAL<br \/>\n\u00c0MBIT EDUCACI\u00d3 F\u00cdSICA<br \/>\nEducaci\u00f3 f\u00edsica, Educaci\u00f3 visual i pl\u00e0stica, M\u00fasica, Arts esc\u00e8niques i&hellip;  <a href=\"https:\/\/agora.xtec.cat\/sesvallbonadanoia\/estudis\/departaments-didactics\/\" title=\"Read \u00c0mbits Did\u00e0ctics\">Llegeix m\u00e9s\u00bb<\/a><\/p>\n","protected":false},"author":1,"featured_media":0,"parent":195,"menu_order":0,"comment_status":"closed","ping_status":"closed","template":"page-templates\/side-menu.php","meta":{"_bbp_topic_count":0,"_bbp_reply_count":0,"_bbp_total_topic_count":0,"_bbp_total_reply_count":0,"_bbp_voice_count":0,"_bbp_anonymous_reply_count":0,"_bbp_topic_count_hidden":0,"_bbp_reply_count_hidden":0,"_bbp_forum_subforum_count":0,"footnotes":""},"class_list":["post-5677","page","type-page","status-publish","hentry"],"post_mailing_queue_ids":[],"_links":{"self":[{"href":"https:\/\/agora.xtec.cat\/sesvallbonadanoia\/wp-json\/wp\/v2\/pages\/5677","targetHints":{"allow":["GET"]}}],"collection":[{"href":"https:\/\/agora.xtec.cat\/sesvallbonadanoia\/wp-json\/wp\/v2\/pages"}],"about":[{"href":"https:\/\/agora.xtec.cat\/sesvallbonadanoia\/wp-json\/wp\/v2\/types\/page"}],"author":[{"embeddable":true,"href":"https:\/\/agora.xtec.cat\/sesvallbonadanoia\/wp-json\/wp\/v2\/users\/1"}],"replies":[{"embeddable":true,"href":"https:\/\/agora.xtec.cat\/sesvallbonadanoia\/wp-json\/wp\/v2\/comments?post=5677"}],"version-history":[{"count":6,"href":"https:\/\/agora.xtec.cat\/sesvallbonadanoia\/wp-json\/wp\/v2\/pages\/5677\/revisions"}],"predecessor-version":[{"id":12186,"href":"https:\/\/agora.xtec.cat\/sesvallbonadanoia\/wp-json\/wp\/v2\/pages\/5677\/revisions\/12186"}],"up":[{"embeddable":true,"href":"https:\/\/agora.xtec.cat\/sesvallbonadanoia\/wp-json\/wp\/v2\/pages\/195"}],"wp:attachment":[{"href":"https:\/\/agora.xtec.cat\/sesvallbonadanoia\/wp-json\/wp\/v2\/media?parent=5677"}],"curies":[{"name":"wp","href":"https:\/\/api.w.org\/{rel}","templated":true}]}}