{"id":5468,"date":"2019-09-24T11:07:38","date_gmt":"2019-09-24T09:07:38","guid":{"rendered":"http:\/\/agora.xtec.cat\/sesvallbonadanoia\/?page_id=5468"},"modified":"2022-02-08T22:27:10","modified_gmt":"2022-02-08T21:27:10","slug":"erasmus-ka1","status":"publish","type":"page","link":"https:\/\/agora.xtec.cat\/sesvallbonadanoia\/estudis\/erasmus\/erasmus-ka1\/","title":{"rendered":"Erasmus+ KA1 &#8211; Obrint Horitzons, de Vallbona a Europa (2019-2021)"},"content":{"rendered":"<p><a href=\"https:\/\/agora.xtec.cat\/sesvallbonadanoia\/wp-content\/uploads\/usu60\/2022\/01\/opening-estrecho.jpg\"><img loading=\"lazy\" decoding=\"async\" class=\"alignnone size-full wp-image-8015\" src=\"https:\/\/agora.xtec.cat\/sesvallbonadanoia\/wp-content\/uploads\/usu60\/2022\/01\/opening-estrecho.jpg\" alt=\"\" width=\"319\" height=\"171\" srcset=\"https:\/\/agora.xtec.cat\/sesvallbonadanoia\/wp-content\/uploads\/usu60\/2022\/01\/opening-estrecho.jpg 319w, https:\/\/agora.xtec.cat\/sesvallbonadanoia\/wp-content\/uploads\/usu60\/2022\/01\/opening-estrecho-300x161.jpg 300w\" sizes=\"auto, (max-width: 319px) 100vw, 319px\" \/><\/a><\/p>\n<p><strong>&#8220;Obrint Horitzons, de Vallbona a Europa&#8221;<\/strong> (2019-2022) \u00e9s el primer projecte Erasmus que demanem enfocat al professorat i a la comunitat educativa del nostre centre.<\/p>\n<p><strong>QUIN S\u00d3N ELS OBJECTIUS D&#8217;AQUEST PROJECTE?<\/strong><\/p>\n<ul>\n<li style=\"font-weight: 400;\" aria-level=\"1\"><span style=\"font-weight: 400;\">Millorar les <\/span><b>compet\u00e8ncies professionals<\/b><span style=\"font-weight: 400;\"> del professorat en el camp metodol\u00f2gic, did\u00e0ctic i organitzatiu, a partir de l&#8217;experimentaci\u00f3 i desenvolupament de noves pr\u00e0ctiques educatives d\u2019aplicaci\u00f3 a l&#8217;aula.<\/span><\/li>\n<li style=\"font-weight: 400;\" aria-level=\"1\"><span style=\"font-weight: 400;\">Avan\u00e7ar en la millora del <\/span><b>nivell de llengua estrangera<\/b><span style=\"font-weight: 400;\">, de la <\/span><b>compet\u00e8ncia pluriling\u00fce<\/b><span style=\"font-weight: 400;\"> del professorat i de l&#8217;adquisici\u00f3 de coneixements de diferents <\/span><b>cultures<\/b><span style=\"font-weight: 400;\"> europees i els seus <\/span><b>sistemes educatius,<\/b><span style=\"font-weight: 400;\"> que contribuir\u00e0 a una major <\/span><b>europe\u00eftzaci\u00f3 <\/b><span style=\"font-weight: 400;\">del centre.<\/span><\/li>\n<li><span style=\"font-weight: 400;\">Progressar en la millora de l&#8217;<\/span><b>autonomia, gesti\u00f3, planificaci\u00f3 i organitzaci\u00f3 de programes i projectes<\/b><span style=\"font-weight: 400;\">, per part del professorat.<\/span><\/li>\n<li style=\"font-weight: 400;\" aria-level=\"1\"><span style=\"font-weight: 400;\">Realitzar una major <\/span><b>innovaci\u00f3 educativa<\/b><span style=\"font-weight: 400;\"> a trav\u00e9s de la implementaci\u00f3 de noves metodologies educatives.<\/span><\/li>\n<li style=\"font-weight: 400;\" aria-level=\"1\"><span style=\"font-weight: 400;\">Potenciar una millora de la <\/span><b>compet\u00e8ncia comunicativa<\/b><span style=\"font-weight: 400;\"> i de les <\/span><b>compet\u00e8ncies transversals<\/b><span style=\"font-weight: 400;\">: compet\u00e8ncia digital i compet\u00e8ncia social i ciutadana dels participants, alhora que una major satisfacci\u00f3 professional<\/span><\/li>\n<li style=\"font-weight: 400;\" aria-level=\"1\"><span style=\"font-weight: 400;\">Compartir <\/span><b>bones pr\u00e0ctiques educatives<\/b><span style=\"font-weight: 400;\"> que siguin transversals i \u00fatils per a totes les mat\u00e8ries i millorin la qualitat de l\u2019educaci\u00f3 que oferim i <\/span><b>els resultats acad\u00e8mics<\/b><span style=\"font-weight: 400;\"> de l&#8217;alumnat, afavorint la <\/span><b>inclusi\u00f3<\/b><span style=\"font-weight: 400;\"> educativa i l\u2019<\/span><b>atenci\u00f3 a la diversitat<\/b><span style=\"font-weight: 400;\">.<\/span><\/li>\n<li><span style=\"font-weight: 400;\">Millorar la satisfacci\u00f3 personal i la <\/span><b>motivaci\u00f3<\/b><span style=\"font-weight: 400;\"> del professorat participant.<\/span><\/li>\n<\/ul>\n<p>Si cliqueu en aquest enlla\u00e7 podeu llegir totes les <a href=\"https:\/\/agora.xtec.cat\/sesvallbonadanoia\/tag\/ka1\/\"><strong>novetats del projecte.<\/strong><\/a><\/p>\n<p>En aquest Padlet teniu un recull de testimonis del professorat participant dels cursos de formaci\u00f3:<\/p>\n<div class=\"padlet-embed\" style=\"border: 1px solid rgba(0,0,0,0.1); border-radius: 2px; box-sizing: border-box; overflow: hidden; position: relative; width: 100%; background: #F4F4F4;\">\n<p style=\"padding: 0; margin: 0;\"><iframe style=\"width: 100%; height: 608px; display: block; padding: 0; margin: 0;\" src=\"https:\/\/padlet.com\/embed\/xqjp7w6npoupuujo\" frameborder=\"0\"><\/iframe><\/p>\n<div style=\"padding: 8px; text-align: right; margin: 0;\"><a style=\"padding: 0; margin: 0; border: none; display: block; line-height: 1; height: 16px;\" href=\"https:\/\/padlet.com?ref=embed\" target=\"_blank\" rel=\"noopener\"><img loading=\"lazy\" decoding=\"async\" style=\"padding: 0; margin: 0; background: none; border: none; display: inline; box-shadow: none;\" src=\"https:\/\/padlet.net\/embeds\/made_with_padlet.png\" alt=\"Fet amb Padlet\" width=\"86\" height=\"16\" \/><\/a><\/div>\n<\/div>\n<p>&nbsp;<\/p>\n<p>Aix\u00ed com un resum dels cursos i dels recursos apresos durant les formacions:<\/p>\n<div class=\"padlet-embed\" style=\"border: 1px solid rgba(0,0,0,0.1); border-radius: 2px; box-sizing: border-box; overflow: hidden; position: relative; width: 100%; background: #F4F4F4;\">\n<p style=\"padding: 0; margin: 0;\"><iframe style=\"width: 100%; height: 608px; display: block; padding: 0; margin: 0;\" src=\"https:\/\/padlet.com\/embed\/8a076u490zvhwory\" frameborder=\"0\"><\/iframe><\/p>\n<div style=\"padding: 8px; text-align: right; margin: 0;\"><a style=\"padding: 0; margin: 0; border: none; display: block; line-height: 1; height: 16px;\" href=\"https:\/\/padlet.com?ref=embed\" target=\"_blank\" rel=\"noopener\"><img loading=\"lazy\" decoding=\"async\" style=\"padding: 0; margin: 0; background: none; border: none; display: inline; box-shadow: none;\" src=\"https:\/\/padlet.net\/embeds\/made_with_padlet.png\" alt=\"Fet amb Padlet\" width=\"86\" height=\"16\" \/><\/a><\/div>\n<\/div>\n<p>&nbsp;<\/p>\n","protected":false},"excerpt":{"rendered":"<p><a href=\"https:\/\/agora.xtec.cat\/sesvallbonadanoia\/wp-content\/uploads\/usu60\/2022\/01\/opening-estrecho.jpg\"><\/a><br \/>\n&#8220;Obrint Horitzons, de Vallbona a Europa&#8221; (2019-2022) \u00e9s el primer projecte Erasmus que demanem enfocat al professorat i a la comunitat educativa del nostre centre.<br \/>\nQUIN S\u00d3N ELS OBJECTIUS D&#8217;AQUEST PROJECTE?<\/p>\n<ul>\n<li style=\"font-weight: 400;\" aria-level=\"1\">Millorar les compet\u00e8ncies professionals del professorat en el camp metodol\u00f2gic, did\u00e0ctic i&hellip;  <a href=\"https:\/\/agora.xtec.cat\/sesvallbonadanoia\/estudis\/erasmus\/erasmus-ka1\/\" title=\"Read Erasmus+ KA1 &#8211; Obrint Horitzons, de Vallbona a Europa (2019-2021)\">Llegeix m\u00e9s\u00bb<\/a><br \/>\n","protected":false},"author":1,"featured_media":0,"parent":1166,"menu_order":0,"comment_status":"closed","ping_status":"closed","template":"page-templates\/side-menu.php","meta":{"_bbp_topic_count":0,"_bbp_reply_count":0,"_bbp_total_topic_count":0,"_bbp_total_reply_count":0,"_bbp_voice_count":0,"_bbp_anonymous_reply_count":0,"_bbp_topic_count_hidden":0,"_bbp_reply_count_hidden":0,"_bbp_forum_subforum_count":0,"footnotes":""},"class_list":["post-5468","page","type-page","status-publish","hentry"],"post_mailing_queue_ids":[],"_links":{"self":[{"href":"https:\/\/agora.xtec.cat\/sesvallbonadanoia\/wp-json\/wp\/v2\/pages\/5468","targetHints":{"allow":["GET"]}}],"collection":[{"href":"https:\/\/agora.xtec.cat\/sesvallbonadanoia\/wp-json\/wp\/v2\/pages"}],"about":[{"href":"https:\/\/agora.xtec.cat\/sesvallbonadanoia\/wp-json\/wp\/v2\/types\/page"}],"author":[{"embeddable":true,"href":"https:\/\/agora.xtec.cat\/sesvallbonadanoia\/wp-json\/wp\/v2\/users\/1"}],"replies":[{"embeddable":true,"href":"https:\/\/agora.xtec.cat\/sesvallbonadanoia\/wp-json\/wp\/v2\/comments?post=5468"}],"version-history":[{"count":3,"href":"https:\/\/agora.xtec.cat\/sesvallbonadanoia\/wp-json\/wp\/v2\/pages\/5468\/revisions"}],"predecessor-version":[{"id":8079,"href":"https:\/\/agora.xtec.cat\/sesvallbonadanoia\/wp-json\/wp\/v2\/pages\/5468\/revisions\/8079"}],"up":[{"embeddable":true,"href":"https:\/\/agora.xtec.cat\/sesvallbonadanoia\/wp-json\/wp\/v2\/pages\/1166"}],"wp:attachment":[{"href":"https:\/\/agora.xtec.cat\/sesvallbonadanoia\/wp-json\/wp\/v2\/media?parent=5468"}],"curies":[{"name":"wp","href":"https:\/\/api.w.org\/{rel}","templated":true}]}}