{"id":5466,"date":"2019-09-24T11:06:56","date_gmt":"2019-09-24T09:06:56","guid":{"rendered":"http:\/\/agora.xtec.cat\/sesvallbonadanoia\/?page_id=5466"},"modified":"2019-09-24T11:30:40","modified_gmt":"2019-09-24T09:30:40","slug":"erasmus-creativity-club","status":"publish","type":"page","link":"https:\/\/agora.xtec.cat\/sesvallbonadanoia\/estudis\/erasmus\/erasmus-creativity-club\/","title":{"rendered":"Erasmus Creativity Club"},"content":{"rendered":"<p>Aqu\u00ed podr\u00e0s veure les not\u00edcies de la nostra web amb el treball de professorat i alumnat<\/p>\n<p><a href=\"https:\/\/agora.xtec.cat\/sesvallbonadanoia\/categoria\/ecc\/\" target=\"_blank\" rel=\"noopener noreferrer\">https:\/\/agora.xtec.cat\/sesvallbonadanoia\/categoria\/ecc\/<\/a><\/p>\n","protected":false},"excerpt":{"rendered":"<p>Aqu\u00ed podr\u00e0s veure les not\u00edcies de la nostra web amb el treball de professorat i alumnat<br \/>\n<a href=\"https:\/\/agora.xtec.cat\/sesvallbonadanoia\/categoria\/ecc\/\" target=\"_blank\" rel=\"noopener noreferrer\">https:\/\/agora.xtec.cat\/sesvallbonadanoia\/categoria\/ecc\/<\/a><\/p>\n","protected":false},"author":1,"featured_media":0,"parent":1166,"menu_order":0,"comment_status":"closed","ping_status":"closed","template":"page-templates\/side-menu.php","meta":{"_bbp_topic_count":0,"_bbp_reply_count":0,"_bbp_total_topic_count":0,"_bbp_total_reply_count":0,"_bbp_voice_count":0,"_bbp_anonymous_reply_count":0,"_bbp_topic_count_hidden":0,"_bbp_reply_count_hidden":0,"_bbp_forum_subforum_count":0,"footnotes":""},"class_list":["post-5466","page","type-page","status-publish","hentry"],"post_mailing_queue_ids":[],"_links":{"self":[{"href":"https:\/\/agora.xtec.cat\/sesvallbonadanoia\/wp-json\/wp\/v2\/pages\/5466","targetHints":{"allow":["GET"]}}],"collection":[{"href":"https:\/\/agora.xtec.cat\/sesvallbonadanoia\/wp-json\/wp\/v2\/pages"}],"about":[{"href":"https:\/\/agora.xtec.cat\/sesvallbonadanoia\/wp-json\/wp\/v2\/types\/page"}],"author":[{"embeddable":true,"href":"https:\/\/agora.xtec.cat\/sesvallbonadanoia\/wp-json\/wp\/v2\/users\/1"}],"replies":[{"embeddable":true,"href":"https:\/\/agora.xtec.cat\/sesvallbonadanoia\/wp-json\/wp\/v2\/comments?post=5466"}],"version-history":[{"count":2,"href":"https:\/\/agora.xtec.cat\/sesvallbonadanoia\/wp-json\/wp\/v2\/pages\/5466\/revisions"}],"predecessor-version":[{"id":5477,"href":"https:\/\/agora.xtec.cat\/sesvallbonadanoia\/wp-json\/wp\/v2\/pages\/5466\/revisions\/5477"}],"up":[{"embeddable":true,"href":"https:\/\/agora.xtec.cat\/sesvallbonadanoia\/wp-json\/wp\/v2\/pages\/1166"}],"wp:attachment":[{"href":"https:\/\/agora.xtec.cat\/sesvallbonadanoia\/wp-json\/wp\/v2\/media?parent=5466"}],"curies":[{"name":"wp","href":"https:\/\/api.w.org\/{rel}","templated":true}]}}