{"id":4849,"date":"2019-03-23T15:57:38","date_gmt":"2019-03-23T14:57:38","guid":{"rendered":"http:\/\/agora.xtec.cat\/sesvallbonadanoia\/?page_id=4849"},"modified":"2019-03-23T15:57:38","modified_gmt":"2019-03-23T14:57:38","slug":"projecte-rius","status":"publish","type":"page","link":"https:\/\/agora.xtec.cat\/sesvallbonadanoia\/estudis\/projectes-del-centre\/escoles-verdes\/projecte-rius\/","title":{"rendered":"Projecte Rius"},"content":{"rendered":"<p>Dissabte 23 de mar\u00e7 de 2019 hem fet la formaci\u00f3 que la Gemma, d&#8217;Associaci\u00f3 H\u00e0bitats ens ha ofert al Riu Llobregat, al seu pas pel Pedret, terme municipal de Cercs, al qual hi hem accedit des de Berga.<\/p>\n<p>Acompanyats d&#8217;un intr\u00e8pid grup de joves i altres professors hem gaudit molt d&#8217;aquesta matinal del projecte que ens obre portes a apadrinar un tram de riu de Catalunya i fer-ne el seguiment amb l&#8217;alumnat de l&#8217;institut.<\/p>\n\n\t\t<style type=\"text\/css\">\n\t\t\t#gallery-1 {\n\t\t\t\tmargin: auto;\n\t\t\t}\n\t\t\t#gallery-1 .gallery-item {\n\t\t\t\tfloat: left;\n\t\t\t\tmargin-top: 10px;\n\t\t\t\ttext-align: center;\n\t\t\t\twidth: 33%;\n\t\t\t}\n\t\t\t#gallery-1 img {\n\t\t\t\tborder: 2px solid #cfcfcf;\n\t\t\t}\n\t\t\t#gallery-1 .gallery-caption {\n\t\t\t\tmargin-left: 0;\n\t\t\t}\n\t\t\t\/* see gallery_shortcode() in wp-includes\/media.php *\/\n\t\t<\/style>\n\t\t<div id='gallery-1' class='gallery galleryid-4849 gallery-columns-3 gallery-size-full'><dl class='gallery-item'>\n\t\t\t<dt class='gallery-icon landscape'>\n\t\t\t\t<a href='https:\/\/agora.xtec.cat\/sesvallbonadanoia\/estudis\/projectes-del-centre\/escoles-verdes\/projecte-rius\/attachment\/img_9521\/'><img loading=\"lazy\" decoding=\"async\" width=\"1024\" height=\"768\" src=\"https:\/\/agora.xtec.cat\/sesvallbonadanoia\/wp-content\/uploads\/usu60\/2019\/03\/IMG_9521.jpg\" class=\"attachment-full size-full\" alt=\"\" srcset=\"https:\/\/agora.xtec.cat\/sesvallbonadanoia\/wp-content\/uploads\/usu60\/2019\/03\/IMG_9521.jpg 1024w, https:\/\/agora.xtec.cat\/sesvallbonadanoia\/wp-content\/uploads\/usu60\/2019\/03\/IMG_9521-300x225.jpg 300w, https:\/\/agora.xtec.cat\/sesvallbonadanoia\/wp-content\/uploads\/usu60\/2019\/03\/IMG_9521-768x576.jpg 768w, https:\/\/agora.xtec.cat\/sesvallbonadanoia\/wp-content\/uploads\/usu60\/2019\/03\/IMG_9521-200x150.jpg 200w\" sizes=\"auto, (max-width: 1024px) 100vw, 1024px\" \/><\/a>\n\t\t\t<\/dt><\/dl><dl class='gallery-item'>\n\t\t\t<dt class='gallery-icon landscape'>\n\t\t\t\t<a href='https:\/\/agora.xtec.cat\/sesvallbonadanoia\/estudis\/projectes-del-centre\/escoles-verdes\/projecte-rius\/attachment\/img_9522\/'><img loading=\"lazy\" decoding=\"async\" width=\"1024\" height=\"768\" src=\"https:\/\/agora.xtec.cat\/sesvallbonadanoia\/wp-content\/uploads\/usu60\/2019\/03\/IMG_9522.jpg\" class=\"attachment-full size-full\" alt=\"\" srcset=\"https:\/\/agora.xtec.cat\/sesvallbonadanoia\/wp-content\/uploads\/usu60\/2019\/03\/IMG_9522.jpg 1024w, https:\/\/agora.xtec.cat\/sesvallbonadanoia\/wp-content\/uploads\/usu60\/2019\/03\/IMG_9522-300x225.jpg 300w, https:\/\/agora.xtec.cat\/sesvallbonadanoia\/wp-content\/uploads\/usu60\/2019\/03\/IMG_9522-768x576.jpg 768w, https:\/\/agora.xtec.cat\/sesvallbonadanoia\/wp-content\/uploads\/usu60\/2019\/03\/IMG_9522-200x150.jpg 200w\" sizes=\"auto, (max-width: 1024px) 100vw, 1024px\" \/><\/a>\n\t\t\t<\/dt><\/dl><dl class='gallery-item'>\n\t\t\t<dt class='gallery-icon landscape'>\n\t\t\t\t<a href='https:\/\/agora.xtec.cat\/sesvallbonadanoia\/estudis\/projectes-del-centre\/escoles-verdes\/projecte-rius\/attachment\/img_9563\/'><img loading=\"lazy\" decoding=\"async\" width=\"1024\" height=\"768\" src=\"https:\/\/agora.xtec.cat\/sesvallbonadanoia\/wp-content\/uploads\/usu60\/2019\/03\/IMG_9563.jpg\" class=\"attachment-full size-full\" alt=\"\" srcset=\"https:\/\/agora.xtec.cat\/sesvallbonadanoia\/wp-content\/uploads\/usu60\/2019\/03\/IMG_9563.jpg 1024w, https:\/\/agora.xtec.cat\/sesvallbonadanoia\/wp-content\/uploads\/usu60\/2019\/03\/IMG_9563-300x225.jpg 300w, https:\/\/agora.xtec.cat\/sesvallbonadanoia\/wp-content\/uploads\/usu60\/2019\/03\/IMG_9563-768x576.jpg 768w, https:\/\/agora.xtec.cat\/sesvallbonadanoia\/wp-content\/uploads\/usu60\/2019\/03\/IMG_9563-200x150.jpg 200w\" sizes=\"auto, (max-width: 1024px) 100vw, 1024px\" \/><\/a>\n\t\t\t<\/dt><\/dl><br style=\"clear: both\" \/><dl class='gallery-item'>\n\t\t\t<dt class='gallery-icon portrait'>\n\t\t\t\t<a href='https:\/\/agora.xtec.cat\/sesvallbonadanoia\/estudis\/projectes-del-centre\/escoles-verdes\/projecte-rius\/attachment\/img_9529\/'><img loading=\"lazy\" decoding=\"async\" width=\"768\" height=\"1024\" src=\"https:\/\/agora.xtec.cat\/sesvallbonadanoia\/wp-content\/uploads\/usu60\/2019\/03\/IMG_9529.jpg\" class=\"attachment-full size-full\" alt=\"\" srcset=\"https:\/\/agora.xtec.cat\/sesvallbonadanoia\/wp-content\/uploads\/usu60\/2019\/03\/IMG_9529.jpg 768w, https:\/\/agora.xtec.cat\/sesvallbonadanoia\/wp-content\/uploads\/usu60\/2019\/03\/IMG_9529-225x300.jpg 225w\" sizes=\"auto, (max-width: 768px) 100vw, 768px\" \/><\/a>\n\t\t\t<\/dt><\/dl><dl class='gallery-item'>\n\t\t\t<dt class='gallery-icon landscape'>\n\t\t\t\t<a href='https:\/\/agora.xtec.cat\/sesvallbonadanoia\/estudis\/projectes-del-centre\/escoles-verdes\/projecte-rius\/attachment\/img_9545\/'><img loading=\"lazy\" decoding=\"async\" width=\"1024\" height=\"768\" src=\"https:\/\/agora.xtec.cat\/sesvallbonadanoia\/wp-content\/uploads\/usu60\/2019\/03\/IMG_9545.jpg\" class=\"attachment-full size-full\" alt=\"\" srcset=\"https:\/\/agora.xtec.cat\/sesvallbonadanoia\/wp-content\/uploads\/usu60\/2019\/03\/IMG_9545.jpg 1024w, https:\/\/agora.xtec.cat\/sesvallbonadanoia\/wp-content\/uploads\/usu60\/2019\/03\/IMG_9545-300x225.jpg 300w, https:\/\/agora.xtec.cat\/sesvallbonadanoia\/wp-content\/uploads\/usu60\/2019\/03\/IMG_9545-768x576.jpg 768w, https:\/\/agora.xtec.cat\/sesvallbonadanoia\/wp-content\/uploads\/usu60\/2019\/03\/IMG_9545-200x150.jpg 200w\" sizes=\"auto, (max-width: 1024px) 100vw, 1024px\" \/><\/a>\n\t\t\t<\/dt><\/dl><dl class='gallery-item'>\n\t\t\t<dt class='gallery-icon landscape'>\n\t\t\t\t<a href='https:\/\/agora.xtec.cat\/sesvallbonadanoia\/estudis\/projectes-del-centre\/escoles-verdes\/projecte-rius\/attachment\/img_9539\/'><img loading=\"lazy\" decoding=\"async\" width=\"1024\" height=\"768\" src=\"https:\/\/agora.xtec.cat\/sesvallbonadanoia\/wp-content\/uploads\/usu60\/2019\/03\/IMG_9539.jpg\" class=\"attachment-full size-full\" alt=\"\" srcset=\"https:\/\/agora.xtec.cat\/sesvallbonadanoia\/wp-content\/uploads\/usu60\/2019\/03\/IMG_9539.jpg 1024w, https:\/\/agora.xtec.cat\/sesvallbonadanoia\/wp-content\/uploads\/usu60\/2019\/03\/IMG_9539-300x225.jpg 300w, https:\/\/agora.xtec.cat\/sesvallbonadanoia\/wp-content\/uploads\/usu60\/2019\/03\/IMG_9539-768x576.jpg 768w, https:\/\/agora.xtec.cat\/sesvallbonadanoia\/wp-content\/uploads\/usu60\/2019\/03\/IMG_9539-200x150.jpg 200w\" sizes=\"auto, (max-width: 1024px) 100vw, 1024px\" \/><\/a>\n\t\t\t<\/dt><\/dl><br style=\"clear: both\" \/><dl class='gallery-item'>\n\t\t\t<dt class='gallery-icon landscape'>\n\t\t\t\t<a href='https:\/\/agora.xtec.cat\/sesvallbonadanoia\/estudis\/projectes-del-centre\/escoles-verdes\/projecte-rius\/attachment\/img_9530-2\/'><img loading=\"lazy\" decoding=\"async\" width=\"1024\" height=\"768\" src=\"https:\/\/agora.xtec.cat\/sesvallbonadanoia\/wp-content\/uploads\/usu60\/2019\/03\/IMG_9530.jpg\" class=\"attachment-full size-full\" alt=\"\" srcset=\"https:\/\/agora.xtec.cat\/sesvallbonadanoia\/wp-content\/uploads\/usu60\/2019\/03\/IMG_9530.jpg 1024w, https:\/\/agora.xtec.cat\/sesvallbonadanoia\/wp-content\/uploads\/usu60\/2019\/03\/IMG_9530-300x225.jpg 300w, https:\/\/agora.xtec.cat\/sesvallbonadanoia\/wp-content\/uploads\/usu60\/2019\/03\/IMG_9530-768x576.jpg 768w, https:\/\/agora.xtec.cat\/sesvallbonadanoia\/wp-content\/uploads\/usu60\/2019\/03\/IMG_9530-200x150.jpg 200w\" sizes=\"auto, (max-width: 1024px) 100vw, 1024px\" \/><\/a>\n\t\t\t<\/dt><\/dl><dl class='gallery-item'>\n\t\t\t<dt class='gallery-icon landscape'>\n\t\t\t\t<a href='https:\/\/agora.xtec.cat\/sesvallbonadanoia\/estudis\/projectes-del-centre\/escoles-verdes\/projecte-rius\/attachment\/img_9533\/'><img loading=\"lazy\" decoding=\"async\" width=\"1024\" height=\"768\" src=\"https:\/\/agora.xtec.cat\/sesvallbonadanoia\/wp-content\/uploads\/usu60\/2019\/03\/IMG_9533.jpg\" class=\"attachment-full size-full\" alt=\"\" srcset=\"https:\/\/agora.xtec.cat\/sesvallbonadanoia\/wp-content\/uploads\/usu60\/2019\/03\/IMG_9533.jpg 1024w, https:\/\/agora.xtec.cat\/sesvallbonadanoia\/wp-content\/uploads\/usu60\/2019\/03\/IMG_9533-300x225.jpg 300w, https:\/\/agora.xtec.cat\/sesvallbonadanoia\/wp-content\/uploads\/usu60\/2019\/03\/IMG_9533-768x576.jpg 768w, https:\/\/agora.xtec.cat\/sesvallbonadanoia\/wp-content\/uploads\/usu60\/2019\/03\/IMG_9533-200x150.jpg 200w\" sizes=\"auto, (max-width: 1024px) 100vw, 1024px\" \/><\/a>\n\t\t\t<\/dt><\/dl><dl class='gallery-item'>\n\t\t\t<dt class='gallery-icon landscape'>\n\t\t\t\t<a href='https:\/\/agora.xtec.cat\/sesvallbonadanoia\/estudis\/projectes-del-centre\/escoles-verdes\/projecte-rius\/attachment\/img_9519\/'><img loading=\"lazy\" decoding=\"async\" width=\"1024\" height=\"768\" src=\"https:\/\/agora.xtec.cat\/sesvallbonadanoia\/wp-content\/uploads\/usu60\/2019\/03\/IMG_9519.jpg\" class=\"attachment-full size-full\" alt=\"\" srcset=\"https:\/\/agora.xtec.cat\/sesvallbonadanoia\/wp-content\/uploads\/usu60\/2019\/03\/IMG_9519.jpg 1024w, https:\/\/agora.xtec.cat\/sesvallbonadanoia\/wp-content\/uploads\/usu60\/2019\/03\/IMG_9519-300x225.jpg 300w, https:\/\/agora.xtec.cat\/sesvallbonadanoia\/wp-content\/uploads\/usu60\/2019\/03\/IMG_9519-768x576.jpg 768w, https:\/\/agora.xtec.cat\/sesvallbonadanoia\/wp-content\/uploads\/usu60\/2019\/03\/IMG_9519-200x150.jpg 200w\" sizes=\"auto, (max-width: 1024px) 100vw, 1024px\" \/><\/a>\n\t\t\t<\/dt><\/dl><br style=\"clear: both\" \/><dl class='gallery-item'>\n\t\t\t<dt class='gallery-icon landscape'>\n\t\t\t\t<a href='https:\/\/agora.xtec.cat\/sesvallbonadanoia\/estudis\/projectes-del-centre\/escoles-verdes\/projecte-rius\/attachment\/img_9553\/'><img loading=\"lazy\" decoding=\"async\" width=\"1024\" height=\"768\" src=\"https:\/\/agora.xtec.cat\/sesvallbonadanoia\/wp-content\/uploads\/usu60\/2019\/03\/IMG_9553.jpg\" class=\"attachment-full size-full\" alt=\"\" srcset=\"https:\/\/agora.xtec.cat\/sesvallbonadanoia\/wp-content\/uploads\/usu60\/2019\/03\/IMG_9553.jpg 1024w, https:\/\/agora.xtec.cat\/sesvallbonadanoia\/wp-content\/uploads\/usu60\/2019\/03\/IMG_9553-300x225.jpg 300w, https:\/\/agora.xtec.cat\/sesvallbonadanoia\/wp-content\/uploads\/usu60\/2019\/03\/IMG_9553-768x576.jpg 768w, https:\/\/agora.xtec.cat\/sesvallbonadanoia\/wp-content\/uploads\/usu60\/2019\/03\/IMG_9553-200x150.jpg 200w\" sizes=\"auto, (max-width: 1024px) 100vw, 1024px\" \/><\/a>\n\t\t\t<\/dt><\/dl><dl class='gallery-item'>\n\t\t\t<dt class='gallery-icon landscape'>\n\t\t\t\t<a href='https:\/\/agora.xtec.cat\/sesvallbonadanoia\/estudis\/projectes-del-centre\/escoles-verdes\/projecte-rius\/attachment\/img_9537\/'><img loading=\"lazy\" decoding=\"async\" width=\"1024\" height=\"768\" src=\"https:\/\/agora.xtec.cat\/sesvallbonadanoia\/wp-content\/uploads\/usu60\/2019\/03\/IMG_9537.jpg\" class=\"attachment-full size-full\" alt=\"\" srcset=\"https:\/\/agora.xtec.cat\/sesvallbonadanoia\/wp-content\/uploads\/usu60\/2019\/03\/IMG_9537.jpg 1024w, https:\/\/agora.xtec.cat\/sesvallbonadanoia\/wp-content\/uploads\/usu60\/2019\/03\/IMG_9537-300x225.jpg 300w, https:\/\/agora.xtec.cat\/sesvallbonadanoia\/wp-content\/uploads\/usu60\/2019\/03\/IMG_9537-768x576.jpg 768w, https:\/\/agora.xtec.cat\/sesvallbonadanoia\/wp-content\/uploads\/usu60\/2019\/03\/IMG_9537-200x150.jpg 200w\" sizes=\"auto, (max-width: 1024px) 100vw, 1024px\" \/><\/a>\n\t\t\t<\/dt><\/dl><dl class='gallery-item'>\n\t\t\t<dt class='gallery-icon landscape'>\n\t\t\t\t<a href='https:\/\/agora.xtec.cat\/sesvallbonadanoia\/estudis\/projectes-del-centre\/escoles-verdes\/projecte-rius\/attachment\/img_9531\/'><img loading=\"lazy\" decoding=\"async\" width=\"1024\" height=\"768\" src=\"https:\/\/agora.xtec.cat\/sesvallbonadanoia\/wp-content\/uploads\/usu60\/2019\/03\/IMG_9531.jpg\" class=\"attachment-full size-full\" alt=\"\" srcset=\"https:\/\/agora.xtec.cat\/sesvallbonadanoia\/wp-content\/uploads\/usu60\/2019\/03\/IMG_9531.jpg 1024w, https:\/\/agora.xtec.cat\/sesvallbonadanoia\/wp-content\/uploads\/usu60\/2019\/03\/IMG_9531-300x225.jpg 300w, https:\/\/agora.xtec.cat\/sesvallbonadanoia\/wp-content\/uploads\/usu60\/2019\/03\/IMG_9531-768x576.jpg 768w, https:\/\/agora.xtec.cat\/sesvallbonadanoia\/wp-content\/uploads\/usu60\/2019\/03\/IMG_9531-200x150.jpg 200w\" sizes=\"auto, (max-width: 1024px) 100vw, 1024px\" \/><\/a>\n\t\t\t<\/dt><\/dl><br style=\"clear: both\" \/><dl class='gallery-item'>\n\t\t\t<dt class='gallery-icon landscape'>\n\t\t\t\t<a href='https:\/\/agora.xtec.cat\/sesvallbonadanoia\/estudis\/projectes-del-centre\/escoles-verdes\/projecte-rius\/attachment\/img_9536\/'><img loading=\"lazy\" decoding=\"async\" width=\"1024\" height=\"768\" src=\"https:\/\/agora.xtec.cat\/sesvallbonadanoia\/wp-content\/uploads\/usu60\/2019\/03\/IMG_9536.jpg\" class=\"attachment-full size-full\" alt=\"\" srcset=\"https:\/\/agora.xtec.cat\/sesvallbonadanoia\/wp-content\/uploads\/usu60\/2019\/03\/IMG_9536.jpg 1024w, https:\/\/agora.xtec.cat\/sesvallbonadanoia\/wp-content\/uploads\/usu60\/2019\/03\/IMG_9536-300x225.jpg 300w, https:\/\/agora.xtec.cat\/sesvallbonadanoia\/wp-content\/uploads\/usu60\/2019\/03\/IMG_9536-768x576.jpg 768w, https:\/\/agora.xtec.cat\/sesvallbonadanoia\/wp-content\/uploads\/usu60\/2019\/03\/IMG_9536-200x150.jpg 200w\" sizes=\"auto, (max-width: 1024px) 100vw, 1024px\" \/><\/a>\n\t\t\t<\/dt><\/dl><dl class='gallery-item'>\n\t\t\t<dt class='gallery-icon landscape'>\n\t\t\t\t<a href='https:\/\/agora.xtec.cat\/sesvallbonadanoia\/estudis\/projectes-del-centre\/escoles-verdes\/projecte-rius\/attachment\/img_9525\/'><img loading=\"lazy\" decoding=\"async\" width=\"1024\" height=\"768\" src=\"https:\/\/agora.xtec.cat\/sesvallbonadanoia\/wp-content\/uploads\/usu60\/2019\/03\/IMG_9525.jpg\" class=\"attachment-full size-full\" alt=\"\" srcset=\"https:\/\/agora.xtec.cat\/sesvallbonadanoia\/wp-content\/uploads\/usu60\/2019\/03\/IMG_9525.jpg 1024w, https:\/\/agora.xtec.cat\/sesvallbonadanoia\/wp-content\/uploads\/usu60\/2019\/03\/IMG_9525-300x225.jpg 300w, https:\/\/agora.xtec.cat\/sesvallbonadanoia\/wp-content\/uploads\/usu60\/2019\/03\/IMG_9525-768x576.jpg 768w, https:\/\/agora.xtec.cat\/sesvallbonadanoia\/wp-content\/uploads\/usu60\/2019\/03\/IMG_9525-200x150.jpg 200w\" sizes=\"auto, (max-width: 1024px) 100vw, 1024px\" \/><\/a>\n\t\t\t<\/dt><\/dl><dl class='gallery-item'>\n\t\t\t<dt class='gallery-icon landscape'>\n\t\t\t\t<a href='https:\/\/agora.xtec.cat\/sesvallbonadanoia\/estudis\/projectes-del-centre\/escoles-verdes\/projecte-rius\/attachment\/img_9528\/'><img loading=\"lazy\" decoding=\"async\" width=\"1024\" height=\"768\" src=\"https:\/\/agora.xtec.cat\/sesvallbonadanoia\/wp-content\/uploads\/usu60\/2019\/03\/IMG_9528.jpg\" class=\"attachment-full size-full\" alt=\"\" srcset=\"https:\/\/agora.xtec.cat\/sesvallbonadanoia\/wp-content\/uploads\/usu60\/2019\/03\/IMG_9528.jpg 1024w, https:\/\/agora.xtec.cat\/sesvallbonadanoia\/wp-content\/uploads\/usu60\/2019\/03\/IMG_9528-300x225.jpg 300w, https:\/\/agora.xtec.cat\/sesvallbonadanoia\/wp-content\/uploads\/usu60\/2019\/03\/IMG_9528-768x576.jpg 768w, https:\/\/agora.xtec.cat\/sesvallbonadanoia\/wp-content\/uploads\/usu60\/2019\/03\/IMG_9528-200x150.jpg 200w\" sizes=\"auto, (max-width: 1024px) 100vw, 1024px\" \/><\/a>\n\t\t\t<\/dt><\/dl><br style=\"clear: both\" \/><dl class='gallery-item'>\n\t\t\t<dt class='gallery-icon landscape'>\n\t\t\t\t<a href='https:\/\/agora.xtec.cat\/sesvallbonadanoia\/estudis\/projectes-del-centre\/escoles-verdes\/projecte-rius\/attachment\/img_9523\/'><img loading=\"lazy\" decoding=\"async\" width=\"1024\" height=\"768\" src=\"https:\/\/agora.xtec.cat\/sesvallbonadanoia\/wp-content\/uploads\/usu60\/2019\/03\/IMG_9523.jpg\" class=\"attachment-full size-full\" alt=\"\" srcset=\"https:\/\/agora.xtec.cat\/sesvallbonadanoia\/wp-content\/uploads\/usu60\/2019\/03\/IMG_9523.jpg 1024w, https:\/\/agora.xtec.cat\/sesvallbonadanoia\/wp-content\/uploads\/usu60\/2019\/03\/IMG_9523-300x225.jpg 300w, https:\/\/agora.xtec.cat\/sesvallbonadanoia\/wp-content\/uploads\/usu60\/2019\/03\/IMG_9523-768x576.jpg 768w, https:\/\/agora.xtec.cat\/sesvallbonadanoia\/wp-content\/uploads\/usu60\/2019\/03\/IMG_9523-200x150.jpg 200w\" sizes=\"auto, (max-width: 1024px) 100vw, 1024px\" \/><\/a>\n\t\t\t<\/dt><\/dl><dl class='gallery-item'>\n\t\t\t<dt class='gallery-icon landscape'>\n\t\t\t\t<a href='https:\/\/agora.xtec.cat\/sesvallbonadanoia\/estudis\/projectes-del-centre\/escoles-verdes\/projecte-rius\/attachment\/img_9520\/'><img loading=\"lazy\" decoding=\"async\" width=\"1024\" height=\"768\" src=\"https:\/\/agora.xtec.cat\/sesvallbonadanoia\/wp-content\/uploads\/usu60\/2019\/03\/IMG_9520.jpg\" class=\"attachment-full size-full\" alt=\"\" srcset=\"https:\/\/agora.xtec.cat\/sesvallbonadanoia\/wp-content\/uploads\/usu60\/2019\/03\/IMG_9520.jpg 1024w, https:\/\/agora.xtec.cat\/sesvallbonadanoia\/wp-content\/uploads\/usu60\/2019\/03\/IMG_9520-300x225.jpg 300w, https:\/\/agora.xtec.cat\/sesvallbonadanoia\/wp-content\/uploads\/usu60\/2019\/03\/IMG_9520-768x576.jpg 768w, https:\/\/agora.xtec.cat\/sesvallbonadanoia\/wp-content\/uploads\/usu60\/2019\/03\/IMG_9520-200x150.jpg 200w\" sizes=\"auto, (max-width: 1024px) 100vw, 1024px\" \/><\/a>\n\t\t\t<\/dt><\/dl><dl class='gallery-item'>\n\t\t\t<dt class='gallery-icon portrait'>\n\t\t\t\t<a href='https:\/\/agora.xtec.cat\/sesvallbonadanoia\/estudis\/projectes-del-centre\/escoles-verdes\/projecte-rius\/attachment\/img_9544\/'><img loading=\"lazy\" decoding=\"async\" width=\"640\" height=\"1136\" src=\"https:\/\/agora.xtec.cat\/sesvallbonadanoia\/wp-content\/uploads\/usu60\/2019\/03\/IMG_9544.png\" class=\"attachment-full size-full\" alt=\"\" srcset=\"https:\/\/agora.xtec.cat\/sesvallbonadanoia\/wp-content\/uploads\/usu60\/2019\/03\/IMG_9544.png 640w, https:\/\/agora.xtec.cat\/sesvallbonadanoia\/wp-content\/uploads\/usu60\/2019\/03\/IMG_9544-169x300.png 169w, https:\/\/agora.xtec.cat\/sesvallbonadanoia\/wp-content\/uploads\/usu60\/2019\/03\/IMG_9544-577x1024.png 577w\" sizes=\"auto, (max-width: 640px) 100vw, 640px\" \/><\/a>\n\t\t\t<\/dt><\/dl><br style=\"clear: both\" \/>\n\t\t<\/div>\n\n","protected":false},"excerpt":{"rendered":"<p>Dissabte 23 de mar\u00e7 de 2019 hem fet la formaci\u00f3 que la Gemma, d&#8217;Associaci\u00f3 H\u00e0bitats ens ha ofert al Riu Llobregat, al seu pas pel Pedret, terme municipal de Cercs, al qual hi hem accedit des de Berga.<br \/>\nAcompanyats d&#8217;un intr\u00e8pid grup de joves i altres&hellip;  <a href=\"https:\/\/agora.xtec.cat\/sesvallbonadanoia\/estudis\/projectes-del-centre\/escoles-verdes\/projecte-rius\/\" title=\"Read Projecte Rius\">Llegeix m\u00e9s\u00bb<\/a><\/p>\n","protected":false},"author":1,"featured_media":0,"parent":1378,"menu_order":0,"comment_status":"closed","ping_status":"closed","template":"page-templates\/side-menu.php","meta":{"_bbp_topic_count":0,"_bbp_reply_count":0,"_bbp_total_topic_count":0,"_bbp_total_reply_count":0,"_bbp_voice_count":0,"_bbp_anonymous_reply_count":0,"_bbp_topic_count_hidden":0,"_bbp_reply_count_hidden":0,"_bbp_forum_subforum_count":0,"footnotes":""},"class_list":["post-4849","page","type-page","status-publish","hentry"],"post_mailing_queue_ids":[],"_links":{"self":[{"href":"https:\/\/agora.xtec.cat\/sesvallbonadanoia\/wp-json\/wp\/v2\/pages\/4849","targetHints":{"allow":["GET"]}}],"collection":[{"href":"https:\/\/agora.xtec.cat\/sesvallbonadanoia\/wp-json\/wp\/v2\/pages"}],"about":[{"href":"https:\/\/agora.xtec.cat\/sesvallbonadanoia\/wp-json\/wp\/v2\/types\/page"}],"author":[{"embeddable":true,"href":"https:\/\/agora.xtec.cat\/sesvallbonadanoia\/wp-json\/wp\/v2\/users\/1"}],"replies":[{"embeddable":true,"href":"https:\/\/agora.xtec.cat\/sesvallbonadanoia\/wp-json\/wp\/v2\/comments?post=4849"}],"version-history":[{"count":1,"href":"https:\/\/agora.xtec.cat\/sesvallbonadanoia\/wp-json\/wp\/v2\/pages\/4849\/revisions"}],"predecessor-version":[{"id":4869,"href":"https:\/\/agora.xtec.cat\/sesvallbonadanoia\/wp-json\/wp\/v2\/pages\/4849\/revisions\/4869"}],"up":[{"embeddable":true,"href":"https:\/\/agora.xtec.cat\/sesvallbonadanoia\/wp-json\/wp\/v2\/pages\/1378"}],"wp:attachment":[{"href":"https:\/\/agora.xtec.cat\/sesvallbonadanoia\/wp-json\/wp\/v2\/media?parent=4849"}],"curies":[{"name":"wp","href":"https:\/\/api.w.org\/{rel}","templated":true}]}}