{"id":4548,"date":"2019-02-12T10:46:47","date_gmt":"2019-02-12T09:46:47","guid":{"rendered":"http:\/\/agora.xtec.cat\/sesvallbonadanoia\/?page_id=4548"},"modified":"2025-07-14T13:42:02","modified_gmt":"2025-07-14T11:42:02","slug":"projecte-linguistic","status":"publish","type":"page","link":"https:\/\/agora.xtec.cat\/sesvallbonadanoia\/projecte-educatiu\/projecte-linguistic\/","title":{"rendered":"Projecte ling\u00fc\u00edstic 2025"},"content":{"rendered":"<p><span style=\"font-weight: 400;\">El tractament i l\u2019aprenentatge de les lleng\u00fces a l\u2019Institut Vallbona d\u2019Anoia es desenvolupar\u00e0 d\u2019acord amb la normativa vigent i les directrius del disseny curricular actual. El Projecte Ling\u00fc\u00edstic de Centre (PLC), integrat dins del Projecte Educatiu de Centre, t\u00e9 com a objectiu establir els criteris i objectius de l\u2019\u00e0mbit ling\u00fc\u00edstic, adaptant-se a la realitat i l\u2019entorn del nostre institut.<\/span><\/p>\n<p><span style=\"font-weight: 400;\">Aquest PLC garanteix la comunicaci\u00f3 i la comprensi\u00f3 efectiva, afavorint que l\u2019alumnat desenvolupi al m\u00e0xim la seva compet\u00e8ncia ling\u00fc\u00edstica en les lleng\u00fces treballades al centre: el catal\u00e0 i el castell\u00e0 com a lleng\u00fces oficials, i l\u2019angl\u00e8s i el franc\u00e8s com a lleng\u00fces estrangeres.<\/span><\/p>\n<p><span style=\"font-weight: 400;\">El catal\u00e0, com a llengua pr\u00f2pia de Catalunya, \u00e9s la llengua vehicular i d\u2019aprenentatge del centre, aix\u00ed com la llengua d\u2019\u00fas en l\u2019organitzaci\u00f3 i la comunicaci\u00f3 interna.<\/span><\/p>\n<p><span style=\"font-weight: 400;\">L\u2019aplicaci\u00f3 d\u2019aquest PLC dependr\u00e0 dels recursos humans disponibles, concretament de la plantilla docent assignada anualment pel Departament d\u2019Educaci\u00f3 i de la disponibilitat dels perfils professionals necessaris per a la seva implementaci\u00f3.<\/span><\/p>\n<h2><b>AN\u00c0LISI DE CONTEXT<\/b><\/h2>\n<p><span style=\"font-weight: 400;\">L\u2019institut Vallbona d\u2019Anoia, a la comarca de l\u2019Anoia, es va inaugurar al curs 2008-2009 amb alumnat procedent de Cabrera d\u2019Anoia, Mediona, la Pobla de Claramunt i Vallbona d\u2019Anoia. La Secci\u00f3 d\u2019Institut de Vallbona d\u2019Anoia obria amb dues l\u00ednies per a 1r, 2n i 3r d\u2019ESO en uns m\u00f2duls prefabricats, que acollien les aules i diferents espais a mig construir del nou institut. Divuit anys despr\u00e9s continuem amb els mateixos m\u00f2duls prefabricats.<\/span><\/p>\n<h2><b>TRACTAMENT DE LES LLENG\u00dcES AL CENTRE<\/b><\/h2>\n<p><span style=\"font-weight: 400;\">D\u2019acord amb la normativa vigent, el Decret 175\/2022, la llengua vehicular i habitual d\u2019impartici\u00f3 de les diferents mat\u00e8ries \u00e9s el catal\u00e0. Aquesta llengua s\u2019usa com a primera llengua en totes les activitats del centre.\u00a0<\/span><\/p>\n<p><span style=\"font-weight: 400;\">Les classes de castell\u00e0 i lleng\u00fces estrangeres, com l\u2019angl\u00e8s, es faran \u00edntegrament en la llengua corresponent. La segona llengua estrangera, el franc\u00e8s, \u00e9s una mat\u00e8ria optativa contemplada dins dels Plans d\u2019Acci\u00f3 que es cursa de manera anual.\u00a0<\/span><\/p>\n<p><span style=\"font-weight: 400;\">El professorat de les assignatures no ling\u00fc\u00edstiques procurar\u00e0 treballar de manera coordinada i interdisciplin\u00e0ria, integrant els continguts de llengua amb els d\u2019altres mat\u00e8ries. El centre considera la diversitat ling\u00fc\u00edstica com una gran riquesa i aposta decididament pel pluriling\u00fcisme i la col\u00b7laboraci\u00f3 compartida entre lleng\u00fces. Aix\u00ed, promou l&#8217;\u00fas de tantes lleng\u00fces com sigui possible, tant entre l\u2019alumnat com entre el professorat, i en tots dos sentits, tant en la comprensi\u00f3 com en l\u2019expressi\u00f3.<\/span><\/p>\n<p><span style=\"font-weight: 400;\">Els principals objectius del treball de lleng\u00fces i en lleng\u00fces al centre s\u00f3n:<\/span><\/p>\n<ul>\n<li style=\"font-weight: 400;\" aria-level=\"1\"><span style=\"font-weight: 400;\">Assegurar una comunicaci\u00f3 fluida i efica\u00e7 entre tots els membres de la comunitat educativa.<\/span><\/li>\n<li style=\"font-weight: 400;\" aria-level=\"1\"><span style=\"font-weight: 400;\">Con\u00e8ixer i dominar el m\u00e0xim de lleng\u00fces possible, tant en l&#8217;\u00e0mbit comprensiu com expressiu.<\/span><\/li>\n<li style=\"font-weight: 400;\" aria-level=\"1\"><span style=\"font-weight: 400;\">Per tal de tenir un bon domini de les estructures b\u00e0siques de llenguatge, comunicaci\u00f3, comprensi\u00f3 i expressi\u00f3, tant en la modalitat oral com escrita i audiovisual, per tal d&#8217;afavorir l&#8217;aprenentatge i el desenvolupament efectiu, s\u2019imparteix la mat\u00e8ria d\u2019Estructures Ling\u00fc\u00edstiques.\u00a0<\/span><\/li>\n<li style=\"font-weight: 400;\" aria-level=\"1\"><span style=\"font-weight: 400;\">Fomentar la integraci\u00f3, en la mesura del possible, del treball conjunt entre les lleng\u00fces i altres mat\u00e8ries.<\/span><\/li>\n<li style=\"font-weight: 400;\" aria-level=\"1\"><span style=\"font-weight: 400;\">Establir connexions entre llengua i cultura.<\/span><\/li>\n<li style=\"font-weight: 400;\" aria-level=\"1\"><span style=\"font-weight: 400;\">Demanar auxiliar de conversa anglesa per incrementar a l\u2019alumnat la seguretat i la flu\u00efdesa en angl\u00e8s. Les converses en petit grup fomenten la motivaci\u00f3 a parlar en una llengua estrangera, sense prejudicis i aconseguir obtenir millors resultats en la llengua.<\/span><\/li>\n<\/ul>\n<p><span style=\"font-weight: 400;\">El treball a l\u2019aula de les compet\u00e8ncies descrites en el document esdev\u00e9 fonamental perqu\u00e8 l\u2019alumnat assoleixi les compet\u00e8ncies necess\u00e0ries per continuar els seus estudis al batxillerat, als cicles formatius o per incorporar-se al m\u00f3n laboral. En aquest sentit, \u00e9s important que des del departament did\u00e0ctic de llengua i literatura (catalana i castellana) coordinadament s\u2019impulsi el treball de les compet\u00e8ncies a l\u2019aula per assolir-les i per aquest motiu s\u2019han establert les coordinacions seg\u00fcents:<\/span><\/p>\n<p><b>Coordinaci\u00f3 entre etapes<\/b><\/p>\n<p><span style=\"font-weight: 400;\">Coordinaci\u00f3 amb els centres de prim\u00e0ria adscrits; es realitzen com a m\u00ednim un cop cada curs.\u00a0<\/span><\/p>\n<p><b>Coordinaci\u00f3 entre nivells i entre mat\u00e8ries<\/b><\/p>\n<p><span style=\"font-weight: 400;\">Coordinaci\u00f3 dins\u00a0 una mateixa mat\u00e8ria i entre mat\u00e8ries diferents. Es realitzen un cop\u00a0 a l\u2019inici de cada trimestre, i si s\u2019escau, en el si del departament de lleng\u00fces.<\/span><\/p>\n<p><span style=\"font-weight: 400;\">Per tal de no repetir continguts, es determinaran quins s\u2019impartiran a catal\u00e0 i quins a castell\u00e0.<\/span><\/p>\n<p><b>Projectes relacionats amb les lleng\u00fces<\/b><\/p>\n<ul>\n<li style=\"font-weight: 400;\" aria-level=\"1\"><span style=\"font-weight: 400;\">Optativa de Lectoescriptura.<\/span><\/li>\n<li style=\"font-weight: 400;\" aria-level=\"1\"><span style=\"font-weight: 400;\">Lectura a l\u2019aula en veu alta (alumnat de 1r i 2n). Dins del projecte Lectura a l\u2019aula, participem en el concurs Lectura en Veu Alta.<\/span><\/li>\n<\/ul>\n<ul>\n<li style=\"font-weight: 400;\" aria-level=\"1\"><span style=\"font-weight: 400;\">Autors a les aules.<\/span><\/li>\n<li style=\"font-weight: 400;\" aria-level=\"1\"><span style=\"font-weight: 400;\">Dia del teatre<\/span><\/li>\n<li style=\"font-weight: 400;\" aria-level=\"1\"><span style=\"font-weight: 400;\">Dia Mundial de la R\u00e0dio<\/span><\/li>\n<li style=\"font-weight: 400;\" aria-level=\"1\"><span style=\"font-weight: 400;\">Jornada de Sant Jordi.\u00a0<\/span><\/li>\n<li style=\"font-weight: 400;\" aria-level=\"1\"><span style=\"font-weight: 400;\">P\u00f2dcast homenatge a les dones escriptores<\/span><\/li>\n<li style=\"font-weight: 400;\" aria-level=\"1\"><span style=\"font-weight: 400;\">English day\u00a0<\/span><\/li>\n<li style=\"font-weight: 400;\" aria-level=\"1\"><span style=\"font-weight: 400;\">Dia de les Lleng\u00fces Maternes<\/span><\/li>\n<li style=\"font-weight: 400;\" aria-level=\"1\"><span style=\"font-weight: 400;\">Participaci\u00f3 en concursos literaris: Poesia Escolar Pissiganya, Jocs Florals Escolars Territorials de Catalunya.\u00a0<\/span><\/li>\n<li style=\"font-weight: 400;\" aria-level=\"1\"><span style=\"font-weight: 400;\">Participaci\u00f3 en projectes europeus i intercanvis escolars.<\/span><\/li>\n<li style=\"font-weight: 400;\" aria-level=\"1\"><span style=\"font-weight: 400;\">2 Pla d\u2019acci\u00f3: La nostra biblioteca implica organitza i creix i Biblioteca Viva.\u00a0<\/span><\/li>\n<li style=\"font-weight: 400;\" aria-level=\"1\"><span style=\"font-weight: 400;\">Sinergies de mitjans de comunicaci\u00f3: R\u00e0dio, TV i Revista.<\/span><\/li>\n<li style=\"font-weight: 400;\" aria-level=\"1\"><span style=\"font-weight: 400;\">Converses en llengua estrangera en grup redu\u00eft. <\/span><b>Auxiliar de conversa<\/b><span style=\"font-weight: 400;\">, plans d\u2019acci\u00f3 com Speaking o Storytellying.<\/span><\/li>\n<\/ul>\n<h3><b>Atenci\u00f3 a l\u2019alumnat nouvingut<\/b><\/h3>\n<p><span style=\"font-weight: 400;\">Atenci\u00f3 individualitzada amb la psicopedagoga del centre, qui s\u2019encarrega de la immersi\u00f3 al catal\u00e0 i fa les funcions d\u2019acollida a l\u2019alumnat nouvingut.<\/span><\/p>\n<p><span style=\"font-weight: 400;\">Tenint en compte l\u2019avaluaci\u00f3 inicial del nivell de llengua catalana de l\u2019alumne, que duu a terme la psicopedagoga del centre i la valoraci\u00f3 de l\u2019equip docent pel que fa al seu seguiment de les classes, prioritzem que l\u2019alumnat nouvingut assisteix al m\u00e0xim possible a les classes amb el seu grup.<\/span><\/p>\n<h3><b>Documentaci\u00f3 del centre<\/b><\/h3>\n<p><span style=\"font-weight: 400;\">Els documents interns es realitzaran en la llengua vehicular del centre.<\/span><\/p>\n<p><span style=\"font-weight: 400;\">Les fam\u00edlies podran demanar la traducci\u00f3 de la documentaci\u00f3 oficial. Per tal de fer-ho, ho han de comunicar a la Secretaria de l\u2019institut.<\/span><\/p>\n<h2><b>OBJECTIUS EN RELACI\u00d3 AMB L\u2019APRENENTATGE I L\u2019\u00daS DE LES LLENG\u00dcES<\/b><\/h2>\n<p><span style=\"font-weight: 400;\">Tal com s\u2019exposa en el Marc europeu com\u00fa de refer\u00e8ncia per a les lleng\u00fces, els centres han de vetllar per un enfocament pluriling\u00fce que, m\u00e9s enll\u00e0 de tenir com a objectiu l\u2019aprenentatge de lleng\u00fces concretes, ha de desenvolupar la compet\u00e8ncia comunicativa global.<\/span><\/p>\n<p><span style=\"font-weight: 400;\">Les lleng\u00fces creixen i es desenvolupen en la mesura que s\u2019interrelacionen i interactuen, per aix\u00f2, es pret\u00e9n formar ciutadans capa\u00e7os de desenvolupar-se amb plenitud en un m\u00f3n canviant, ple de reptes ling\u00fc\u00edstics i culturals.<\/span><\/p>\n<p><span style=\"font-weight: 400;\">No nom\u00e9s es volen assolir uns nivells i compet\u00e8ncies en unes lleng\u00fces concretes, sin\u00f3 que es t\u00e9 l\u2019objectiu que l\u2019alumnat pugui aconseguir, a partir de l\u2019\u00fas reflexiu de la llengua, el coneixement profund de les estructures ling\u00fc\u00edstiques. L\u2019objectiu d\u2019aquesta mat\u00e8ria \u00e9s el de facilitar l\u2019aprenentatge de qualsevol llengua que pugui necessitar al llarg de la seva vida i, a m\u00e9s, volem fer-ho amb un marcat prop\u00f2sit comunicatiu.<\/span><\/p>\n<p><span style=\"font-weight: 400;\">Es tracta, doncs, d\u2019una proposta que t\u00e9 com a <\/span><b>objectius generals<\/b><span style=\"font-weight: 400;\">:<\/span><\/p>\n<ul>\n<li style=\"font-weight: 400;\" aria-level=\"1\"><span style=\"font-weight: 400;\">Fomentar la diversitat ling\u00fc\u00edstica i cultural del centre, promovent un entorn d&#8217;espai per incloure totes les lleng\u00fces i la cultura.<\/span><\/li>\n<li style=\"font-weight: 400;\" aria-level=\"1\"><span style=\"font-weight: 400;\">Garantir la <\/span><b>compet\u00e8ncia biling\u00fce<\/b><span style=\"font-weight: 400;\"> de tot l&#8217;alumnat en catal\u00e0 i castell\u00e0, assegurant-ne un \u00fas correcte tant oralment com per escrit.<\/span><\/li>\n<li style=\"font-weight: 400;\" aria-level=\"1\"><span style=\"font-weight: 400;\">Potenciar l<\/span><b>&#8216;\u00fas del catal\u00e0 com a llengua vehicular<\/b><span style=\"font-weight: 400;\"> en les activitats docents i administratives, tant internes com externes.\u00a0<\/span><\/li>\n<li style=\"font-weight: 400;\" aria-level=\"1\"><span style=\"font-weight: 400;\">Facilitar l&#8217;\u00fas d&#8217;altres lleng\u00fces del centre en contextos d&#8217;aprenentatge o quan els interlocutors en tinguin prou domini.<\/span><\/li>\n<li style=\"font-weight: 400;\" aria-level=\"1\"><span style=\"font-weight: 400;\">Consolidar l&#8217;angl\u00e8s com a primera llengua estrangera i oferir el franc\u00e8s com a segona llengua estrangera a l&#8217;ESO.<\/span><\/li>\n<li style=\"font-weight: 400;\" aria-level=\"1\"><span style=\"font-weight: 400;\">Oferir el franc\u00e8s com a segona llengua estrangera a l\u2019ESO.<\/span><\/li>\n<li style=\"font-weight: 400;\" aria-level=\"1\"><span style=\"font-weight: 400;\">Treballar amb fonts prim\u00e0ries i materials en versi\u00f3 original sempre que sigui possible, per afavorir una immersi\u00f3 ling\u00fc\u00edstica real\u00a0<\/span><\/li>\n<li style=\"font-weight: 400;\" aria-level=\"1\"><span style=\"font-weight: 400;\">Dinamitzar la llengua mitjan\u00e7ant mitjans de comunicaci\u00f3 escolars, com la r\u00e0dio, la revista i la televisi\u00f3 del centre, promovent l&#8217;\u00fas de les lleng\u00fces en contextos funcionals i creatius.<\/span><\/li>\n<li style=\"font-weight: 400;\" aria-level=\"1\"><span style=\"font-weight: 400;\">Desenvolupar projectes interdisciplinaris on es treballen les lleng\u00fces en diferents formats i registres comunicatius, fomentant la transversalitat.\u00a0<\/span><\/li>\n<li style=\"font-weight: 400;\" aria-level=\"1\"><span style=\"font-weight: 400;\">Fomentar el coneixement de la cultura i la literatura de les diferents lleng\u00fces treballades al centre, destacant autors i tres caracter\u00edstiques.\u00a0<\/span><\/li>\n<li style=\"font-weight: 400;\" aria-level=\"1\"><span style=\"font-weight: 400;\">Promoure el pensament social cr\u00edtic a trav\u00e9s del di\u00e0leg i el respecte a la diversitat ling\u00fc\u00edstica i cultural, formant ciutadans responsables i preparats per a la societat global.<\/span><\/li>\n<li style=\"font-weight: 400;\" aria-level=\"1\"><span style=\"font-weight: 400;\">Desenvolupar totes les habilitats ling\u00fc\u00edstiques (comprensi\u00f3 i expressi\u00f3, oral i escrita) amb igualtat d&#8217;oportunitats per a tot l&#8217;alumnat.\u00a0<\/span><\/li>\n<li style=\"font-weight: 400;\" aria-level=\"1\"><span style=\"font-weight: 400;\">Adaptar la comunicaci\u00f3 a cada interlocutor i situaci\u00f3, ajustant la resposta ling\u00fc\u00edstica en cas de dificultats de comprensi\u00f3 o d&#8217;\u00fas de la llengua.\u00a0<\/span><\/li>\n<li style=\"font-weight: 400;\" aria-level=\"1\"><span style=\"font-weight: 400;\">Treballar els llenguatges t\u00e8cnics, literaris, cient\u00edfics i ic\u00f2nics, adequant-los als continguts de cada mat\u00e8ria i al nivell educatiu.<\/span><\/li>\n<li style=\"font-weight: 400;\" aria-level=\"1\"><span style=\"font-weight: 400;\">Programar activitats per enfortir els senyals d&#8217;identitat propis: hist\u00f2ria, cultura, patrimoni, tradicions i llengua de l&#8217;entorn.\u00a0<\/span><\/li>\n<\/ul>\n<p>&nbsp;<\/p>\n","protected":false},"excerpt":{"rendered":"<p>El tractament i l\u2019aprenentatge de les lleng\u00fces a l\u2019Institut Vallbona d\u2019Anoia es desenvolupar\u00e0 d\u2019acord amb la normativa vigent i les directrius del disseny curricular actual. El Projecte Ling\u00fc\u00edstic de Centre (PLC), integrat dins del Projecte Educatiu de Centre, t\u00e9 com a objectiu establir els criteris&hellip;  <a href=\"https:\/\/agora.xtec.cat\/sesvallbonadanoia\/projecte-educatiu\/projecte-linguistic\/\" title=\"Read Projecte ling\u00fc\u00edstic 2025\">Llegeix m\u00e9s\u00bb<\/a><\/p>\n","protected":false},"author":1,"featured_media":0,"parent":57,"menu_order":0,"comment_status":"closed","ping_status":"closed","template":"page-templates\/side-menu.php","meta":{"_bbp_topic_count":0,"_bbp_reply_count":0,"_bbp_total_topic_count":0,"_bbp_total_reply_count":0,"_bbp_voice_count":0,"_bbp_anonymous_reply_count":0,"_bbp_topic_count_hidden":0,"_bbp_reply_count_hidden":0,"_bbp_forum_subforum_count":0,"footnotes":""},"class_list":["post-4548","page","type-page","status-publish","hentry"],"post_mailing_queue_ids":[],"_links":{"self":[{"href":"https:\/\/agora.xtec.cat\/sesvallbonadanoia\/wp-json\/wp\/v2\/pages\/4548","targetHints":{"allow":["GET"]}}],"collection":[{"href":"https:\/\/agora.xtec.cat\/sesvallbonadanoia\/wp-json\/wp\/v2\/pages"}],"about":[{"href":"https:\/\/agora.xtec.cat\/sesvallbonadanoia\/wp-json\/wp\/v2\/types\/page"}],"author":[{"embeddable":true,"href":"https:\/\/agora.xtec.cat\/sesvallbonadanoia\/wp-json\/wp\/v2\/users\/1"}],"replies":[{"embeddable":true,"href":"https:\/\/agora.xtec.cat\/sesvallbonadanoia\/wp-json\/wp\/v2\/comments?post=4548"}],"version-history":[{"count":6,"href":"https:\/\/agora.xtec.cat\/sesvallbonadanoia\/wp-json\/wp\/v2\/pages\/4548\/revisions"}],"predecessor-version":[{"id":12154,"href":"https:\/\/agora.xtec.cat\/sesvallbonadanoia\/wp-json\/wp\/v2\/pages\/4548\/revisions\/12154"}],"up":[{"embeddable":true,"href":"https:\/\/agora.xtec.cat\/sesvallbonadanoia\/wp-json\/wp\/v2\/pages\/57"}],"wp:attachment":[{"href":"https:\/\/agora.xtec.cat\/sesvallbonadanoia\/wp-json\/wp\/v2\/media?parent=4548"}],"curies":[{"name":"wp","href":"https:\/\/api.w.org\/{rel}","templated":true}]}}