{"id":4351,"date":"2018-12-21T12:58:14","date_gmt":"2018-12-21T11:58:14","guid":{"rendered":"http:\/\/agora.xtec.cat\/sesvallbonadanoia\/?page_id=4351"},"modified":"2025-06-15T06:56:54","modified_gmt":"2025-06-15T04:56:54","slug":"pla-tac-del-centre","status":"publish","type":"page","link":"https:\/\/agora.xtec.cat\/sesvallbonadanoia\/projecte-educatiu\/estrategia-digital-de-centre\/estrategia-digital-del-centre\/pla-tac-del-centre\/","title":{"rendered":"Pla TAC"},"content":{"rendered":"<p>En el seg\u00fcent enlla\u00e7 podeu consultar l&#8217;Estrat\u00e8gia Digital del centre<\/p>\n<p>\u27a1 <a href=\"https:\/\/docs.google.com\/document\/d\/17m1wWGG3D7SGzgZAacOfFycyaiZ3Zm1_GMFawEdD-fg\/edit?usp=sharing\" target=\"_blank\" rel=\"noopener noreferrer\">Estrat\u00e8gia Digital (Pla TAC) &#8211; INS Vallbona d&#8217;Anoia<\/a><\/p>\n<p>&nbsp;<\/p>\n<h3>Pla d&#8217;Educaci\u00f3 Digital de Catalunya 2020-2023<\/h3>\n<p>Documentaci\u00f3 que cal signar per poder rebre l&#8217;ordinador.<\/p>\n<p>\u27a1\u00a0<a style=\"color: #2795b6;\" href=\"https:\/\/agora.xtec.cat\/sesvallbonadanoia\/wp-content\/uploads\/usu60\/2025\/06\/Carta-families-Prestec-ordinadors-.docx-_24_25.pdf\" target=\"_blank\" rel=\"noopener noreferrer\">Carta fam\u00edlies &#8211; Pr\u00e9stec ordinadors i normativa<\/a><\/p>\n<p>ATENCI\u00d3:<\/p>\n<ul>\n<li>\u00c9s <strong>indispensable<\/strong> portar signar la documentaci\u00f3 per poder rebre l&#8217;ordinador. Ho trobareu al TPVescola.<\/li>\n<li>En cas de robatori, p\u00e8rdua o deteriorament, us haureu de posar en contacte amb el centre i us direm com procedir.<\/li>\n<li>Podeu renunciar a l&#8217;ordinador sempre que garantiu que el vostre fill o filla en tindr\u00e0 un que funcioni adequadament. <b>Caldr\u00e0 entregar degudament signat el document de ren\u00fancia.<\/b><\/li>\n<\/ul>\n<p>&nbsp;<\/p>\n<h3><b>NORMATIVA DISPOSITIUS CHROMEBOOK<br \/>\n<\/b><\/h3>\n<p><span style=\"font-weight: 400;\">La neteja i la desinfecci\u00f3 del dispositiu recau en la fam\u00edlia i a l\u2019usuari del dispositiu.<\/span><\/p>\n<p><span style=\"font-weight: 400;\">L\u2019alumne\/a ha de prendre les mesures necess\u00e0ries per evitar-ne el furt, les avaries i els accidents. Les incid\u00e8ncies relacionades amb l\u2019equip cedit podran suposar un cost per la fam\u00edlia a pagar al centre.<\/span><\/p>\n<p><span style=\"font-weight: 400;\">Cal conservar la caixa de l\u2019equip i els seus embalatges originals a casa fins el retorn de l\u2019equip al centre o per qualsevol incid\u00e8ncia que pugui esdevenir.<\/span><\/p>\n<p><span style=\"font-weight: 400;\">Incomplir aquesta normativa pot ser objecte de sanci\u00f3.<\/span><\/p>\n<p><b>NORMES GENERALS DE CENTRE<\/b><\/p>\n<p><span style=\"font-weight: 400;\">El professorat \u00e9s qui dirigeix i organitza l\u2019\u00fas dels ordinadors al centre i a l\u2019aula, ja que l\u2019ordinador a l\u2019institut \u00e9s una eina de treball.<\/span><\/p>\n<ul>\n<li style=\"font-weight: 400;\" aria-level=\"1\"><span style=\"font-weight: 400;\">L\u2019ordinador ha d\u2019arribar al centre amb la bateria carregada.<\/span><\/li>\n<li style=\"font-weight: 400;\" aria-level=\"1\"><span style=\"font-weight: 400;\">Per prevenci\u00f3 davant de la situaci\u00f3 de pand\u00e8mia per COVID-19, l\u2019ordinador ser\u00e0 d\u2019\u00fas exclusiu i personal de cada alumne\/a. No es podr\u00e0 cedir el dispositiu a cap company, aix\u00ed com utilitzar altres dispositius fora del propi.<\/span><\/li>\n<li style=\"font-weight: 400;\" aria-level=\"1\"><span style=\"font-weight: 400;\">Nom\u00e9s es poden utilitzar els ordinadors a les aules. No es poden fer servir als passadissos ni al pati.\u00a0<\/span><\/li>\n<li style=\"font-weight: 400;\" aria-level=\"1\"><b>No es poden personalitzar els ordinadors amb adhesius, pintura, T\u00edpp-Ex o similars. Recordeu que \u00e9s un equip cedit propietat del centre.<\/b><\/li>\n<li style=\"font-weight: 400;\" aria-level=\"1\"><span style=\"font-weight: 400;\">L\u2019ordinador i el carregador han d\u2019estar identificats amb una etiqueta on hi constin les dades de l\u2019alumne\/a. Aquestes etiquetes les facilitar\u00e0 el centre i les fam\u00edlies es responsabilitzaran de la seva conservaci\u00f3. Est\u00e0 prohibit treure les etiquetes identificatives. En cas de p\u00e8rdua la fam\u00edlia haur\u00e0 d\u2019identificar de nou el dispositiu.<\/span><\/li>\n<li style=\"font-weight: 400;\" aria-level=\"1\"><span style=\"font-weight: 400;\">L\u2019alumnat \u00e9s responsable del dispositiu en tot moment, incl\u00fas en els canvis d\u2019aula a mat\u00e8ries optatives o altres aules.<\/span><\/li>\n<li style=\"font-weight: 400;\" aria-level=\"1\"><span style=\"font-weight: 400;\">No es poden descarregar ni instal\u00b7lar aplicacions no permeses pel centre. Nom\u00e9s es podran tenir instal\u00b7lades les aplicacions autoritzades pel professorat per al desenvolupament de la tasca educativa.<\/span><\/li>\n<li style=\"font-weight: 400;\" aria-level=\"1\"><span style=\"font-weight: 400;\">L\u2019ordinador \u00e9s un material de treball, per tant est\u00e0 subjecte a la supervisi\u00f3 del professorat per a ser inspeccionat en qualsevol moment. Els alumnes que tinguin instal\u00b7lat programari no autoritzat pel centre, se\u2019ls podr\u00e0 bloquejar l\u2019acc\u00e9s a la botiga d\u2019aplicacions i se\u2019ls restringiran permisos en l\u2019\u00fas del dispositiu.<\/span><\/li>\n<li style=\"font-weight: 400;\" aria-level=\"1\"><span style=\"font-weight: 400;\">El dispositiu \u00e9s una eina de treball de l\u2019alumnat, i el centre podr\u00e0 prendre les decisions oportunes sobre permisos i usos dels dispositius. .<\/span><\/li>\n<\/ul>\n<p><b>NORMES D\u2019AULA<\/b><\/p>\n<ul>\n<li style=\"font-weight: 400;\" aria-level=\"1\"><span style=\"font-weight: 400;\">Els dispositius s\u2019utilitzaran quan el professorat ho indiqui i de forma personal i intransferible.<\/span><\/li>\n<li style=\"font-weight: 400;\" aria-level=\"1\"><span style=\"font-weight: 400;\">Cal portar sempre el material necessari per a cada mat\u00e8ria. El Chromebook l\u2019utilitzarem juntament amb els fulls de llibreta de l\u2019institut, carpeta classificadora, estoig, etc.<\/span><\/li>\n<li style=\"font-weight: 400;\" aria-level=\"1\"><span style=\"font-weight: 400;\">No \u00e9s perm\u00e8s connectar-se a xarxes socials ni fer \u00fas de la c\u00e0mera durant la classe. Nom\u00e9s \u00e9s perm\u00e8s connectar-se a les p\u00e0gines web que el professorat hagi indicat. L\u2019incompliment ser\u00e0 objecte de sanci\u00f3, d\u2019acord amb les Normes d\u2019Organitzaci\u00f3 i Funcionament del centre.<\/span><\/li>\n<li style=\"font-weight: 400;\" aria-level=\"1\"><span style=\"font-weight: 400;\">Qualsevol activitat que es realitzi sense la indicaci\u00f3 del professorat ser\u00e0 considerada un incompliment de la normativa del centre i, per tant, l\u2019alumne\/a podr\u00e0 ser sancionat\/da.<\/span><\/li>\n<li style=\"font-weight: 400;\" aria-level=\"1\"><span style=\"font-weight: 400;\">Habitualment, els dispositius tindran el so desconnectat.<\/span><\/li>\n<li style=\"font-weight: 400;\" aria-level=\"1\"><span style=\"font-weight: 400;\">No est\u00e0 perm\u00e8s l\u2019\u00fas d\u2019auriculars a l\u2019aula si no \u00e9s amb una finalitat educativa i el professorat ho indica.<\/span><\/li>\n<li style=\"font-weight: 400;\" aria-level=\"1\"><span style=\"font-weight: 400;\">No cal realitzar c\u00f2pies de seguretat ni usar llapis de mem\u00f2ria, ja que el dispositiu treballa al n\u00favol i, per tant, amb el compte de GSuite, facilitat pel centre, tindran acc\u00e9s als arxius des de qualsevol dispositiu. Tampoc \u00e9s necessari instal\u00b7lar programari antivirus.<\/span><\/li>\n<\/ul>\n<p><b>RECOMANACIONS<\/b><\/p>\n<ul>\n<li style=\"font-weight: 400;\" aria-level=\"1\"><span style=\"font-weight: 400;\">Es recomana tenir una funda protectora per l\u2019ordinador. En principi no \u00e9s necessari l\u2019\u00fas d\u2019un ratol\u00ed extern.<\/span><\/li>\n<\/ul>\n<p>&nbsp;<\/p>\n<p><span style=\"font-weight: 400;\">El centre gestiona la creaci\u00f3 de l\u2019usuari i contrasenya associats a diferents recursos i serveis d\u2019Internet per al treball acad\u00e8mic, amb finalitats pedag\u00f2giques. La gesti\u00f3 d\u2019aquests identificadors i la responsabilitat de l\u2019\u00fas que se\u2019n faci en l\u2019\u00e0mbit escolar correspon al centre educatiu. El centre no es fa responsable de l\u2019\u00fas indegut del recurs i dels seus continguts per part dels usuaris. L\u2019usuari ser\u00e0 l\u2019\u00fanic responsable de les infraccions en qu\u00e8 pugui inc\u00f3rrer o dels perjudicis que pugui causar per un \u00fas inadequat dels seus serveis o dels seus continguts.<\/span><\/p>\n<p>&nbsp;<\/p>\n","protected":false},"excerpt":{"rendered":"<p>En el seg\u00fcent enlla\u00e7 podeu consultar l&#8217;Estrat\u00e8gia Digital del centre<br \/>\n\u27a1 <a href=\"https:\/\/docs.google.com\/document\/d\/17m1wWGG3D7SGzgZAacOfFycyaiZ3Zm1_GMFawEdD-fg\/edit?usp=sharing\" target=\"_blank\" rel=\"noopener noreferrer\">Estrat\u00e8gia Digital (Pla TAC) &#8211; INS Vallbona d&#8217;Anoia<\/a><br \/>\n&nbsp;<br \/>\nPla d&#8217;Educaci\u00f3 Digital de Catalunya 2020-2023<br \/>\nDocumentaci\u00f3 que cal signar per poder rebre l&#8217;ordinador.<br \/>\n\u27a1\u00a0<a style=\"color: #2795b6;\" href=\"https:\/\/agora.xtec.cat\/sesvallbonadanoia\/wp-content\/uploads\/usu60\/2025\/06\/Carta-families-Prestec-ordinadors-.docx-_24_25.pdf\" target=\"_blank\" rel=\"noopener noreferrer\">Carta fam\u00edlies &#8211; Pr\u00e9stec ordinadors i&hellip;  <a href=\"https:\/\/agora.xtec.cat\/sesvallbonadanoia\/projecte-educatiu\/estrategia-digital-de-centre\/estrategia-digital-del-centre\/pla-tac-del-centre\/\" title=\"Read Pla TAC\">Llegeix m\u00e9s\u00bb<\/a><\/p>\n","protected":false},"author":1,"featured_media":0,"parent":9058,"menu_order":0,"comment_status":"closed","ping_status":"closed","template":"page-templates\/side-menu.php","meta":{"_bbp_topic_count":0,"_bbp_reply_count":0,"_bbp_total_topic_count":0,"_bbp_total_reply_count":0,"_bbp_voice_count":0,"_bbp_anonymous_reply_count":0,"_bbp_topic_count_hidden":0,"_bbp_reply_count_hidden":0,"_bbp_forum_subforum_count":0,"footnotes":""},"class_list":["post-4351","page","type-page","status-publish","hentry"],"post_mailing_queue_ids":[],"_links":{"self":[{"href":"https:\/\/agora.xtec.cat\/sesvallbonadanoia\/wp-json\/wp\/v2\/pages\/4351","targetHints":{"allow":["GET"]}}],"collection":[{"href":"https:\/\/agora.xtec.cat\/sesvallbonadanoia\/wp-json\/wp\/v2\/pages"}],"about":[{"href":"https:\/\/agora.xtec.cat\/sesvallbonadanoia\/wp-json\/wp\/v2\/types\/page"}],"author":[{"embeddable":true,"href":"https:\/\/agora.xtec.cat\/sesvallbonadanoia\/wp-json\/wp\/v2\/users\/1"}],"replies":[{"embeddable":true,"href":"https:\/\/agora.xtec.cat\/sesvallbonadanoia\/wp-json\/wp\/v2\/comments?post=4351"}],"version-history":[{"count":5,"href":"https:\/\/agora.xtec.cat\/sesvallbonadanoia\/wp-json\/wp\/v2\/pages\/4351\/revisions"}],"predecessor-version":[{"id":7211,"href":"https:\/\/agora.xtec.cat\/sesvallbonadanoia\/wp-json\/wp\/v2\/pages\/4351\/revisions\/7211"}],"up":[{"embeddable":true,"href":"https:\/\/agora.xtec.cat\/sesvallbonadanoia\/wp-json\/wp\/v2\/pages\/9058"}],"wp:attachment":[{"href":"https:\/\/agora.xtec.cat\/sesvallbonadanoia\/wp-json\/wp\/v2\/media?parent=4351"}],"curies":[{"name":"wp","href":"https:\/\/api.w.org\/{rel}","templated":true}]}}