{"id":43,"date":"2014-09-17T16:45:07","date_gmt":"2014-09-17T15:45:07","guid":{"rendered":"http:\/\/agora.xtec.cat\/sesvallbonadanoia\/?page_id=43"},"modified":"2025-07-14T13:46:38","modified_gmt":"2025-07-14T11:46:38","slug":"consell-escolar","status":"publish","type":"page","link":"https:\/\/agora.xtec.cat\/sesvallbonadanoia\/projecte-educatiu\/consell-escolar\/","title":{"rendered":"Consell escolar"},"content":{"rendered":"<p><strong style=\"font-family: inherit; font-size: 1em;\"><span class=\"subtitol\">Extracte de la normativa del Consell Escolar dels centres p\u00fablics<\/span><\/strong><\/p>\n<p>El <strong>Consell Escolar<\/strong> del centre \u00e9s l\u2019\u00f2rgan de participaci\u00f3 de la comunitat educativa en el govern dels centres educatius.<\/p>\n<p>Les <strong>funcions:<\/strong><\/p>\n<ul>\n<li>Participar en l\u2019aprovaci\u00f3 del projecte educatiu i les seves modificacions. El consell escolar ha de ser consultat pel director de manera preceptiva per valorar la proposta del projecte educatiu i manifestar el seu suport amb una majoria de les tres cinquenes parts dels membres.<\/li>\n<li>Participar en l\u2019aprovaci\u00f3 de la programaci\u00f3 general anual, de les normes de funcionament i de la gesti\u00f3 econ\u00f2mica del centre. El consell escolar ha de ser consultat de manera preceptiva per valorar cada una de les propostes i manifestar el seu suport per majoria simple dels membres.<\/li>\n<li>Avaluar l\u2019aplicaci\u00f3 del projecte educatiu i de les seves modificacions aix\u00ed com de la resta de documents de gesti\u00f3 del centre.<\/li>\n<li>Aprovar les propostes d\u2019acords de coresponsabilitat, convenis i altres acords de col\u00b7laboraci\u00f3 del centre amb entitats i institucions.<\/li>\n<li>Intervenir en el procediment d\u2019admissi\u00f3 d\u2019alumnes.<\/li>\n<li>Participar en el procediment de selecci\u00f3 i en la proposta de cessament del director o directora.<\/li>\n<li>Intervenir en la resoluci\u00f3 dels conflictes i, si escau, revisar les sancions als alumnes.<\/li>\n<li>Aprovar les directrius per a la programaci\u00f3 d\u2019activitats escolars complement\u00e0ries i d\u2019activitats extraescolars, i avaluar-ne el desenvolupament.<\/li>\n<li>Participar en les an\u00e0lisis i les avaluacions del funcionament general del centre i con\u00e8ixer l\u2019evoluci\u00f3 del rendiment escolar.<\/li>\n<li>Aprovar els criteris de col\u00b7laboraci\u00f3 amb altres centres i amb l\u2019entorn.<\/li>\n<li>Qualsevol altre que li sigui atribu\u00efda per les normes legals o reglament\u00e0ries.<\/li>\n<\/ul>\n<p><strong>Composici\u00f3 del Consell Escolar<\/strong><\/p>\n<p>El Consell Escolar, el formen:<\/p>\n<ul>\n<li>El\/la director\/a del centre.<\/li>\n<li>El\/la cap d\u2019estudis.<\/li>\n<li>Un\/a regidor\/a o representant de l\u2019ajuntament del terme municipal on es trobi el centre.<\/li>\n<li>Un nombre de professors i professores, elegits pel claustre, que no pot ser inferior a un ter\u00e7 del total dels components del Consell.<\/li>\n<li>Un nombre de pares i mares i d\u2019alumnes, elegits per ells i entre ells, que no pot ser inferior a un ter\u00e7 del total dels components del Consell.<\/li>\n<li>Un\/a representant del personal d\u2019administraci\u00f3 i serveis del centre.<\/li>\n<li>El\/la secretari\/\u00e0ria del centre.<\/li>\n<\/ul>\n<p>L\u2019associaci\u00f3 de pares i mares m\u00e9s representativa del centre designa un\/a representant en el Consell Escolar. Els alumnes poden ser elegits membres del Consell Escolar a partir del 1r curs d\u2019ESO.<\/p>\n<p>El Consell Escolar del centre ha d\u2019establir el nombre de representants de cada sector respectant els criteris generals de composici\u00f3.<br \/>\n<strong><br \/>\nEleccions als Consells escolars<\/strong><\/p>\n<p>Les eleccions per a la constituci \u00f3 inicial o la renovaci\u00f3 parcial dels membres del Consell Escolar, les convoca la direcci\u00f3 del centre amb un m\u00ednim de quinze dies h\u00e0bils d\u2019antelaci\u00f3 a la data de realitzaci\u00f3 de les votacions. El director o la directora de cada centre ha d\u2019organitzar accions per impulsar <strong>la participaci\u00f3 del diferents sectors de la comunitat educativa.<\/strong><\/p>\n<p>Tenen <strong>dret a votar<\/strong> per elegir els representants:<\/p>\n<ul>\n<li>Dels <strong>pares i les mares<\/strong>, el pare i la mare de cada alumne\/a escolaritzat\/ada en el centre o, si \u00e9s el cas, els seus tutors legals.<\/li>\n<li>De <strong>l\u2019alumnat<\/strong>, tot l\u2019alumnat a partir de l\u2019educaci\u00f3 secund\u00e0ria obligat\u00f2ria.<\/li>\n<li>Del <strong>professorat<\/strong>, tots els professors que integren el claustre.<\/li>\n<li>Del <strong>personal d\u2019administraci\u00f3 i serveis<\/strong>, tot el personal d\u2019administraci\u00f3 i serveis que presta serveis al centre.<\/li>\n<\/ul>\n<p>Els membres del Consell Escolar s\u00f3n escollits per quatre anys. Cada dos anys es renova la meitat dels membres representants del professorat i la meitat dels membres representants de l\u2019alumnat i dels pares d\u2019alumnes.<\/p>\n<p>La vacant que es produeix en el Consell Escolar \u00e9s ocupada pel procediment establert al reglament de r\u00e8gim intern del centre. Si aquest no ho preveu, \u00e9s ocupada pel seg\u00fcent candidat\/a m\u00e9s votat\/ada en les darreres eleccions. El nou membre s\u2019ha de nomenar pel temps que restava de mandat a la persona que ha causat la vacant. Si no hi ha m\u00e9s candidats per cobrir-la, aquesta queda sense cobrir fins a la propera renovaci\u00f3 del Consell Escolar.<\/p>\n","protected":false},"excerpt":{"rendered":"<p>Extracte de la normativa del Consell Escolar dels centres p\u00fablics<br \/>\nEl Consell Escolar del centre \u00e9s l\u2019\u00f2rgan de participaci\u00f3 de la comunitat educativa en el govern dels centres educatius.<br \/>\nLes funcions:<\/p>\n<ul>\n<li>Participar en l\u2019aprovaci\u00f3 del projecte educatiu i les seves modificacions. El consell escolar ha de ser consultat&hellip;  <a href=\"https:\/\/agora.xtec.cat\/sesvallbonadanoia\/projecte-educatiu\/consell-escolar\/\" title=\"Read Consell escolar\">Llegeix m\u00e9s\u00bb<\/a><br \/>\n","protected":false},"author":1,"featured_media":0,"parent":57,"menu_order":40,"comment_status":"closed","ping_status":"closed","template":"page-templates\/side-menu.php","meta":{"_bbp_topic_count":0,"_bbp_reply_count":0,"_bbp_total_topic_count":0,"_bbp_total_reply_count":0,"_bbp_voice_count":0,"_bbp_anonymous_reply_count":0,"_bbp_topic_count_hidden":0,"_bbp_reply_count_hidden":0,"_bbp_forum_subforum_count":0,"footnotes":""},"class_list":["post-43","page","type-page","status-publish","hentry"],"post_mailing_queue_ids":[],"_links":{"self":[{"href":"https:\/\/agora.xtec.cat\/sesvallbonadanoia\/wp-json\/wp\/v2\/pages\/43","targetHints":{"allow":["GET"]}}],"collection":[{"href":"https:\/\/agora.xtec.cat\/sesvallbonadanoia\/wp-json\/wp\/v2\/pages"}],"about":[{"href":"https:\/\/agora.xtec.cat\/sesvallbonadanoia\/wp-json\/wp\/v2\/types\/page"}],"author":[{"embeddable":true,"href":"https:\/\/agora.xtec.cat\/sesvallbonadanoia\/wp-json\/wp\/v2\/users\/1"}],"replies":[{"embeddable":true,"href":"https:\/\/agora.xtec.cat\/sesvallbonadanoia\/wp-json\/wp\/v2\/comments?post=43"}],"version-history":[{"count":5,"href":"https:\/\/agora.xtec.cat\/sesvallbonadanoia\/wp-json\/wp\/v2\/pages\/43\/revisions"}],"predecessor-version":[{"id":12156,"href":"https:\/\/agora.xtec.cat\/sesvallbonadanoia\/wp-json\/wp\/v2\/pages\/43\/revisions\/12156"}],"up":[{"embeddable":true,"href":"https:\/\/agora.xtec.cat\/sesvallbonadanoia\/wp-json\/wp\/v2\/pages\/57"}],"wp:attachment":[{"href":"https:\/\/agora.xtec.cat\/sesvallbonadanoia\/wp-json\/wp\/v2\/media?parent=43"}],"curies":[{"name":"wp","href":"https:\/\/api.w.org\/{rel}","templated":true}]}}