{"id":4165,"date":"2018-11-08T17:50:50","date_gmt":"2018-11-08T16:50:50","guid":{"rendered":"http:\/\/agora.xtec.cat\/sesvallbonadanoia\/?page_id=4165"},"modified":"2018-11-08T18:12:16","modified_gmt":"2018-11-08T17:12:16","slug":"intercanvis","status":"publish","type":"page","link":"https:\/\/agora.xtec.cat\/sesvallbonadanoia\/estudis\/projectes-del-centre\/intercanvis\/","title":{"rendered":"Intercanvis"},"content":{"rendered":"<ul>\n<li><a href=\"https:\/\/agora.xtec.cat\/sesvallbonadanoia\/wp-content\/uploads\/usu60\/2018\/11\/Normativa-intercanvi-Veendam-18-19.pdf\">Normativa dels intercanvis<\/a><\/li>\n<\/ul>\n<table style=\"border-collapse: collapse; width: 100%;\" border=\"1\">\n<tbody>\n<tr style=\"height: 31px;\">\n<td style=\"width: 25%; height: 31px;\"><strong>CURS<\/strong><\/td>\n<td style=\"width: 25%; height: 31px;\"><strong>CENTRE EDUCATIU<\/strong><\/td>\n<td style=\"width: 25%; height: 31px;\"><strong>POBLACI\u00d3<\/strong><\/td>\n<td style=\"width: 12.5%; height: 31px;\"><strong>PROFESSORAT<\/strong><\/td>\n<td style=\"width: 12.5%;\"><strong>ALUMNAT<\/strong><\/td>\n<\/tr>\n<tr style=\"height: 31px;\">\n<td style=\"width: 25%; height: 31px;\">2018-2019<\/td>\n<td style=\"width: 25%; height: 31px;\">Winkler Prins<\/td>\n<td style=\"width: 25%; height: 31px;\">Veendam (Holanda)<\/td>\n<td style=\"width: 12.5%; height: 31px;\">M\u00f2nica Artigas i Miquel Raich<\/td>\n<td style=\"width: 12.5%;\">25 alumnes<\/td>\n<\/tr>\n<tr style=\"height: 31px;\">\n<td style=\"width: 25%; height: 31px;\">2017-2018<\/td>\n<td style=\"width: 25%; height: 31px;\">Lyc\u00e9e Jean d&#8217;Arc<\/td>\n<td style=\"width: 25%; height: 31px;\">Pontivy (Fran\u00e7a)<\/td>\n<td style=\"width: 12.5%; height: 31px;\">M\u00f2nica Artigas i M\u00edriam Rodr\u00edguez<\/td>\n<td style=\"width: 12.5%;\">18 alumnes<\/td>\n<\/tr>\n<tr style=\"height: 31px;\">\n<td style=\"width: 25%; height: 31px;\">2016-2017<\/td>\n<td style=\"width: 25%; height: 31px;\">Winkler Prins<\/td>\n<td style=\"width: 25%; height: 31px;\">Veendam (Holanda)<\/td>\n<td style=\"width: 12.5%; height: 31px;\">Carme Flores i Susanna Farr\u00e9<\/td>\n<td style=\"width: 12.5%;\">18 alumnes<\/td>\n<\/tr>\n<\/tbody>\n<\/table>\n<p>&nbsp;<\/p>\n","protected":false},"excerpt":{"rendered":"<ul>\n<li><a href=\"https:\/\/agora.xtec.cat\/sesvallbonadanoia\/wp-content\/uploads\/usu60\/2018\/11\/Normativa-intercanvi-Veendam-18-19.pdf\">Normativa dels intercanvis<\/a><\/li>\n<\/ul>\n<p>CURS<br \/>\nCENTRE EDUCATIU<br \/>\nPOBLACI\u00d3<br \/>\nPROFESSORAT<br \/>\nALUMNAT<\/p>\n<p>2018-2019<br \/>\nWinkler Prins<br \/>\nVeendam (Holanda)<br \/>\nM\u00f2nica Artigas i Miquel Raich<br \/>\n25 alumnes<\/p>\n<p>2017-2018<br \/>\nLyc\u00e9e Jean d&#8217;Arc<br \/>\nPontivy (Fran\u00e7a)<br \/>\nM\u00f2nica Artigas i M\u00edriam Rodr\u00edguez<br \/>\n18 alumnes<\/p>\n<p>2016-2017<br \/>\nWinkler Prins<br \/>\nVeendam (Holanda)<br \/>\nCarme Flores i Susanna Farr\u00e9<br \/>\n18 alumnes<\/p>\n<p>&nbsp;<\/p>\n","protected":false},"author":1,"featured_media":0,"parent":2513,"menu_order":0,"comment_status":"closed","ping_status":"closed","template":"page-templates\/side-menu.php","meta":{"_bbp_topic_count":0,"_bbp_reply_count":0,"_bbp_total_topic_count":0,"_bbp_total_reply_count":0,"_bbp_voice_count":0,"_bbp_anonymous_reply_count":0,"_bbp_topic_count_hidden":0,"_bbp_reply_count_hidden":0,"_bbp_forum_subforum_count":0,"footnotes":""},"class_list":["post-4165","page","type-page","status-publish","hentry"],"post_mailing_queue_ids":[],"_links":{"self":[{"href":"https:\/\/agora.xtec.cat\/sesvallbonadanoia\/wp-json\/wp\/v2\/pages\/4165","targetHints":{"allow":["GET"]}}],"collection":[{"href":"https:\/\/agora.xtec.cat\/sesvallbonadanoia\/wp-json\/wp\/v2\/pages"}],"about":[{"href":"https:\/\/agora.xtec.cat\/sesvallbonadanoia\/wp-json\/wp\/v2\/types\/page"}],"author":[{"embeddable":true,"href":"https:\/\/agora.xtec.cat\/sesvallbonadanoia\/wp-json\/wp\/v2\/users\/1"}],"replies":[{"embeddable":true,"href":"https:\/\/agora.xtec.cat\/sesvallbonadanoia\/wp-json\/wp\/v2\/comments?post=4165"}],"version-history":[{"count":4,"href":"https:\/\/agora.xtec.cat\/sesvallbonadanoia\/wp-json\/wp\/v2\/pages\/4165\/revisions"}],"predecessor-version":[{"id":4175,"href":"https:\/\/agora.xtec.cat\/sesvallbonadanoia\/wp-json\/wp\/v2\/pages\/4165\/revisions\/4175"}],"up":[{"embeddable":true,"href":"https:\/\/agora.xtec.cat\/sesvallbonadanoia\/wp-json\/wp\/v2\/pages\/2513"}],"wp:attachment":[{"href":"https:\/\/agora.xtec.cat\/sesvallbonadanoia\/wp-json\/wp\/v2\/media?parent=4165"}],"curies":[{"name":"wp","href":"https:\/\/api.w.org\/{rel}","templated":true}]}}