{"id":3762,"date":"2018-07-13T12:50:50","date_gmt":"2018-07-13T10:50:50","guid":{"rendered":"http:\/\/agora.xtec.cat\/sesvallbonadanoia\/?page_id=3762"},"modified":"2025-07-11T00:35:06","modified_gmt":"2025-07-10T22:35:06","slug":"projecte-de-convivencia","status":"publish","type":"page","link":"https:\/\/agora.xtec.cat\/sesvallbonadanoia\/projecte-educatiu\/projecte-de-convivencia\/","title":{"rendered":"Projecte de Conviv\u00e8ncia"},"content":{"rendered":"<p><span style=\"font-weight: 400;\"><br \/>\n<strong><a href=\"https:\/\/drive.google.com\/file\/d\/1u-se_0ZOLtSbfktwWiC-GzrTrs7a_zdV\/view?usp=sharing\">PdC 2025<\/a><\/strong><\/span><\/p>\n<p><span style=\"font-weight: 400;\">El marc que regula el Projecte de conviv\u00e8ncia (PdC) \u00e9s la Resoluci\u00f3 EDU\/1753\/2020, de 16 de juliol, per la qual s\u2019estableix l\u2019elaboraci\u00f3 i la implementaci\u00f3 del Projecte de conviv\u00e8ncia en els centres educatius dins del marc del Projecte educatiu de centre.<\/span><\/p>\n<p><span style=\"font-weight: 400;\">El PdC ha de reflectir les accions que el centre educatiu desenvolupa per capacitar tot l\u2019alumnat i la resta de la comunitat educativa per a la conviv\u00e8ncia i la gesti\u00f3 dels conflictes.<\/span><\/p>\n<p><span style=\"font-weight: 400;\">Les accions proposades van adre\u00e7ades a la millora de la conviv\u00e8ncia a diferents nivells d\u2019actuaci\u00f3. \u00c9s un document que recull els mecanismes del centre per gestionar conflictes de manera segura i saludable i potenciar espais f\u00edsics i emocionals per la bona entesa al centre de manera integral i global a partir de la situaci\u00f3 del centre.<\/span><\/p>\n<p><span style=\"font-weight: 400;\">Nivells i \u00e0mbits d\u2019actuaci\u00f3 del PdC<\/span><\/p>\n<table style=\"width: 96.0231%; height: 214px;\">\n<tbody>\n<tr style=\"height: 33px;\">\n<td style=\"width: 29.3827%; height: 66px;\" rowspan=\"2\"><span style=\"font-weight: 400;\">NIVELLS<\/span><\/td>\n<td style=\"width: 94.3209%; height: 33px;\" colspan=\"3\"><span style=\"font-weight: 400;\">\u00c0MBITS<\/span><\/td>\n<\/tr>\n<tr style=\"height: 33px;\">\n<td style=\"width: 18.4782%; height: 33px;\"><span style=\"font-weight: 400;\">AULA<\/span><\/td>\n<td style=\"width: 24.2378%; height: 33px;\"><span style=\"font-weight: 400;\">CENTRE<\/span><\/td>\n<td style=\"width: 51.6049%; height: 33px;\"><span style=\"font-weight: 400;\">ENTORN<\/span><\/td>\n<\/tr>\n<tr style=\"height: 64px;\">\n<td style=\"width: 29.3827%; height: 64px;\"><span style=\"font-weight: 400;\">PREVENTIU<\/span><\/td>\n<td style=\"width: 94.3209%; height: 64px;\" colspan=\"3\">\n<ul>\n<li style=\"font-weight: 400;\" aria-level=\"1\"><span style=\"font-weight: 400;\">Valors i actituds convivencials<\/span><\/li>\n<li style=\"font-weight: 400;\" aria-level=\"1\"><span style=\"font-weight: 400;\">Compet\u00e8ncia social i ciutadana<\/span><\/li>\n<\/ul>\n<\/td>\n<\/tr>\n<tr style=\"height: 57px;\">\n<td style=\"width: 29.3827%; height: 57px;\"><span style=\"font-weight: 400;\">INTERVENCI\u00d3<\/span><\/td>\n<td style=\"width: 94.3209%; height: 57px;\" colspan=\"3\">\n<ul>\n<li style=\"font-weight: 400;\" aria-level=\"1\"><span style=\"font-weight: 400;\">Gesti\u00f3 i resoluci\u00f3 positiva de conflictes<\/span><\/li>\n<\/ul>\n<\/td>\n<\/tr>\n<tr style=\"height: 27px;\">\n<td style=\"width: 29.3827%; height: 27px;\"><span style=\"font-weight: 400;\">ORGANITZATIU<\/span><\/td>\n<td style=\"width: 94.3209%; height: 27px;\" colspan=\"3\">\n<ul>\n<li style=\"font-weight: 400;\" aria-level=\"1\"><span style=\"font-weight: 400;\">Organitzaci\u00f3 i gesti\u00f3 del centre<\/span><\/li>\n<\/ul>\n<\/td>\n<\/tr>\n<\/tbody>\n<\/table>\n<p><b><span style=\"font-weight: 400;\">El Projecte de conviv\u00e8ncia t\u00e9 com a missi\u00f3 contribuir al m\u00e0xim desenvolupament personal, acad\u00e8mic i social de tot l\u2019alumnat. El centre s&#8217;ha <\/span><\/b>marcat <strong>5 objectius generals a treballar<\/strong>:<\/p>\n<ul style=\"list-style-type: square;\">\n<li>Assegurar i garantir la participaci\u00f3, la implicaci\u00f3 i el comprom\u00eds de tota la comunitat escolar.<\/li>\n<li><span style=\"font-weight: 400;\">Ajudar cada alumne a relacionar-se amb si mateix, amb els altres i amb el m\u00f3n.<\/span><\/li>\n<li><span style=\"font-weight: 400;\">Potenciar l&#8217;equitat i el respecte a la diversitat de l\u2019alumnat en un marc de valors compartits.<\/span><\/li>\n<li><span style=\"font-weight: 400;\">Fomentar la mediaci\u00f3 escolar i la cultura del di\u00e0leg com a eina b\u00e0sica en la gesti\u00f3 del conflicte.<\/span><\/li>\n<li><span style=\"font-weight: 400;\">Fomentar una cultura de la pau i la no-viol\u00e8ncia, juntament amb els valors que fan possible preservar i enriquir la vida de totes les persones.<\/span><\/li>\n<\/ul>\n<p>La base del nostre projecte s&#8217;emmarca en l&#8217;Enfocament Restauratiu Global (ERG).<\/p>\n<p>A continuaci\u00f3 deixarem els dossiers informatius d&#8217;aquesta mirada, juntament amb la comunicaci\u00f3 no violenta.<\/p>\n<p><a href=\"https:\/\/projectes.xtec.cat\/convivenciapositiva\/categoria\/enfocament-restauratiu\/\">BANC DE RECURSOS EN ERG<\/a><\/p>\n<p><a href=\"https:\/\/agora.xtec.cat\/sesvallbonadanoia\/wp-content\/uploads\/usu60\/2024\/08\/1-dossier.pdf\">Dossier 1<\/a>. Canvi de mirada i idees clau. Inclou una descripci\u00f3 del que \u00e9s l\u2019ERG i el canvi de mirada que suggereix pel que fa a: el conflicte, la provenci\u00f3, la conducta, les conseq\u00fc\u00e8ncies i el c\u00e0stig. Hi trobareu tamb\u00e9 un petit resum dels or\u00edgens i l\u2019evoluci\u00f3 de la Just\u00edcia Restaurativa. Les difer\u00e8ncies entre implementaci\u00f3 parcial i global i l\u2019explicaci\u00f3 de l\u2019ERG des de tres figures geom\u00e8triques: el cercle, la pir\u00e0mide i el quadrat.<\/p>\n<p><a href=\"https:\/\/agora.xtec.cat\/sesvallbonadanoia\/wp-content\/uploads\/usu60\/2024\/08\/2-dossier.pdf\">Dossier 2.<\/a> Cercles proactius. Descriu espec\u00edficament dos tipus de cercles proactius: el Temps de Cercle i els cercles de paraula i aporta recursos per viabilitzar-los i idees per a la seva facilitaci\u00f3.<\/p>\n<p><a href=\"https:\/\/agora.xtec.cat\/sesvallbonadanoia\/wp-content\/uploads\/usu60\/2024\/08\/3-dossier.pdf\">Dossier 3.<\/a> Habilitats de pau. Inclou la descripci\u00f3 i exemples sobre la Comunicaci\u00f3\u00a0 NoViolenta, l\u2019escolta restaurativa, que \u00e9s atenta, activa i emp\u00e0tica i la reflexi\u00f3 restaurativa.<\/p>\n<p><a href=\"https:\/\/agora.xtec.cat\/sesvallbonadanoia\/wp-content\/uploads\/usu60\/2024\/08\/4-dossier.pdf\">Dossier 4.<\/a> Pr\u00e0ctiques responsives. Presenta i concreta les pr\u00e0ctiques responsives per mantenir relacions i reparar danys, com les converses restauratives i les reunions restauratives informals, petites i amb un grup m\u00e9s gran, aportant exemples de cadascuna. I, finalment, inclou un apunt sobre les reunions restauratives m\u00e9s formals.<\/p>\n<p>&nbsp;<\/p>\n<p style=\"text-align: justify;\">ANTERIOR<\/p>\n<p style=\"text-align: justify;\">Projecte de conviv\u00e8ncia\u00a0 <em><strong>SALUDA AMB EL COR<\/strong><\/em><span style=\"font-family: inherit; font-size: 1em;\">\u00a0 \u00a0 \u00a0 \u00a0 \u00a0 \u00a0 \u00a0 \u00a0 \u00a0 \u00a0 \u00a0 \u00a0 \u00a0 \u00a0 \u00a0 \u00a0 \u00a0 \u00a0 \u00a0 \u00a0 \u00a0 \u00a0 \u00a0 \u00a0 \u00a0 \u00a0 \u00a0 \u00a0 \u00a0 \u00a0 \u00a0 \u00a0 \u00a0 \u00a0 \u00a0 \u00a0 \u00a0 \u00a0 \u00a0 \u00a0 \u00a0 \u00a0 \u00a0 \u00a0 \u00a0 \u00a0 \u00a0 \u00a0 \u00a0 \u00a0 \u00a0 \u00a0 \u00a0 \u00a0 \u00a0 \u00a0 \u00a0 \u00a0\u00a0<\/span><\/p>\n<p><sub>\u00a0 \u00a0 \u00a0 \u00a0 \u00a0 \u00a0 \u00a0 \u00a0 \u00a0 \u00a0 \u00a0 \u00a0 \u00a0 \u00a0 \u00a0 \u00a0 \u00a0 \u00a0 \u00a0 \u00a0 \u00a0 \u00a0 \u00a0 \u00a0 \u00a0 \u00a0 \u00a0 \u00a0 \u00a0 \u00a0 \u00a0 \u00a0 \u00a0 \u00a0 \u00a0 \u00a0 \u00a0 \u00a0 \u00a0 \u00a0 \u00a0 \u00a0 \u00a0 \u00a0 \u00a0 \u00a0 \u00a0 \u00a0 \u00a0 \u00a0 \u00a0 \u00a0 \u00a0 \u00a0 \u00a0 \u00a0 \u00a0 \u00a0 \u00a0 \u00a0 \u00a0 \u00a0 \u00a0 \u00a0 \u00a0 \u00a0 \u00a0 \u00a0 \u00a0 Nota: La il\u00b7lustraci\u00f3 de la dona amb el cor \u00e9s de l&#8217;artista Paula Bonet, Vila-Real, 1980.<\/sub><\/p>\n<p><a href=\"https:\/\/agora.xtec.cat\/sesvallbonadanoia\/wp-content\/uploads\/usu60\/2019\/10\/Saluda-amb-el-cor-1.png\"><img loading=\"lazy\" decoding=\"async\" class=\"alignnone size-large wp-image-5579\" src=\"https:\/\/agora.xtec.cat\/sesvallbonadanoia\/wp-content\/uploads\/usu60\/2019\/10\/Saluda-amb-el-cor-1-1024x676.png\" alt=\"\" width=\"1024\" height=\"676\" srcset=\"https:\/\/agora.xtec.cat\/sesvallbonadanoia\/wp-content\/uploads\/usu60\/2019\/10\/Saluda-amb-el-cor-1-1024x676.png 1024w, https:\/\/agora.xtec.cat\/sesvallbonadanoia\/wp-content\/uploads\/usu60\/2019\/10\/Saluda-amb-el-cor-1-300x198.png 300w, https:\/\/agora.xtec.cat\/sesvallbonadanoia\/wp-content\/uploads\/usu60\/2019\/10\/Saluda-amb-el-cor-1-768x507.png 768w, https:\/\/agora.xtec.cat\/sesvallbonadanoia\/wp-content\/uploads\/usu60\/2019\/10\/Saluda-amb-el-cor-1.png 1126w\" sizes=\"auto, (max-width: 1024px) 100vw, 1024px\" \/><\/a><\/p>\n<p><a href=\"https:\/\/agora.xtec.cat\/sesvallbonadanoia\/wp-content\/uploads\/usu60\/2019\/10\/Saluda-amb-el-cor-2.png\"><img loading=\"lazy\" decoding=\"async\" class=\"alignnone size-large wp-image-5580\" src=\"https:\/\/agora.xtec.cat\/sesvallbonadanoia\/wp-content\/uploads\/usu60\/2019\/10\/Saluda-amb-el-cor-2-1024x675.png\" alt=\"\" width=\"1024\" height=\"675\" srcset=\"https:\/\/agora.xtec.cat\/sesvallbonadanoia\/wp-content\/uploads\/usu60\/2019\/10\/Saluda-amb-el-cor-2-1024x675.png 1024w, https:\/\/agora.xtec.cat\/sesvallbonadanoia\/wp-content\/uploads\/usu60\/2019\/10\/Saluda-amb-el-cor-2-300x198.png 300w, https:\/\/agora.xtec.cat\/sesvallbonadanoia\/wp-content\/uploads\/usu60\/2019\/10\/Saluda-amb-el-cor-2-768x507.png 768w, https:\/\/agora.xtec.cat\/sesvallbonadanoia\/wp-content\/uploads\/usu60\/2019\/10\/Saluda-amb-el-cor-2.png 1122w\" sizes=\"auto, (max-width: 1024px) 100vw, 1024px\" \/><\/a><\/p>\n<p>&nbsp;<\/p>\n<p>&nbsp;<\/p>\n<p>&nbsp;<\/p>\n<p>&nbsp;<\/p>\n<p>&nbsp;<\/p>\n<p>&nbsp;<\/p>\n<p>&nbsp;<\/p>\n<p>&nbsp;<\/p>\n<p>&nbsp;<\/p>\n","protected":false},"excerpt":{"rendered":"<p><a href=\"https:\/\/drive.google.com\/file\/d\/1u-se_0ZOLtSbfktwWiC-GzrTrs7a_zdV\/view?usp=sharing\">PdC 2025<\/a><br \/>\nEl marc que regula el Projecte de conviv\u00e8ncia (PdC) \u00e9s la Resoluci\u00f3 EDU\/1753\/2020, de 16 de juliol, per la qual s\u2019estableix l\u2019elaboraci\u00f3 i la implementaci\u00f3 del Projecte de conviv\u00e8ncia en els centres educatius dins del marc del Projecte educatiu de centre.<br \/>\nEl PdC ha&hellip;  <a href=\"https:\/\/agora.xtec.cat\/sesvallbonadanoia\/projecte-educatiu\/projecte-de-convivencia\/\" title=\"Read Projecte de Conviv\u00e8ncia\">Llegeix m\u00e9s\u00bb<\/a><\/p>\n","protected":false},"author":15,"featured_media":0,"parent":57,"menu_order":0,"comment_status":"closed","ping_status":"closed","template":"page-templates\/side-menu.php","meta":{"_bbp_topic_count":0,"_bbp_reply_count":0,"_bbp_total_topic_count":0,"_bbp_total_reply_count":0,"_bbp_voice_count":0,"_bbp_anonymous_reply_count":0,"_bbp_topic_count_hidden":0,"_bbp_reply_count_hidden":0,"_bbp_forum_subforum_count":0,"footnotes":""},"class_list":["post-3762","page","type-page","status-publish","hentry"],"post_mailing_queue_ids":[],"_links":{"self":[{"href":"https:\/\/agora.xtec.cat\/sesvallbonadanoia\/wp-json\/wp\/v2\/pages\/3762","targetHints":{"allow":["GET"]}}],"collection":[{"href":"https:\/\/agora.xtec.cat\/sesvallbonadanoia\/wp-json\/wp\/v2\/pages"}],"about":[{"href":"https:\/\/agora.xtec.cat\/sesvallbonadanoia\/wp-json\/wp\/v2\/types\/page"}],"author":[{"embeddable":true,"href":"https:\/\/agora.xtec.cat\/sesvallbonadanoia\/wp-json\/wp\/v2\/users\/15"}],"replies":[{"embeddable":true,"href":"https:\/\/agora.xtec.cat\/sesvallbonadanoia\/wp-json\/wp\/v2\/comments?post=3762"}],"version-history":[{"count":8,"href":"https:\/\/agora.xtec.cat\/sesvallbonadanoia\/wp-json\/wp\/v2\/pages\/3762\/revisions"}],"predecessor-version":[{"id":12078,"href":"https:\/\/agora.xtec.cat\/sesvallbonadanoia\/wp-json\/wp\/v2\/pages\/3762\/revisions\/12078"}],"up":[{"embeddable":true,"href":"https:\/\/agora.xtec.cat\/sesvallbonadanoia\/wp-json\/wp\/v2\/pages\/57"}],"wp:attachment":[{"href":"https:\/\/agora.xtec.cat\/sesvallbonadanoia\/wp-json\/wp\/v2\/media?parent=3762"}],"curies":[{"name":"wp","href":"https:\/\/api.w.org\/{rel}","templated":true}]}}