{"id":3705,"date":"2018-07-03T22:58:47","date_gmt":"2018-07-03T20:58:47","guid":{"rendered":"http:\/\/agora.xtec.cat\/sesvallbonadanoia\/?page_id=3705"},"modified":"2020-08-30T08:40:01","modified_gmt":"2020-08-30T06:40:01","slug":"projecte-de-llibre-verd","status":"publish","type":"page","link":"https:\/\/agora.xtec.cat\/sesvallbonadanoia\/estudis\/projecte-de-llibre-verd\/","title":{"rendered":"Projecte de llibre verd"},"content":{"rendered":"<p>El Projecte de Llibre Verd \u00e9s un projecte de sostenibilitat ambiental en qu\u00e8 es comparteixen llibres de lectura que\u00a0s\u00f3n del centre i es deixen en servei de pr\u00e9stec.<img loading=\"lazy\" decoding=\"async\" class=\"irc_mi alignright\" src=\"http:\/\/serveiseducatius.xtec.cat\/pladurgell\/wp-content\/uploads\/usu1141\/2018\/03\/escola-verda.jpg\" alt=\"Imatge relacionada\" width=\"318\" height=\"129\" \/><br \/>\nA m\u00e9s de ser un estalvi per a les fam\u00edlies, tamb\u00e9 \u00e9s un projecte de sostenibilitat ambiental que enforteix el nostre projecte d&#8217;Escola Verda.<\/p>\n<p>Des del curs 2020-21, pel fet de ser Escola Verda, tots els alumnes formen part d&#8217;aquest projecte. Cada curs es presenten marcats en verd en el document <a href=\"https:\/\/agora.xtec.cat\/sesvallbonadanoia\/estudis\/llibres-de-lectura\/\" target=\"_blank\" rel=\"noopener noreferrer\"> \u27a1 Llibres de lectura<\/a> que tenim penjat tamb\u00e9 a la nostra web.<\/p>\n<p>IMPORTANT:<\/p>\n<ul>\n<li><em>Els llibres romandran al centre i nom\u00e9s s\u2019enduran a casa quan s\u2019hagin de llegir.<\/em><\/li>\n<li><em>Si un alumne\/a no retorna el llibre de lectura en el seu moment, l\u2019haur\u00e0 d\u2019abonar \u00edntegrament o tornar-ne un de nou.<\/em><\/li>\n<li><em>Els llibres malmesos, perduts, etc. s\u2019hauran de reparar o se n&#8217;haur\u00e0 de fer reposici\u00f3.<\/em><\/li>\n<\/ul>\n<p><img decoding=\"async\" class=\"n3VNCb\" src=\"https:\/\/i2.wp.com\/agora.xtec.cat\/escolacatalunyasantadria\/wp-content\/uploads\/usu1541\/2017\/07\/image01.jpg\" alt=\"LLIBRES DE LECTURA | LA CLASSE DE 6\u00e9 B DEL C.P. PARE MELCHOR\" data-noaft=\"1\" \/><\/p>\n<p>&nbsp;<\/p>\n<p>&nbsp;<\/p>\n","protected":false},"excerpt":{"rendered":"<p>El Projecte de Llibre Verd \u00e9s un projecte de sostenibilitat ambiental en qu\u00e8 es comparteixen llibres de lectura que\u00a0s\u00f3n del centre i es deixen en servei de pr\u00e9stec.<br \/>\nA m\u00e9s de ser un estalvi per a les fam\u00edlies, tamb\u00e9 \u00e9s un projecte de sostenibilitat ambiental que&hellip;  <a href=\"https:\/\/agora.xtec.cat\/sesvallbonadanoia\/estudis\/projecte-de-llibre-verd\/\" title=\"Read Projecte de llibre verd\">Llegeix m\u00e9s\u00bb<\/a><\/p>\n","protected":false},"author":1,"featured_media":0,"parent":195,"menu_order":0,"comment_status":"closed","ping_status":"closed","template":"page-templates\/side-menu.php","meta":{"_bbp_topic_count":0,"_bbp_reply_count":0,"_bbp_total_topic_count":0,"_bbp_total_reply_count":0,"_bbp_voice_count":0,"_bbp_anonymous_reply_count":0,"_bbp_topic_count_hidden":0,"_bbp_reply_count_hidden":0,"_bbp_forum_subforum_count":0,"footnotes":""},"class_list":["post-3705","page","type-page","status-publish","hentry"],"post_mailing_queue_ids":[],"_links":{"self":[{"href":"https:\/\/agora.xtec.cat\/sesvallbonadanoia\/wp-json\/wp\/v2\/pages\/3705","targetHints":{"allow":["GET"]}}],"collection":[{"href":"https:\/\/agora.xtec.cat\/sesvallbonadanoia\/wp-json\/wp\/v2\/pages"}],"about":[{"href":"https:\/\/agora.xtec.cat\/sesvallbonadanoia\/wp-json\/wp\/v2\/types\/page"}],"author":[{"embeddable":true,"href":"https:\/\/agora.xtec.cat\/sesvallbonadanoia\/wp-json\/wp\/v2\/users\/1"}],"replies":[{"embeddable":true,"href":"https:\/\/agora.xtec.cat\/sesvallbonadanoia\/wp-json\/wp\/v2\/comments?post=3705"}],"version-history":[{"count":3,"href":"https:\/\/agora.xtec.cat\/sesvallbonadanoia\/wp-json\/wp\/v2\/pages\/3705\/revisions"}],"predecessor-version":[{"id":6695,"href":"https:\/\/agora.xtec.cat\/sesvallbonadanoia\/wp-json\/wp\/v2\/pages\/3705\/revisions\/6695"}],"up":[{"embeddable":true,"href":"https:\/\/agora.xtec.cat\/sesvallbonadanoia\/wp-json\/wp\/v2\/pages\/195"}],"wp:attachment":[{"href":"https:\/\/agora.xtec.cat\/sesvallbonadanoia\/wp-json\/wp\/v2\/media?parent=3705"}],"curies":[{"name":"wp","href":"https:\/\/api.w.org\/{rel}","templated":true}]}}