{"id":3696,"date":"2018-07-03T11:04:49","date_gmt":"2018-07-03T09:04:49","guid":{"rendered":"http:\/\/agora.xtec.cat\/sesvallbonadanoia\/?page_id=3696"},"modified":"2025-06-18T09:16:15","modified_gmt":"2025-06-18T07:16:15","slug":"material-escolar-ordinador","status":"publish","type":"page","link":"https:\/\/agora.xtec.cat\/sesvallbonadanoia\/estudis\/material-escolar-ordinador\/","title":{"rendered":"Material escolar i ordinador"},"content":{"rendered":"<h3>Material escolar<\/h3>\n<p>Material que els alumnes han de portar:<\/p>\n<table style=\"height: 464px; width: 61.9261%;\" width=\"609\">\n<tbody>\n<tr>\n<td style=\"width: 6.27306%;\" colspan=\"4\"><strong>Material com\u00fa als quatre cursos:<\/strong><\/p>\n<ul>\n<li>Paper blanc DIN-A4 i fulls quadriculats amb forats DIN-A4<\/li>\n<li>Bloc de l\u00e0mines CANSON A4+, 23&#215;32,5 cm (per Ed. Pl\u00e0stica)<\/li>\n<li>Llibretes per a determinades mat\u00e8ries (ja s&#8217;especificar\u00e0 a l&#8217;inici de curs, segons la mat\u00e8ria)<\/li>\n<li>Carpeta classificadora per guardar els fulls<\/li>\n<li>10 fundes transparents multitaladres mida foli excepte per a Educaci\u00f3 f\u00edsica i Ed. Pl\u00e0stica<\/li>\n<li>Bol\u00edgrafs blau, negre i vermell<\/li>\n<li>Llapis, maquineta per fer punta i goma d&#8217;esborrar<\/li>\n<li>Joc de regles i transportador d&#8217;angles per a Matem\u00e0tiques, Tecnologia i Ed. Pl\u00e0stica (el professorat avisar\u00e0 quan portar-lo)<\/li>\n<li>Comp\u00e0s<\/li>\n<li>Tisores i barra adhesiva<\/li>\n<li>Retoladors i llapis de diferents colors<\/li>\n<li>Calculadora cient\u00edfica, a ser possible CASIO FX-85 o FX-82 sp<\/li>\n<li>Auriculars amb connexi\u00f3 minijack (que no siguin inal\u00e0mbrics ni amb connexi\u00f3 bluetooth)<\/li>\n<li>Funda per l&#8217;ordinador i ratol\u00ed<\/li>\n<li>Per a la mat\u00e8ria d&#8217;Educaci\u00f3 F\u00edsica caldr\u00e0 portar xandall, cal\u00e7at esportiu i samarreta de l&#8217;institut (venda per l&#8217;AFA a TPVescola) samarreta de recanvi per canviar-se al final de la classe.<\/li>\n<\/ul>\n<\/td>\n<\/tr>\n<\/tbody>\n<\/table>\n<p>A M\u00fasica els instruments els indicar\u00e0 el professorat quan comenci el curs.<\/p>\n<p>Altres materials espec\u00edfics, d&#8217;\u00fas puntual segons l&#8217;assignatura, els dir\u00e0 el professorat en el seu moment.<\/p>\n<p>\u00c9s imprescindible que tots els objectes estiguin marcats amb el nom de l&#8217;alumnat per evitar p\u00e8rdues.<\/p>\n<p>&nbsp;<\/p>\n<h3>Ordinador<\/h3>\n<p>Caracter\u00edstiques de l&#8217;ordinador:<\/p>\n<table style=\"width: 605px;\">\n<tbody>\n<tr style=\"height: 83px;\">\n<td style=\"width: 434px; height: 83px;\">Si <u>l\u2019alumne no t\u00e9 port\u00e0til<\/u>, recomanem demanar el <strong>pr\u00e9stec gratu\u00eft amb fian\u00e7a de 50,-\u20ac d&#8217;un ordinador tipus Chromebook<\/strong> que facilita el Departament d&#8217;Educaci\u00f3 i que pot utilitzar durant tota l&#8217;etapa d&#8217;ESO mentre estigui vinculat\/da al centre. N&#8217;hi haur\u00e0 prou amb llegir la normativa de pr\u00e9stec i signar el pr\u00e9stec a trav\u00e9s de l&#8217;aplicaci\u00f3 TPVescola.<\/p>\n<p>Si no vol sol\u00b7licitar el pr\u00e9stec gratu\u00eft, se l\u2019haur\u00e0 de comprar i es recomanen les prestacions seg\u00fcents:<\/td>\n<td style=\"width: 297px; height: 83px;\">Si <u>l\u2019alumne\/a ja t\u00e9 un port\u00e0til<\/u>, caldria que tingu\u00e9s les prestacions m\u00ednimes seg\u00fcents:<\/td>\n<\/tr>\n<tr style=\"height: 211px;\">\n<td style=\"width: 434px; height: 211px;\"><span style=\"font-weight: 400;\">Sistema operatiu <\/span><b style=\"font-family: inherit; font-size: 1em;\">Windows<\/b><\/p>\n<ul>\n<li><span style=\"font-weight: 400;\"> \u00a0 \u00a0 \u00a0 Autonomia: 10 hores<\/span><\/li>\n<li><span style=\"font-weight: 400;\"> \u00a0 \u00a0 \u00a0 Pes: 1,5 kg<\/span><\/li>\n<li><span style=\"font-weight: 400;\"> \u00a0 \u00a0 \u00a0 Processador INTEL Celeron o Dual Core o Quad Core<\/span><\/li>\n<li><span style=\"font-weight: 400;\"> \u00a0 \u00a0 \u00a0 C\u00e0mera web<\/span><\/li>\n<li><span style=\"font-weight: 400;\"> \u00a0 \u00a0 \u00a0 Mem\u00f2ria RAM: 4GB<\/span><\/li>\n<li><span style=\"font-weight: 400;\"> \u00a0 \u00a0 \u00a0 Disc dur: SSD 128 GB o superior<\/span><\/li>\n<li><span style=\"font-weight: 400;\"> \u00a0 \u00a0 \u00a0 Pantalla m\u00ednima 11.6\u201d<\/span><\/li>\n<li><span style=\"font-weight: 400;\"> \u00a0 \u00a0 \u00a0 Sistema operatiu Windows 10<\/span><\/li>\n<li><span style=\"font-weight: 400;\"> \u00a0 \u00a0 \u00a0 Wi-Fi<\/span><\/li>\n<\/ul>\n<p><span style=\"font-weight: 400;\">\u00a0<\/span><\/p>\n<p><span style=\"font-weight: 400;\">Sistema operatiu <\/span><b>Chromebook<\/b><\/p>\n<ul>\n<li><span style=\"font-weight: 400;\"> \u00a0 \u00a0 \u00a0 Autonomia: 10 hores<\/span><\/li>\n<li><span style=\"font-weight: 400;\"> \u00a0 \u00a0 \u00a0 Pes: 1,5 kg<\/span><\/li>\n<li><span style=\"font-weight: 400;\"> \u00a0 \u00a0 \u00a0 Processador: Intel Celeron N4000<\/span><\/li>\n<li><span style=\"font-weight: 400;\"> \u00a0 \u00a0 \u00a0 C\u00e0mera web<\/span><\/li>\n<li><span style=\"font-weight: 400;\"> \u00a0 \u00a0 \u00a0 Mem\u00f2ria RAM: 4 GB DDR4<\/span><\/li>\n<li><span style=\"font-weight: 400;\"> \u00a0 \u00a0 \u00a0 Disc dur: 32 GB<\/span><\/li>\n<li><span style=\"font-weight: 400;\"> \u00a0 \u00a0 \u00a0 Pantalla m\u00ednima 11,6\u201d<\/span><\/li>\n<li><span style=\"font-weight: 400;\"> \u00a0 \u00a0 \u00a0 Wi-Fi<\/span><\/li>\n<\/ul>\n<p>Recomanem que vetlleu el per\u00edode de garantia i\/o contracteu una asseguran\u00e7a de manteniment o reposici\u00f3 de l&#8217;ordinador en cas que es faci malb\u00e9. Cal que ho parleu amb la botiga.<\/td>\n<td style=\"width: 297px; height: 211px;\">\n<ul>\n<li><span style=\"font-weight: 400;\"> \u00a0 \u00a0 \u00a0 M\u00ednim 4Gb de mem\u00f2ria RAM<\/span><\/li>\n<li><span style=\"font-weight: 400;\"> \u00a0 \u00a0 \u00a0 Processador INTEL Dual Core<\/span><\/li>\n<li><span style=\"font-weight: 400;\"> \u00a0 \u00a0 \u00a0 Autonomia de m\u00ednim 6 hores<\/span><\/li>\n<li><span style=\"font-weight: 400;\"> \u00a0 \u00a0 \u00a0 Pantalla de 10\u201d<\/span><\/li>\n<li><span style=\"font-weight: 400;\"> \u00a0 \u00a0 \u00a0 Sistema Operatiu Windows o Chromebook<\/span><\/li>\n<\/ul>\n<p><span style=\"font-weight: 400;\">\u00a0<\/span><\/p>\n<p>&nbsp;<\/td>\n<\/tr>\n<\/tbody>\n<\/table>\n<p>Recordeu que en cas de compra us podeu trobar amb les seg\u00fcents opcions:<\/p>\n<p>&#8230; hi ha botigues que ofereixen finan\u00e7ament de l\u2019ordinador.<\/p>\n<p>&#8230; la possibilitat d\u2019assegurar l\u2019ordinador.<\/p>\n<p>&#8230; posar el nom a l\u2019ordinador.<\/p>\n<p>&#8230; no \u00e9s necessari que porti instal\u00b7lat l\u2019Office (Word, Excel&#8230;)<\/p>\n<p>&#8230; aconsellable que tingui un sistema de restauraci\u00f3 del Sistema Operatiu.<\/p>\n<p>&#8230; disposar de funda per l\u2019ordinador i aconsellable ratol\u00ed.<\/p>\n<p><img loading=\"lazy\" decoding=\"async\" class=\"irc_mi aligncenter\" src=\"https:\/\/thumbs.dreamstime.com\/b\/sketch-kid-using-computer-hand-drawn-pencil-little-child-laptop-62994607.jpg\" alt=\"Resultat d'imatges de laptop drawing child\" width=\"422\" height=\"531\" \/><\/p>\n<p>&nbsp;<\/p>\n","protected":false},"excerpt":{"rendered":"<p>Material escolar<br \/>\nMaterial que els alumnes han de portar:<\/p>\n<p>Material com\u00fa als quatre cursos:<\/p>\n<ul>\n<li>Paper blanc DIN-A4 i fulls quadriculats amb forats DIN-A4<\/li>\n<li>Bloc de l\u00e0mines CANSON A4+, 23&#215;32,5 cm (per Ed. Pl\u00e0stica)<\/li>\n<li>Llibretes per a determinades mat\u00e8ries (ja s&#8217;especificar\u00e0 a l&#8217;inici de curs, segons la mat\u00e8ria)<\/li>\n<li>Carpeta classificadora per guardar&hellip;  <a href=\"https:\/\/agora.xtec.cat\/sesvallbonadanoia\/estudis\/material-escolar-ordinador\/\" title=\"Read Material escolar i ordinador\">Llegeix m\u00e9s\u00bb<\/a><br \/>\n","protected":false},"author":1,"featured_media":0,"parent":195,"menu_order":0,"comment_status":"closed","ping_status":"closed","template":"page-templates\/side-menu.php","meta":{"_bbp_topic_count":0,"_bbp_reply_count":0,"_bbp_total_topic_count":0,"_bbp_total_reply_count":0,"_bbp_voice_count":0,"_bbp_anonymous_reply_count":0,"_bbp_topic_count_hidden":0,"_bbp_reply_count_hidden":0,"_bbp_forum_subforum_count":0,"footnotes":""},"class_list":["post-3696","page","type-page","status-publish","hentry"],"post_mailing_queue_ids":[],"_links":{"self":[{"href":"https:\/\/agora.xtec.cat\/sesvallbonadanoia\/wp-json\/wp\/v2\/pages\/3696","targetHints":{"allow":["GET"]}}],"collection":[{"href":"https:\/\/agora.xtec.cat\/sesvallbonadanoia\/wp-json\/wp\/v2\/pages"}],"about":[{"href":"https:\/\/agora.xtec.cat\/sesvallbonadanoia\/wp-json\/wp\/v2\/types\/page"}],"author":[{"embeddable":true,"href":"https:\/\/agora.xtec.cat\/sesvallbonadanoia\/wp-json\/wp\/v2\/users\/1"}],"replies":[{"embeddable":true,"href":"https:\/\/agora.xtec.cat\/sesvallbonadanoia\/wp-json\/wp\/v2\/comments?post=3696"}],"version-history":[{"count":6,"href":"https:\/\/agora.xtec.cat\/sesvallbonadanoia\/wp-json\/wp\/v2\/pages\/3696\/revisions"}],"predecessor-version":[{"id":11934,"href":"https:\/\/agora.xtec.cat\/sesvallbonadanoia\/wp-json\/wp\/v2\/pages\/3696\/revisions\/11934"}],"up":[{"embeddable":true,"href":"https:\/\/agora.xtec.cat\/sesvallbonadanoia\/wp-json\/wp\/v2\/pages\/195"}],"wp:attachment":[{"href":"https:\/\/agora.xtec.cat\/sesvallbonadanoia\/wp-json\/wp\/v2\/media?parent=3696"}],"curies":[{"name":"wp","href":"https:\/\/api.w.org\/{rel}","templated":true}]}}