{"id":3212,"date":"2018-04-05T23:01:53","date_gmt":"2018-04-05T21:01:53","guid":{"rendered":"http:\/\/agora.xtec.cat\/sesvallbonadanoia\/?page_id=3212"},"modified":"2018-04-05T23:02:30","modified_gmt":"2018-04-05T21:02:30","slug":"auxiliar-de-conversa","status":"publish","type":"page","link":"https:\/\/agora.xtec.cat\/sesvallbonadanoia\/estudis\/projectes-del-centre\/area-gep\/auxiliar-de-conversa\/","title":{"rendered":"Auxiliar de conversa"},"content":{"rendered":"<h3>Des d\u2019Irlanda del Nord a l\u2019Institut de Vallbona d\u2019Anoia<\/h3>\n<p>L\u2019alumnat de l\u2019Institut de Vallbona d\u2019Anoia compta aquest curs amb una auxiliar de conversa d\u2019angl\u00e8s. La Karan J. Elkin va arribar el passat octubre i es va integrar al claustre de docents de l\u2019institut. En el seu paper com a auxiliar de conversa, treballa amb tots els nivells d\u2019ESO en petits grups on s\u2019estableix una conversa en angl\u00e8s amb la Karan i, d\u2019aquesta manera, l\u2019alumnat acostuma l\u2019o\u00efda a la parla de l\u2019angl\u00e8s nadiu. L\u2019Institut de Vallbona d\u2019Anoia \u00e9s molt actiu en diversos programes internacionals, com els intercanvis amb pa\u00efsos europeus, eTwinning i Erasmus+, on hi tenen cabuda una part de l\u2019alumnat, per\u00f2 la participaci\u00f3 en aquest programa d\u2019auxiliars de conversa \u00e9s especialment important perqu\u00e8 permet posar a l\u2019abast de tot l\u2019alumnat del centre la millora de l\u2019expressi\u00f3 i la comprensi\u00f3 oral en angl\u00e8s, indepententment del nivell d\u2019angl\u00e8s que tinguin els estudiants.<\/p>\n<p>Els voluntaris que participen en el programa d\u2019auxiliars de conversa, v\u00e9nen coordinats pel Ministeri d\u2019Educaci\u00f3, Cultura i Esport, en coordinaci\u00f3 tamb\u00e9 amb el Departament d\u2019Ensenyament de la Generalitat de Catalunya. Els participants que entren al programa, s\u00f3n joves que v\u00e9nen tamb\u00e9 a con\u00e8ixer la cultura, el pa\u00eds acollidor i la seva llengua. Hi ha una gran demanda d\u2019auxiliars per part dels centres educatius, per\u00f2 s\u00f3c poques les places que s\u2019acaben cobrint, pel que considerem un privilegi que ens hagin pogut assignar una persona durant tot el curs.<\/p>\n<p>La Karan va arribar el passat 30 de setembre i s\u2019allotja cada trimestre amb una fam\u00edlia del centre que s\u2019ha ofert a acollir-la a casa. D\u2019aquesta manera, s\u2019ha allotjat a La Pobla de Claramunt, a casa la Mariona Robert durant el primer trimestre i a casa de la Bruna Rabell en el segon trimestre, i el tercer trimestre estar\u00e0 allotjada a casa de la Lui Casta\u00f1o, a Vallbona d\u2019Anoia. Aix\u00ed doncs, aquestes tres fam\u00edlies han pogut con\u00e8ixer m\u00e9s de prop la Karan alhora que han pogut fer una bona pr\u00e0ctica di\u00e0ria de la llengua anglesa.<\/p>\n<p>Durant la seva estada a l\u2019institut, a m\u00e9s de les converses amb petit grup, la Karan ha donat suport a les mat\u00e8ries del programa Grup d\u2019Experimentaci\u00f3 Pluriling\u00fce (GEP) a 1r i 3r d\u2019ESO, i conjuntament amb el professorat d\u2019angl\u00e8s, s\u2019encarregaran de preparar l\u2019English Day d\u2019enguany, que se celebrar\u00e0 el proper 9 de maig i se centrar\u00e0 en el pa\u00eds d\u2019origen de la Karan: Irlanda del Nord. Esperem con\u00e8ixer moltes coses m\u00e9s durant aquesta etapa final del curs, alhora que ja podem dir que ha estat un plaer haver pogut gaudir d\u2019aquesta experi\u00e8ncia amb tot l\u2019alumnat de l\u2019institut.<\/p>\n<p><a href=\"http:\/\/agora.xtec.cat\/sesvallbonadanoia\/wp-content\/uploads\/usu60\/2018\/04\/Karan-Elkin-2.jpg\"><img loading=\"lazy\" decoding=\"async\" class=\"alignnone size-large wp-image-3215\" src=\"http:\/\/agora.xtec.cat\/sesvallbonadanoia\/wp-content\/uploads\/usu60\/2018\/04\/Karan-Elkin-2-1024x768.jpg\" alt=\"\" width=\"1024\" height=\"768\" srcset=\"https:\/\/agora.xtec.cat\/sesvallbonadanoia\/wp-content\/uploads\/usu60\/2018\/04\/Karan-Elkin-2-1024x768.jpg 1024w, https:\/\/agora.xtec.cat\/sesvallbonadanoia\/wp-content\/uploads\/usu60\/2018\/04\/Karan-Elkin-2-300x225.jpg 300w, https:\/\/agora.xtec.cat\/sesvallbonadanoia\/wp-content\/uploads\/usu60\/2018\/04\/Karan-Elkin-2-768x576.jpg 768w, https:\/\/agora.xtec.cat\/sesvallbonadanoia\/wp-content\/uploads\/usu60\/2018\/04\/Karan-Elkin-2-200x150.jpg 200w, https:\/\/agora.xtec.cat\/sesvallbonadanoia\/wp-content\/uploads\/usu60\/2018\/04\/Karan-Elkin-2.jpg 1600w\" sizes=\"auto, (max-width: 1024px) 100vw, 1024px\" \/><\/a><\/p>\n<p><em>La Lui, la Mariona, la Karan i la Bruna. La nostra auxiliar de conversa d\u2019angl\u00e8s amb les alumnes acollidores<\/em><\/p>\n","protected":false},"excerpt":{"rendered":"<p>Des d\u2019Irlanda del Nord a l\u2019Institut de Vallbona d\u2019Anoia<br \/>\nL\u2019alumnat de l\u2019Institut de Vallbona d\u2019Anoia compta aquest curs amb una auxiliar de conversa d\u2019angl\u00e8s. La Karan J. Elkin va arribar el passat octubre i es va integrar al claustre de docents de l\u2019institut. En el seu&hellip;  <a href=\"https:\/\/agora.xtec.cat\/sesvallbonadanoia\/estudis\/projectes-del-centre\/area-gep\/auxiliar-de-conversa\/\" title=\"Read Auxiliar de conversa\">Llegeix m\u00e9s\u00bb<\/a><\/p>\n","protected":false},"author":1,"featured_media":0,"parent":1302,"menu_order":0,"comment_status":"closed","ping_status":"closed","template":"page-templates\/side-menu.php","meta":{"_bbp_topic_count":0,"_bbp_reply_count":0,"_bbp_total_topic_count":0,"_bbp_total_reply_count":0,"_bbp_voice_count":0,"_bbp_anonymous_reply_count":0,"_bbp_topic_count_hidden":0,"_bbp_reply_count_hidden":0,"_bbp_forum_subforum_count":0,"footnotes":""},"class_list":["post-3212","page","type-page","status-publish","hentry"],"post_mailing_queue_ids":[],"_links":{"self":[{"href":"https:\/\/agora.xtec.cat\/sesvallbonadanoia\/wp-json\/wp\/v2\/pages\/3212","targetHints":{"allow":["GET"]}}],"collection":[{"href":"https:\/\/agora.xtec.cat\/sesvallbonadanoia\/wp-json\/wp\/v2\/pages"}],"about":[{"href":"https:\/\/agora.xtec.cat\/sesvallbonadanoia\/wp-json\/wp\/v2\/types\/page"}],"author":[{"embeddable":true,"href":"https:\/\/agora.xtec.cat\/sesvallbonadanoia\/wp-json\/wp\/v2\/users\/1"}],"replies":[{"embeddable":true,"href":"https:\/\/agora.xtec.cat\/sesvallbonadanoia\/wp-json\/wp\/v2\/comments?post=3212"}],"version-history":[{"count":1,"href":"https:\/\/agora.xtec.cat\/sesvallbonadanoia\/wp-json\/wp\/v2\/pages\/3212\/revisions"}],"predecessor-version":[{"id":3216,"href":"https:\/\/agora.xtec.cat\/sesvallbonadanoia\/wp-json\/wp\/v2\/pages\/3212\/revisions\/3216"}],"up":[{"embeddable":true,"href":"https:\/\/agora.xtec.cat\/sesvallbonadanoia\/wp-json\/wp\/v2\/pages\/1302"}],"wp:attachment":[{"href":"https:\/\/agora.xtec.cat\/sesvallbonadanoia\/wp-json\/wp\/v2\/media?parent=3212"}],"curies":[{"name":"wp","href":"https:\/\/api.w.org\/{rel}","templated":true}]}}