{"id":3193,"date":"2018-04-05T22:23:44","date_gmt":"2018-04-05T20:23:44","guid":{"rendered":"http:\/\/agora.xtec.cat\/sesvallbonadanoia\/?page_id=3193"},"modified":"2020-11-07T09:12:29","modified_gmt":"2020-11-07T08:12:29","slug":"projectes-gep","status":"publish","type":"page","link":"https:\/\/agora.xtec.cat\/sesvallbonadanoia\/estudis\/projectes-del-centre\/area-gep\/projectes-gep\/","title":{"rendered":"Projectes GEP"},"content":{"rendered":"<h3>Curs 20-21<\/h3>\n<p>Let&#8217;s discover the different landscapes and climates of the contintents:<\/p>\n<p><a href=\"https:\/\/docs.google.com\/document\/d\/1t-cp0s5PbDxBmPaz8ljNss1EaXi6Vdjm7R809DmNX3M\/edit?usp=sharing\">L\u00e1zaro_Laura_1ESO_Our_Planet<\/a><\/p>\n<h3>Curs 19-20<\/h3>\n<p>Projectes finals<\/p>\n<p><a href=\"https:\/\/docs.google.com\/document\/d\/1-Dg6Tz3GYSfJ4WnNTiNGFB5GdSam1oG0D5wBip2nack\/edit?usp=sharing\">L\u00e1zaro_Laura_2ESO_Middle_ages<\/a><\/p>\n<p><a href=\"https:\/\/docs.google.com\/document\/d\/1cpPjcfbA-2MzkdIbbYRP2Cfor8MKExsEx-bfRido7z4\/edit?usp=sharing\">L\u00e1zaro_Laura_2ESO_Timeline<\/a><\/p>\n<p><a href=\"https:\/\/docs.google.com\/document\/d\/1eXRhDecbV_Qf5XKvrYdT0sNOVI5Yq28CYOFv8fJq64A\/edit?usp=sharing\">L\u00e1zaro_Laura_3ESO_Let&#8217;s_travel<\/a><\/p>\n<h3>Curs 18-19<\/h3>\n<p>Projectes finals<\/p>\n<p><a href=\"https:\/\/docs.google.com\/document\/d\/19qGGHKkBTFcsPfWP7uupHkubiEZR5MOziStWBxIMLNg\/edit?usp=sharing\">Rodriguez_Pilar_Why_don&#8217;t_we_Project<\/a><\/p>\n<p><a href=\"https:\/\/sites.google.com\/sesvallbona.org\/udgep\/intro\">Raich_Miquel_Why_do_we_pay_in_euros<\/a><\/p>\n<h3>Curs 17-18<\/h3>\n<p>Projectes finals<\/p>\n<p><a href=\"http:\/\/agora.xtec.cat\/sesvallbonadanoia\/wp-content\/uploads\/usu60\/2018\/04\/Rodriguez_Pilar_GEP2_INS-Vallbona_Catalunya-Central_Final-project.pdf\" target=\"_blank\" rel=\"noopener noreferrer\">Rodriguez_Pilar_GEP2_INS Vallbona_Catalunya Central_Final project<\/a><\/p>\n<p><a href=\"http:\/\/agora.xtec.cat\/sesvallbonadanoia\/wp-content\/uploads\/usu60\/2018\/04\/HOW-CAN-WE-MEASURE-LIVING-THINGS-Maria-Llopart.pdf\" target=\"_blank\" rel=\"noopener noreferrer\">HOW CAN WE MEASURE LIVING THINGS Maria Llopart<\/a><\/p>\n<p><a href=\"https:\/\/youtu.be\/1zhBzdeSSNo\">Rainforest &#8211; 4th ESO<\/a>\u00a0by Ivette Tom\u00e1s, Irene Jim\u00e9nez, Judit Requena i Lilia S\u00e1nchez (see the video below)<\/p>\n<h3>Curs 16-17<\/h3>\n<p>Projectes GEP<\/p>\n<p><a href=\"http:\/\/agora.xtec.cat\/sesvallbonadanoia\/wp-content\/uploads\/usu60\/2018\/04\/SESVALLBONADANOIA_Maria-Llopart-_-Fluid-Power.pdf\">SESVALLBONADANOIA_Maria Llopart _ Fluid Power<\/a><\/p>\n<p><a href=\"http:\/\/agora.xtec.cat\/sesvallbonadanoia\/wp-content\/uploads\/usu60\/2018\/04\/SESVallbonadAnoia_Pilar_Rodriguez_-Final-project.pdf\">SESVallbonadAnoia_Pilar_Rodriguez_ Final project<\/a><\/p>\n<p><a href=\"http:\/\/agora.xtec.cat\/sesvallbonadanoia\/wp-content\/uploads\/usu60\/2018\/04\/SESVallbonadAnoia_Jordi_Sole_finalproject.pdf\">SESVallbonadAnoia_Jordi_Sole_finalproject<\/a><\/p>\n<p>Presentacions<\/p>\n<p><a href=\"http:\/\/agora.xtec.cat\/sesvallbonadanoia\/wp-content\/uploads\/usu60\/2018\/04\/implementation-presentation.odp\">GEP &#8211; implemention presentation Jordi<\/a><\/p>\n<p><a href=\"http:\/\/agora.xtec.cat\/sesvallbonadanoia\/wp-content\/uploads\/usu60\/2018\/04\/GEP-Ppt-presentation-Pilar.pptx\">GEP &#8211; Ppt presentation Pilar<\/a><\/p>\n<p>&nbsp;<\/p>\n<p>Recull d&#8217;evid\u00e8ncies:<\/p>\n<ol>\n<li>Google Sites &#8211; Maria Llopart \u00a0<a href=\"https:\/\/sites.google.com\/xtec.cat\/measure-living-things\/presentation\" target=\"_blank\" rel=\"noopener noreferrer\">https:\/\/sites.google.com\/xtec.cat\/measure-living-things\/presentation<\/a><\/li>\n<li>Padlet &#8211; Pilar Rodr\u00edguez \u00a0<a href=\"https:\/\/padlet.com\/prodri25\/measurelivingthings\" target=\"_blank\" rel=\"noopener noreferrer\">https:\/\/padlet.com\/prodri25\/measurelivingthings<\/a><\/li>\n<\/ol>\n<div class=\"padlet-embed\" style=\"border: 1px solid rgba(0,0,0,0.1); border-radius: 2px; box-sizing: border-box; overflow: hidden; position: relative; width: 100%; background: #F4F4F4;\">\n<p style=\"padding: 0; margin: 0;\"><iframe src=\"https:\/\/padlet.com\/embed\/ne9o0s8x8xd5\" frameborder=\"0\"><\/iframe><\/p>\n<div style=\"padding: 8px; text-align: right; margin: 0;\"><a style=\"padding: 0; margin: 0; border: none; display: block; line-height: 1; height: 16px;\" href=\"https:\/\/padlet.com?ref=embed\" target=\"_blank\" rel=\"noopener noreferrer\"><img loading=\"lazy\" decoding=\"async\" style=\"padding: 0; margin: 0; background: none; border: none; display: inline; box-shadow: none;\" src=\"https:\/\/resources.padletcdn.com\/assets\/made_with_padlet.png\" alt=\"Made with Padlet\" width=\"86\" height=\"16\" \/><\/a><\/div>\n<\/div>\n<p>&nbsp;<\/p>\n<div style=\"position: relative; height: 0; padding-bottom: 56.25%;\"><iframe loading=\"lazy\" src=\"https:\/\/www.youtube.com\/embed\/1zhBzdeSSNo?ecver=2\" width=\"640\" height=\"360\" frameborder=\"0\"><\/iframe><\/div>\n","protected":false},"excerpt":{"rendered":"<p>Curs 20-21<br \/>\nLet&#8217;s discover the different landscapes and climates of the contintents:<br \/>\n<a href=\"https:\/\/docs.google.com\/document\/d\/1t-cp0s5PbDxBmPaz8ljNss1EaXi6Vdjm7R809DmNX3M\/edit?usp=sharing\">L\u00e1zaro_Laura_1ESO_Our_Planet<\/a><br \/>\nCurs 19-20<br \/>\nProjectes finals<br \/>\n<a href=\"https:\/\/docs.google.com\/document\/d\/1-Dg6Tz3GYSfJ4WnNTiNGFB5GdSam1oG0D5wBip2nack\/edit?usp=sharing\">L\u00e1zaro_Laura_2ESO_Middle_ages<\/a><br \/>\n<a href=\"https:\/\/docs.google.com\/document\/d\/1cpPjcfbA-2MzkdIbbYRP2Cfor8MKExsEx-bfRido7z4\/edit?usp=sharing\">L\u00e1zaro_Laura_2ESO_Timeline<\/a><br \/>\n<a href=\"https:\/\/docs.google.com\/document\/d\/1eXRhDecbV_Qf5XKvrYdT0sNOVI5Yq28CYOFv8fJq64A\/edit?usp=sharing\">L\u00e1zaro_Laura_3ESO_Let&#8217;s_travel<\/a><br \/>\nCurs 18-19<br \/>\nProjectes finals<br \/>\n<a href=\"https:\/\/docs.google.com\/document\/d\/19qGGHKkBTFcsPfWP7uupHkubiEZR5MOziStWBxIMLNg\/edit?usp=sharing\">Rodriguez_Pilar_Why_don&#8217;t_we_Project<\/a><br \/>\n<a href=\"https:\/\/sites.google.com\/sesvallbona.org\/udgep\/intro\">Raich_Miquel_Why_do_we_pay_in_euros<\/a><br \/>\nCurs 17-18<br \/>\nProjectes finals<br \/>\n<a href=\"http:\/\/agora.xtec.cat\/sesvallbonadanoia\/wp-content\/uploads\/usu60\/2018\/04\/Rodriguez_Pilar_GEP2_INS-Vallbona_Catalunya-Central_Final-project.pdf\" target=\"_blank\" rel=\"noopener noreferrer\">Rodriguez_Pilar_GEP2_INS Vallbona_Catalunya Central_Final project<\/a><br \/>\n<a href=\"http:\/\/agora.xtec.cat\/sesvallbonadanoia\/wp-content\/uploads\/usu60\/2018\/04\/HOW-CAN-WE-MEASURE-LIVING-THINGS-Maria-Llopart.pdf\" target=\"_blank\" rel=\"noopener noreferrer\">HOW CAN WE MEASURE LIVING THINGS Maria Llopart<\/a><br \/>\n<a href=\"https:\/\/youtu.be\/1zhBzdeSSNo\">Rainforest &#8211; 4th ESO<\/a>\u00a0by&hellip;  <a href=\"https:\/\/agora.xtec.cat\/sesvallbonadanoia\/estudis\/projectes-del-centre\/area-gep\/projectes-gep\/\" title=\"Read Projectes GEP\">Llegeix m\u00e9s\u00bb<\/a><\/p>\n","protected":false},"author":1,"featured_media":0,"parent":1302,"menu_order":0,"comment_status":"closed","ping_status":"closed","template":"page-templates\/side-menu.php","meta":{"_bbp_topic_count":0,"_bbp_reply_count":0,"_bbp_total_topic_count":0,"_bbp_total_reply_count":0,"_bbp_voice_count":0,"_bbp_anonymous_reply_count":0,"_bbp_topic_count_hidden":0,"_bbp_reply_count_hidden":0,"_bbp_forum_subforum_count":0,"footnotes":""},"class_list":["post-3193","page","type-page","status-publish","hentry"],"post_mailing_queue_ids":[],"_links":{"self":[{"href":"https:\/\/agora.xtec.cat\/sesvallbonadanoia\/wp-json\/wp\/v2\/pages\/3193","targetHints":{"allow":["GET"]}}],"collection":[{"href":"https:\/\/agora.xtec.cat\/sesvallbonadanoia\/wp-json\/wp\/v2\/pages"}],"about":[{"href":"https:\/\/agora.xtec.cat\/sesvallbonadanoia\/wp-json\/wp\/v2\/types\/page"}],"author":[{"embeddable":true,"href":"https:\/\/agora.xtec.cat\/sesvallbonadanoia\/wp-json\/wp\/v2\/users\/1"}],"replies":[{"embeddable":true,"href":"https:\/\/agora.xtec.cat\/sesvallbonadanoia\/wp-json\/wp\/v2\/comments?post=3193"}],"version-history":[{"count":4,"href":"https:\/\/agora.xtec.cat\/sesvallbonadanoia\/wp-json\/wp\/v2\/pages\/3193\/revisions"}],"predecessor-version":[{"id":7073,"href":"https:\/\/agora.xtec.cat\/sesvallbonadanoia\/wp-json\/wp\/v2\/pages\/3193\/revisions\/7073"}],"up":[{"embeddable":true,"href":"https:\/\/agora.xtec.cat\/sesvallbonadanoia\/wp-json\/wp\/v2\/pages\/1302"}],"wp:attachment":[{"href":"https:\/\/agora.xtec.cat\/sesvallbonadanoia\/wp-json\/wp\/v2\/media?parent=3193"}],"curies":[{"name":"wp","href":"https:\/\/api.w.org\/{rel}","templated":true}]}}