{"id":3191,"date":"2018-04-05T22:23:07","date_gmt":"2018-04-05T20:23:07","guid":{"rendered":"http:\/\/agora.xtec.cat\/sesvallbonadanoia\/?page_id=3191"},"modified":"2018-04-05T22:29:05","modified_gmt":"2018-04-05T20:29:05","slug":"professorat-gep","status":"publish","type":"page","link":"https:\/\/agora.xtec.cat\/sesvallbonadanoia\/estudis\/projectes-del-centre\/area-gep\/professorat-gep\/","title":{"rendered":"Professorat GEP"},"content":{"rendered":"<p>El professorat impulsor del GEP rebr\u00e0 la formaci\u00f3 durant dos cursos per tal d&#8217;introduir l&#8217;aprenentatge d&#8217;una mat\u00e8ria en angl\u00e8s, seguint la metodologia AICLE (CLIL)<\/p>\n<p>Professorat i mat\u00e8ries participants al GEP de 1r any<\/p>\n<table>\n<tbody>\n<tr>\n<td>Mat\u00e8ria<\/td>\n<td>Professorat<\/td>\n<td>Nivells participants<\/td>\n<\/tr>\n<tr>\n<td>Biologia i Geologia<\/td>\n<td>Empar Garcia<\/p>\n<p>Pilar Rodr\u00edguez<\/td>\n<td>1r ESO<\/p>\n<p>3r i 4t d&#8217;ESO<\/td>\n<\/tr>\n<tr>\n<td>Educaci\u00f3 F\u00edsica<\/td>\n<td>Jordi Sol\u00e9<\/td>\n<td>2n i 3r d&#8217;ESO<\/td>\n<\/tr>\n<tr>\n<td>Tecnologia<\/td>\n<td>Maria Llopart<\/td>\n<td>3r i 4t d&#8217;ESO<\/td>\n<\/tr>\n<\/tbody>\n<\/table>\n<p>Professorat i mat\u00e8ries participants al GEP de 2n any<\/p>\n<table>\n<tbody>\n<tr>\n<td>Mat\u00e8ria<\/td>\n<td>Professorat<\/td>\n<td>Nivells participants<\/td>\n<\/tr>\n<tr>\n<td>Biologia i Geologia<\/td>\n<td>Empar Garcia<\/p>\n<p>Pilar Rodr\u00edguez<\/td>\n<td>1r ESO<\/p>\n<p>3r i 4t d&#8217;ESO<\/td>\n<\/tr>\n<tr>\n<td>Matem\u00e0tiques<\/td>\n<td>Maria Llopart<\/td>\n<td>1r d&#8217;ESO<\/td>\n<\/tr>\n<tr>\n<td>Tecnologia<\/td>\n<td>Maria Llopart<\/td>\n<td>3r i 4t d&#8217;ESO<\/td>\n<\/tr>\n<\/tbody>\n<\/table>\n","protected":false},"excerpt":{"rendered":"<p>El professorat impulsor del GEP rebr\u00e0 la formaci\u00f3 durant dos cursos per tal d&#8217;introduir l&#8217;aprenentatge d&#8217;una mat\u00e8ria en angl\u00e8s, seguint la metodologia AICLE (CLIL)<br \/>\nProfessorat i mat\u00e8ries participants al GEP de 1r any<\/p>\n<p>Mat\u00e8ria<br \/>\nProfessorat<br \/>\nNivells participants<\/p>\n<p>Biologia i Geologia<br \/>\nEmpar Garcia<br \/>\nPilar Rodr\u00edguez<br \/>\n1r ESO<br \/>\n3r i 4t d&#8217;ESO<\/p>\n<p>Educaci\u00f3 F\u00edsica<br \/>\nJordi Sol\u00e9<br \/>\n2n i 3r&hellip;  <a href=\"https:\/\/agora.xtec.cat\/sesvallbonadanoia\/estudis\/projectes-del-centre\/area-gep\/professorat-gep\/\" title=\"Read Professorat GEP\">Llegeix m\u00e9s\u00bb<\/a><\/p>\n","protected":false},"author":1,"featured_media":0,"parent":1302,"menu_order":0,"comment_status":"closed","ping_status":"closed","template":"page-templates\/side-menu.php","meta":{"_bbp_topic_count":0,"_bbp_reply_count":0,"_bbp_total_topic_count":0,"_bbp_total_reply_count":0,"_bbp_voice_count":0,"_bbp_anonymous_reply_count":0,"_bbp_topic_count_hidden":0,"_bbp_reply_count_hidden":0,"_bbp_forum_subforum_count":0,"footnotes":""},"class_list":["post-3191","page","type-page","status-publish","hentry"],"post_mailing_queue_ids":[],"_links":{"self":[{"href":"https:\/\/agora.xtec.cat\/sesvallbonadanoia\/wp-json\/wp\/v2\/pages\/3191","targetHints":{"allow":["GET"]}}],"collection":[{"href":"https:\/\/agora.xtec.cat\/sesvallbonadanoia\/wp-json\/wp\/v2\/pages"}],"about":[{"href":"https:\/\/agora.xtec.cat\/sesvallbonadanoia\/wp-json\/wp\/v2\/types\/page"}],"author":[{"embeddable":true,"href":"https:\/\/agora.xtec.cat\/sesvallbonadanoia\/wp-json\/wp\/v2\/users\/1"}],"replies":[{"embeddable":true,"href":"https:\/\/agora.xtec.cat\/sesvallbonadanoia\/wp-json\/wp\/v2\/comments?post=3191"}],"version-history":[{"count":2,"href":"https:\/\/agora.xtec.cat\/sesvallbonadanoia\/wp-json\/wp\/v2\/pages\/3191\/revisions"}],"predecessor-version":[{"id":3197,"href":"https:\/\/agora.xtec.cat\/sesvallbonadanoia\/wp-json\/wp\/v2\/pages\/3191\/revisions\/3197"}],"up":[{"embeddable":true,"href":"https:\/\/agora.xtec.cat\/sesvallbonadanoia\/wp-json\/wp\/v2\/pages\/1302"}],"wp:attachment":[{"href":"https:\/\/agora.xtec.cat\/sesvallbonadanoia\/wp-json\/wp\/v2\/media?parent=3191"}],"curies":[{"name":"wp","href":"https:\/\/api.w.org\/{rel}","templated":true}]}}