{"id":27,"date":"2014-09-17T16:24:03","date_gmt":"2014-09-17T16:24:03","guid":{"rendered":"http:\/\/agora.xtec.cat\/sesvallbonadanoia\/?page_id=27"},"modified":"2025-07-14T20:13:52","modified_gmt":"2025-07-14T18:13:52","slug":"historia","status":"publish","type":"page","link":"https:\/\/agora.xtec.cat\/sesvallbonadanoia\/linstitut\/historia\/","title":{"rendered":"Hist\u00f2ria"},"content":{"rendered":"<h3 style=\"text-align: justify;\"><b>Plantejament institucional<\/b><\/h3>\n<p style=\"text-align: justify;\"><span style=\"font-weight: 400;\">L\u2019institut Vallbona d\u2019Anoia, a la comarca de l\u2019Anoia, es va inaugurar al curs 2008-2009 amb alumnat procedent de Cabrera d\u2019Anoia, Mediona, la Pobla de Claramunt i Vallbona d\u2019Anoia. La Secci\u00f3 d\u2019Institut de Vallbona d\u2019Anoia obria amb dues l\u00ednies per a 1r, 2n i 3r d\u2019ESO en uns m\u00f2duls prefabricats, que acollien les aules i diferents espais a mig construir del nou institut. Setze anys despr\u00e9s continuem amb els mateixos m\u00f2duls prefabricats.<\/span><\/p>\n<h3 style=\"text-align: justify;\"><b>Enfocament: visi\u00f3, missi\u00f3 i valors del centre<\/b><\/h3>\n<p style=\"text-align: justify;\"><b>Missi\u00f3 de centre<\/b><\/p>\n<p style=\"text-align: justify;\"><span style=\"font-weight: 400;\">L\u2019institut Vallbona d\u2019Anoia \u00e9s un centre p\u00fablic d\u2019Educaci\u00f3 Secund\u00e0ria Obligat\u00f2ria que t\u00e9 com a objectiu principal fomentar l&#8217;inter\u00e8s dels joves per l&#8217;aprenentatge, desenvolupant la seva capacitat de plantejar-se preguntes i desitjar aprendre. Es busca incentivar el plaer per la cultura i la lectura, aix\u00ed com ensenyar a gestionar el benestar emocional i social. Acompanyem i orientem els adolescents en aquesta etapa crucial de descoberta personal i professional, guiant-los cap a un enfocament de vida que decideixin amb plena consci\u00e8ncia i responsabilitat, per tal de convertir-se en adults competents, aut\u00f2noms, amb una visi\u00f3 equitativa, inclusiva i pac\u00edfica. Per aconseguir l&#8217;excel\u00b7l\u00e8ncia acad\u00e8mica, promovem la participaci\u00f3 de l\u2019alumnat amb l&#8217;objectiu de formar persones ciutadanes conscients, cr\u00edtiques i compromeses dins del desenvolupament integral de l\u2019alumnat.<\/span><\/p>\n<p style=\"text-align: justify;\"><span style=\"font-weight: 400;\">Per aconseguir aquests objectius, es treballa en les seg\u00fcents l\u00ednies:<\/span><\/p>\n<table>\n<tbody>\n<tr>\n<td>\n<ul>\n<li style=\"font-weight: 400;\" aria-level=\"1\"><span style=\"font-weight: 400;\">Presentar el curr\u00edculum de manera motivadora: Adaptant-lo a les necessitats de cada alumne\/a, sent flexibles per atendre diferents ritmes, interessos i adaptacions, i assegurant que tothom se senti integrat.<\/span><\/li>\n<li style=\"font-weight: 400;\" aria-level=\"1\"><span style=\"font-weight: 400;\">Afavorir una bona conviv\u00e8ncia: Utilitzant l&#8217;enfocament restauratiu global per a tota la comunitat educativa.<\/span><\/li>\n<li style=\"font-weight: 400;\" aria-level=\"1\"><span style=\"font-weight: 400;\">Fomentar la comunicaci\u00f3 i el di\u00e0leg en diferents lleng\u00fces: Potenciant l\u2019\u00fas del catal\u00e0 com a llengua vehicular.<\/span><\/li>\n<li style=\"font-weight: 400;\" aria-level=\"1\"><span style=\"font-weight: 400;\">Impulsar l\u2019aplicaci\u00f3 de les noves tecnologies: Integrant-les en totes les \u00e0rees.<\/span><\/li>\n<li style=\"font-weight: 400;\" aria-level=\"1\"><span style=\"font-weight: 400;\">Desenvolupar la part art\u00edstica de l\u2019alumnat: Valorant els processos creatius en diferents \u00e0rees i utilitzant l\u2019art pl\u00e0stic, musical i teatral per vertebrar projectes i crear sinergies entre diferents \u00e0mbits.<\/span><\/li>\n<li style=\"font-weight: 400;\" aria-level=\"1\"><span style=\"font-weight: 400;\">Promoure una escola sostenible amb el medi ambient: Tenint cura del centre i del seu entorn.<\/span><\/li>\n<li style=\"font-weight: 400;\" aria-level=\"1\"><span style=\"font-weight: 400;\">Crear material pedag\u00f2gic en comunitat: Perqu\u00e8 els llibres no siguin l&#8217;\u00fanic patr\u00f3 de l\u2019aprenentatge, sin\u00f3 un suport complementari.<\/span><\/li>\n<li style=\"font-weight: 400;\" aria-level=\"1\"><span style=\"font-weight: 400;\">Enfocar la professionalitat docent cap al comprom\u00eds i la creativitat: Formant docents flexibles, capa\u00e7os de cooperar, reinventar-se i transformar les seves pr\u00e0ctiques amb codoc\u00e8ncia o multidoc\u00e8ncia, i creant din\u00e0miques m\u00e9s aut\u00f2nomes per a l\u2019alumnat.<\/span><\/li>\n<\/ul>\n<\/td>\n<\/tr>\n<\/tbody>\n<\/table>\n<p style=\"text-align: justify;\"><span style=\"font-weight: 400;\">A l\u2019institut Vallbona d\u2019Anoia, ens comprometem a proporcionar una educaci\u00f3 integral que prepari els nostres alumnes per afrontar el futur amb confian\u00e7a, responsabilitat i una visi\u00f3 cr\u00edtica i compromesa amb la societat.<\/span><\/p>\n<p style=\"text-align: justify;\"><b>Visi\u00f3 de centre<\/b><\/p>\n<p style=\"text-align: justify;\"><span style=\"font-weight: 400;\">Volem ser un centre de qualitat, que ofereix un bon nivell acad\u00e8mic, emocional i social, per la formaci\u00f3 de les persones que estudien en ell. Ser un centre que treballa amb sinergies entre docents, alumnat, fam\u00edlies i membres PAS<\/span><span style=\"font-weight: 400;\">. Un centre en qu\u00e8 tothom es respecta i s\u2019escolta, fomentant la conviv\u00e8ncia amb la interacci\u00f3 de grups heterogenis i homogenis, segons les activitats proposades. Que formi a persones aut\u00f2nomes, responsables i conscients del seu aprenentatge. Es vol fomentar el model cooperatiu, per treballar amb objectius comuns, com diu Musons<\/span><span style=\"font-weight: 400;\">:<\/span> <b><i>Cooperar per aprendre i aprendre per cooperar<\/i><\/b><span style=\"font-weight: 400;\">. <\/span><span style=\"font-weight: 400;\">Promoure l&#8217;aprenentatge com un proc\u00e9s continu i permanent a tots els nivells de la vida, animant a estudiants i membres del personal a ser aprenents al llarg de tota la vida (lifelong learning)<\/span><span style=\"font-weight: 400;\">.<\/span><\/p>\n<p style=\"text-align: justify;\"><b>Valors de centre<\/b><\/p>\n<p style=\"text-align: justify;\"><span style=\"font-weight: 400;\">Els valors<\/span><span style=\"font-weight: 400;\"> que guien la nostra actuaci\u00f3 s\u00f3n:<\/span><\/p>\n<table>\n<tbody>\n<tr>\n<td>\n<ul>\n<li style=\"font-weight: 400;\" aria-level=\"1\"><b>Respecte i escolta <\/b><span style=\"font-weight: 400;\">entre els membres de la <\/span><b>comunitat educativa.<\/b><\/li>\n<li style=\"font-weight: 400;\" aria-level=\"1\"><span style=\"font-weight: 400;\">Estima per les <\/span><b>diferents cultures <\/b><span style=\"font-weight: 400;\">i acceptaci\u00f3 de la <\/span><b>diversitat cultural.<\/b><span style=\"font-weight: 400;\">\u00a0<\/span><\/li>\n<li style=\"font-weight: 400;\" aria-level=\"1\"><span style=\"font-weight: 400;\">Foment de la <\/span><b>CNV<\/b><span style=\"font-weight: 400;\"> al centre, potenciant la conviv\u00e8ncia i el benestar de tothom.<\/span><\/li>\n<li style=\"font-weight: 400;\" aria-level=\"1\"><b>Respecte i cura<\/b><span style=\"font-weight: 400;\"> pel <\/span><b>Medi Ambient<\/b><span style=\"font-weight: 400;\"> i per l\u2019entorn del centre.<\/span><\/li>\n<li style=\"font-weight: 400;\" aria-level=\"1\"><b>Recerca cooperativa <\/b><span style=\"font-weight: 400;\">pels bons resultats, treballant amb grups cooperatius i agrupaments multinivell. Cooperar per aprendre, aprendre per cooperar, fent agrupaments <\/span><span style=\"font-weight: 400;\">\u00a0<\/span><span style=\"font-weight: 400;\">heterogenis i homogenis per la millora de la conviv\u00e8ncia.<\/span><\/li>\n<li style=\"font-weight: 400;\" aria-level=\"1\"><span style=\"font-weight: 400;\">Sensibilitzaci\u00f3 en <\/span><b>coeducaci\u00f3, igualtat i perspectiva de g\u00e8nere.<\/b><\/li>\n<li style=\"font-weight: 400;\" aria-level=\"1\"><span style=\"font-weight: 400;\">Promoci\u00f3 de la <\/span><b>compet\u00e8ncia ling\u00fc\u00edstica<\/b><span style=\"font-weight: 400;\">, no nom\u00e9s la llengua catalana, sin\u00f3 la diversitat de lleng\u00fces dins el projecte ling\u00fc\u00edstic educatiu.<\/span><\/li>\n<li style=\"font-weight: 400;\" aria-level=\"1\"><b>Potenciaci\u00f3 de la cultura de l\u2019esfor\u00e7 i rigor <\/b><span style=\"font-weight: 400;\">en el treball, la responsabilitat i la consci\u00e8ncia en el propi aprenentatge, per obtenir processos i productes finals de qualitat i satisfacci\u00f3.<\/span><\/li>\n<li style=\"font-weight: 400;\" aria-level=\"1\"><span style=\"font-weight: 400;\">Desperta de l\u2019esperit cr\u00edtic, de llibertat, d\u2019expressi\u00f3, de participaci\u00f3, de democr\u00e0cia i de progr\u00e9s, preparant l\u2019alumnat per a un futur actiu i comprom\u00e8s amb la societat.<\/span><\/li>\n<\/ul>\n<\/td>\n<\/tr>\n<\/tbody>\n<\/table>\n<p style=\"text-align: justify;\">\n","protected":false},"excerpt":{"rendered":"<p>Plantejament institucional<br \/>\nL\u2019institut Vallbona d\u2019Anoia, a la comarca de l\u2019Anoia, es va inaugurar al curs 2008-2009 amb alumnat procedent de Cabrera d\u2019Anoia, Mediona, la Pobla de Claramunt i Vallbona d\u2019Anoia. La Secci\u00f3 d\u2019Institut de Vallbona d\u2019Anoia obria amb dues l\u00ednies per a 1r, 2n i 3r&hellip;  <a href=\"https:\/\/agora.xtec.cat\/sesvallbonadanoia\/linstitut\/historia\/\" title=\"Read Hist\u00f2ria\">Llegeix m\u00e9s\u00bb<\/a><\/p>\n","protected":false},"author":1,"featured_media":0,"parent":19,"menu_order":20,"comment_status":"closed","ping_status":"closed","template":"page-templates\/side-menu.php","meta":{"_bbp_topic_count":0,"_bbp_reply_count":0,"_bbp_total_topic_count":0,"_bbp_total_reply_count":0,"_bbp_voice_count":0,"_bbp_anonymous_reply_count":0,"_bbp_topic_count_hidden":0,"_bbp_reply_count_hidden":0,"_bbp_forum_subforum_count":0,"footnotes":""},"class_list":["post-27","page","type-page","status-publish","hentry"],"post_mailing_queue_ids":[],"_links":{"self":[{"href":"https:\/\/agora.xtec.cat\/sesvallbonadanoia\/wp-json\/wp\/v2\/pages\/27","targetHints":{"allow":["GET"]}}],"collection":[{"href":"https:\/\/agora.xtec.cat\/sesvallbonadanoia\/wp-json\/wp\/v2\/pages"}],"about":[{"href":"https:\/\/agora.xtec.cat\/sesvallbonadanoia\/wp-json\/wp\/v2\/types\/page"}],"author":[{"embeddable":true,"href":"https:\/\/agora.xtec.cat\/sesvallbonadanoia\/wp-json\/wp\/v2\/users\/1"}],"replies":[{"embeddable":true,"href":"https:\/\/agora.xtec.cat\/sesvallbonadanoia\/wp-json\/wp\/v2\/comments?post=27"}],"version-history":[{"count":6,"href":"https:\/\/agora.xtec.cat\/sesvallbonadanoia\/wp-json\/wp\/v2\/pages\/27\/revisions"}],"predecessor-version":[{"id":12194,"href":"https:\/\/agora.xtec.cat\/sesvallbonadanoia\/wp-json\/wp\/v2\/pages\/27\/revisions\/12194"}],"up":[{"embeddable":true,"href":"https:\/\/agora.xtec.cat\/sesvallbonadanoia\/wp-json\/wp\/v2\/pages\/19"}],"wp:attachment":[{"href":"https:\/\/agora.xtec.cat\/sesvallbonadanoia\/wp-json\/wp\/v2\/media?parent=27"}],"curies":[{"name":"wp","href":"https:\/\/api.w.org\/{rel}","templated":true}]}}