{"id":1920,"date":"2017-05-19T00:42:39","date_gmt":"2017-05-18T22:42:39","guid":{"rendered":"http:\/\/agora.xtec.cat\/sesvallbonadanoia\/?page_id=1920"},"modified":"2020-07-21T10:09:35","modified_gmt":"2020-07-21T08:09:35","slug":"enquesta-de-les-families","status":"publish","type":"page","link":"https:\/\/agora.xtec.cat\/sesvallbonadanoia\/secretaria\/enquesta-de-les-families\/","title":{"rendered":"Enquestes i resultats"},"content":{"rendered":"<p>Benvolgudes fam\u00edlies,<\/p>\n<p>Per tal de continuar millorant el centre i fer-lo m\u00e9s proper a les fam\u00edlies, us agra\u00efm que empleneu aquesta enquesta, valorant el centre durant aquest curs 2019-20. Recollirem dades<strong>\u00a0fins al 12 de juliol.<\/strong><\/p>\n<p>\u27a1 <a href=\"https:\/\/forms.gle\/7aS58MSog1kMRLiH9\" target=\"_blank\" rel=\"noopener noreferrer\">Acc\u00e9s a l&#8217;enquesta de fam\u00edlies (feu clic aqu\u00ed)<\/a>\u00a0&#8211; Enquesta tancada<\/p>\n<h2>Resultat de l&#8217;enquesta del curs 2019-2020<\/h2>\n<table style=\"width: 534px;\">\n<tbody>\n<tr>\n<td style=\"width: 212.40625px;\">ENQUESTA<\/td>\n<td style=\"width: 313.609375px;\">RESULTAT<\/td>\n<\/tr>\n<tr>\n<td style=\"width: 212.40625px;\">Alumnat<\/td>\n<td style=\"width: 313.609375px;\">\u00a0\u27a1 <a href=\"https:\/\/docs.google.com\/forms\/d\/e\/1FAIpQLSfJ74aSJKO1zCShNqLdLgaGDt7LzEVUSYsuN_u5I56fzwKi3A\/viewanalytics\">Enlla\u00e7 al resultat alumnat<\/a><\/td>\n<\/tr>\n<tr>\n<td style=\"width: 212.40625px;\">Fam\u00edlies<\/td>\n<td style=\"width: 313.609375px;\">\u00a0\u27a1 <a href=\"https:\/\/docs.google.com\/forms\/d\/e\/1FAIpQLSenUYKwoC7MevDbVs9z3wNyGatzoB7t8PvJ_DW6PhPQo6-ngg\/viewanalytics\">Enlla\u00e7 al resultat fam\u00edlies<\/a><\/td>\n<\/tr>\n<tr>\n<td style=\"width: 212.40625px;\">Professorat<\/td>\n<td style=\"width: 313.609375px;\">\u00a0\u27a1 <a href=\"https:\/\/docs.google.com\/forms\/d\/e\/1FAIpQLScNj4WI39A4iMy5Omk0gNL0Yrg7cwm9t7LZ6gH7WTNRP5IC0Q\/viewanalytics\">Enlla\u00e7 al resultat docents<\/a><\/td>\n<\/tr>\n<\/tbody>\n<\/table>\n<h2>Resultat de l&#8217;enquesta del curs 2018-2019<\/h2>\n<p>Nombre de\u00a0respostes enregistrades: 45<\/p>\n<div dir=\"ltr\">\n<table>\n<tbody>\n<tr>\n<td colspan=\"2\">\n<p dir=\"ltr\">PREGUNTA<\/p>\n<\/td>\n<td>\n<p dir=\"ltr\">GLOBAL<\/p>\n<\/td>\n<\/tr>\n<tr>\n<td>\n<p dir=\"ltr\">1<\/p>\n<\/td>\n<td>\n<p dir=\"ltr\">La formaci\u00f3 acad\u00e8mica que rep el vostre fill\/a<\/p>\n<\/td>\n<td>\n<p dir=\"ltr\">8,0<\/p>\n<\/td>\n<\/tr>\n<tr>\n<td>\n<p dir=\"ltr\">2<\/p>\n<\/td>\n<td>\n<p dir=\"ltr\">La tasca que realitza el professorat<\/p>\n<\/td>\n<td>\n<p dir=\"ltr\">8,2<\/p>\n<\/td>\n<\/tr>\n<tr>\n<td>\n<p dir=\"ltr\">3<\/p>\n<\/td>\n<td>\n<p dir=\"ltr\">Les normes de funcionament i conviv\u00e8ncia del centre<\/p>\n<\/td>\n<td>\n<p dir=\"ltr\">8,2<\/p>\n<\/td>\n<\/tr>\n<tr>\n<td>\n<p dir=\"ltr\">4<\/p>\n<\/td>\n<td>\n<p dir=\"ltr\">L&#8217;\u00fas d&#8217;ordinadors i llibres digitals<\/p>\n<\/td>\n<td>\n<p dir=\"ltr\">7,7<\/p>\n<\/td>\n<\/tr>\n<tr>\n<td>\n<p dir=\"ltr\">5<\/p>\n<\/td>\n<td>\n<p dir=\"ltr\">L&#8217;atenci\u00f3 que rebeu per part del tutor<\/p>\n<\/td>\n<td>\n<p dir=\"ltr\">8,5<\/p>\n<\/td>\n<\/tr>\n<tr>\n<td>\n<p dir=\"ltr\">6<\/p>\n<\/td>\n<td>\n<p dir=\"ltr\">L&#8217;atenci\u00f3 rebuda per part del professorat als f\u00f2rums de fam\u00edlies<\/p>\n<\/td>\n<td>\n<p dir=\"ltr\">8,7<\/p>\n<\/td>\n<\/tr>\n<tr>\n<td>\n<p dir=\"ltr\">7<\/p>\n<\/td>\n<td>\n<p dir=\"ltr\">La comunicaci\u00f3 entre les fam\u00edlies i els professors<\/p>\n<\/td>\n<td>\n<p dir=\"ltr\">8,4<\/p>\n<\/td>\n<\/tr>\n<tr>\n<td>\n<p dir=\"ltr\">8<\/p>\n<\/td>\n<td>\n<p dir=\"ltr\">El tracte que rebeu de l&#8217;equip directiu<\/p>\n<\/td>\n<td>\n<p dir=\"ltr\">8,8<\/p>\n<\/td>\n<\/tr>\n<tr>\n<td>\n<p dir=\"ltr\">9<\/p>\n<\/td>\n<td>\n<p dir=\"ltr\">L&#8217;atenci\u00f3 que rebeu per part del personal administratiu i de serveis (conserges i administrativa)<\/p>\n<\/td>\n<td>\n<p dir=\"ltr\">8,8<\/p>\n<\/td>\n<\/tr>\n<tr>\n<td>\n<p dir=\"ltr\">10<\/p>\n<\/td>\n<td>\n<p dir=\"ltr\">Consulteu iEduca per estar informats?<\/p>\n<\/td>\n<td>\n<p dir=\"ltr\">78% S\u00ed, 22% No<\/p>\n<\/td>\n<\/tr>\n<tr>\n<td>\n<p dir=\"ltr\">11<\/p>\n<\/td>\n<td>\n<p dir=\"ltr\">Qu\u00e8 consulten les fam\u00edlies a iEduca?<\/p>\n<\/td>\n<td>\n<p dir=\"ltr\">Principalment les abs\u00e8ncies i les faltes<\/p>\n<\/td>\n<\/tr>\n<tr>\n<td>\n<p dir=\"ltr\">12<\/p>\n<\/td>\n<td>\n<p dir=\"ltr\">Esteu satisfets amb els aprenentatges dels vostres fills?<\/p>\n<\/td>\n<td>\n<p dir=\"ltr\">8,0<\/p>\n<\/td>\n<\/tr>\n<tr>\n<td>\n<p dir=\"ltr\">13<\/p>\n<\/td>\n<td>\n<p dir=\"ltr\">Valoreu les sortides escolars<\/p>\n<\/td>\n<td>\n<p dir=\"ltr\">8,2<\/p>\n<\/td>\n<\/tr>\n<tr>\n<td>\n<p dir=\"ltr\">14<\/p>\n<\/td>\n<td>\n<p dir=\"ltr\">Valoreu els projectes del centre<\/p>\n<p dir=\"ltr\" style=\"text-align: right;\">#aqu\u00edproubullying<\/p>\n<p dir=\"ltr\" style=\"text-align: right;\">Servei comunitari de 4t<\/p>\n<p dir=\"ltr\" style=\"text-align: right;\">GEP (projectes en angl\u00e8s)<\/p>\n<p dir=\"ltr\" style=\"text-align: right;\">Lectura al centre<\/p>\n<p dir=\"ltr\" style=\"text-align: right;\">Salut i Escola (infermera)<\/p>\n<p dir=\"ltr\" style=\"text-align: right;\">Teatre, Caixaescena, No-res teatre<\/p>\n<p dir=\"ltr\" style=\"text-align: right;\">Optatives transversals<\/p>\n<p dir=\"ltr\" style=\"text-align: right;\">Espai Valida\u2019t (gesti\u00f3 emocional)<\/p>\n<p dir=\"ltr\" style=\"text-align: right;\">F\u00f2rums de fam\u00edlies<\/p>\n<p dir=\"ltr\" style=\"text-align: right;\">Mediaci\u00f3 escolar (resoluci\u00f3 de conflictes)<\/p>\n<p dir=\"ltr\" style=\"text-align: right;\">Treball per projectes a 1r, 2n i 3r d\u2019ESO<\/p>\n<p dir=\"ltr\" style=\"text-align: right;\">Projecte de recerca de 4t d\u2019ESO<\/p>\n<\/td>\n<td>\n<p dir=\"ltr\">7,3<\/p>\n<p dir=\"ltr\">8,3<\/p>\n<p dir=\"ltr\">7,3<\/p>\n<p dir=\"ltr\">7,5<\/p>\n<p dir=\"ltr\">7,4<\/p>\n<p dir=\"ltr\">7,8<\/p>\n<p dir=\"ltr\">7,3<\/p>\n<p dir=\"ltr\">7,7<\/p>\n<p dir=\"ltr\">7,5<\/p>\n<p dir=\"ltr\">8,2<\/p>\n<p dir=\"ltr\">8,0<\/p>\n<p dir=\"ltr\">7,8<\/p>\n<p dir=\"ltr\">7,7<\/p>\n<\/td>\n<\/tr>\n<tr>\n<td>\n<p dir=\"ltr\">15<\/p>\n<\/td>\n<td>\n<p dir=\"ltr\">En general, esteu satisfets amb el centre?<\/p>\n<\/td>\n<td>\n<p dir=\"ltr\">8,4<\/p>\n<\/td>\n<\/tr>\n<\/tbody>\n<\/table>\n<\/div>\n<p>&nbsp;<\/p>\n<h2>Resultat de l&#8217;enquesta del curs 2017-2018<\/h2>\n<p>Nombre de\u00a0respostes enregistrades: 42<\/p>\n<table>\n<tbody>\n<tr style=\"height: 57px;\">\n<td style=\"height: 57px; width: 818.921875px;\" colspan=\"2\"><strong>PREGUNTA<\/strong><\/td>\n<td style=\"height: 57px; width: 77.078125px;\"><strong>GLOBAL<\/strong><\/td>\n<\/tr>\n<tr style=\"height: 57px;\">\n<td style=\"height: 57px; width: 35.078125px;\">1<\/td>\n<td style=\"height: 57px; width: 781.84375px;\">La formaci\u00f3 acad\u00e8mica que rep el vostre fill\/a<\/td>\n<td style=\"height: 57px; width: 77.078125px;\">7,5<\/td>\n<\/tr>\n<tr style=\"height: 57px;\">\n<td style=\"height: 57px; width: 35.078125px;\">2<\/td>\n<td style=\"height: 57px; width: 781.84375px;\">La tasca que realitza el professorat<\/td>\n<td style=\"height: 57px; width: 77.078125px;\">7,4<\/td>\n<\/tr>\n<tr style=\"height: 57px;\">\n<td style=\"height: 57px; width: 35.078125px;\">3<\/td>\n<td style=\"height: 57px; width: 781.84375px;\">Les normes de funcionament i conviv\u00e8ncia del centre<\/td>\n<td style=\"height: 57px; width: 77.078125px;\">7,5<\/td>\n<\/tr>\n<tr style=\"height: 57px;\">\n<td style=\"height: 57px; width: 35.078125px;\">4<\/td>\n<td style=\"height: 57px; width: 781.84375px;\">L&#8217;\u00fas d&#8217;ordinadors i llibres digitals<\/td>\n<td style=\"height: 57px; width: 77.078125px;\">6,9<\/td>\n<\/tr>\n<tr style=\"height: 79px;\">\n<td style=\"height: 79px; width: 35.078125px;\">5<\/td>\n<td style=\"height: 79px; width: 781.84375px;\">Indiqueu en quin grau esteu d\u2019acord que el centre aposti per un model de \u201cMaletes lleugeres\u201d, potenciant els recursos digitals per tal de minimitzar el pes que porten<\/td>\n<td style=\"height: 79px; width: 77.078125px;\">7,9<\/td>\n<\/tr>\n<tr style=\"height: 57px;\">\n<td style=\"height: 57px; width: 35.078125px;\">6<\/td>\n<td style=\"height: 57px; width: 781.84375px;\">L&#8217;atenci\u00f3 que rebeu per part del tutor<\/td>\n<td style=\"height: 57px; width: 77.078125px;\">7,9<\/td>\n<\/tr>\n<tr style=\"height: 57px;\">\n<td style=\"height: 57px; width: 35.078125px;\">7<\/td>\n<td style=\"height: 57px; width: 781.84375px;\">L&#8217;atenci\u00f3 rebuda per part del professorat als f\u00f2rums de fam\u00edlies<\/td>\n<td style=\"height: 57px; width: 77.078125px;\">8,1<\/td>\n<\/tr>\n<tr style=\"height: 57px;\">\n<td style=\"height: 57px; width: 35.078125px;\">8<\/td>\n<td style=\"height: 57px; width: 781.84375px;\">La comunicaci\u00f3 entre les fam\u00edlies i els professors<\/td>\n<td style=\"height: 57px; width: 77.078125px;\">7,5<\/td>\n<\/tr>\n<tr style=\"height: 57px;\">\n<td style=\"height: 57px; width: 35.078125px;\">9<\/td>\n<td style=\"height: 57px; width: 781.84375px;\">El tracte que rebeu de l&#8217;equip directiu<\/td>\n<td style=\"height: 57px; width: 77.078125px;\">8,2<\/td>\n<\/tr>\n<tr style=\"height: 79px;\">\n<td style=\"height: 79px; width: 35.078125px;\">10<\/td>\n<td style=\"height: 79px; width: 781.84375px;\">L&#8217;atenci\u00f3 que rebeu per part del personal administratiu i de serveis (conserges i administrativa)<\/td>\n<td style=\"height: 79px; width: 77.078125px;\">8,8<\/td>\n<\/tr>\n<tr style=\"height: 57px;\">\n<td style=\"height: 57px; width: 35.078125px;\">11<\/td>\n<td style=\"height: 57px; width: 781.84375px;\">Esteu satisfets amb els aprenentatges dels vostres fills?<\/td>\n<td style=\"height: 57px; width: 77.078125px;\">7,6<\/td>\n<\/tr>\n<tr style=\"height: 32px;\">\n<td style=\"height: 32px; width: 35.078125px;\">12<\/td>\n<td style=\"height: 32px; width: 781.84375px;\">Valoreu les sortides escolars<\/td>\n<td style=\"height: 32px; width: 77.078125px;\">8<\/td>\n<\/tr>\n<tr style=\"height: 57px;\">\n<td style=\"height: 57px; width: 35.078125px;\">13<\/td>\n<td style=\"height: 57px; width: 781.84375px;\">Valoreu l\u2019intercanvi amb Fran\u00e7a, si hi heu participat<\/td>\n<td style=\"height: 57px; width: 77.078125px;\">7,9<\/td>\n<\/tr>\n<tr style=\"height: 57px;\">\n<td style=\"height: 57px; width: 35.078125px;\">14<\/td>\n<td style=\"height: 57px; width: 781.84375px;\">En general, esteu satisfets amb el centre?<\/td>\n<td style=\"height: 57px; width: 77.078125px;\">8,9<\/td>\n<\/tr>\n<tr style=\"height: 57px;\">\n<td style=\"height: 57px; width: 35.078125px;\"><\/td>\n<td style=\"height: 57px; width: 781.84375px;\">\n<h3>TOTAL<\/h3>\n<\/td>\n<td style=\"height: 57px; width: 77.078125px;\">\n<h3>7,86<\/h3>\n<\/td>\n<\/tr>\n<\/tbody>\n<\/table>\n<h2><\/h2>\n<p>&nbsp;<\/p>\n<h2>Resultat de l&#8217;enquesta del curs 2016-2017<\/h2>\n<p>Nombre de\u00a0respostes enregistrades: 45<\/p>\n<table>\n<tbody>\n<tr>\n<td colspan=\"2\"><strong>PREGUNTA<\/strong><\/td>\n<td style=\"text-align: center;\"><strong>GLOBAL<\/strong><\/td>\n<\/tr>\n<tr>\n<td><span style=\"font-weight: 400;\">1<\/span><\/td>\n<td><span style=\"font-weight: 400;\">La formaci\u00f3 acad\u00e8mica que rep el vostre fill\/a<\/span><\/td>\n<td style=\"text-align: center;\"><span style=\"font-weight: 400;\">7,8<\/span><\/td>\n<\/tr>\n<tr>\n<td><span style=\"font-weight: 400;\">2<\/span><\/td>\n<td><span style=\"font-weight: 400;\">La tasca que realitza el professorat<\/span><\/td>\n<td style=\"text-align: center;\"><span style=\"font-weight: 400;\">7,8<\/span><\/td>\n<\/tr>\n<tr>\n<td><span style=\"font-weight: 400;\">3<\/span><\/td>\n<td><span style=\"font-weight: 400;\">Les normes de funcionament i conviv\u00e8ncia del centre<\/span><\/td>\n<td style=\"text-align: center;\"><span style=\"font-weight: 400;\">8<\/span><\/td>\n<\/tr>\n<tr>\n<td><span style=\"font-weight: 400;\">4<\/span><\/td>\n<td><span style=\"font-weight: 400;\">L&#8217;\u00fas d&#8217;ordinadors i llibres digitals<\/span><\/td>\n<td style=\"text-align: center;\"><span style=\"font-weight: 400;\">7,1<\/span><\/td>\n<\/tr>\n<tr>\n<td><span style=\"font-weight: 400;\">5<\/span><\/td>\n<td><span style=\"font-weight: 400;\">L&#8217;atenci\u00f3 que rebeu per part del tutor<\/span><\/td>\n<td style=\"text-align: center;\"><span style=\"font-weight: 400;\">8<\/span><\/td>\n<\/tr>\n<tr>\n<td><span style=\"font-weight: 400;\">6<\/span><\/td>\n<td><span style=\"font-weight: 400;\">L&#8217;atenci\u00f3 rebuda per part del professorat als f\u00f2rums de fam\u00edlies<\/span><\/td>\n<td style=\"text-align: center;\"><span style=\"font-weight: 400;\">8,4<\/span><\/td>\n<\/tr>\n<tr>\n<td><span style=\"font-weight: 400;\">7<\/span><\/td>\n<td><span style=\"font-weight: 400;\">La comunicaci\u00f3 entre les fam\u00edlies i els professors<\/span><\/td>\n<td style=\"text-align: center;\"><span style=\"font-weight: 400;\">8<\/span><\/td>\n<\/tr>\n<tr>\n<td><span style=\"font-weight: 400;\">8<\/span><\/td>\n<td><span style=\"font-weight: 400;\">El tracte que rebeu de l&#8217;equip directiu<\/span><\/td>\n<td style=\"text-align: center;\"><span style=\"font-weight: 400;\">8,6<\/span><\/td>\n<\/tr>\n<tr>\n<td><span style=\"font-weight: 400;\">9<\/span><\/td>\n<td><span style=\"font-weight: 400;\">L&#8217;atenci\u00f3 que rebeu per part del personal administratiu i de serveis (conserges i administrativa)<\/span><\/td>\n<td style=\"text-align: center;\"><span style=\"font-weight: 400;\">9<\/span><\/td>\n<\/tr>\n<tr>\n<td><span style=\"font-weight: 400;\">10<\/span><\/td>\n<td><span style=\"font-weight: 400;\">Esteu satisfets amb els aprenentatges dels vostres fills?<\/span><\/td>\n<td style=\"text-align: center;\"><span style=\"font-weight: 400;\">7,8<\/span><\/td>\n<\/tr>\n<tr>\n<td><span style=\"font-weight: 400;\">11<\/span><\/td>\n<td><span style=\"font-weight: 400;\">Valoreu les sortides escolars<\/span><\/td>\n<td style=\"text-align: center;\"><span style=\"font-weight: 400;\">8,5<\/span><\/td>\n<\/tr>\n<tr>\n<td><span style=\"font-weight: 400;\">12<\/span><\/td>\n<td><span style=\"font-weight: 400;\">Valoreu els projectes del centre (Erasmus+)<\/span><\/td>\n<td style=\"text-align: center;\"><span style=\"font-weight: 400;\">7,3<\/span><\/td>\n<\/tr>\n<tr>\n<td><span style=\"font-weight: 400;\">13<\/span><\/td>\n<td><span style=\"font-weight: 400;\">En general, esteu satisfets amb el centre?<\/span><\/td>\n<td style=\"text-align: center;\"><span style=\"font-weight: 400;\">8,3<\/span><\/td>\n<\/tr>\n<tr>\n<td><\/td>\n<td>\n<h3><strong>TOTAL<\/strong><\/h3>\n<\/td>\n<td style=\"text-align: center;\">\n<h3><strong>8,05<\/strong><\/h3>\n<\/td>\n<\/tr>\n<\/tbody>\n<\/table>\n","protected":false},"excerpt":{"rendered":"<p>Benvolgudes fam\u00edlies,<br \/>\nPer tal de continuar millorant el centre i fer-lo m\u00e9s proper a les fam\u00edlies, us agra\u00efm que empleneu aquesta enquesta, valorant el centre durant aquest curs 2019-20. Recollirem dades\u00a0fins al 12 de juliol.<br \/>\n\u27a1 <a href=\"https:\/\/forms.gle\/7aS58MSog1kMRLiH9\" target=\"_blank\" rel=\"noopener noreferrer\">Acc\u00e9s a l&#8217;enquesta de fam\u00edlies (feu clic&hellip;  <a href=\"https:\/\/agora.xtec.cat\/sesvallbonadanoia\/secretaria\/enquesta-de-les-families\/\" title=\"Read Enquestes i resultats\">Llegeix m\u00e9s\u00bb<\/a><\/p>\n","protected":false},"author":1,"featured_media":0,"parent":81,"menu_order":0,"comment_status":"closed","ping_status":"closed","template":"page-templates\/side-menu.php","meta":{"_bbp_topic_count":0,"_bbp_reply_count":0,"_bbp_total_topic_count":0,"_bbp_total_reply_count":0,"_bbp_voice_count":0,"_bbp_anonymous_reply_count":0,"_bbp_topic_count_hidden":0,"_bbp_reply_count_hidden":0,"_bbp_forum_subforum_count":0,"footnotes":""},"class_list":["post-1920","page","type-page","status-publish","hentry"],"post_mailing_queue_ids":[],"_links":{"self":[{"href":"https:\/\/agora.xtec.cat\/sesvallbonadanoia\/wp-json\/wp\/v2\/pages\/1920","targetHints":{"allow":["GET"]}}],"collection":[{"href":"https:\/\/agora.xtec.cat\/sesvallbonadanoia\/wp-json\/wp\/v2\/pages"}],"about":[{"href":"https:\/\/agora.xtec.cat\/sesvallbonadanoia\/wp-json\/wp\/v2\/types\/page"}],"author":[{"embeddable":true,"href":"https:\/\/agora.xtec.cat\/sesvallbonadanoia\/wp-json\/wp\/v2\/users\/1"}],"replies":[{"embeddable":true,"href":"https:\/\/agora.xtec.cat\/sesvallbonadanoia\/wp-json\/wp\/v2\/comments?post=1920"}],"version-history":[{"count":4,"href":"https:\/\/agora.xtec.cat\/sesvallbonadanoia\/wp-json\/wp\/v2\/pages\/1920\/revisions"}],"predecessor-version":[{"id":6660,"href":"https:\/\/agora.xtec.cat\/sesvallbonadanoia\/wp-json\/wp\/v2\/pages\/1920\/revisions\/6660"}],"up":[{"embeddable":true,"href":"https:\/\/agora.xtec.cat\/sesvallbonadanoia\/wp-json\/wp\/v2\/pages\/81"}],"wp:attachment":[{"href":"https:\/\/agora.xtec.cat\/sesvallbonadanoia\/wp-json\/wp\/v2\/media?parent=1920"}],"curies":[{"name":"wp","href":"https:\/\/api.w.org\/{rel}","templated":true}]}}