{"id":1378,"date":"2016-11-10T13:30:49","date_gmt":"2016-11-10T12:30:49","guid":{"rendered":"http:\/\/agora.xtec.cat\/sesvallbonadanoia\/?page_id=1378"},"modified":"2025-07-14T19:15:27","modified_gmt":"2025-07-14T17:15:27","slug":"escoles-verdes","status":"publish","type":"page","link":"https:\/\/agora.xtec.cat\/sesvallbonadanoia\/estudis\/projectes-del-centre\/escoles-verdes\/","title":{"rendered":"Escola Verda"},"content":{"rendered":"<h3>COMISSI\u00d3 AMBIENTAL VALLBONA<\/h3>\n<p>Benvolguts i benvolgudes, aquest any, malgrat tot, reprenem l&#8217;aposta per la Comissi\u00f3 Ambiental.<\/p>\n<p>M\u00e9s participativa i assemble\u00e0ria. M\u00e9s necess\u00e0ria pels temps que v\u00e9nen.<\/p>\n<p>En <a href=\"https:\/\/www.ccma.cat\/el-temps\/quant-de-temps-ens-queda-per-que-el-canvi-climatic-sigui-irreversible\/noticia\/3048672\/?fbclid=IwAR15EINnvH-ymJOZSgYu9beUFJ3NhI-8Y9HufaHSvfRGweUEIAZAdGx443s#.X2xYx26_l9o.facebook\">deu anys<\/a> hem de decidir el futur de la Societat Humana i del Planeta Terra.<\/p>\n<p>&#8230;<\/p>\n<p>Vols millorar el Medi Ambient? Vols formar part de la Comissi\u00f3 Ambiental? Vols actuar per fer un institut m\u00e9s sostenible?<\/p>\n<p>Per qui vulgui apuntar-se o tingui algun dubte o comentari, que faci servir \u27a1\u00a0<a href=\"https:\/\/forms.gle\/4F5TfRGQVBCM6RS18\">aquest formulari.<\/a><\/p>\n<p>Moltes gr\u00e0cies.<\/p>\n<p>&#8220;Els petits canvis s\u00f3n&#8230; poderosos.&#8221;<\/p>\n<p>Escolta el nostre P\u00f2dcast!<\/p>\n<p><iframe style=\"width: 100%;\" src=\"https:\/\/www.ivoox.com\/player_ej_110176121_6_1.html?c1=94af5d\" height=\"200\" frameborder=\"0\" scrolling=\"no\" allowfullscreen=\"allowfullscreen\"><\/iframe><\/p>\n<p>&nbsp;<\/p>\n<h3>Projectes de l&#8217;Escola Verda<\/h3>\n<ul>\n<li>Play Green: European Clean Up Day amb les escoles de prim\u00e0ria de Vallbona d&#8217;Anoia, Cabrera d&#8217;Anoia i La Pobla de Claramunt <a href=\"https:\/\/residus.gencat.cat\/ca\/ambits_dactuacio\/prevencio\/setmana_europea\/lets_clean_up_europe\/\">https:\/\/residus.gencat.cat\/ca\/ambits_dactuacio\/prevencio\/setmana_europea\/lets_clean_up_europe\/<\/a><\/li>\n<li>Plastic Pirates: an\u00e0lisi de micropl\u00e0stics als entorns fluvials <a href=\"https:\/\/www.plastic-pirates.eu\/es\">https:\/\/www.plastic-pirates.eu\/es<\/a><\/li>\n<li>Projecte Rius: campanyes d&#8217;inspecci\u00f3 de la qualitat del riu Anoia al seu pas per Vallbona d&#8217;Anoia a la primavera i la tardor, amb l&#8217;Associaci\u00f3 H\u00e0bitats <a href=\"https:\/\/www.projecterius.cat\/\">https:\/\/www.projecterius.cat\/<\/a><\/li>\n<li>Fenocentres: projecte de ci\u00e8ncia ciutadana per recollir els canvis fenol\u00f2gics de les plantes del nostre entorn i estudiar l&#8217;efecte del canvi clim\u00e0tic <a href=\"https:\/\/www.ritmenatura.cat\/fenocentres\/\">https:\/\/www.ritmenatura.cat\/fenocentres\/<\/a><\/li>\n<li>Trobada comarcal d&#8217;Escoles Verdes de l&#8217;Anoia<\/li>\n<li>Embelliment del pati: jardineres, hotels d&#8217;insectes&#8230;<\/li>\n<\/ul>\n<p><a href=\"https:\/\/agora.xtec.cat\/sesvallbonadanoia\/wp-content\/uploads\/usu60\/2023\/07\/DIPLOMA_LCUE_2023.jpg\"><img loading=\"lazy\" decoding=\"async\" class=\"alignnone size-large wp-image-9261\" src=\"https:\/\/agora.xtec.cat\/sesvallbonadanoia\/wp-content\/uploads\/usu60\/2023\/07\/DIPLOMA_LCUE_2023-1024x724.jpg\" alt=\"\" width=\"1024\" height=\"724\" srcset=\"https:\/\/agora.xtec.cat\/sesvallbonadanoia\/wp-content\/uploads\/usu60\/2023\/07\/DIPLOMA_LCUE_2023-1024x724.jpg 1024w, https:\/\/agora.xtec.cat\/sesvallbonadanoia\/wp-content\/uploads\/usu60\/2023\/07\/DIPLOMA_LCUE_2023-300x212.jpg 300w, https:\/\/agora.xtec.cat\/sesvallbonadanoia\/wp-content\/uploads\/usu60\/2023\/07\/DIPLOMA_LCUE_2023-768x543.jpg 768w, https:\/\/agora.xtec.cat\/sesvallbonadanoia\/wp-content\/uploads\/usu60\/2023\/07\/DIPLOMA_LCUE_2023-1536x1086.jpg 1536w, https:\/\/agora.xtec.cat\/sesvallbonadanoia\/wp-content\/uploads\/usu60\/2023\/07\/DIPLOMA_LCUE_2023.jpg 1755w\" sizes=\"auto, (max-width: 1024px) 100vw, 1024px\" \/><\/a><\/p>\n<p><a href=\"https:\/\/agora.xtec.cat\/sesvallbonadanoia\/wp-content\/uploads\/usu60\/2023\/07\/Infografia-FENOCENTRES-Vallbona-dAnoia-scaled.jpg\"><img loading=\"lazy\" decoding=\"async\" class=\"alignnone size-large wp-image-9263\" src=\"https:\/\/agora.xtec.cat\/sesvallbonadanoia\/wp-content\/uploads\/usu60\/2023\/07\/Infografia-FENOCENTRES-Vallbona-dAnoia-410x1024.jpg\" alt=\"\" width=\"410\" height=\"1024\" srcset=\"https:\/\/agora.xtec.cat\/sesvallbonadanoia\/wp-content\/uploads\/usu60\/2023\/07\/Infografia-FENOCENTRES-Vallbona-dAnoia-410x1024.jpg 410w, https:\/\/agora.xtec.cat\/sesvallbonadanoia\/wp-content\/uploads\/usu60\/2023\/07\/Infografia-FENOCENTRES-Vallbona-dAnoia-120x300.jpg 120w, https:\/\/agora.xtec.cat\/sesvallbonadanoia\/wp-content\/uploads\/usu60\/2023\/07\/Infografia-FENOCENTRES-Vallbona-dAnoia-768x1920.jpg 768w, https:\/\/agora.xtec.cat\/sesvallbonadanoia\/wp-content\/uploads\/usu60\/2023\/07\/Infografia-FENOCENTRES-Vallbona-dAnoia-819x2048.jpg 819w, https:\/\/agora.xtec.cat\/sesvallbonadanoia\/wp-content\/uploads\/usu60\/2023\/07\/Infografia-FENOCENTRES-Vallbona-dAnoia-scaled.jpg 1024w\" sizes=\"auto, (max-width: 410px) 100vw, 410px\" \/><\/a><\/p>\n<p>&nbsp;<\/p>\n","protected":false},"excerpt":{"rendered":"<p>COMISSI\u00d3 AMBIENTAL VALLBONA<br \/>\nBenvolguts i benvolgudes, aquest any, malgrat tot, reprenem l&#8217;aposta per la Comissi\u00f3 Ambiental.<br \/>\nM\u00e9s participativa i assemble\u00e0ria. M\u00e9s necess\u00e0ria pels temps que v\u00e9nen.<br \/>\nEn <a href=\"https:\/\/www.ccma.cat\/el-temps\/quant-de-temps-ens-queda-per-que-el-canvi-climatic-sigui-irreversible\/noticia\/3048672\/?fbclid=IwAR15EINnvH-ymJOZSgYu9beUFJ3NhI-8Y9HufaHSvfRGweUEIAZAdGx443s#.X2xYx26_l9o.facebook\">deu anys<\/a> hem de decidir el futur de la Societat Humana i del Planeta Terra.<br \/>\n&#8230;<br \/>\nVols millorar el Medi Ambient? Vols&hellip;  <a href=\"https:\/\/agora.xtec.cat\/sesvallbonadanoia\/estudis\/projectes-del-centre\/escoles-verdes\/\" title=\"Read Escola Verda\">Llegeix m\u00e9s\u00bb<\/a><\/p>\n","protected":false},"author":1,"featured_media":0,"parent":2513,"menu_order":0,"comment_status":"closed","ping_status":"closed","template":"page-templates\/side-menu.php","meta":{"_bbp_topic_count":0,"_bbp_reply_count":0,"_bbp_total_topic_count":0,"_bbp_total_reply_count":0,"_bbp_voice_count":0,"_bbp_anonymous_reply_count":0,"_bbp_topic_count_hidden":0,"_bbp_reply_count_hidden":0,"_bbp_forum_subforum_count":0,"footnotes":""},"class_list":["post-1378","page","type-page","status-publish","hentry"],"post_mailing_queue_ids":[],"_links":{"self":[{"href":"https:\/\/agora.xtec.cat\/sesvallbonadanoia\/wp-json\/wp\/v2\/pages\/1378","targetHints":{"allow":["GET"]}}],"collection":[{"href":"https:\/\/agora.xtec.cat\/sesvallbonadanoia\/wp-json\/wp\/v2\/pages"}],"about":[{"href":"https:\/\/agora.xtec.cat\/sesvallbonadanoia\/wp-json\/wp\/v2\/types\/page"}],"author":[{"embeddable":true,"href":"https:\/\/agora.xtec.cat\/sesvallbonadanoia\/wp-json\/wp\/v2\/users\/1"}],"replies":[{"embeddable":true,"href":"https:\/\/agora.xtec.cat\/sesvallbonadanoia\/wp-json\/wp\/v2\/comments?post=1378"}],"version-history":[{"count":5,"href":"https:\/\/agora.xtec.cat\/sesvallbonadanoia\/wp-json\/wp\/v2\/pages\/1378\/revisions"}],"predecessor-version":[{"id":9715,"href":"https:\/\/agora.xtec.cat\/sesvallbonadanoia\/wp-json\/wp\/v2\/pages\/1378\/revisions\/9715"}],"up":[{"embeddable":true,"href":"https:\/\/agora.xtec.cat\/sesvallbonadanoia\/wp-json\/wp\/v2\/pages\/2513"}],"wp:attachment":[{"href":"https:\/\/agora.xtec.cat\/sesvallbonadanoia\/wp-json\/wp\/v2\/media?parent=1378"}],"curies":[{"name":"wp","href":"https:\/\/api.w.org\/{rel}","templated":true}]}}