{"id":1316,"date":"2016-10-05T12:58:58","date_gmt":"2016-10-05T11:58:58","guid":{"rendered":"http:\/\/agora.xtec.cat\/sesvallbonadanoia\/?page_id=1316"},"modified":"2022-09-27T12:14:48","modified_gmt":"2022-09-27T10:14:48","slug":"bilbioteca","status":"publish","type":"page","link":"https:\/\/agora.xtec.cat\/sesvallbonadanoia\/serveis\/bilbioteca\/","title":{"rendered":"Biblioteca"},"content":{"rendered":"<p>Benvinguts a l&#8217;espai de la biblioteca.<\/p>\n<p>\u00c9s un espai tranquil on participar dels projectes de la biblioteca, demanar pr\u00e9stecs de llibres, fer deures, llegir, estudiar o repassar per als ex\u00e0mens, etc.<\/p>\n<p>Des d&#8217;aqu\u00ed podeu accedir a diferents serveis de la biblioteca:<\/p>\n<ul>\n<li><a href=\"http:\/\/bibliotecasesvallbona.blogspot.com.es\">\u27a1Blog de la biblioteca<\/a><\/li>\n<li><a href=\"https:\/\/agora.xtec.cat\/sesvallbonadanoia\/categoria\/raco-literari\/\">\u27a1Articles relacionats amb la biblioteca<\/a><\/li>\n<\/ul>\n<p>Personal de la biblioteca: \u00c0lex Ribas (dimarts i dijous) i \u00c0ngels Uri (dilluns, dimecres i divendres)<\/p>\n<p>Segells de bones pr\u00e0ctiques aconseguits recentment:<\/p>\n<p><a href=\"https:\/\/agora.xtec.cat\/sesvallbonadanoia\/wp-content\/uploads\/usu60\/2022\/09\/BESCAT.edu3_.png\"><img loading=\"lazy\" decoding=\"async\" class=\"alignnone  wp-image-8655\" src=\"https:\/\/agora.xtec.cat\/sesvallbonadanoia\/wp-content\/uploads\/usu60\/2022\/09\/BESCAT.edu3_.png\" alt=\"\" width=\"241\" height=\"241\" srcset=\"https:\/\/agora.xtec.cat\/sesvallbonadanoia\/wp-content\/uploads\/usu60\/2022\/09\/BESCAT.edu3_.png 500w, https:\/\/agora.xtec.cat\/sesvallbonadanoia\/wp-content\/uploads\/usu60\/2022\/09\/BESCAT.edu3_-300x300.png 300w, https:\/\/agora.xtec.cat\/sesvallbonadanoia\/wp-content\/uploads\/usu60\/2022\/09\/BESCAT.edu3_-150x150.png 150w\" sizes=\"auto, (max-width: 241px) 100vw, 241px\" \/><\/a><\/p>\n<p>Mem\u00f2ria anual de la biblioteca:<\/p>\n<p><iframe loading=\"lazy\" src=\"https:\/\/docs.google.com\/presentation\/d\/e\/2PACX-1vTqhLyx8cx3SMNVcR6G_-xRhNbhVj4mn22TAsGMnfsXbQPm3z8TR6rSM46Jp_PYCA\/embed?start=true&amp;loop=true&amp;delayms=5000\" width=\"640\" height=\"389\" frameborder=\"0\"><\/iframe><\/p>\n<p>&nbsp;<\/p>\n<p><a href=\"http:\/\/agora.xtec.cat\/sesvallbonadanoia\/wp-content\/uploads\/usu60\/2018\/09\/segell_directoriblogs1819_transparent_300x314-1.fw_.png\"><img loading=\"lazy\" decoding=\"async\" class=\"alignnone size-full wp-image-3946\" src=\"http:\/\/agora.xtec.cat\/sesvallbonadanoia\/wp-content\/uploads\/usu60\/2018\/09\/segell_directoriblogs1819_transparent_300x314-1.fw_.png\" alt=\"\" width=\"300\" height=\"314\" srcset=\"https:\/\/agora.xtec.cat\/sesvallbonadanoia\/wp-content\/uploads\/usu60\/2018\/09\/segell_directoriblogs1819_transparent_300x314-1.fw_.png 300w, https:\/\/agora.xtec.cat\/sesvallbonadanoia\/wp-content\/uploads\/usu60\/2018\/09\/segell_directoriblogs1819_transparent_300x314-1.fw_-287x300.png 287w\" sizes=\"auto, (max-width: 300px) 100vw, 300px\" \/><\/a><\/p>\n","protected":false},"excerpt":{"rendered":"<p>Benvinguts a l&#8217;espai de la biblioteca.<br \/>\n\u00c9s un espai tranquil on participar dels projectes de la biblioteca, demanar pr\u00e9stecs de llibres, fer deures, llegir, estudiar o repassar per als ex\u00e0mens, etc.<br \/>\nDes d&#8217;aqu\u00ed podeu accedir a diferents serveis de la biblioteca:<\/p>\n<ul>\n<li><a href=\"http:\/\/bibliotecasesvallbona.blogspot.com.es\">\u27a1Blog de la biblioteca<\/a><\/li>\n<li><a href=\"https:\/\/agora.xtec.cat\/sesvallbonadanoia\/categoria\/raco-literari\/\">\u27a1Articles relacionats&hellip;  <a href=\"https:\/\/agora.xtec.cat\/sesvallbonadanoia\/serveis\/bilbioteca\/\" title=\"Read Biblioteca\">Llegeix m\u00e9s\u00bb<\/a><br \/>\n","protected":false},"author":1,"featured_media":0,"parent":63,"menu_order":0,"comment_status":"closed","ping_status":"closed","template":"page-templates\/side-menu.php","meta":{"_bbp_topic_count":0,"_bbp_reply_count":0,"_bbp_total_topic_count":0,"_bbp_total_reply_count":0,"_bbp_voice_count":0,"_bbp_anonymous_reply_count":0,"_bbp_topic_count_hidden":0,"_bbp_reply_count_hidden":0,"_bbp_forum_subforum_count":0,"footnotes":""},"class_list":["post-1316","page","type-page","status-publish","hentry"],"post_mailing_queue_ids":[],"_links":{"self":[{"href":"https:\/\/agora.xtec.cat\/sesvallbonadanoia\/wp-json\/wp\/v2\/pages\/1316","targetHints":{"allow":["GET"]}}],"collection":[{"href":"https:\/\/agora.xtec.cat\/sesvallbonadanoia\/wp-json\/wp\/v2\/pages"}],"about":[{"href":"https:\/\/agora.xtec.cat\/sesvallbonadanoia\/wp-json\/wp\/v2\/types\/page"}],"author":[{"embeddable":true,"href":"https:\/\/agora.xtec.cat\/sesvallbonadanoia\/wp-json\/wp\/v2\/users\/1"}],"replies":[{"embeddable":true,"href":"https:\/\/agora.xtec.cat\/sesvallbonadanoia\/wp-json\/wp\/v2\/comments?post=1316"}],"version-history":[{"count":3,"href":"https:\/\/agora.xtec.cat\/sesvallbonadanoia\/wp-json\/wp\/v2\/pages\/1316\/revisions"}],"predecessor-version":[{"id":8656,"href":"https:\/\/agora.xtec.cat\/sesvallbonadanoia\/wp-json\/wp\/v2\/pages\/1316\/revisions\/8656"}],"up":[{"embeddable":true,"href":"https:\/\/agora.xtec.cat\/sesvallbonadanoia\/wp-json\/wp\/v2\/pages\/63"}],"wp:attachment":[{"href":"https:\/\/agora.xtec.cat\/sesvallbonadanoia\/wp-json\/wp\/v2\/media?parent=1316"}],"curies":[{"name":"wp","href":"https:\/\/api.w.org\/{rel}","templated":true}]}}