{"id":1166,"date":"2016-07-14T11:38:29","date_gmt":"2016-07-14T10:38:29","guid":{"rendered":"http:\/\/agora.xtec.cat\/sesvallbonadanoia\/?page_id=1166"},"modified":"2022-09-02T19:32:18","modified_gmt":"2022-09-02T17:32:18","slug":"erasmus","status":"publish","type":"page","link":"https:\/\/agora.xtec.cat\/sesvallbonadanoia\/estudis\/erasmus\/","title":{"rendered":"Europe\u00eftzaci\u00f3 \/ Erasmus+"},"content":{"rendered":"<p><a href=\"http:\/\/www.sepie.es\"><img loading=\"lazy\" decoding=\"async\" class=\"size-full wp-image-7967 aligncenter\" src=\"https:\/\/agora.xtec.cat\/sesvallbonadanoia\/wp-content\/uploads\/usu60\/2022\/01\/SEPIE_erasmus_plus.gif\" alt=\"\" width=\"400\" height=\"148\" \/><\/a><\/p>\n<p><a href=\"https:\/\/agora.xtec.cat\/sesvallbonadanoia\/wp-content\/uploads\/usu60\/2022\/09\/logosbeneficaireserasmusright_es_1-scaled.jpg\"><img loading=\"lazy\" decoding=\"async\" class=\"aligncenter size-large wp-image-8601\" src=\"https:\/\/agora.xtec.cat\/sesvallbonadanoia\/wp-content\/uploads\/usu60\/2022\/09\/logosbeneficaireserasmusright_es_1-1024x210.jpg\" alt=\"\" width=\"1024\" height=\"210\" srcset=\"https:\/\/agora.xtec.cat\/sesvallbonadanoia\/wp-content\/uploads\/usu60\/2022\/09\/logosbeneficaireserasmusright_es_1-1024x210.jpg 1024w, https:\/\/agora.xtec.cat\/sesvallbonadanoia\/wp-content\/uploads\/usu60\/2022\/09\/logosbeneficaireserasmusright_es_1-300x62.jpg 300w, https:\/\/agora.xtec.cat\/sesvallbonadanoia\/wp-content\/uploads\/usu60\/2022\/09\/logosbeneficaireserasmusright_es_1-768x158.jpg 768w, https:\/\/agora.xtec.cat\/sesvallbonadanoia\/wp-content\/uploads\/usu60\/2022\/09\/logosbeneficaireserasmusright_es_1-1536x315.jpg 1536w, https:\/\/agora.xtec.cat\/sesvallbonadanoia\/wp-content\/uploads\/usu60\/2022\/09\/logosbeneficaireserasmusright_es_1-2048x420.jpg 2048w\" sizes=\"auto, (max-width: 1024px) 100vw, 1024px\" \/><\/a><\/p>\n<p style=\"text-align: justify;\"><span style=\"font-weight: 400;\">El nostre Projecte Educatiu de Centre (PEC) aposta per la millora de la qualitat de l&#8217;ensenyament i la formaci\u00f3 continuada del professorat. Per nosaltres \u00e9s una prioritat incrementar la dimensi\u00f3 europea entre el nostre alumnat i professorat oferint experi\u00e8ncies educatives i accions de mobilitat europea amb altres pa\u00efsos per desenvolupar entre la comunitat educativa el sentiment de pert\u00e0nyer a una Europa unida, tolerant i solid\u00e0ria oberta a nous projectes de cooperaci\u00f3 que facilitin l&#8217;oportunitat d&#8217;experi\u00e8ncies personals integradores que potenci\u00efn el pluriling\u00fcisme, la conviv\u00e8ncia i el respecte a altres cultures.<\/span><\/p>\n<p><a href=\"https:\/\/agora.xtec.cat\/sesvallbonadanoia\/wp-content\/uploads\/usu60\/2022\/02\/IMG-20160530-WA0007.jpg\"><img loading=\"lazy\" decoding=\"async\" class=\"alignnone size-large wp-image-8072\" src=\"https:\/\/agora.xtec.cat\/sesvallbonadanoia\/wp-content\/uploads\/usu60\/2022\/02\/IMG-20160530-WA0007-1024x768.jpg\" alt=\"\" width=\"1024\" height=\"768\" srcset=\"https:\/\/agora.xtec.cat\/sesvallbonadanoia\/wp-content\/uploads\/usu60\/2022\/02\/IMG-20160530-WA0007-1024x768.jpg 1024w, https:\/\/agora.xtec.cat\/sesvallbonadanoia\/wp-content\/uploads\/usu60\/2022\/02\/IMG-20160530-WA0007-300x225.jpg 300w, https:\/\/agora.xtec.cat\/sesvallbonadanoia\/wp-content\/uploads\/usu60\/2022\/02\/IMG-20160530-WA0007-768x576.jpg 768w, https:\/\/agora.xtec.cat\/sesvallbonadanoia\/wp-content\/uploads\/usu60\/2022\/02\/IMG-20160530-WA0007-1536x1152.jpg 1536w, https:\/\/agora.xtec.cat\/sesvallbonadanoia\/wp-content\/uploads\/usu60\/2022\/02\/IMG-20160530-WA0007-200x150.jpg 200w, https:\/\/agora.xtec.cat\/sesvallbonadanoia\/wp-content\/uploads\/usu60\/2022\/02\/IMG-20160530-WA0007.jpg 1600w\" sizes=\"auto, (max-width: 1024px) 100vw, 1024px\" \/><\/a><\/p>\n<p style=\"text-align: justify;\"><span style=\"font-weight: 400;\">Per aconseguir aquesta europe\u00eftzaci\u00f3 del centre, hem iniciat diverses accions des que es va inaugurar el nostre institut el curs 2008-2009, com ara la participaci\u00f3 en un projecte <strong>Com\u00e8nius<\/strong> (2011-2013) sobre drets humans, un projecte <strong>Erasmus+<\/strong> KA2 (2015-2017) sobre alfabetitzaci\u00f3 cultural, un grup d&#8217;experimentaci\u00f3 pluriling\u00fce (<strong>GEP<\/strong>) des del 2016, una comissi\u00f3 de intercanvis des d\u2019on organitzem <strong>intercanvis<\/strong> bianuals en angl\u00e8s i franc\u00e8s amb els instituts Winkler Prins a Veendam (Holanda) des de 2010 i Lyc\u00e9e Jeanne d&#8217;Arc Saint Ivy a Pontivy (Fran\u00e7a) des del 2017 i diversos mini-projectes europeus de col\u00b7laboraci\u00f3 a trav\u00e9s de la plataforma educativa <strong>eTwinning<\/strong> amb diversos segells de qualitat europeus des del 2011. Dins aquest proc\u00e9s de millora constant de la llengua anglesa hem gaudit de dos <strong>auxiliars de conversa<\/strong> a trav\u00e9s del Programa d\u2019Auxiliars de Conversa gestionat pel Ministerio de Educaci\u00f3n y Formaci\u00f3n Profesional (cursos 2017-2018 i 2019-2020). Aquest curs 2021-2022 estem gaudint d\u2019una subvenci\u00f3 del Fons Social Europeu gestionat pel Ministerio de Educaci\u00f3n y Formaci\u00f3n Profesional i el\u00a0 Departament d\u2019Educaci\u00f3 de la Generalitat de Catalunya per a implementar els tallers d\u2019immersi\u00f3 ling\u00fc\u00edstica per al refor\u00e7 de l\u2019aprenentatge de la llengua anglesa. El curs <strong>2021-2022<\/strong> estem gaudint de dos projectes Erasmus+: un KA1 anomenat <strong>&#8220;Obrint Horitzons, de Vallbona a Europa&#8221;<\/strong> per millorar les compet\u00e8ncies professionals del professorat i un altre projecte KA2 <strong>&#8220;Erasmus TV International&#8221;<\/strong> amb tota la comunitat educativa del Centre.<\/span><\/p>\n<p style=\"text-align: justify;\"><span style=\"font-weight: 400;\">Per tant, des del present fins el naixement del nostre institut, hem participat en els seg\u00fcents projectes europeus Comenius o <a href=\"http:\/\/www.sepie.es\/doc\/comunicacion\/logos\/SEPIE_erasmus_plus.gif\">Erasmus+<\/a>:<\/span><\/p>\n<p>&nbsp;<\/p>\n<h2 style=\"text-align: center;\"><b> Erasmus TV International<\/b> (2019-2022)<\/h2>\n<p><a href=\"https:\/\/agora.xtec.cat\/sesvallbonadanoia\/wp-content\/uploads\/usu60\/2022\/01\/Logo_Poland.png\"><img loading=\"lazy\" decoding=\"async\" class=\"wp-image-8011 size-medium alignleft\" src=\"https:\/\/agora.xtec.cat\/sesvallbonadanoia\/wp-content\/uploads\/usu60\/2022\/01\/Logo_Poland-300x212.png\" alt=\"\" width=\"300\" height=\"212\" srcset=\"https:\/\/agora.xtec.cat\/sesvallbonadanoia\/wp-content\/uploads\/usu60\/2022\/01\/Logo_Poland-300x212.png 300w, https:\/\/agora.xtec.cat\/sesvallbonadanoia\/wp-content\/uploads\/usu60\/2022\/01\/Logo_Poland-1024x724.png 1024w, https:\/\/agora.xtec.cat\/sesvallbonadanoia\/wp-content\/uploads\/usu60\/2022\/01\/Logo_Poland-768x543.png 768w, https:\/\/agora.xtec.cat\/sesvallbonadanoia\/wp-content\/uploads\/usu60\/2022\/01\/Logo_Poland-1536x1086.png 1536w, https:\/\/agora.xtec.cat\/sesvallbonadanoia\/wp-content\/uploads\/usu60\/2022\/01\/Logo_Poland-2048x1448.png 2048w\" sizes=\"auto, (max-width: 300px) 100vw, 300px\" \/><\/a><\/p>\n<p><strong><a href=\"https:\/\/ec.europa.eu\/programmes\/erasmus-plus\/projects\/eplus-project-details\/#project\/2019-1-ES01-KA229-065408\">Project card<\/a><\/strong><\/p>\n<p><strong><a href=\"https:\/\/erasmustvinternational.etap.pt\/\">P\u00e0gina web<\/a><\/strong><\/p>\n<p><strong><a href=\"https:\/\/twinspace.etwinning.net\/92648\/home\">TwinSpace a eTwinning<\/a><\/strong><\/p>\n<p><strong><a href=\"https:\/\/agora.xtec.cat\/sesvallbonadanoia\/tag\/erasmus-tv-international\/\">Not\u00edcies web del centre<\/a><\/strong><\/p>\n<p><strong><a href=\"https:\/\/www.youtube.com\/channel\/UCcp7VxkmMhx9oHDq51sU1qQ\">Canal de YouTube<\/a><\/strong><\/p>\n<p>&nbsp;<\/p>\n<p>Revista de la trobada a Vallbona (23-27 maig 2022)<\/p>\n<p><iframe style=\"width: 900px; height: 500px;\" src=\"https:\/\/online.fliphtml5.com\/tlwhn\/yiay\/\" frameborder=\"0\" scrolling=\"no\" seamless=\"seamless\" allowfullscreen=\"allowfullscreen\"><\/iframe><\/p>\n<p>&nbsp;<\/p>\n<p>En els seg\u00fcents enlla\u00e7os trobareu totes les revistes del projecte, tots els v\u00eddeos i curts que hem realitzat i finalment tots els Padlets on hem penjat cuidadosament els treballs dels nostres alumnes europeus de l&#8217;Erasmus TV International.<\/p>\n<p><a href=\"https:\/\/agora.xtec.cat\/sesvallbonadanoia\/wp-content\/uploads\/usu60\/2022\/09\/MAGAZINES-AND-NEWSLETTERS.pdf\">MAGAZINES AND NEWSLETTERS<\/a><\/p>\n<p><a href=\"https:\/\/agora.xtec.cat\/sesvallbonadanoia\/wp-content\/uploads\/usu60\/2022\/09\/videos-ERASMUS-TV-INTERNATIONAL.pdf\">videos ERASMUS TV INTERNATIONAL<\/a><\/p>\n<p><a href=\"https:\/\/agora.xtec.cat\/sesvallbonadanoia\/wp-content\/uploads\/usu60\/2022\/09\/Padlets-ERASMUS-TV-INTERNATIONAL.pdf\">Padlets ERASMUS TV INTERNATIONAL<\/a><\/p>\n<p>&nbsp;<\/p>\n<p>Podeu seguir-nos a les xarxes socials:<\/p>\n<p><strong>INSTAGRAM<\/strong> @erasmustvinternational<\/p>\n<p><strong>Facebook<\/strong> <a href=\"https:\/\/m.facebook.com\/erasmustvinternational\/\">https:\/\/m.facebook.com\/erasmustvinternational\/<\/a><\/p>\n<p><strong>Twitter<\/strong> @erasmustvinter1<\/p>\n<p><a href=\"https:\/\/agora.xtec.cat\/sesvallbonadanoia\/wp-content\/uploads\/usu60\/2022\/02\/IMG-20211015-WA0014.jpg\"><img loading=\"lazy\" decoding=\"async\" class=\"alignnone size-large wp-image-8071\" src=\"https:\/\/agora.xtec.cat\/sesvallbonadanoia\/wp-content\/uploads\/usu60\/2022\/02\/IMG-20211015-WA0014-1024x768.jpg\" alt=\"\" width=\"1024\" height=\"768\" srcset=\"https:\/\/agora.xtec.cat\/sesvallbonadanoia\/wp-content\/uploads\/usu60\/2022\/02\/IMG-20211015-WA0014-1024x768.jpg 1024w, https:\/\/agora.xtec.cat\/sesvallbonadanoia\/wp-content\/uploads\/usu60\/2022\/02\/IMG-20211015-WA0014-300x225.jpg 300w, https:\/\/agora.xtec.cat\/sesvallbonadanoia\/wp-content\/uploads\/usu60\/2022\/02\/IMG-20211015-WA0014-768x576.jpg 768w, https:\/\/agora.xtec.cat\/sesvallbonadanoia\/wp-content\/uploads\/usu60\/2022\/02\/IMG-20211015-WA0014-1536x1152.jpg 1536w, https:\/\/agora.xtec.cat\/sesvallbonadanoia\/wp-content\/uploads\/usu60\/2022\/02\/IMG-20211015-WA0014-200x150.jpg 200w, https:\/\/agora.xtec.cat\/sesvallbonadanoia\/wp-content\/uploads\/usu60\/2022\/02\/IMG-20211015-WA0014.jpg 2048w\" sizes=\"auto, (max-width: 1024px) 100vw, 1024px\" \/><\/a><\/p>\n<p><a href=\"https:\/\/agora.xtec.cat\/sesvallbonadanoia\/wp-content\/uploads\/usu60\/2022\/07\/20220523_084852-1-1.jpg\"><img loading=\"lazy\" decoding=\"async\" class=\"aligncenter size-full wp-image-8567\" src=\"https:\/\/agora.xtec.cat\/sesvallbonadanoia\/wp-content\/uploads\/usu60\/2022\/07\/20220523_084852-1-1.jpg\" alt=\"\" width=\"1024\" height=\"768\" srcset=\"https:\/\/agora.xtec.cat\/sesvallbonadanoia\/wp-content\/uploads\/usu60\/2022\/07\/20220523_084852-1-1.jpg 1024w, https:\/\/agora.xtec.cat\/sesvallbonadanoia\/wp-content\/uploads\/usu60\/2022\/07\/20220523_084852-1-1-300x225.jpg 300w, https:\/\/agora.xtec.cat\/sesvallbonadanoia\/wp-content\/uploads\/usu60\/2022\/07\/20220523_084852-1-1-768x576.jpg 768w, https:\/\/agora.xtec.cat\/sesvallbonadanoia\/wp-content\/uploads\/usu60\/2022\/07\/20220523_084852-1-1-200x150.jpg 200w\" sizes=\"auto, (max-width: 1024px) 100vw, 1024px\" \/><\/a><\/p>\n<h1><\/h1>\n<p>&nbsp;<\/p>\n<h1><\/h1>\n<h1 style=\"text-align: center;\"><b>Opening Horizons, from Vallbona to Europe <\/b><span style=\"font-weight: 400;\">(2019-2021)<\/span><\/h1>\n<h1><b><a href=\"https:\/\/agora.xtec.cat\/sesvallbonadanoia\/wp-content\/uploads\/usu60\/2022\/01\/opening-estrecho.jpg\"><img loading=\"lazy\" decoding=\"async\" class=\"size-full wp-image-8015 alignleft\" src=\"https:\/\/agora.xtec.cat\/sesvallbonadanoia\/wp-content\/uploads\/usu60\/2022\/01\/opening-estrecho.jpg\" alt=\"\" width=\"319\" height=\"171\" srcset=\"https:\/\/agora.xtec.cat\/sesvallbonadanoia\/wp-content\/uploads\/usu60\/2022\/01\/opening-estrecho.jpg 319w, https:\/\/agora.xtec.cat\/sesvallbonadanoia\/wp-content\/uploads\/usu60\/2022\/01\/opening-estrecho-300x161.jpg 300w\" sizes=\"auto, (max-width: 319px) 100vw, 319px\" \/><\/a><\/b><\/h1>\n<p>&nbsp;<\/p>\n<p><a href=\"https:\/\/ec.europa.eu\/programmes\/erasmus-plus\/projects\/eplus-project-details\/#project\/2019-1-ES01-KA101-062436\"><span style=\"font-weight: 400;\"><strong> \u27a1 Project card\u00a0<\/strong><\/span><\/a><\/p>\n<p><strong><a href=\"https:\/\/agora.xtec.cat\/sesvallbonadanoia\/categoria\/erasmus\/ka1\/\"> \u27a1 Not\u00edcies a la web i m\u00e9s informaci\u00f3<\/a><\/strong><\/p>\n<p>&nbsp;<\/p>\n<div class=\"padlet-embed\" style=\"border: 1px solid rgba(0,0,0,0.1); border-radius: 2px; box-sizing: border-box; overflow: hidden; position: relative; width: 100%; background: #F4F4F4;\">\n<p style=\"padding: 0; margin: 0;\"><iframe style=\"width: 100%; height: 608px; display: block; padding: 0; margin: 0;\" src=\"https:\/\/padlet.com\/embed\/xqjp7w6npoupuujo\" frameborder=\"0\"><\/iframe><\/p>\n<div style=\"padding: 8px; text-align: right; margin: 0;\"><a style=\"padding: 0; margin: 0; border: none; display: block; line-height: 1; height: 16px;\" href=\"https:\/\/padlet.com?ref=embed\" target=\"_blank\" rel=\"noopener\"><img loading=\"lazy\" decoding=\"async\" style=\"padding: 0; margin: 0; background: none; border: none; display: inline; box-shadow: none;\" src=\"https:\/\/padlet.net\/embeds\/made_with_padlet.png\" alt=\"Hecho con Padlet\" width=\"86\" height=\"16\" \/><\/a><\/div>\n<\/div>\n<p>&nbsp;<\/p>\n<div class=\"padlet-embed\" style=\"border: 1px solid rgba(0,0,0,0.1); border-radius: 2px; box-sizing: border-box; overflow: hidden; position: relative; width: 100%; background: #F4F4F4;\">\n<p style=\"padding: 0; margin: 0;\"><iframe style=\"width: 100%; height: 608px; display: block; padding: 0; margin: 0;\" src=\"https:\/\/padlet.com\/embed\/8a076u490zvhwory\" frameborder=\"0\"><\/iframe><\/p>\n<div style=\"padding: 8px; text-align: right; margin: 0;\"><a style=\"padding: 0; margin: 0; border: none; display: block; line-height: 1; height: 16px;\" href=\"https:\/\/padlet.com?ref=embed\" target=\"_blank\" rel=\"noopener\"><img loading=\"lazy\" decoding=\"async\" style=\"padding: 0; margin: 0; background: none; border: none; display: inline; box-shadow: none;\" src=\"https:\/\/padlet.net\/embeds\/made_with_padlet.png\" alt=\"Fet amb Padlet\" width=\"86\" height=\"16\" \/><\/a><\/div>\n<\/div>\n<p>&nbsp;<\/p>\n<p><strong>Qu\u00e8 \u00e9s un projecte Erasmus+ KA1?<\/strong> <strong>En qu\u00e8 consisteix el nostre projecte &#8220;Obrint Horitzons, de Vallbona a Europa&#8221;?\u00a0<\/strong>\u00a0Cliqueu <a href=\"https:\/\/docs.google.com\/presentation\/d\/1rjqfjZYt90XKtdX0oWbKlIB1C9eRf9LhGq7r2QLPHP4\/edit?usp=sharing\"><strong>aqu\u00ed.<\/strong><\/a><\/p>\n<p>&nbsp;<\/p>\n<h2 style=\"text-align: center;\"><b>ECLIPSE &#8211; <\/b><b>Enhancing Cultural Literacy Through Innovative Practice and Skills in Europe<\/b> (2015-2017)<\/h2>\n<p><a href=\"https:\/\/agora.xtec.cat\/sesvallbonadanoia\/wp-content\/uploads\/usu60\/2022\/01\/Copia-de-ECLIPSE_LOGO.jpg\"><img loading=\"lazy\" decoding=\"async\" class=\"wp-image-8017 size-medium alignleft\" src=\"https:\/\/agora.xtec.cat\/sesvallbonadanoia\/wp-content\/uploads\/usu60\/2022\/01\/Copia-de-ECLIPSE_LOGO-298x300.jpg\" alt=\"\" width=\"298\" height=\"300\" srcset=\"https:\/\/agora.xtec.cat\/sesvallbonadanoia\/wp-content\/uploads\/usu60\/2022\/01\/Copia-de-ECLIPSE_LOGO-298x300.jpg 298w, https:\/\/agora.xtec.cat\/sesvallbonadanoia\/wp-content\/uploads\/usu60\/2022\/01\/Copia-de-ECLIPSE_LOGO-1019x1024.jpg 1019w, https:\/\/agora.xtec.cat\/sesvallbonadanoia\/wp-content\/uploads\/usu60\/2022\/01\/Copia-de-ECLIPSE_LOGO-150x150.jpg 150w, https:\/\/agora.xtec.cat\/sesvallbonadanoia\/wp-content\/uploads\/usu60\/2022\/01\/Copia-de-ECLIPSE_LOGO-768x772.jpg 768w, https:\/\/agora.xtec.cat\/sesvallbonadanoia\/wp-content\/uploads\/usu60\/2022\/01\/Copia-de-ECLIPSE_LOGO-1528x1536.jpg 1528w, https:\/\/agora.xtec.cat\/sesvallbonadanoia\/wp-content\/uploads\/usu60\/2022\/01\/Copia-de-ECLIPSE_LOGO-2038x2048.jpg 2038w\" sizes=\"auto, (max-width: 298px) 100vw, 298px\" \/><\/a><\/p>\n<p><a href=\"https:\/\/ec.europa.eu\/programmes\/erasmus-plus\/projects\/eplus-project-details\/#project\/2015-1-TR01-KA219-021245\"><strong>Project card<\/strong><\/a><\/p>\n<p><strong><a href=\"https:\/\/www.os-breg.si\/eclipse\/category\/posts-from-spain\/\">Web del projecte<\/a><\/strong><\/p>\n<p><strong><a href=\"https:\/\/ec.europa.eu\/programmes\/erasmus-plus\/projects\/eplus-project-details\/#project\/2015-1-TR01-KA219-021245\">Activitats de l&#8217;Erasmus Creativity Club a Vallbona<\/a><\/strong><\/p>\n<p>&nbsp;<\/p>\n<p>&nbsp;<\/p>\n<p>&nbsp;<\/p>\n<p>&nbsp;<\/p>\n<h2><a href=\"https:\/\/agora.xtec.cat\/sesvallbonadanoia\/wp-content\/uploads\/usu60\/2022\/02\/IMG-20160530-WA0008.jpg\"><img loading=\"lazy\" decoding=\"async\" class=\"alignnone size-large wp-image-8073\" src=\"https:\/\/agora.xtec.cat\/sesvallbonadanoia\/wp-content\/uploads\/usu60\/2022\/02\/IMG-20160530-WA0008-1024x768.jpg\" alt=\"\" width=\"1024\" height=\"768\" srcset=\"https:\/\/agora.xtec.cat\/sesvallbonadanoia\/wp-content\/uploads\/usu60\/2022\/02\/IMG-20160530-WA0008-1024x768.jpg 1024w, https:\/\/agora.xtec.cat\/sesvallbonadanoia\/wp-content\/uploads\/usu60\/2022\/02\/IMG-20160530-WA0008-300x225.jpg 300w, https:\/\/agora.xtec.cat\/sesvallbonadanoia\/wp-content\/uploads\/usu60\/2022\/02\/IMG-20160530-WA0008-768x576.jpg 768w, https:\/\/agora.xtec.cat\/sesvallbonadanoia\/wp-content\/uploads\/usu60\/2022\/02\/IMG-20160530-WA0008-1536x1152.jpg 1536w, https:\/\/agora.xtec.cat\/sesvallbonadanoia\/wp-content\/uploads\/usu60\/2022\/02\/IMG-20160530-WA0008-200x150.jpg 200w, https:\/\/agora.xtec.cat\/sesvallbonadanoia\/wp-content\/uploads\/usu60\/2022\/02\/IMG-20160530-WA0008.jpg 1600w\" sizes=\"auto, (max-width: 1024px) 100vw, 1024px\" \/><\/a><\/h2>\n<h2><\/h2>\n<p>Estem molt agra\u00efts al programa Erasmus+ pel seu suport i per tot l&#8217;enriquiment que la nostra participaci\u00f3 ens ha aportat al llarg dels anys. Us convidem a veure els v\u00eddeos-testimoni en aquest Flipgrid.<\/p>\n<p style=\"text-align: center;\"><iframe loading=\"lazy\" src=\"https:\/\/flipgrid.com\/8e9c2e64?embed=true\" width=\"600\" height=\"600\" frameborder=\"0\"><\/iframe><\/p>\n<h2><b>Human Rights in Europe between Ideal and Reality. Rights and Challenge for Students in the 21st Century by means of Poetry, Arts and\u00a0 Music. <\/b>(2011-2013)<\/h2>\n<p><a href=\"https:\/\/agora.xtec.cat\/sesvallbonadanoia\/wp-content\/uploads\/usu60\/2022\/01\/comenius-human-rights.jpg\"><img loading=\"lazy\" decoding=\"async\" class=\"size-full wp-image-8014 alignleft\" src=\"https:\/\/agora.xtec.cat\/sesvallbonadanoia\/wp-content\/uploads\/usu60\/2022\/01\/comenius-human-rights.jpg\" alt=\"\" width=\"200\" height=\"193\" \/><\/a><\/p>\n<p><strong><a href=\"https:\/\/ec.europa.eu\/programmes\/erasmus-plus\/projects\/eplus-project-details\/#project\/EST-2011-1-DE3-COM06-18910\">Project card<\/a><\/strong><\/p>\n<p><strong><a href=\"http:\/\/humanrights-in-europe.blogspot.com\/\">Blog del projecte<\/a><\/strong><\/p>\n<p><strong><a href=\"http:\/\/hrvallbona.blogspot.com\/\">Blog del nostre institut &#8220;Human Rights in Vallbona&#8221;<\/a><\/strong><\/p>\n<p>&nbsp;<\/p>\n<p>&nbsp;<\/p>\n","protected":false},"excerpt":{"rendered":"<p><a href=\"http:\/\/www.sepie.es\"><\/a><br \/>\n<a href=\"https:\/\/agora.xtec.cat\/sesvallbonadanoia\/wp-content\/uploads\/usu60\/2022\/09\/logosbeneficaireserasmusright_es_1-scaled.jpg\"><\/a><br \/>\nEl nostre Projecte Educatiu de Centre (PEC) aposta per la millora de la qualitat de l&#8217;ensenyament i la formaci\u00f3 continuada del professorat. Per nosaltres \u00e9s una prioritat incrementar la dimensi\u00f3 europea entre el nostre alumnat i professorat oferint experi\u00e8ncies educatives i accions de&hellip;  <a href=\"https:\/\/agora.xtec.cat\/sesvallbonadanoia\/estudis\/erasmus\/\" title=\"Read Europe\u00eftzaci\u00f3 \/ Erasmus+\">Llegeix m\u00e9s\u00bb<\/a><\/p>\n","protected":false},"author":1,"featured_media":0,"parent":195,"menu_order":0,"comment_status":"closed","ping_status":"closed","template":"page-templates\/side-menu.php","meta":{"_bbp_topic_count":0,"_bbp_reply_count":0,"_bbp_total_topic_count":0,"_bbp_total_reply_count":0,"_bbp_voice_count":0,"_bbp_anonymous_reply_count":0,"_bbp_topic_count_hidden":0,"_bbp_reply_count_hidden":0,"_bbp_forum_subforum_count":0,"footnotes":""},"class_list":["post-1166","page","type-page","status-publish","hentry"],"post_mailing_queue_ids":[],"_links":{"self":[{"href":"https:\/\/agora.xtec.cat\/sesvallbonadanoia\/wp-json\/wp\/v2\/pages\/1166","targetHints":{"allow":["GET"]}}],"collection":[{"href":"https:\/\/agora.xtec.cat\/sesvallbonadanoia\/wp-json\/wp\/v2\/pages"}],"about":[{"href":"https:\/\/agora.xtec.cat\/sesvallbonadanoia\/wp-json\/wp\/v2\/types\/page"}],"author":[{"embeddable":true,"href":"https:\/\/agora.xtec.cat\/sesvallbonadanoia\/wp-json\/wp\/v2\/users\/1"}],"replies":[{"embeddable":true,"href":"https:\/\/agora.xtec.cat\/sesvallbonadanoia\/wp-json\/wp\/v2\/comments?post=1166"}],"version-history":[{"count":5,"href":"https:\/\/agora.xtec.cat\/sesvallbonadanoia\/wp-json\/wp\/v2\/pages\/1166\/revisions"}],"predecessor-version":[{"id":8635,"href":"https:\/\/agora.xtec.cat\/sesvallbonadanoia\/wp-json\/wp\/v2\/pages\/1166\/revisions\/8635"}],"up":[{"embeddable":true,"href":"https:\/\/agora.xtec.cat\/sesvallbonadanoia\/wp-json\/wp\/v2\/pages\/195"}],"wp:attachment":[{"href":"https:\/\/agora.xtec.cat\/sesvallbonadanoia\/wp-json\/wp\/v2\/media?parent=1166"}],"curies":[{"name":"wp","href":"https:\/\/api.w.org\/{rel}","templated":true}]}}