{"id":1128,"date":"2016-07-06T12:44:44","date_gmt":"2016-07-06T11:44:44","guid":{"rendered":"http:\/\/agora.xtec.cat\/sesvallbonadanoia\/?page_id=1128"},"modified":"2025-07-14T14:34:32","modified_gmt":"2025-07-14T12:34:32","slug":"tria-doptatives","status":"publish","type":"page","link":"https:\/\/agora.xtec.cat\/sesvallbonadanoia\/secretaria\/tria-doptatives\/","title":{"rendered":"Tria d&#8217;optatives ESO"},"content":{"rendered":"<h1>Optatives espec\u00edfiques de 4t d&#8217;ESO<\/h1>\n<p>Tria d&#8217;optatives de 4t: \u27a1 <a href=\"https:\/\/forms.gle\/KVHwDnHFNJueDiSj6\"><strong>Enlla\u00e7 al formulari d&#8217;inscripci\u00f3<\/strong><\/a><\/p>\n<p><span style=\"font-weight: 400;\">INFORMACI\u00d3 ITINERARIS 4t d\u2019ESO 2025-2026<\/span><\/p>\n<table>\n<tbody>\n<tr>\n<td><b>Itinerari 1<\/b><\/td>\n<td><b>Itinerari 2<\/b><\/td>\n<td><b>Itinerari 3<\/b><\/td>\n<\/tr>\n<tr>\n<td><span style=\"font-weight: 400;\">Tecnologia<\/span><\/td>\n<td><span style=\"font-weight: 400;\">Arts Esc\u00e8niques i Dansa<\/span><\/td>\n<td><span style=\"font-weight: 400;\">Economia<\/span><\/td>\n<\/tr>\n<tr>\n<td><span style=\"font-weight: 400;\">F\u00edsica i Qu\u00edmica<\/span><\/td>\n<td><span style=\"font-weight: 400;\">M\u00fasica<\/span><\/td>\n<td>Franc\u00e8s<\/td>\n<\/tr>\n<tr>\n<td><span style=\"font-weight: 400;\">Biologia i Geologia<\/span><\/td>\n<td><span style=\"font-weight: 400;\">Expressi\u00f3 Art\u00edstica<\/span><\/td>\n<td><span style=\"font-weight: 400;\">Digitalitzaci\u00f3<\/span><\/td>\n<\/tr>\n<\/tbody>\n<\/table>\n<table style=\"width: 874px;\">\n<tbody>\n<tr>\n<td style=\"width: 140px;\"><b>Tecnologia<\/b><\/td>\n<td style=\"width: 734px;\"><span style=\"font-weight: 400;\">Les tecnologies envolten la nostra vida di\u00e0ria: m\u00f2bils, cotxes, cases, internet, ordinadors, f\u00e0briques, \u2026 Per\u00f2 la tecnologia no \u00e9s nom\u00e9s una suma d\u2019aparells, sin\u00f3 <strong>una manera de pensar per resoldre problemes.<\/strong><\/span><\/p>\n<p>T\u2019interessa l&#8217;<strong>Arquitectura<\/strong>, l\u2019<strong>Electr\u00f2nica<\/strong>, les <strong>Instal\u00b7lacions dom\u00e8stiques<\/strong>, el <strong>Medi ambient<\/strong>, la <strong>Pneum\u00e0tica<\/strong>, la <strong>Rob\u00f2tica<\/strong>, etc? Farem classes te\u00f2riques i pr\u00e0ctiques, en el taller, projectes en grup, amb eines, maquin\u00e0ria, materials, port\u00e0tils &#8230; Si la teva idea \u00e9s fer un <strong>cicle formatiu t\u00e8cnic<\/strong> o un <strong>batxillerat tecnol\u00f2gic<\/strong> o <strong>cientificotecnol\u00f2gic<\/strong> aquesta \u00e9s la teva optativa.<\/td>\n<\/tr>\n<tr>\n<td style=\"width: 140px;\"><b>F\u00edsica i Qu\u00edmica<\/b><\/td>\n<td style=\"width: 734px;\"><span style=\"font-weight: 400;\">Una bona opci\u00f3 per ampliar els teus coneixements cient\u00edfics!. Comen\u00e7arem amb la <\/span><b>qu\u00edmica<\/b><span style=\"font-weight: 400;\"> de l\u2019\u00e0tom (i la nanoci\u00e8ncia ara que est\u00e0 tan de moda!), de les reaccions qu\u00edmiques, continuant pel m\u00f3n de la qu\u00edmica org\u00e0nica i tot aix\u00f2 amanit amb pr\u00e0ctiques i projectes al laboratori.<\/span><\/p>\n<p><span style=\"font-weight: 400;\">A continuaci\u00f3 ens endinsarem en el m\u00f3n de la <\/span><b>f\u00edsica<\/b><span style=\"font-weight: 400;\"> aprenent sobre moviment, forces i energia.\u00a0<\/span><\/p>\n<p><span style=\"font-weight: 400;\">No deixarem de banda una q\u00fcesti\u00f3 tant important avui en dia com \u00e9s la <\/span><b>qu\u00edmica ambiental<\/b><span style=\"font-weight: 400;\">, repassant els contaminants atmosf\u00e8rics, del s\u00f2l i de l\u2019aigua aix\u00ed com el desenvolupament sostenible per evitar-los i fer del nostre planeta un lloc millor.<\/span><\/p>\n<p><span style=\"font-weight: 400;\">Si tens intenci\u00f3 de continuar els teus estudis de batxillerat cap a\u00a0 modalitats cient\u00edfiques, aquesta \u00e9s la teva mat\u00e8ria i si prefereixes fer m\u00f2duls relacionats amb la sanitat, qu\u00edmica o ind\u00fastries aliment\u00e0ries tamb\u00e9 \u00e9s una mat\u00e8ria molt recomanable. ANIMA\u2019T!<\/span><\/td>\n<\/tr>\n<tr>\n<td style=\"width: 140px;\"><b>Biologia i Geologia<\/b><\/td>\n<td style=\"width: 734px;\"><span style=\"font-weight: 400;\">La Biologia i Geologia \u00e9s una mat\u00e8ria viva, molt actual, necess\u00e0ria per entendre el passat, el present i, sobretot, el futur. Fixa\u2019t en tots els darrers descobriments\u00a0 de la ci\u00e8ncia, poc o molt hi estan relacionats.<\/span><\/p>\n<p><span style=\"font-weight: 400;\">Segur que has sentit parlar d\u2019ADN, mutacions, c\u00e0ncer, virus, her\u00e8ncia, clons, transg\u00e8nics, f\u00f2ssils, moviment dels continents, la hist\u00f2ria del planeta, extinci\u00f3 d\u2019esp\u00e8cies, selecci\u00f3 natural&#8230; i tens curiositats i preguntes relacionades a les quals t\u2019agradaria donar resposta.<\/span><\/p>\n<p><span style=\"font-weight: 400;\">Si \u00e9s aix\u00ed i vols encaminar els teus estudis cap a una <\/span><b>branca cient\u00edfica<\/b><span style=\"font-weight: 400;\"> amb infinitat de noves i interessants sortides com la biotecnologia o la biomedicina, aquesta mat\u00e8ria est\u00e0 aqu\u00ed per enriquir-te.<\/span><\/p>\n<p><span style=\"font-weight: 400;\">Els sabers que es treballen a 4t d\u2019ESO estan relacionats amb:<\/span><\/p>\n<ol>\n<li style=\"font-weight: 400;\" aria-level=\"1\"><span style=\"font-weight: 400;\">Reproducci\u00f3 cel\u00b7lular, her\u00e8ncia biol\u00f2gica i malalties heredit\u00e0ries, gens, mutacions i manipulaci\u00f3 gen\u00e8tica.<\/span><\/li>\n<li style=\"font-weight: 400;\" aria-level=\"1\"><span style=\"font-weight: 400;\">Evoluci\u00f3 dels \u00e9ssers vius, estudi i Hist\u00f2ria de la Terra com a planeta , origen de l\u2019Univers\u00a0 i de la vida a la Terra.<\/span><\/li>\n<\/ol>\n<\/td>\n<\/tr>\n<tr>\n<td style=\"width: 140px;\"><b>Arts Esc\u00e8niques i Dansa<\/b><\/td>\n<td style=\"width: 734px;\"><span style=\"font-weight: 400;\">Els estudis teatrals potencien l\u2019<\/span><b>autoconeixement<\/b><span style=\"font-weight: 400;\">, el <\/span><b>treball col\u00b7lectiu<\/b><span style=\"font-weight: 400;\"> i la <\/span><b>mirada art\u00edstica i cultural<\/b><span style=\"font-weight: 400;\">. Vols despertar la teva creativitat? Vine a teatre i experimenta: \u00e9s un espai de llibertat en el que ning\u00fa se sent excl\u00f2s\/osa\u00a0 i en el que cada acci\u00f3 serveix per reflexionar sobre idees que et preocupen.<\/span><\/p>\n<p><b>Improvisar\u00e0s<\/b><span style=\"font-weight: 400;\">, far\u00e0s un viatge per la <\/span><b>hist\u00f2ria del teatre i la dansa<\/b><span style=\"font-weight: 400;\">, <\/span><b>creareu espectacles<\/b><span style=\"font-weight: 400;\"> i finalment <\/span><b>escriur\u00e0s els teus pensament en format de soliloqui,<\/b><span style=\"font-weight: 400;\"> per dirigir la teva escena. Treballar\u00e0s\u00a0 la <\/span><b>interpretaci\u00f3, el treball corporal i vocal<\/b><span style=\"font-weight: 400;\">. Actuar\u00e0s davant el p\u00fablic i aprendr\u00e0s a gestionar la teva por esc\u00e8nica. Passa a l\u2019acci\u00f3, act\u00faa!<\/span><\/p>\n<p><span style=\"font-weight: 400;\">Saps quins oficis hi ha darrere d\u2019un espectacle? Escen\u00f2graf\/a, t\u00e8cnic\/a de so i de llum, figurinista: vestuari i maquillatge, dramaturgista, director\/a, actors i actrius, ballarins i ballarines&#8230;.\u00a0<\/span><\/p>\n<p><span style=\"font-weight: 400;\">Descobreix qui ets per despr\u00e9s representar-ho sense cr\u00edtiques, empoderant-te i enriquint-te emocionalment amb la companyia ON SER TEATRE.<\/span><\/td>\n<\/tr>\n<tr>\n<td style=\"width: 140px;\"><b>M\u00fasica<\/b><\/td>\n<td style=\"width: 734px;\"><span style=\"font-weight: 400;\">La m\u00fasica \u00e9s un element molt present a les nostres vides. A m\u00e9s a m\u00e9s, \u00e9s un element indispensable a l\u2019hora de contribuir al desenvolupament integral de l\u2019alumnat: promou la sensibilitat, la creativitat, el gaudi, desenvolupa l\u2019atenci\u00f3, la mem\u00f2ria o el respecte cap al treball col\u00b7laboratiu, entre d\u2019altres.<\/span><\/p>\n<p><span style=\"font-weight: 400;\">Aquesta mat\u00e8ria est\u00e0 focalitzada en un aprenentatge basat en la pr\u00e0ctica i en el desenvolupament d\u2019habilitats que permetin a l\u2019alumnat vivenciar la m\u00fasica a trav\u00e9s de la interpretaci\u00f3, la creaci\u00f3 i la improvisaci\u00f3.\u00a0<\/span><\/p>\n<p><span style=\"font-weight: 400;\">Per fer-ho, disposem d\u2019un ampli banc d\u2019instruments: teclat, guitarra i baix el\u00e8ctric, ukeleles, bateria, carrillons, boom-whackers i diferents instruments de percussi\u00f3.<\/span><\/td>\n<\/tr>\n<tr>\n<td style=\"width: 140px;\"><b>Educaci\u00f3 Visual i Pl\u00e0stica<\/b><\/td>\n<td style=\"width: 734px;\"><span style=\"font-weight: 400;\">Es pot viure sense l\u2019art? Potser s\u00ed\u2026 Per\u00f2 l\u2019art \u00e9s necessari perqu\u00e8 et fa mirar, et fa escoltar, et fa pensar, et fa dir les coses de manera diferent. Les arts visuals et donen la capacitat d\u2019expressar-te a trav\u00e9s de les imatges. Al llarg del curs realitzarem creacions pl\u00e0stiques personals utilitzant diverses t\u00e8cniques d\u2019expressi\u00f3. La mat\u00e8ria la dividim en 3 grans blocs:<\/span><\/p>\n<p><b>Disseny<\/b><span style=\"font-weight: 400;\">: Treballem els aspectes b\u00e0sics del proc\u00e9s de disseny, de les estrat\u00e8gies d&#8217;ideaci\u00f3 i projectaci\u00f3 de l&#8217;\u00e0mbit del disseny bidimensional.<\/span><\/p>\n<p><b>Llenguatge audiovisual i multim\u00e8dia<\/b><span style=\"font-weight: 400;\">: Creaci\u00f3 d\u2019un curtmetratge.<\/span><\/p>\n<p><span style=\"font-family: inherit; font-size: 1em;\"><b>Volum<\/b><span style=\"font-weight: 400;\">: Farem projectes tridimensionals amb diferents materials.<\/span> <\/span><\/td>\n<\/tr>\n<tr>\n<td style=\"width: 140px;\"><b>Franc\u00e8s<\/b><\/td>\n<td style=\"width: 734px;\"><span style=\"font-weight: 400;\">Parlat als 7 continents del m\u00f3n per m\u00e9s de 200 milions de persones, el franc\u00e8s ofereix una multitud de possibilitats culturals i professionals. \u00c9s la 2a llengua m\u00e9s parlada a Europa, despr\u00e9s de l&#8217;alemany, a m\u00e9s de ser la llengua oficial de tots els organismes internacionals.\u00a0 <\/span><span style=\"font-weight: 400;\">\u00a0<\/span><\/p>\n<p><b>Per quin nivell comencem?<\/b><\/p>\n<p><span style=\"font-weight: 400;\">A<\/span><b><i> 1r d\u2019ESO<\/i><\/b><span style=\"font-weight: 400;\"> comencem pel nivell 0. No passa res si no l\u2019has estudiat mai.<\/span><\/p>\n<p><b>Per a qu\u00e8 serveix?<\/b><\/p>\n<p><span style=\"font-weight: 400;\">Una segona llengua estrangera obre moltes portes en un futur tant per estudiar com per treballar.<\/span><\/p>\n<p><b>\u00c9s dif\u00edcil?<\/b><\/p>\n<p><span style=\"font-weight: 400;\">El franc\u00e8s \u00e9s una germana del castell\u00e0 i del catal\u00e0. Per aix\u00f2 hi ha moltes paraules transparents\u2026per\u00f2 s\u2019ha d\u2019estudiar!<\/span><\/p>\n<p><b>Com es treballa a classe?<\/b><\/p>\n<p><span style=\"font-weight: 400;\">Treballem totes les compet\u00e8ncies : escrivim, parlem, escoltem\u2026i tamb\u00e9 comencem a preparar proves de certificaci\u00f3 :<\/span><b> DELF A2 o B1<\/b><span style=\"font-weight: 400;\">\u00a0 a partir de l\u2019avaluaci\u00f3 inicial i\/o interessos del grup.<\/span><\/p>\n<p><span style=\"font-weight: 400;\">Tamb\u00e9 tindr\u00e0s l\u2019oportunitat de participar en l\u2019intercanvi que realitzem amb la Bretanya o en programes europeus <\/span><b><i>ERASMUS.<\/i><\/b><\/p>\n<p><span style=\"font-weight: 400;\">La <\/span><b><i>Uni\u00f3 Europea<\/i><\/b><span style=\"font-weight: 400;\"> recomana acabar els estudis obligatoris amb el coneixement almenys de dues lleng\u00fces estrangeres.\u00a0<\/span><\/p>\n<p><span style=\"font-weight: 400;\">Saber idiomes \u00e9s fonamental. Comen\u00e7a a preparar el teu futur!<\/span><\/td>\n<\/tr>\n<tr>\n<td style=\"width: 140px;\"><b>Tecnologies de la Informaci\u00f3 i la Comunicaci\u00f3.<br \/>\nDigitalitzaci\u00f3.<\/b><\/td>\n<td style=\"width: 734px;\"><span style=\"font-weight: 400;\">A l\u2019optativa de <\/span><span style=\"font-weight: 400;\">Tecnologies de la Informaci\u00f3 i la Comunicaci\u00f3 (TIC)<\/span><span style=\"font-weight: 400;\"> intentem aprendre coneixements per moure\u2019s en destresa a l\u2019entorn digital; no nom\u00e9s es tracta d\u2019assolir coneixements b\u00e0sics d\u2019inform\u00e0tica sin\u00f3 de dominar-los una mica m\u00e9s per ser competents a un nivell m\u00e9s alt en: documents de text, fulls de c\u00e0lculs, eines de Google, edici\u00f3 d\u2019imatges, v\u00eddeo i \u00e0udio, programaci\u00f3, seguretat a internet&#8230;\u00a0\u00a0<\/span><\/p>\n<p><span style=\"font-weight: 400;\">\u00c9s imprescindible tenir un ordinador amb sistema operatiu Windows (Chromebook presenta algunes dificultats en certs programes, per\u00f2 si no \u00e9s possible per cap medi obtenir un ordinador, haurem d\u2019adaptar els programes).<\/span><\/td>\n<\/tr>\n<tr>\n<td style=\"width: 140px;\"><b>Economia<\/b><\/td>\n<td style=\"width: 734px;\">Qu\u00e8 \u00e9s l&#8217;economia? Per qu\u00e8 paguem impostos? Com es poden finan\u00e7ar les empreses i les fam\u00edlies? Per qu\u00e8 hi ha atur? Quins problemes econ\u00f2mics hi ha actualment?<\/p>\n<p>Moltes preguntes que ens fem del nostre dia a dia o que potser mai ens hem fet, tenen en com\u00fa com els \u00e9ssers humans cobrim les nostres necessitats i com ens relacionem en l&#8217;\u00e0mbit comercial, monetari i de treball. D&#8217;aqu\u00ed en deriven moltes desigualtats socials.<\/p>\n<p>\u00c9s una optativa amb un fort component conceptual que t\u00e9 aplicacions directes a la vida quotidiana. Si vols encarar l&#8217;etapa postobligat\u00f2ria a cicles formatius de gesti\u00f3, administraci\u00f3 o al batxillerat social o econ\u00f2mic, aquesta optativa et donar\u00e0 una bona base per comen\u00e7ar.<\/td>\n<\/tr>\n<\/tbody>\n<\/table>\n<p>&nbsp;<\/p>\n","protected":false},"excerpt":{"rendered":"<p>Optatives espec\u00edfiques de 4t d&#8217;ESO<br \/>\nTria d&#8217;optatives de 4t: \u27a1 <a href=\"https:\/\/forms.gle\/KVHwDnHFNJueDiSj6\">Enlla\u00e7 al formulari d&#8217;inscripci\u00f3<\/a><br \/>\nINFORMACI\u00d3 ITINERARIS 4t d\u2019ESO 2025-2026<\/p>\n<p>Itinerari 1<br \/>\nItinerari 2<br \/>\nItinerari 3<\/p>\n<p>Tecnologia<br \/>\nArts Esc\u00e8niques i Dansa<br \/>\nEconomia<\/p>\n<p>F\u00edsica i Qu\u00edmica<br \/>\nM\u00fasica<br \/>\nFranc\u00e8s<\/p>\n<p>Biologia i Geologia<br \/>\nExpressi\u00f3 Art\u00edstica<br \/>\nDigitalitzaci\u00f3<\/p>\n<p>Tecnologia<br \/>\nLes tecnologies envolten la nostra vida di\u00e0ria: m\u00f2bils, cotxes, cases, internet, ordinadors, f\u00e0briques, \u2026 Per\u00f2 la tecnologia&hellip;  <a href=\"https:\/\/agora.xtec.cat\/sesvallbonadanoia\/secretaria\/tria-doptatives\/\" title=\"Read Tria d&#8217;optatives ESO\">Llegeix m\u00e9s\u00bb<\/a><\/p>\n","protected":false},"author":1,"featured_media":0,"parent":81,"menu_order":3,"comment_status":"closed","ping_status":"closed","template":"page-templates\/side-menu.php","meta":{"_bbp_topic_count":0,"_bbp_reply_count":0,"_bbp_total_topic_count":0,"_bbp_total_reply_count":0,"_bbp_voice_count":0,"_bbp_anonymous_reply_count":0,"_bbp_topic_count_hidden":0,"_bbp_reply_count_hidden":0,"_bbp_forum_subforum_count":0,"footnotes":""},"class_list":["post-1128","page","type-page","status-publish","hentry"],"post_mailing_queue_ids":[],"_links":{"self":[{"href":"https:\/\/agora.xtec.cat\/sesvallbonadanoia\/wp-json\/wp\/v2\/pages\/1128","targetHints":{"allow":["GET"]}}],"collection":[{"href":"https:\/\/agora.xtec.cat\/sesvallbonadanoia\/wp-json\/wp\/v2\/pages"}],"about":[{"href":"https:\/\/agora.xtec.cat\/sesvallbonadanoia\/wp-json\/wp\/v2\/types\/page"}],"author":[{"embeddable":true,"href":"https:\/\/agora.xtec.cat\/sesvallbonadanoia\/wp-json\/wp\/v2\/users\/1"}],"replies":[{"embeddable":true,"href":"https:\/\/agora.xtec.cat\/sesvallbonadanoia\/wp-json\/wp\/v2\/comments?post=1128"}],"version-history":[{"count":10,"href":"https:\/\/agora.xtec.cat\/sesvallbonadanoia\/wp-json\/wp\/v2\/pages\/1128\/revisions"}],"predecessor-version":[{"id":12172,"href":"https:\/\/agora.xtec.cat\/sesvallbonadanoia\/wp-json\/wp\/v2\/pages\/1128\/revisions\/12172"}],"up":[{"embeddable":true,"href":"https:\/\/agora.xtec.cat\/sesvallbonadanoia\/wp-json\/wp\/v2\/pages\/81"}],"wp:attachment":[{"href":"https:\/\/agora.xtec.cat\/sesvallbonadanoia\/wp-json\/wp\/v2\/media?parent=1128"}],"curies":[{"name":"wp","href":"https:\/\/api.w.org\/{rel}","templated":true}]}}