{"id":10408,"date":"2024-08-07T10:38:54","date_gmt":"2024-08-07T08:38:54","guid":{"rendered":"https:\/\/agora.xtec.cat\/sesvallbonadanoia\/?page_id=10408"},"modified":"2025-07-14T14:20:00","modified_gmt":"2025-07-14T12:20:00","slug":"sinergies","status":"publish","type":"page","link":"https:\/\/agora.xtec.cat\/sesvallbonadanoia\/estudis\/sinergies\/","title":{"rendered":"Sinergies"},"content":{"rendered":"<p>La paraula <strong>&#8220;sinergia&#8221;<\/strong> prov\u00e9 del <strong>grec &#8220;\u03c3\u03c5\u03bd\u03b5\u03c1\u03b3\u03af\u03b1&#8221; (synergia)<\/strong>, que significa &#8220;<strong>treball conjunt<\/strong>&#8221; o &#8220;<strong>cooperaci\u00f3<\/strong>&#8220;. Aquesta paraula deriva de &#8220;\u03c3\u03c5\u03bd\u03b5\u03c1\u03b3\u03cc\u03c2&#8221; (synergos), que es descompon en dues parts: <strong>&#8220;\u03c3\u03cd\u03bd&#8221; (syn)<\/strong>, que significa &#8220;<strong>junt&#8221; o &#8220;amb<\/strong>&#8220;, i &#8220;<strong>\u1f14\u03c1\u03b3\u03bf\u03bd&#8221; (ergon),<\/strong> que significa <strong>&#8220;treball&#8221; o &#8220;obra&#8221;<\/strong>. Aix\u00ed doncs, l&#8217;etimologia de <strong>&#8220;sinergia&#8221; reflecteix la idea de treballar conjuntament per aconseguir un resultat que \u00e9s m\u00e9s gran que la suma de les parts individuals.<\/strong><\/p>\n<p>Les sinergies educatives al nostre institut s\u00f3n un tipus de treball per projectes on l&#8217;alumnat col\u00b7labora per assolir objectius comuns, creant un efecte que \u00e9s m\u00e9s gran que la suma de les seves parts. A l&#8217;Institut Vallbona d&#8217;Anoia, es realitzen sis sinergies durant el curs escolar,<\/p>\n<p><strong>Caracter\u00edstiques i Funcionament de les Sinergies:<\/strong><\/p>\n<ol>\n<li><strong>Horari:<\/strong>\n<ul>\n<li><strong>1r, 2n i 4t d&#8217;ESO:<\/strong> Dediquen 1,5 hores setmanals a treballar en sinergies en el grup classe o nivell.<\/li>\n<li><strong>3r d&#8217;ESO:<\/strong> Participa en un programa d&#8217;innovaci\u00f3 anomenat RCS (Recerca, Comunitat i Servei), dedicant-hi 4 hores setmanals.<\/li>\n<\/ul>\n<\/li>\n<\/ol>\n<ol>\n<li><strong>Objectius:<\/strong>\n<ul>\n<li><strong>Investigaci\u00f3:<\/strong> Aprendre a investigar de manera efectiva.<\/li>\n<li><strong>Col\u00b7laboraci\u00f3:<\/strong> Treballar cooperativament amb els companys i les companyes.<\/li>\n<li><strong>Presentaci\u00f3:<\/strong> Presentar els resultats de la recerca de manera clara i coherent<\/li>\n<\/ul>\n<\/li>\n<\/ol>\n<ol>\n<li><strong>Metodologia:<\/strong>\n<ul>\n<li><strong>Reptes Reals:<\/strong> L&#8217;alumnat treballa amb professionals dels camps relacionats amb els reptes proposats.<\/li>\n<li><strong>Visites i Experi\u00e8ncies Reals:<\/strong> Es visiten espais reals per ampliar el coneixement i fomentar la curiositat per diverses professions.<\/li>\n<li><strong>Treball Col\u00b7lectiu:<\/strong> L&#8217;alumnat apren a treballar de manera col\u00b7lectiva, desenvolupant habilitats socials i de cooperaci\u00f3.<\/li>\n<\/ul>\n<\/li>\n<\/ol>\n<p><strong>Projectes i \u00c0mbits de les Sinergies:<\/strong><\/p>\n<ul>\n<li><strong>Mitjans de Comunicaci\u00f3:<\/strong> Creaci\u00f3 de continguts per a la r\u00e0dio, revista i un canal de TV.<\/li>\n<li><strong>Ci\u00e8ncia i Educaci\u00f3 F\u00edsica:<\/strong> Integraci\u00f3 de coneixements cient\u00edfics amb activitats f\u00edsiques.<\/li>\n<li><strong>Precious Plastic:<\/strong> Conscienciaci\u00f3 sobre la gesti\u00f3 de residus i \u00fas de les impressores 3D per reciclar.<\/li>\n<li><strong>Construcci\u00f3 de la C\u00fapula Geod\u00e8sica:<\/strong> Projecte de creaci\u00f3 d&#8217;un refugi clim\u00e0tic per al pati.<\/li>\n<li><strong>Art i Tecnologia:<\/strong> Combina creativitat art\u00edstica amb habilitats tecnol\u00f2giques.<\/li>\n<\/ul>\n<p><strong>Particularitats per a l&#8217;alumnat de 4t d&#8217;ESO:<\/strong><\/p>\n<ul>\n<li><strong>Projecte de Recerca:<\/strong> Durant el tercer trimestre, els estudiants de 4t d&#8217;ESO realitzen un projecte d&#8217;investigaci\u00f3 com a part del seu proc\u00e9s d&#8217;aprenentatge.<\/li>\n<\/ul>\n<p><strong>Beneficis de la Metodologia:<\/strong><\/p>\n<ul>\n<li><strong>Autonomia:<\/strong> Fomenta l&#8217;autonomia de les persones.<\/li>\n<li><strong>Habilitats Pr\u00e0ctiques:<\/strong> Desenvolupa habilitats manipulatives i pr\u00e0ctiques.<\/li>\n<li><strong>Coneixement Aplicat:<\/strong> Permet aplicar el coneixement en situacions d&#8217;aprenentatge reals.<\/li>\n<li><strong>Enriquiment Educatiu:<\/strong> Promou un enriquiment educatiu global a trav\u00e9s de la integraci\u00f3 de diverses disciplines.<\/li>\n<\/ul>\n<p>Aquesta metodologia \u00e9s molt interessant perqu\u00e8 permet a les persones ser protagonistes del seu propi aprenentatge, desenvolupant compet\u00e8ncies essencials per al seu futur acad\u00e8mic i professional.<\/p>\n","protected":false},"excerpt":{"rendered":"<p>La paraula &#8220;sinergia&#8221; prov\u00e9 del grec &#8220;\u03c3\u03c5\u03bd\u03b5\u03c1\u03b3\u03af\u03b1&#8221; (synergia), que significa &#8220;treball conjunt&#8221; o &#8220;cooperaci\u00f3&#8220;. Aquesta paraula deriva de &#8220;\u03c3\u03c5\u03bd\u03b5\u03c1\u03b3\u03cc\u03c2&#8221; (synergos), que es descompon en dues parts: &#8220;\u03c3\u03cd\u03bd&#8221; (syn), que significa &#8220;junt&#8221; o &#8220;amb&#8220;, i &#8220;\u1f14\u03c1\u03b3\u03bf\u03bd&#8221; (ergon), que significa &#8220;treball&#8221; o &#8220;obra&#8221;. Aix\u00ed doncs, l&#8217;etimologia de&hellip;  <a href=\"https:\/\/agora.xtec.cat\/sesvallbonadanoia\/estudis\/sinergies\/\" title=\"Read Sinergies\">Llegeix m\u00e9s\u00bb<\/a><\/p>\n","protected":false},"author":1,"featured_media":0,"parent":195,"menu_order":0,"comment_status":"closed","ping_status":"closed","template":"page-templates\/side-menu.php","meta":{"_bbp_topic_count":0,"_bbp_reply_count":0,"_bbp_total_topic_count":0,"_bbp_total_reply_count":0,"_bbp_voice_count":0,"_bbp_anonymous_reply_count":0,"_bbp_topic_count_hidden":0,"_bbp_reply_count_hidden":0,"_bbp_forum_subforum_count":0,"footnotes":""},"class_list":["post-10408","page","type-page","status-publish","hentry"],"post_mailing_queue_ids":[],"_links":{"self":[{"href":"https:\/\/agora.xtec.cat\/sesvallbonadanoia\/wp-json\/wp\/v2\/pages\/10408","targetHints":{"allow":["GET"]}}],"collection":[{"href":"https:\/\/agora.xtec.cat\/sesvallbonadanoia\/wp-json\/wp\/v2\/pages"}],"about":[{"href":"https:\/\/agora.xtec.cat\/sesvallbonadanoia\/wp-json\/wp\/v2\/types\/page"}],"author":[{"embeddable":true,"href":"https:\/\/agora.xtec.cat\/sesvallbonadanoia\/wp-json\/wp\/v2\/users\/1"}],"replies":[{"embeddable":true,"href":"https:\/\/agora.xtec.cat\/sesvallbonadanoia\/wp-json\/wp\/v2\/comments?post=10408"}],"version-history":[{"count":3,"href":"https:\/\/agora.xtec.cat\/sesvallbonadanoia\/wp-json\/wp\/v2\/pages\/10408\/revisions"}],"predecessor-version":[{"id":12169,"href":"https:\/\/agora.xtec.cat\/sesvallbonadanoia\/wp-json\/wp\/v2\/pages\/10408\/revisions\/12169"}],"up":[{"embeddable":true,"href":"https:\/\/agora.xtec.cat\/sesvallbonadanoia\/wp-json\/wp\/v2\/pages\/195"}],"wp:attachment":[{"href":"https:\/\/agora.xtec.cat\/sesvallbonadanoia\/wp-json\/wp\/v2\/media?parent=10408"}],"curies":[{"name":"wp","href":"https:\/\/api.w.org\/{rel}","templated":true}]}}