{"id":780,"date":"2017-10-17T15:44:50","date_gmt":"2017-10-17T13:44:50","guid":{"rendered":"http:\/\/agora.xtec.cat\/sesteia\/?page_id=780"},"modified":"2023-09-27T15:10:13","modified_gmt":"2023-09-27T13:10:13","slug":"carta-de-compromis-educatiu","status":"publish","type":"page","link":"https:\/\/agora.xtec.cat\/sesteia\/projecte-educatiu\/carta-de-compromis-educatiu\/","title":{"rendered":"Carta de Comprom\u00eds Educatiu"},"content":{"rendered":"<p>La implicaci\u00f3 de les fam\u00edlies en el proc\u00e9s educatiu dels fills \u00e9s un element imprescindible per assolir l\u2019\u00e8xit educatiu i contribuir a la millor integraci\u00f3 escolar i social de l\u2019alumnat. En aquest sentit, la carta de comprom\u00eds educatiu ha de ser una eina que faciliti la cooperaci\u00f3 entre les accions educatives de les fam\u00edlies i l\u2019acci\u00f3 educativa del centre educatiu.<\/p>\n<p>La Llei 12\/2009, del 10 de juliol, d\u2019educaci\u00f3 estableix expl\u00edcitament els drets, les llibertats i les obligacions que corresponen a tots els membres de la comunitat escolar (alumnat, fam\u00edlies, professorat i altres professionals que intervenen en el proc\u00e9s educatiu) i determina els principis que orienten l\u2019organitzaci\u00f3 del sistema per satisfer el dret a l\u2019educaci\u00f3 per mitj\u00e0 de la cooperaci\u00f3 entre els diversos agents educatius. L\u2019article 20 de la Llei d\u2019educaci\u00f3 defineix la carta de comprom\u00eds educatiu, en el marc del projecte educatiu del centre, com el document que expressa els objectius necessaris per assolir un entorn de conviv\u00e8ncia i respecte pel desenvolupament de les activitats educatives i els compromisos que cada fam\u00edlia i el centre s\u2019avenen a adquirir en relaci\u00f3 amb els principis que la inspiren. Aquest mateix article indica que, per mitj\u00e0 de la carta de comprom\u00eds educatiu, s\u2019ha de potenciar la participaci\u00f3 de les fam\u00edlies en l\u2019educaci\u00f3 dels fills.<\/p>\n<p>L\u2019article 7 del Decret 102\/2010, de 3 d\u2019agost, d\u2019autonomia dels centres educatius indica que la carta \u00e9s formada per uns continguts comuns que s\u2019han de formular de manera participativa entre els diferents membres de la comunitat escolar, especialment els professionals de l\u2019educaci\u00f3 i les fam\u00edlies, i s\u00f3n aprovats pel consell escolar. El centre i la fam\u00edlia han de formalitzar la carta de comprom\u00eds amb els continguts comuns en el moment de la matr\u00edcula.<\/p>\n<p>Aquest document l\u2019han de signar el pare, mare, tutor o tutora legal de l\u2019alumne o alumna i el director o directora del centre educatiu p\u00fablic o la persona titular del centre privat concertat o, en el seu nom, per qui disposin les normes d\u2019organitzaci\u00f3 i funcionament del centre.<\/p>\n<p><a href=\"https:\/\/agora.xtec.cat\/sesteia\/wp-content\/uploads\/usu180\/2021\/07\/Carta-de-comprom\u00eds-21-22.pdf\">Carta de comprom\u00eds 21-22<\/a><\/p>\n","protected":false},"excerpt":{"rendered":"<p>La implicaci\u00f3 de les fam\u00edlies en el proc\u00e9s educatiu dels fills \u00e9s un element imprescindible per assolir l\u2019\u00e8xit educatiu i contribuir a la millor integraci\u00f3 escolar i social de l\u2019alumnat. En aquest sentit, la carta de comprom\u00eds educatiu ha de ser una eina que faciliti&hellip;  <a href=\"https:\/\/agora.xtec.cat\/sesteia\/projecte-educatiu\/carta-de-compromis-educatiu\/\" title=\"Read Carta de Comprom\u00eds Educatiu\">Llegeix m\u00e9s\u00bb<\/a><\/p>\n","protected":false},"author":1,"featured_media":0,"parent":57,"menu_order":4,"comment_status":"closed","ping_status":"closed","template":"page-templates\/side-menu.php","meta":{"_bbp_topic_count":0,"_bbp_reply_count":0,"_bbp_total_topic_count":0,"_bbp_total_reply_count":0,"_bbp_voice_count":0,"_bbp_anonymous_reply_count":0,"_bbp_topic_count_hidden":0,"_bbp_reply_count_hidden":0,"_bbp_forum_subforum_count":0,"footnotes":""},"class_list":["post-780","page","type-page","status-publish","hentry"],"post_mailing_queue_ids":[],"_links":{"self":[{"href":"https:\/\/agora.xtec.cat\/sesteia\/wp-json\/wp\/v2\/pages\/780","targetHints":{"allow":["GET"]}}],"collection":[{"href":"https:\/\/agora.xtec.cat\/sesteia\/wp-json\/wp\/v2\/pages"}],"about":[{"href":"https:\/\/agora.xtec.cat\/sesteia\/wp-json\/wp\/v2\/types\/page"}],"author":[{"embeddable":true,"href":"https:\/\/agora.xtec.cat\/sesteia\/wp-json\/wp\/v2\/users\/1"}],"replies":[{"embeddable":true,"href":"https:\/\/agora.xtec.cat\/sesteia\/wp-json\/wp\/v2\/comments?post=780"}],"version-history":[{"count":4,"href":"https:\/\/agora.xtec.cat\/sesteia\/wp-json\/wp\/v2\/pages\/780\/revisions"}],"predecessor-version":[{"id":2808,"href":"https:\/\/agora.xtec.cat\/sesteia\/wp-json\/wp\/v2\/pages\/780\/revisions\/2808"}],"up":[{"embeddable":true,"href":"https:\/\/agora.xtec.cat\/sesteia\/wp-json\/wp\/v2\/pages\/57"}],"wp:attachment":[{"href":"https:\/\/agora.xtec.cat\/sesteia\/wp-json\/wp\/v2\/media?parent=780"}],"curies":[{"name":"wp","href":"https:\/\/api.w.org\/{rel}","templated":true}]}}