{"id":69,"date":"2014-09-18T10:15:07","date_gmt":"2014-09-18T10:15:07","guid":{"rendered":"http:\/\/agora.xtec.cat\/sesteia\/?page_id=69"},"modified":"2023-09-12T12:18:46","modified_gmt":"2023-09-12T10:18:46","slug":"menjador-escolar","status":"publish","type":"page","link":"https:\/\/agora.xtec.cat\/sesteia\/serveis\/menjador-escolar\/","title":{"rendered":"Menjador escolar"},"content":{"rendered":"<p>El centre ofereix servei de menjador els <strong>dilluns<\/strong> i els <strong>dimarts<\/strong>, dies en qu\u00e8 hi ha sessions lectives a la tarda.<\/p>\n<p>L&#8217;horari del servei \u00e9s de <strong>13:30h <\/strong>a<strong> 15:00h.<\/strong><\/p>\n<p>L&#8217;empresa que realitza el servei de menjador \u00e9s l&#8217;empresa <strong>DINAM!C<\/strong> i el menjar \u00e9s del catering <strong>Can Quim.<\/strong><\/p>\n<p>Podeu trobar tots els men\u00fas de l&#8217;any consultant el seg\u00fcent enlla\u00e7: <a href=\"https:\/\/viudinamic.wordpress.com\/menus-de-menjador-escolar\/\">Men\u00fas de l&#8217;institut Tur\u00f3 d&#8217;en Baldiri<\/a><\/p>\n<p>Bon profit!<\/p>\n","protected":false},"excerpt":{"rendered":"<p>El centre ofereix servei de menjador els dilluns i els dimarts, dies en qu\u00e8 hi ha sessions lectives a la tarda.<br \/>\nL&#8217;horari del servei \u00e9s de 13:30h a 15:00h.<br \/>\nL&#8217;empresa que realitza el servei de menjador \u00e9s l&#8217;empresa DINAM!C i el menjar \u00e9s del catering Can Quim.<br \/>\nPodeu&hellip;  <a href=\"https:\/\/agora.xtec.cat\/sesteia\/serveis\/menjador-escolar\/\" title=\"Read Menjador escolar\">Llegeix m\u00e9s\u00bb<\/a><\/p>\n","protected":false},"author":2,"featured_media":0,"parent":63,"menu_order":20,"comment_status":"closed","ping_status":"closed","template":"page-templates\/side-menu.php","meta":{"_bbp_topic_count":0,"_bbp_reply_count":0,"_bbp_total_topic_count":0,"_bbp_total_reply_count":0,"_bbp_voice_count":0,"_bbp_anonymous_reply_count":0,"_bbp_topic_count_hidden":0,"_bbp_reply_count_hidden":0,"_bbp_forum_subforum_count":0,"footnotes":""},"class_list":["post-69","page","type-page","status-publish","hentry"],"post_mailing_queue_ids":[],"_links":{"self":[{"href":"https:\/\/agora.xtec.cat\/sesteia\/wp-json\/wp\/v2\/pages\/69","targetHints":{"allow":["GET"]}}],"collection":[{"href":"https:\/\/agora.xtec.cat\/sesteia\/wp-json\/wp\/v2\/pages"}],"about":[{"href":"https:\/\/agora.xtec.cat\/sesteia\/wp-json\/wp\/v2\/types\/page"}],"author":[{"embeddable":true,"href":"https:\/\/agora.xtec.cat\/sesteia\/wp-json\/wp\/v2\/users\/2"}],"replies":[{"embeddable":true,"href":"https:\/\/agora.xtec.cat\/sesteia\/wp-json\/wp\/v2\/comments?post=69"}],"version-history":[{"count":4,"href":"https:\/\/agora.xtec.cat\/sesteia\/wp-json\/wp\/v2\/pages\/69\/revisions"}],"predecessor-version":[{"id":4542,"href":"https:\/\/agora.xtec.cat\/sesteia\/wp-json\/wp\/v2\/pages\/69\/revisions\/4542"}],"up":[{"embeddable":true,"href":"https:\/\/agora.xtec.cat\/sesteia\/wp-json\/wp\/v2\/pages\/63"}],"wp:attachment":[{"href":"https:\/\/agora.xtec.cat\/sesteia\/wp-json\/wp\/v2\/media?parent=69"}],"curies":[{"name":"wp","href":"https:\/\/api.w.org\/{rel}","templated":true}]}}