{"id":5154,"date":"2024-05-16T10:41:34","date_gmt":"2024-05-16T08:41:34","guid":{"rendered":"https:\/\/agora.xtec.cat\/sesteia\/?page_id=5154"},"modified":"2024-05-17T11:14:36","modified_gmt":"2024-05-17T09:14:36","slug":"centre-formador","status":"publish","type":"page","link":"https:\/\/agora.xtec.cat\/sesteia\/centre-formador\/","title":{"rendered":"Centre formador"},"content":{"rendered":"<p>Com a centre formador, dins del programa d\u2019innovaci\u00f3 PINN MUFPS del Departament d\u2019Educaci\u00f3, podeu consultar tota la informaci\u00f3 rellevant a continuaci\u00f3:<\/p>\n<p style=\"text-align: center;\"><a href=\"https:\/\/projectes.xtec.cat\/centresformadors\/\">Enlla\u00e7 al nodes de Centres Formadors.\u00a0<\/a><\/p>\n<p style=\"text-align: center;\"><a href=\"https:\/\/agora.xtec.cat\/sesteia\/wp-content\/uploads\/usu180\/2024\/05\/Document-PINN-MUFPS.pdf\">Document PINN MUFPS<\/a><img loading=\"lazy\" decoding=\"async\" class=\"wp-image-5155 aligncenter\" src=\"https:\/\/agora.xtec.cat\/sesteia\/wp-content\/uploads\/usu180\/2024\/05\/LOGO-centres-formadors-1011x1024.jpg\" alt=\"\" width=\"343\" height=\"348\" srcset=\"https:\/\/agora.xtec.cat\/sesteia\/wp-content\/uploads\/usu180\/2024\/05\/LOGO-centres-formadors-1011x1024.jpg 1011w, https:\/\/agora.xtec.cat\/sesteia\/wp-content\/uploads\/usu180\/2024\/05\/LOGO-centres-formadors-296x300.jpg 296w, https:\/\/agora.xtec.cat\/sesteia\/wp-content\/uploads\/usu180\/2024\/05\/LOGO-centres-formadors-768x778.jpg 768w, https:\/\/agora.xtec.cat\/sesteia\/wp-content\/uploads\/usu180\/2024\/05\/LOGO-centres-formadors-1517x1536.jpg 1517w, https:\/\/agora.xtec.cat\/sesteia\/wp-content\/uploads\/usu180\/2024\/05\/LOGO-centres-formadors-2022x2048.jpg 2022w\" sizes=\"auto, (max-width: 343px) 100vw, 343px\" \/><\/p>\n<p>La finalitat del Programa d\u2019innovaci\u00f3 pedag\u00f2gica de<strong> Pr\u00e0ctiques del M\u00e0ster Universitari de Formaci\u00f3 del Professorat d\u2019educaci\u00f3 secund\u00e0ria obligat\u00f2ria i batxillerat, formaci\u00f3 professional i ensenyament d\u2019idiomes<\/strong> (MUFPS) \u00e9s millorar i avan\u00e7ar en el model de pr\u00e0ctiques dels estudiants universitaris amb la implicaci\u00f3 directa de la universitat i del centre formador en relaci\u00f3 als aspectes qualitatius que caracteritzen la formaci\u00f3 inicial dels nous docents.<\/p>\n<p>Els objectius del programa s\u00f3n els seg\u00fcents:<\/p>\n<p>&nbsp;<\/p>\n<ul>\n<li>Assignar valor als centres formadors com a institucions clau en la formaci\u00f3 inicial de la funci\u00f3 docent.<\/li>\n<li>Professionalitzar i recon\u00e8ixer la tasca d\u2019acompanyament dels mentors de centre i dels tutors de les universitats.<\/li>\n<li>Incorporar l\u2019estudiant universitari al centre formador com a agent actiu que col\u00b7labora en el desenvolupament del projecte educatiu de centre, alhora que es retroalimenta per millorar el desenvolupament professional i personal.<\/li>\n<li>Promoure la col\u00b7laboraci\u00f3 en projectes de recerca i de transformaci\u00f3 educativa entre les universitats i els centres formadors.<\/li>\n<\/ul>\n<p>&nbsp;<\/p>\n<p>Per a m\u00e9s informaci\u00f3 podeu consultar el document <a class=\"descargar\" title=\"Obre finestra nova (descarregar pdf)\" href=\"https:\/\/documents.espai.educacio.gencat.cat\/PC\/InnovacioPedagogica\/Practiques_universitaries.pdf\" target=\"_blank\" rel=\"noopener\">Pr\u00e0ctiques universit\u00e0ries en centres educatius formadors<\/a>.<\/p>\n","protected":false},"excerpt":{"rendered":"<p>Com a centre formador, dins del programa d\u2019innovaci\u00f3 PINN MUFPS del Departament d\u2019Educaci\u00f3, podeu consultar tota la informaci\u00f3 rellevant a continuaci\u00f3:<br \/>\n<a href=\"https:\/\/projectes.xtec.cat\/centresformadors\/\">Enlla\u00e7 al nodes de Centres Formadors.\u00a0<\/a><br \/>\n<a href=\"https:\/\/agora.xtec.cat\/sesteia\/wp-content\/uploads\/usu180\/2024\/05\/Document-PINN-MUFPS.pdf\">Document PINN MUFPS<\/a><br \/>\nLa finalitat del Programa d\u2019innovaci\u00f3 pedag\u00f2gica de Pr\u00e0ctiques del M\u00e0ster Universitari de Formaci\u00f3 del Professorat d\u2019educaci\u00f3&hellip;  <a href=\"https:\/\/agora.xtec.cat\/sesteia\/centre-formador\/\" title=\"Read Centre formador\">Llegeix m\u00e9s\u00bb<\/a><\/p>\n","protected":false},"author":1,"featured_media":0,"parent":0,"menu_order":0,"comment_status":"closed","ping_status":"closed","template":"","meta":{"_bbp_topic_count":0,"_bbp_reply_count":0,"_bbp_total_topic_count":0,"_bbp_total_reply_count":0,"_bbp_voice_count":0,"_bbp_anonymous_reply_count":0,"_bbp_topic_count_hidden":0,"_bbp_reply_count_hidden":0,"_bbp_forum_subforum_count":0,"footnotes":""},"class_list":["post-5154","page","type-page","status-publish","hentry"],"post_mailing_queue_ids":[],"_links":{"self":[{"href":"https:\/\/agora.xtec.cat\/sesteia\/wp-json\/wp\/v2\/pages\/5154","targetHints":{"allow":["GET"]}}],"collection":[{"href":"https:\/\/agora.xtec.cat\/sesteia\/wp-json\/wp\/v2\/pages"}],"about":[{"href":"https:\/\/agora.xtec.cat\/sesteia\/wp-json\/wp\/v2\/types\/page"}],"author":[{"embeddable":true,"href":"https:\/\/agora.xtec.cat\/sesteia\/wp-json\/wp\/v2\/users\/1"}],"replies":[{"embeddable":true,"href":"https:\/\/agora.xtec.cat\/sesteia\/wp-json\/wp\/v2\/comments?post=5154"}],"version-history":[{"count":4,"href":"https:\/\/agora.xtec.cat\/sesteia\/wp-json\/wp\/v2\/pages\/5154\/revisions"}],"predecessor-version":[{"id":5165,"href":"https:\/\/agora.xtec.cat\/sesteia\/wp-json\/wp\/v2\/pages\/5154\/revisions\/5165"}],"wp:attachment":[{"href":"https:\/\/agora.xtec.cat\/sesteia\/wp-json\/wp\/v2\/media?parent=5154"}],"curies":[{"name":"wp","href":"https:\/\/api.w.org\/{rel}","templated":true}]}}