{"id":46,"date":"2014-09-17T16:53:45","date_gmt":"2014-09-17T16:53:45","guid":{"rendered":"http:\/\/agora.xtec.cat\/sesteia\/?page_id=46"},"modified":"2025-10-06T18:23:21","modified_gmt":"2025-10-06T16:23:21","slug":"organigrama","status":"publish","type":"page","link":"https:\/\/agora.xtec.cat\/sesteia\/linstitut\/organigrama\/","title":{"rendered":"Organigrama  Curs 25-26"},"content":{"rendered":"<table style=\"height: 1912px; width: 39.5364%;\" width=\"537\" cellspacing=\"0\" cellpadding=\"2\" bgcolor=\"#ffffff\">\n<colgroup>\n<col width=\"327\" \/>\n<col width=\"306\" \/> <\/colgroup>\n<tbody>\n<tr style=\"height: 83px;\">\n<td style=\"height: 83px; width: 99.8092%;\" colspan=\"2\">\n<h2 class=\"western\"><span style=\"font-family: Arial, sans-serif;\"><span style=\"color: #222222;\"><b>Curs 2025-2026<\/b><\/span><\/span><\/h2>\n<\/td>\n<\/tr>\n<tr style=\"height: 110px;\" bgcolor=\"#f9f9f9\">\n<td style=\"height: 110px; width: 99.8092%;\" colspan=\"2\" valign=\"bottom\">\n<h3 class=\"western\" align=\"center\"><\/h3>\n<h3 class=\"western\" align=\"center\"><span style=\"color: #222222;\"><span style=\"font-family: Arial, sans-serif;\"><b>Equip directiu <\/b><\/span><\/span><\/h3>\n<\/td>\n<\/tr>\n<tr style=\"height: 31px;\">\n<td style=\"height: 31px; width: 51.471%;\"><span style=\"color: #222222;\"><span style=\"font-family: Arial, sans-serif;\">Directora<\/span><\/span><\/td>\n<td style=\"height: 31px; width: 48.3382%;\"><span style=\"font-family: Arial, sans-serif;\">Beth Fornas\u00a0<\/span><\/td>\n<\/tr>\n<tr style=\"height: 31px;\" bgcolor=\"#f9f9f9\">\n<td style=\"height: 31px; width: 51.471%;\"><span style=\"color: #222222;\"><span style=\"font-family: Arial, sans-serif;\">Cap d&#8217;estudis<\/span><\/span><\/td>\n<td style=\"height: 31px; width: 48.3382%;\">Paz Estevan<\/td>\n<\/tr>\n<tr style=\"height: 31px;\">\n<td style=\"height: 31px; width: 51.471%;\"><span style=\"color: #222222;\"><span style=\"font-family: Arial, sans-serif;\">Secret\u00e0ria<\/span><\/span><\/td>\n<td style=\"height: 31px; width: 48.3382%;\"><span style=\"color: #222222;\"><span style=\"font-family: Arial, sans-serif;\">Judith Planchart<\/span><\/span><\/td>\n<\/tr>\n<tr style=\"height: 31px;\" bgcolor=\"#f9f9f9\">\n<td style=\"height: 31px; width: 51.471%;\"><span style=\"color: #222222;\"><span style=\"font-family: Arial, sans-serif;\">Coordinadora pedag\u00f2gica<\/span><\/span><\/td>\n<td style=\"height: 31px; width: 48.3382%;\"><span style=\"font-family: Arial, sans-serif;\">Cristina Oliva<\/span><\/td>\n<\/tr>\n<tr style=\"height: 61px;\">\n<td style=\"height: 61px; width: 99.8092%;\" colspan=\"2\" valign=\"top\">\n<p align=\"center\"><span style=\"color: #222222;\"><span style=\"font-family: Arial, sans-serif;\"><span style=\"font-size: large;\"><b>Equip de Coordinaci\u00f3 i caps d&#8217; \u00e0mbit<\/b><\/span><\/span><\/span><\/p>\n<\/td>\n<\/tr>\n<tr style=\"height: 31px;\" valign=\"top\">\n<td style=\"height: 31px; width: 51.471%;\"><span style=\"color: #222222;\"><span style=\"font-family: Arial, sans-serif;\">Coordinaci\u00f3 ESO 2n cicle\u00a0<\/span><\/span><\/td>\n<td style=\"height: 31px; width: 48.3382%;\">Mar\u00eda J. D\u00edaz<\/td>\n<\/tr>\n<tr style=\"height: 48px;\">\n<td style=\"width: 51.471%; height: 48px;\"><span style=\"color: #222222;\"><span style=\"font-family: Arial, sans-serif;\">Coordinador activitats i serveis.<\/span><\/span><\/td>\n<td style=\"width: 48.3382%; height: 48px;\"><span style=\"font-family: Arial, sans-serif;\">Judith Marco<\/span><\/td>\n<\/tr>\n<tr style=\"height: 46px;\" bgcolor=\"#f9f9f9\">\n<td style=\"height: 46px; width: 51.471%;\"><span style=\"color: #222222;\"><span style=\"font-family: Arial, sans-serif;\">Cap del departament de l&#8217;\u00e0mbit cientificotecnol\u00f2gic.<\/span><\/span><\/td>\n<td style=\"height: 46px; width: 48.3382%;\">Am\u00e8lia Campo<\/td>\n<\/tr>\n<tr style=\"height: 31px;\">\n<td style=\"height: 31px; width: 51.471%;\" valign=\"bottom\"><span style=\"color: #222222;\"><span style=\"font-family: Arial, sans-serif;\">Cap del departament de\u00a0 l&#8217;\u00e0mbit ling\u00fc\u00edstic.<\/span><\/span><\/td>\n<td style=\"height: 31px; width: 48.3382%;\"><span style=\"color: #222222;\"><span style=\"font-family: Arial, sans-serif;\">Maria de Prado<\/span><\/span><\/td>\n<\/tr>\n<tr style=\"height: 46px;\">\n<td style=\"height: 46px; width: 51.471%;\"><span style=\"color: #222222;\"><span style=\"font-family: Arial, sans-serif;\">Cap del departament de l&#8217;\u00e0mbit d&#8217;expressi\u00f3 i orientaci\u00f3 i de l&#8217;\u00e0mbit d&#8217;humanitats i Projecte ACOMPANA&#8217;M.<\/span><\/span><\/td>\n<td style=\"height: 46px; width: 48.3382%;\"><span style=\"font-family: Arial, sans-serif;\">Carla Novo<\/span><\/td>\n<\/tr>\n<tr style=\"height: 31px;\" bgcolor=\"#f9f9f9\">\n<td style=\"height: 31px; width: 51.471%;\">Professorat d&#8217;orientaci\u00f3.<\/td>\n<td style=\"height: 31px; width: 48.3382%;\">Carla Novo<\/td>\n<\/tr>\n<tr style=\"height: 31px;\" bgcolor=\"#f9f9f9\">\n<td style=\"height: 31px; width: 51.471%;\">Coordinadora ESO 1r cicle.<\/td>\n<td style=\"height: 31px; width: 48.3382%;\">Laia Pastor<\/td>\n<\/tr>\n<tr style=\"height: 32px;\">\n<td style=\"width: 51.471%; height: 32px;\">Coordinadora LIC.<\/td>\n<td style=\"width: 48.3382%; height: 32px;\">Aurora Anton.<\/td>\n<\/tr>\n<tr style=\"height: 31px;\" bgcolor=\"#f9f9f9\">\n<td style=\"height: 31px; width: 51.471%;\">Coordinador d&#8217;Inform\u00e0tica.<\/td>\n<td style=\"height: 31px; width: 48.3382%;\">Daniel Casimiro<\/td>\n<\/tr>\n<tr style=\"height: 31px;\" bgcolor=\"#f9f9f9\">\n<td style=\"height: 31px; width: 51.471%;\">Coordinador de Riscos Laborals.<\/td>\n<td style=\"height: 31px; width: 48.3382%;\">Daniel Casimiro<\/td>\n<\/tr>\n<tr style=\"height: 33px;\">\n<td style=\"width: 51.471%; height: 33px;\">Coordinaci\u00f3 de Biblioteca i dinamitzaci\u00f3 de la lectura.<\/td>\n<td style=\"width: 48.3382%; height: 33px;\">Maria de Prado<\/td>\n<\/tr>\n<tr style=\"height: 48px;\">\n<td style=\"width: 51.471%; height: 48px;\">Coordinaci\u00f3 escoles verdes.<\/td>\n<td style=\"width: 48.3382%; height: 48px;\">Meri Garc\u00eda<\/td>\n<\/tr>\n<tr style=\"height: 33px;\">\n<td style=\"width: 51.471%; height: 33px;\">Coordinaci\u00f3 MUFPS.<\/td>\n<td style=\"width: 48.3382%; height: 33px;\">Pere Xiberta<\/td>\n<\/tr>\n<tr style=\"height: 49px;\">\n<td style=\"width: 51.471%; height: 49px;\">Coordinadora de benestar ( COCOBE).<\/td>\n<td style=\"width: 48.3382%; height: 49px;\">Beth Fornas<\/td>\n<\/tr>\n<tr style=\"height: 48px;\">\n<td style=\"width: 51.471%; height: 48px;\">Programa ACOMPANYA&#8217;M<\/td>\n<td style=\"width: 48.3382%; height: 48px;\">Laura S\u00e1nchez<\/td>\n<\/tr>\n<tr style=\"height: 110px;\" bgcolor=\"#f9f9f9\">\n<td style=\"height: 110px; width: 99.8092%;\" colspan=\"2\">\n<h3 class=\"western\" align=\"center\"><\/h3>\n<h3 class=\"western\" align=\"center\"><span style=\"color: #222222;\"><span style=\"font-family: Arial, sans-serif;\"><b>Tutories<\/b><\/span><\/span><\/h3>\n<\/td>\n<\/tr>\n<tr style=\"height: 31px;\">\n<td style=\"height: 31px; width: 51.471%;\"><span style=\"color: #222222;\"><span style=\"font-family: Arial, sans-serif;\">1r ESO A<\/span><\/span><\/td>\n<td style=\"height: 31px; width: 48.3382%;\">Laura S\u00e1nchez<\/td>\n<\/tr>\n<tr style=\"height: 31px;\" bgcolor=\"#f9f9f9\">\n<td style=\"height: 31px; width: 51.471%;\"><span style=\"color: #222222;\"><span style=\"font-family: Arial, sans-serif;\">1r ESO B<\/span><\/span><\/td>\n<td style=\"height: 31px; width: 48.3382%;\">Meri Garcia<\/td>\n<\/tr>\n<tr style=\"height: 33px;\">\n<td style=\"width: 51.471%; height: 33px;\"><span style=\"color: #222222;\"><span style=\"font-family: Arial, sans-serif;\">2n ESO A<\/span><\/span><\/td>\n<td style=\"width: 48.3382%; height: 33px;\">Vanesa Rubio<\/td>\n<\/tr>\n<tr style=\"height: 31px;\">\n<td style=\"height: 31px; width: 51.471%;\"><span style=\"color: #222222;\"><span style=\"font-family: Arial, sans-serif;\">2n ESO B<\/span><\/span><\/td>\n<td style=\"height: 31px; width: 48.3382%;\">Ivan Ruiz<\/td>\n<\/tr>\n<tr style=\"height: 33px;\">\n<td style=\"width: 51.471%; height: 33px;\">3r ESO A<\/td>\n<td style=\"height: 33px; width: 48.3382%;\">Anna Mart\u00ednez<\/td>\n<\/tr>\n<tr style=\"height: 33px;\">\n<td style=\"width: 51.471%; height: 33px;\">3r ESO B<\/td>\n<td style=\"width: 48.3382%; height: 33px;\">Am\u00e8lia Campo<\/td>\n<\/tr>\n<tr style=\"height: 33px;\" bgcolor=\"#f9f9f9\">\n<td style=\"width: 51.471%; height: 33px;\">4r ESO A<\/td>\n<td style=\"width: 48.3382%; height: 33px;\">Jordi Val\u00e8ncia<\/td>\n<\/tr>\n<tr style=\"height: 33px;\">\n<td style=\"width: 51.471%; height: 33px;\">4r ESO B<\/td>\n<td style=\"width: 48.3382%; height: 33px;\">\u00c0lex Aguilar<\/td>\n<\/tr>\n<tr style=\"height: 33px;\">\n<td style=\"width: 51.471%; height: 33px;\"><\/td>\n<td style=\"width: 48.3382%; height: 33px;\">Judith Marco (Human\u00edstic)<\/td>\n<\/tr>\n<tr style=\"height: 33px;\">\n<td style=\"width: 51.471%; height: 33px;\"><\/td>\n<td style=\"width: 48.3382%; height: 33px;\"><\/td>\n<\/tr>\n<tr style=\"height: 110px;\">\n<td style=\"height: 110px; width: 99.8092%;\" colspan=\"2\" valign=\"top\">\n<h3 class=\"western\" align=\"center\"><\/h3>\n<h3 class=\"western\" align=\"center\"><span style=\"color: #222222;\"><span style=\"font-family: Arial, sans-serif;\"><b>Professorat<\/b><\/span><\/span><\/h3>\n<\/td>\n<\/tr>\n<tr style=\"height: 46px;\" valign=\"top\" bgcolor=\"#f9f9f9\">\n<td style=\"height: 46px; width: 51.471%;\"><span style=\"color: #222222;\"><span style=\"font-family: Arial, sans-serif;\">Catal\u00e0<\/span><\/span><\/td>\n<td style=\"height: 46px; width: 48.3382%;\"><span style=\"color: #222222;\"><span style=\"font-family: Arial, sans-serif;\">\u00a0Cristina Oliva, Gerard Sabat\u00e9.<\/span><\/span><\/td>\n<\/tr>\n<tr style=\"height: 46px;\" valign=\"top\">\n<td style=\"height: 46px; width: 51.471%;\"><span style=\"color: #222222;\"><span style=\"font-family: Arial, sans-serif;\">Castell\u00e0<\/span><\/span><\/td>\n<td style=\"height: 46px; width: 48.3382%;\">Maria de Prado, Laia Pastor<\/td>\n<\/tr>\n<tr style=\"height: 46px;\" valign=\"top\" bgcolor=\"#f9f9f9\">\n<td style=\"height: 46px; width: 51.471%;\"><span style=\"color: #222222;\"><span style=\"font-family: Arial, sans-serif;\">Angl\u00e8s<\/span><\/span><\/td>\n<td style=\"height: 46px; width: 48.3382%;\"><span style=\"color: #222222;\"><span style=\"font-family: Arial, sans-serif;\">Vanesa Rubio, Judith Marco i Laura S\u00e1nchez.<br \/>\n<\/span><\/span><\/td>\n<\/tr>\n<tr style=\"height: 31px;\" valign=\"top\">\n<td style=\"height: 31px; width: 51.471%;\"><span style=\"color: #222222;\"><span style=\"font-family: Arial, sans-serif;\">Franc\u00e8s i Llat\u00ed<\/span><\/span><\/td>\n<td style=\"height: 31px; width: 48.3382%;\">Aurora Anton.<\/td>\n<\/tr>\n<tr style=\"height: 31px;\" valign=\"top\" bgcolor=\"#f9f9f9\">\n<td style=\"height: 35px; width: 51.471%;\"><span style=\"color: #222222;\"><span style=\"font-family: Arial, sans-serif;\">Matem\u00e0tiques<\/span><\/span><\/td>\n<td style=\"height: 35px; width: 48.3382%;\"><span style=\"color: #222222;\"><span style=\"font-family: Arial, sans-serif;\">Judith Planchart, Ariadna Azoz, 1\/2.<\/span><\/span><\/td>\n<\/tr>\n<tr style=\"height: 31px;\" valign=\"top\">\n<td style=\"height: 31px; width: 51.471%;\"><span style=\"color: #222222;\"><span style=\"font-family: Arial, sans-serif;\">Ci\u00e8ncies Naturals (Biologia i FQ)<\/span><\/span><\/td>\n<td style=\"height: 31px; width: 48.3382%;\"><span style=\"color: #222222;\"><span style=\"font-family: Arial, sans-serif;\">Am\u00e8lia Campo, Meri Garc\u00eda<\/span><\/span><\/td>\n<\/tr>\n<tr style=\"height: 31px;\" valign=\"top\" bgcolor=\"#f9f9f9\">\n<td style=\"height: 31px; width: 51.471%;\"><span style=\"color: #222222;\"><span style=\"font-family: Arial, sans-serif;\">Ci\u00e8ncies Socials<\/span><\/span><\/td>\n<td style=\"height: 31px; width: 48.3382%;\"><span style=\"font-family: Arial, sans-serif;\">Jordi Val\u00e8ncia, Anna Mart\u00ednez<\/span><\/td>\n<\/tr>\n<tr style=\"height: 31px;\" valign=\"top\">\n<td style=\"height: 31px; width: 51.471%;\"><span style=\"color: #222222;\"><span style=\"font-family: Arial, sans-serif;\">Educaci\u00f3 F\u00edsica<\/span><\/span><\/td>\n<td style=\"height: 31px; width: 48.3382%;\"><span style=\"color: #222222;\"><span style=\"font-family: Arial, sans-serif;\">Paz Estevan, Jaume Comas<\/span><\/span><\/td>\n<\/tr>\n<tr style=\"height: 31px;\" valign=\"top\" bgcolor=\"#f9f9f9\">\n<td style=\"height: 31px; width: 51.471%;\"><span style=\"color: #222222;\"><span style=\"font-family: Arial, sans-serif;\">Educaci\u00f3 Visual i Pl\u00e0stica<\/span><\/span><\/td>\n<td style=\"height: 31px; width: 48.3382%;\"><span style=\"color: #222222;\"><span style=\"font-family: Arial, sans-serif;\">David Abrodos, Beth Forn\u00e0s<\/span><\/span><\/td>\n<\/tr>\n<tr style=\"height: 31px;\" valign=\"top\">\n<td style=\"height: 31px; width: 51.471%;\"><span style=\"color: #222222;\"><span style=\"font-family: Arial, sans-serif;\">M\u00fasica<\/span><\/span><\/td>\n<td style=\"height: 31px; width: 48.3382%;\">Pere Xiberta<\/td>\n<\/tr>\n<tr style=\"height: 31px;\" valign=\"top\" bgcolor=\"#f9f9f9\">\n<td style=\"height: 31px; width: 51.471%;\"><span style=\"color: #222222;\"><span style=\"font-family: Arial, sans-serif;\">Tecnologies<\/span><\/span><\/td>\n<td style=\"height: 31px; width: 48.3382%;\"><span style=\"color: #222222;\"><span style=\"font-family: Arial, sans-serif;\">Daniel Casimiro, Maria Jos\u00e9 D\u00edaz<br \/>\n<\/span><\/span><\/td>\n<\/tr>\n<tr style=\"height: 31px;\" valign=\"top\">\n<td style=\"height: 31px; width: 51.471%;\"><span style=\"color: #222222;\"><span style=\"font-family: Arial, sans-serif;\">Orientaci\u00f3<\/span><\/span><\/td>\n<td style=\"height: 31px; width: 48.3382%;\"><span style=\"color: #222222;\"><span style=\"font-family: Arial, sans-serif;\">Carla Novo<\/span><\/span><\/td>\n<\/tr>\n<\/tbody>\n<\/table>\n","protected":false},"excerpt":{"rendered":"<p>Curs 2025-2026<\/p>\n<p>Equip directiu <\/p>\n<p>Directora<br \/>\nBeth Fornas\u00a0<\/p>\n<p>Cap d&#8217;estudis<br \/>\nPaz Estevan<\/p>\n<p>Secret\u00e0ria<br \/>\nJudith Planchart<\/p>\n<p>Coordinadora pedag\u00f2gica<br \/>\nCristina Oliva<\/p>\n<p>Equip de Coordinaci\u00f3 i caps d&#8217; \u00e0mbit<\/p>\n<p>Coordinaci\u00f3 ESO 2n cicle\u00a0<br \/>\nMar\u00eda J. D\u00edaz<\/p>\n<p>Coordinador activitats i serveis.<br \/>\nJudith Marco<\/p>\n<p>Cap del departament de l&#8217;\u00e0mbit cientificotecnol\u00f2gic.<br \/>\nAm\u00e8lia Campo<\/p>\n<p>Cap del departament de\u00a0 l&#8217;\u00e0mbit ling\u00fc\u00edstic.<br \/>\nMaria de Prado<\/p>\n<p>Cap del departament de l&#8217;\u00e0mbit d&#8217;expressi\u00f3 i&hellip;  <a href=\"https:\/\/agora.xtec.cat\/sesteia\/linstitut\/organigrama\/\" title=\"Read Organigrama  Curs 25-26\">Llegeix m\u00e9s\u00bb<\/a><\/p>\n","protected":false},"author":1,"featured_media":0,"parent":19,"menu_order":7,"comment_status":"closed","ping_status":"closed","template":"page-templates\/side-menu.php","meta":{"_bbp_topic_count":0,"_bbp_reply_count":0,"_bbp_total_topic_count":0,"_bbp_total_reply_count":0,"_bbp_voice_count":0,"_bbp_anonymous_reply_count":0,"_bbp_topic_count_hidden":0,"_bbp_reply_count_hidden":0,"_bbp_forum_subforum_count":0,"footnotes":""},"class_list":["post-46","page","type-page","status-publish","hentry"],"post_mailing_queue_ids":[],"_links":{"self":[{"href":"https:\/\/agora.xtec.cat\/sesteia\/wp-json\/wp\/v2\/pages\/46","targetHints":{"allow":["GET"]}}],"collection":[{"href":"https:\/\/agora.xtec.cat\/sesteia\/wp-json\/wp\/v2\/pages"}],"about":[{"href":"https:\/\/agora.xtec.cat\/sesteia\/wp-json\/wp\/v2\/types\/page"}],"author":[{"embeddable":true,"href":"https:\/\/agora.xtec.cat\/sesteia\/wp-json\/wp\/v2\/users\/1"}],"replies":[{"embeddable":true,"href":"https:\/\/agora.xtec.cat\/sesteia\/wp-json\/wp\/v2\/comments?post=46"}],"version-history":[{"count":7,"href":"https:\/\/agora.xtec.cat\/sesteia\/wp-json\/wp\/v2\/pages\/46\/revisions"}],"predecessor-version":[{"id":6212,"href":"https:\/\/agora.xtec.cat\/sesteia\/wp-json\/wp\/v2\/pages\/46\/revisions\/6212"}],"up":[{"embeddable":true,"href":"https:\/\/agora.xtec.cat\/sesteia\/wp-json\/wp\/v2\/pages\/19"}],"wp:attachment":[{"href":"https:\/\/agora.xtec.cat\/sesteia\/wp-json\/wp\/v2\/media?parent=46"}],"curies":[{"name":"wp","href":"https:\/\/api.w.org\/{rel}","templated":true}]}}