{"id":4561,"date":"2023-09-27T14:31:53","date_gmt":"2023-09-27T12:31:53","guid":{"rendered":"https:\/\/agora.xtec.cat\/sesteia\/?page_id=4561"},"modified":"2023-10-02T08:27:46","modified_gmt":"2023-10-02T06:27:46","slug":"benestar-de-la-comunitat","status":"publish","type":"page","link":"https:\/\/agora.xtec.cat\/sesteia\/projecte-educatiu\/benestar-de-la-comunitat\/","title":{"rendered":"Benestar de la comunitat"},"content":{"rendered":"<p>A continuaci\u00f3 podeu consultar documentaci\u00f3 d&#8217;inter\u00e8s:<\/p>\n<p><strong>Protocol d&#8217;actuaci\u00f3 davant de qualsevol mena de viol\u00e8ncia en l&#8217;\u00e0mbit educatiu. <a href=\"https:\/\/agora.xtec.cat\/sesteia\/wp-content\/uploads\/usu180\/2023\/09\/NOU-protocol-actuacio-davant-violencia.pdf\">Obrir.<\/a><\/strong><\/p>\n<p><strong>Deu punts per con\u00e8ixer millor l&#8217;assetjament i el ciberassetjament. <a href=\"https:\/\/agora.xtec.cat\/sesteia\/wp-content\/uploads\/usu180\/2023\/10\/05-deu-punts-per-coneixer-millor-assetjament-ciberassetjament-1.pdf\">Obrir.<\/a><\/strong><\/p>\n<p><strong>Guia per a fam\u00edlies sobre l&#8217;assetjament escolar.<\/strong> <strong>\u00a0<a style=\"color: #2795b6;\" href=\"https:\/\/agora.xtec.cat\/sesteia\/wp-content\/uploads\/usu180\/2023\/09\/Guia-Pares-assetjament.pdf\">Obrir.<\/a><\/strong><\/p>\n<div><\/div>\n","protected":false},"excerpt":{"rendered":"<p>A continuaci\u00f3 podeu consultar documentaci\u00f3 d&#8217;inter\u00e8s:<br \/>\nProtocol d&#8217;actuaci\u00f3 davant de qualsevol mena de viol\u00e8ncia en l&#8217;\u00e0mbit educatiu. <a href=\"https:\/\/agora.xtec.cat\/sesteia\/wp-content\/uploads\/usu180\/2023\/09\/NOU-protocol-actuacio-davant-violencia.pdf\">Obrir.<\/a><br \/>\nDeu punts per con\u00e8ixer millor l&#8217;assetjament i el ciberassetjament. <a href=\"https:\/\/agora.xtec.cat\/sesteia\/wp-content\/uploads\/usu180\/2023\/10\/05-deu-punts-per-coneixer-millor-assetjament-ciberassetjament-1.pdf\">Obrir.<\/a><br \/>\nGuia per a fam\u00edlies sobre l&#8217;assetjament escolar. \u00a0<a style=\"color: #2795b6;\" href=\"https:\/\/agora.xtec.cat\/sesteia\/wp-content\/uploads\/usu180\/2023\/09\/Guia-Pares-assetjament.pdf\">Obrir.<\/a><\/p>\n","protected":false},"author":1,"featured_media":0,"parent":57,"menu_order":2,"comment_status":"closed","ping_status":"closed","template":"","meta":{"_bbp_topic_count":0,"_bbp_reply_count":0,"_bbp_total_topic_count":0,"_bbp_total_reply_count":0,"_bbp_voice_count":0,"_bbp_anonymous_reply_count":0,"_bbp_topic_count_hidden":0,"_bbp_reply_count_hidden":0,"_bbp_forum_subforum_count":0,"footnotes":""},"class_list":["post-4561","page","type-page","status-publish","hentry"],"post_mailing_queue_ids":[],"_links":{"self":[{"href":"https:\/\/agora.xtec.cat\/sesteia\/wp-json\/wp\/v2\/pages\/4561","targetHints":{"allow":["GET"]}}],"collection":[{"href":"https:\/\/agora.xtec.cat\/sesteia\/wp-json\/wp\/v2\/pages"}],"about":[{"href":"https:\/\/agora.xtec.cat\/sesteia\/wp-json\/wp\/v2\/types\/page"}],"author":[{"embeddable":true,"href":"https:\/\/agora.xtec.cat\/sesteia\/wp-json\/wp\/v2\/users\/1"}],"replies":[{"embeddable":true,"href":"https:\/\/agora.xtec.cat\/sesteia\/wp-json\/wp\/v2\/comments?post=4561"}],"version-history":[{"count":4,"href":"https:\/\/agora.xtec.cat\/sesteia\/wp-json\/wp\/v2\/pages\/4561\/revisions"}],"predecessor-version":[{"id":4578,"href":"https:\/\/agora.xtec.cat\/sesteia\/wp-json\/wp\/v2\/pages\/4561\/revisions\/4578"}],"up":[{"embeddable":true,"href":"https:\/\/agora.xtec.cat\/sesteia\/wp-json\/wp\/v2\/pages\/57"}],"wp:attachment":[{"href":"https:\/\/agora.xtec.cat\/sesteia\/wp-json\/wp\/v2\/media?parent=4561"}],"curies":[{"name":"wp","href":"https:\/\/api.w.org\/{rel}","templated":true}]}}