{"id":43,"date":"2014-09-17T16:45:07","date_gmt":"2014-09-17T16:45:07","guid":{"rendered":"http:\/\/agora.xtec.cat\/sesteia\/?page_id=43"},"modified":"2020-09-21T18:31:11","modified_gmt":"2020-09-21T16:31:11","slug":"consell-escolar","status":"publish","type":"page","link":"https:\/\/agora.xtec.cat\/sesteia\/secretaria\/consell-escolar\/","title":{"rendered":"Consell escolar"},"content":{"rendered":"<p>El consell escolar \u00e9s l&#8217;\u00f2rgan de participaci\u00f3 dels diferents sectors de la comunitat educativa en el govern dels centres.<\/p>\n<div class=\"FW_sArticleFoto\">\n<div class=\"FW_sEditPro\">\n<p>El formen els representants de tota la comunitat educativa, \u00e9s a dir, direcci\u00f3, professors, alumnes, fam\u00edlies, personal d&#8217;administraci\u00f3 i serveis, representant de l&#8217;administraci\u00f3 local i altres persones que el mateix consell consideri necess\u00e0ries.<\/p>\n<p>El consell escolar de cada centre ha de designar un dels membres com a responsable per impulsar les mesures educatives de foment de la igualtat real i efectiva entre homes i dones.<\/p>\n<p>La funci\u00f3 principal del consell escolar \u00e9s participar en la presa de decisions en relaci\u00f3 amb aquells temes importants per al funcionament i l&#8217;organitzaci\u00f3 del centre: el projecte educatiu, la programaci\u00f3 general, la gesti\u00f3 econ\u00f2mica, la resoluci\u00f3 dels conflictes, les activitats extraescolars, l&#8217;horari lectiu, etc.<\/p>\n<p>Els representants del consell escolar s\u00f3n escollits per un per\u00edode de quatre anys, per\u00f2 cada dos anys es convoquen eleccions per renovar la meitat dels seus membres.<\/p>\n<p>Les eleccions per a la renovaci\u00f3 del consell escolar les convoca el director del centre p\u00fablic o la persona titular del centre privat concertat.<\/p>\n<p>Les vacants del consell escolar s&#8217;ocupen segons els resultats de les eleccions. Si un membre deixa el consell, passar\u00e0 a ocupar el seu lloc la seg\u00fcent candidatura m\u00e9s votada en les darreres eleccions. Si no hi ha m\u00e9s candidats per cobrir la pla\u00e7a, queda vacant fins a la propera renovaci\u00f3 del consell escolar.<\/p>\n<p>Composici\u00f3 del Consell Escolar del nostre institut \u00e9s la seg\u00fcent:<\/p>\n<p>&nbsp;<\/p>\n<table width=\"473\" cellspacing=\"0\" cellpadding=\"4\">\n<colgroup>\n<col width=\"303\" \/>\n<col width=\"152\" \/> <\/colgroup>\n<tbody>\n<tr>\n<td width=\"303\">\n<p class=\"western\" align=\"left\"><span style=\"font-family: Arial, sans-serif;\"><span style=\"font-size: small;\">La directora de l&#8217;institut, que n&#8217;\u00e9s la presidenta<\/span><\/span><\/p>\n<\/td>\n<td width=\"152\">\n<p class=\"western\" align=\"left\"><span style=\"font-family: Arial, sans-serif;\"><span style=\"font-size: small;\">\u00c0ngela S\u00e1nchez<\/span><\/span><\/p>\n<\/td>\n<\/tr>\n<tr>\n<td width=\"303\">\n<p class=\"western\" align=\"left\"><span style=\"font-family: Arial, sans-serif;\"><span style=\"font-size: small;\">Un\/a regidor\/a o representant de l&#8217;Ajuntament de Tei\u00e0:<\/span><\/span><\/p>\n<\/td>\n<td width=\"152\">\n<p class=\"western\" align=\"left\"><span style=\"font-family: Arial, sans-serif;\"><span style=\"font-size: small;\">Montse Riera<\/span><\/span><\/p>\n<\/td>\n<\/tr>\n<tr>\n<td width=\"303\">\n<p class=\"western\" align=\"left\"><span style=\"font-family: Arial, sans-serif;\"><span style=\"font-size: small;\">El Cap d&#8217;estudis<\/span><\/span><\/p>\n<\/td>\n<td width=\"152\">\n<p class=\"western\" align=\"left\"><span style=\"font-family: Arial, sans-serif;\"><span style=\"font-size: small;\">Beth Fornas<\/span><\/span><\/p>\n<\/td>\n<\/tr>\n<tr>\n<td rowspan=\"6\" width=\"303\">\n<p class=\"western\" align=\"left\"><span style=\"font-family: Arial, sans-serif;\"><span style=\"font-size: small;\">Professorat<\/span><\/span><\/p>\n<\/td>\n<td width=\"152\">\n<p class=\"western\" align=\"left\"><span style=\"font-family: Arial, sans-serif;\"><span style=\"font-size: small;\">Elena Mi\u00f1ambre<\/span><\/span><\/p>\n<\/td>\n<\/tr>\n<tr>\n<td width=\"152\">\n<p class=\"western\" align=\"left\"><span style=\"font-family: Arial, sans-serif;\"><span style=\"font-size: small;\">Marc Roca<\/span><\/span><\/p>\n<\/td>\n<\/tr>\n<tr>\n<td width=\"152\">\n<p class=\"western\" align=\"left\"><span style=\"font-family: Arial, sans-serif; font-size: small;\">Judith Planchart<\/span><\/p>\n<\/td>\n<\/tr>\n<tr>\n<td width=\"152\">\n<p class=\"western\" align=\"left\"><span style=\"font-family: Arial, sans-serif;\"><span style=\"font-size: small;\">Paz Estevan<\/span><\/span><\/p>\n<\/td>\n<\/tr>\n<tr>\n<td width=\"152\">\n<p class=\"western\" align=\"left\">Eva P\u00e9rez<\/p>\n<\/td>\n<\/tr>\n<tr>\n<td width=\"152\">\n<p class=\"western\" align=\"left\"><span style=\"font-family: Arial, sans-serif;\"><span style=\"font-size: small;\">Jonatan Luque<\/span><\/span><\/p>\n<\/td>\n<\/tr>\n<tr>\n<td width=\"303\" height=\"25\">\n<p class=\"western\" align=\"left\"><span style=\"font-family: Arial, sans-serif;\"><span style=\"font-size: small;\">Un representant de l\u2019AMPA<\/span><\/span><\/p>\n<\/td>\n<td width=\"152\">\n<p class=\"western\" align=\"left\"><span style=\"font-family: Arial, sans-serif;\"><span style=\"font-size: small;\">(AMPA)<\/span><\/span><\/p>\n<\/td>\n<\/tr>\n<tr>\n<td rowspan=\"2\" width=\"303\" height=\"24\">\n<p class=\"western\" align=\"left\"><span style=\"font-family: Arial, sans-serif;\"><span style=\"font-size: small;\">Sector Mares i Pares<\/span><\/span><\/p>\n<\/td>\n<td width=\"152\">\n<p class=\"western\" align=\"left\"><span style=\"font-family: Arial, sans-serif;\"><span style=\"font-size: small;\">M\u00edriam\u00a0 Serra<\/span><\/span><\/p>\n<\/td>\n<\/tr>\n<tr>\n<td width=\"152\">\n<p class=\"western\" align=\"left\">\n<\/td>\n<\/tr>\n<tr>\n<td rowspan=\"3\" width=\"303\">\n<p class=\"western\" align=\"left\"><span style=\"font-family: Arial, sans-serif;\"><span style=\"font-size: small;\">Alumnat <\/span><\/span><\/p>\n<\/td>\n<td width=\"152\"><\/td>\n<\/tr>\n<tr>\n<td width=\"152\"><\/td>\n<\/tr>\n<tr>\n<td width=\"152\">Cl\u00e0udia Lozano<\/td>\n<\/tr>\n<tr>\n<td width=\"303\">\n<p class=\"western\" align=\"left\"><span style=\"font-family: Arial, sans-serif;\"><span style=\"font-size: small;\">Un representant del personal d&#8217;administraci\u00f3 i serveis del centre:<\/span><\/span><\/p>\n<\/td>\n<td width=\"152\"><\/td>\n<\/tr>\n<tr>\n<td width=\"303\">\n<p class=\"western\" align=\"left\"><span style=\"font-family: Arial, sans-serif;\"><span style=\"font-size: small;\">El secretari de l&#8217;institut, que actua de secretari del Consell, amb veu i sense vot:<\/span><\/span><\/p>\n<\/td>\n<td width=\"152\">\n<p class=\"western\" align=\"left\"><span style=\"font-family: Arial, sans-serif;\"><span style=\"font-size: small;\">Conchita Ortega<\/span><\/span><\/p>\n<\/td>\n<\/tr>\n<\/tbody>\n<\/table>\n<p>&nbsp;<\/p>\n<\/div>\n<p>&nbsp;<\/p>\n<\/div>\n","protected":false},"excerpt":{"rendered":"<p>El consell escolar \u00e9s l&#8217;\u00f2rgan de participaci\u00f3 dels diferents sectors de la comunitat educativa en el govern dels centres.<\/p>\n<p>El formen els representants de tota la comunitat educativa, \u00e9s a dir, direcci\u00f3, professors, alumnes, fam\u00edlies, personal d&#8217;administraci\u00f3 i serveis, representant de l&#8217;administraci\u00f3 local i altres persones&hellip;  <a href=\"https:\/\/agora.xtec.cat\/sesteia\/secretaria\/consell-escolar\/\" title=\"Read Consell escolar\">Llegeix m\u00e9s\u00bb<\/a><\/p>\n","protected":false},"author":1,"featured_media":0,"parent":81,"menu_order":40,"comment_status":"closed","ping_status":"closed","template":"page-templates\/front-page.php","meta":{"_bbp_topic_count":0,"_bbp_reply_count":0,"_bbp_total_topic_count":0,"_bbp_total_reply_count":0,"_bbp_voice_count":0,"_bbp_anonymous_reply_count":0,"_bbp_topic_count_hidden":0,"_bbp_reply_count_hidden":0,"_bbp_forum_subforum_count":0,"footnotes":""},"class_list":["post-43","page","type-page","status-publish","hentry"],"post_mailing_queue_ids":[],"_links":{"self":[{"href":"https:\/\/agora.xtec.cat\/sesteia\/wp-json\/wp\/v2\/pages\/43","targetHints":{"allow":["GET"]}}],"collection":[{"href":"https:\/\/agora.xtec.cat\/sesteia\/wp-json\/wp\/v2\/pages"}],"about":[{"href":"https:\/\/agora.xtec.cat\/sesteia\/wp-json\/wp\/v2\/types\/page"}],"author":[{"embeddable":true,"href":"https:\/\/agora.xtec.cat\/sesteia\/wp-json\/wp\/v2\/users\/1"}],"replies":[{"embeddable":true,"href":"https:\/\/agora.xtec.cat\/sesteia\/wp-json\/wp\/v2\/comments?post=43"}],"version-history":[{"count":4,"href":"https:\/\/agora.xtec.cat\/sesteia\/wp-json\/wp\/v2\/pages\/43\/revisions"}],"predecessor-version":[{"id":2162,"href":"https:\/\/agora.xtec.cat\/sesteia\/wp-json\/wp\/v2\/pages\/43\/revisions\/2162"}],"up":[{"embeddable":true,"href":"https:\/\/agora.xtec.cat\/sesteia\/wp-json\/wp\/v2\/pages\/81"}],"wp:attachment":[{"href":"https:\/\/agora.xtec.cat\/sesteia\/wp-json\/wp\/v2\/media?parent=43"}],"curies":[{"name":"wp","href":"https:\/\/api.w.org\/{rel}","templated":true}]}}