{"id":409,"date":"2016-05-03T12:33:12","date_gmt":"2016-05-03T11:33:12","guid":{"rendered":"http:\/\/agora.xtec.cat\/sesteia\/intraweb\/ideari\/"},"modified":"2023-10-30T13:36:52","modified_gmt":"2023-10-30T12:36:52","slug":"ideari","status":"publish","type":"page","link":"https:\/\/agora.xtec.cat\/sesteia\/projecte-educatiu\/ideari\/","title":{"rendered":"Trets d&#8217;identitat"},"content":{"rendered":"<p class=\"western\" align=\"justify\"><strong>Trets d\u2019identitat.<\/strong><\/p>\n<p class=\"western\" align=\"justify\"><strong>1. Missi\u00f3.<\/strong><br \/>\nLa nostra missi\u00f3 \u00e9s oferir una educaci\u00f3 de qualitat i aconseguir el millor desenvolupament<br \/>\npersonal i acad\u00e8mic de l&#8217;alumnat. Una formaci\u00f3 integral dels nostres joves no nom\u00e9s des<br \/>\ndel coneixement i la seva excel\u00b7l\u00e8ncia sin\u00f3 tamb\u00e9 des de l&#8217;\u00e0mbit emocional, social, \u00e8tic i<br \/>\nhuman\u00edstic. Buscant un alt grau d&#8217;assoliment de les compet\u00e8ncies tot formant un alumnat<br \/>\naut\u00f2nom, responsable i amb capacitat de millora i superaci\u00f3 en els seus coneixements,<br \/>\nhabilitats i actituds, tot en el marc d\u2019una educaci\u00f3 inclusiva, garantint la igualtat<br \/>\nd\u2019oportunitats per a tots els nois i noies i atendre i respectar les necessitats i els seus<br \/>\nritmes d&#8217;aprenentatge.<br \/>\n\u25cf Apostem per la conviv\u00e8ncia com a base s\u00f2lida del nostre projecte i treballarem per<br \/>\nincorporar totes les eines necess\u00e0ries per crear un clima acollidor, i un centre on la<br \/>\ncultura de Pau, la Mediaci\u00f3 i les Pr\u00e0ctiques restauratives siguin el motor per<br \/>\naprendre i formar nois i noies del present, mirant cap al futur.<br \/>\n\u25cf Busquem la confian\u00e7a, participaci\u00f3 de les fam\u00edlies i la seva corresponsabilitat, aix\u00ed<br \/>\ncom procurem la satisfacci\u00f3 professional dels qui hi treballem, a trav\u00e9s d&#8217;una feina<br \/>\nen equip.<\/p>\n<p class=\"western\" align=\"justify\">\u25cf Demanem esfor\u00e7 en el treball i treball en equip a tota la comunitat educativa<br \/>\nintentant crear un entorn de treball participatiu i motivador.<br \/>\n<strong>2. Visi\u00f3.<\/strong><br \/>\nSi es considera que la visi\u00f3 consisteix en una projecci\u00f3, una imatge de futur de l&#8217;entitat o<br \/>\nde l\u2019\u00f2rgan a llarg termini, en aquest apartat expressarem els nostres desitjos de projecci\u00f3<br \/>\ndel nostre centre en un futur, el que volem que esdevingui, on volem arribar un cop<br \/>\ncompletada la nostra missi\u00f3.<br \/>\nAix\u00ed, doncs, a l\u2019Institut Tur\u00f3 d&#8217;en Baldiri tenim la visi\u00f3 seg\u00fcent:<br \/>\nVolem ser un centre educatiu catal\u00e0 ,obert ,inclusiu, democr\u00e0tic, participatiu, innovador,<br \/>\nlaic, restauratiu i en permanent construcci\u00f3 tant en l&#8217;\u00e0mbit pedag\u00f2gic com hum\u00e0. El<br \/>\nciment del nostre Projecte es fonamenta en:<br \/>\n\u25cf El respecte: entre iguals i amb tots els membres de la comunitat educativa.<br \/>\n\u25cf Confian\u00e7a i seguretat: fruit de les viv\u00e8ncies del dia a dia dins i fora de l&#8217;institut.<br \/>\n\u25cf Di\u00e0leg: saber escoltar i expressar els nostres sentiments i les nostres emocions i<br \/>\nnecessitats a trav\u00e9s de la comunicaci\u00f3 no violenta.<br \/>\n\u25cf Participaci\u00f3: dels alumnes en la vida del centre, de les seves fam\u00edlies i de tota la<br \/>\ncomunitat educativa<br \/>\n\u25cf Autonomia i responsabilitat: per cr\u00e9ixer i avan\u00e7ar.<br \/>\n<strong>3. Valors.<\/strong><br \/>\nEl valor marc o principal de l\u2019 Institut Tur\u00f3 d&#8217;en Baldiri \u00e9s el seu comprom\u00eds envers la<br \/>\nsocietat que ens envolta, comen\u00e7ant per la mateixa comunitat educativa.<br \/>\nFem nostres els valors d&#8217;inclusi\u00f3, equitat i de respecte per la pluralitat, en els trets<br \/>\ndefinitoris de la personalitat, les aptituds, les prefer\u00e8ncies i creences i les maneres de<br \/>\npensar de tots els membres. Un centre on la cultura de Pau, la mediaci\u00f3 i les<br \/>\nPr\u00e0ctiques Restauratives siguin el motor per aprendre.<br \/>\nA part d&#8217;aquests valors abans esmentats el nostre centre es basa en altres que ens<br \/>\ndefineixen i ens reafirmen i que podeu consultar en <a href=\"https:\/\/drive.google.com\/file\/d\/1ee3pMhAwnj4RA0Kgicwnyrj47Bm-zLCM\/view?usp=sharing\">el nostre <strong>PEC<\/strong><\/a><\/p>\n<p class=\"sdfootnote-western\">\n","protected":false},"excerpt":{"rendered":"<p>Trets d\u2019identitat.<br \/>\n1. Missi\u00f3.<br \/>\nLa nostra missi\u00f3 \u00e9s oferir una educaci\u00f3 de qualitat i aconseguir el millor desenvolupament<br \/>\npersonal i acad\u00e8mic de l&#8217;alumnat. Una formaci\u00f3 integral dels nostres joves no nom\u00e9s des<br \/>\ndel coneixement i la seva excel\u00b7l\u00e8ncia sin\u00f3 tamb\u00e9 des de l&#8217;\u00e0mbit emocional, social, \u00e8tic i<br \/>\nhuman\u00edstic. Buscant un&hellip;  <a href=\"https:\/\/agora.xtec.cat\/sesteia\/projecte-educatiu\/ideari\/\" title=\"Read Trets d&#8217;identitat\">Llegeix m\u00e9s\u00bb<\/a><\/p>\n","protected":false},"author":1,"featured_media":0,"parent":57,"menu_order":0,"comment_status":"open","ping_status":"open","template":"page-templates\/side-menu.php","meta":{"_bbp_topic_count":0,"_bbp_reply_count":0,"_bbp_total_topic_count":0,"_bbp_total_reply_count":0,"_bbp_voice_count":0,"_bbp_anonymous_reply_count":0,"_bbp_topic_count_hidden":0,"_bbp_reply_count_hidden":0,"_bbp_forum_subforum_count":0,"footnotes":""},"class_list":["post-409","page","type-page","status-publish","hentry"],"post_mailing_queue_ids":[],"_links":{"self":[{"href":"https:\/\/agora.xtec.cat\/sesteia\/wp-json\/wp\/v2\/pages\/409","targetHints":{"allow":["GET"]}}],"collection":[{"href":"https:\/\/agora.xtec.cat\/sesteia\/wp-json\/wp\/v2\/pages"}],"about":[{"href":"https:\/\/agora.xtec.cat\/sesteia\/wp-json\/wp\/v2\/types\/page"}],"author":[{"embeddable":true,"href":"https:\/\/agora.xtec.cat\/sesteia\/wp-json\/wp\/v2\/users\/1"}],"replies":[{"embeddable":true,"href":"https:\/\/agora.xtec.cat\/sesteia\/wp-json\/wp\/v2\/comments?post=409"}],"version-history":[{"count":6,"href":"https:\/\/agora.xtec.cat\/sesteia\/wp-json\/wp\/v2\/pages\/409\/revisions"}],"predecessor-version":[{"id":4707,"href":"https:\/\/agora.xtec.cat\/sesteia\/wp-json\/wp\/v2\/pages\/409\/revisions\/4707"}],"up":[{"embeddable":true,"href":"https:\/\/agora.xtec.cat\/sesteia\/wp-json\/wp\/v2\/pages\/57"}],"wp:attachment":[{"href":"https:\/\/agora.xtec.cat\/sesteia\/wp-json\/wp\/v2\/media?parent=409"}],"curies":[{"name":"wp","href":"https:\/\/api.w.org\/{rel}","templated":true}]}}