{"id":3672,"date":"2022-07-06T11:56:20","date_gmt":"2022-07-06T09:56:20","guid":{"rendered":"https:\/\/agora.xtec.cat\/sesteia\/?page_id=3672"},"modified":"2025-05-19T12:01:45","modified_gmt":"2025-05-19T10:01:45","slug":"practiques-restauratives","status":"publish","type":"page","link":"https:\/\/agora.xtec.cat\/sesteia\/practiques-restauratives\/","title":{"rendered":"Les Pr\u00e0ctiques restauratives."},"content":{"rendered":"<blockquote class=\"wp-block-quote has-text-align-right is-style-default\">\n<p style=\"text-align: right;\">\u00a0\u00a0\u00a0\u00a0\u00a0\u00a0\u00a0\u00a0\u00a0\u00a0\u00a0\u00a0 L\u2019ensenyament que deixa empremta no \u00e9s el que es fa de cap a cap, sin\u00f3 de cor a cor<strong style=\"color: #555555; font-size: 0.8125em; font-family: inherit;\"><em>.<\/em><\/strong><em style=\"color: #555555; font-size: 0.8125em; font-family: inherit;\"><strong> \u00a0\u00a0\u00a0\u00a0\u00a0\u00a0\u00a0\u00a0\u00a0\u00a0\u00a0\u00a0\u00a0\u00a0\u00a0\u00a0\u00a0\u00a0\u00a0\u00a0\u00a0\u00a0\u00a0\u00a0\u00a0\u00a0\u00a0\u00a0\u00a0\u00a0\u00a0\u00a0\u00a0\u00a0\u00a0\u00a0\u00a0\u00a0\u00a0\u00a0\u00a0\u00a0\u00a0\u00a0\u00a0\u00a0\u00a0\u00a0\u00a0\u00a0\u00a0\u00a0\u00a0\u00a0\u00a0\u00a0\u00a0\u00a0\u00a0\u00a0\u00a0\u00a0\u00a0\u00a0\u00a0\u00a0\u00a0\u00a0\u00a0\u00a0\u00a0\u00a0\u00a0\u00a0\u00a0\u00a0\u00a0\u00a0\u00a0\u00a0\u00a0\u00a0\u00a0\u00a0\u00a0\u00a0\u00a0\u00a0\u00a0\u00a0\u00a0\u00a0\u00a0\u00a0\u00a0\u00a0\u00a0\u00a0\u00a0\u00a0\u00a0\u00a0\u00a0\u00a0\u00a0\u00a0\u00a0\u00a0\u00a0\u00a0\u00a0\u00a0\u00a0\u00a0\u00a0\u00a0\u00a0\u00a0\u00a0\u00a0\u00a0\u00a0\u00a0\u00a0\u00a0\u00a0\u00a0\u00a0\u00a0\u00a0\u00a0\u00a0\u00a0\u00a0\u00a0\u00a0\u00a0\u00a0\u00a0\u00a0\u00a0\u00a0\u00a0\u00a0\u00a0\u00a0\u00a0\u00a0\u00a0\u00a0\u00a0\u00a0\u00a0\u00a0\u00a0\u00a0\u00a0\u00a0\u00a0\u00a0\u00a0\u00a0\u00a0\u00a0\u00a0\u00a0\u00a0\u00a0\u00a0\u00a0\u00a0\u00a0\u00a0\u00a0\u00a0\u00a0\u00a0\u00a0\u00a0\u00a0\u00a0\u00a0\u00a0\u00a0\u00a0\u00a0\u00a0\u00a0\u00a0\u00a0\u00a0\u00a0\u00a0\u00a0\u00a0\u00a0\u00a0\u00a0\u00a0\u00a0\u00a0\u00a0\u00a0\u00a0\u00a0\u00a0\u00a0\u00a0\u00a0\u00a0\u00a0\u00a0\u00a0\u00a0\u00a0\u00a0\u00a0\u00a0\u00a0\u00a0\u00a0\u00a0\u00a0\u00a0\u00a0\u00a0\u00a0\u00a0\u00a0\u00a0\u00a0\u00a0\u00a0\u00a0\u00a0\u00a0\u00a0\u00a0\u00a0\u00a0\u00a0\u00a0\u00a0\u00a0\u00a0\u00a0\u00a0\u00a0\u00a0\u00a0\u00a0\u00a0\u00a0\u00a0\u00a0\u00a0\u00a0\u00a0\u00a0\u00a0\u00a0\u00a0\u00a0\u00a0\u00a0\u00a0\u00a0\u00a0\u00a0\u00a0\u00a0\u00a0\u00a0\u00a0\u00a0\u00a0\u00a0\u00a0\u00a0\u00a0\u00a0\u00a0\u00a0\u00a0\u00a0\u00a0\u00a0\u00a0\u00a0\u00a0\u00a0\u00a0\u00a0\u00a0\u00a0\u00a0\u00a0\u00a0\u00a0\u00a0\u00a0\u00a0\u00a0\u00a0\u00a0\u00a0 Howard G. Hendricks<\/strong><\/em><\/p>\n<\/blockquote>\n<p><strong>Tenim un somni, tenim un objectiu.<\/strong><\/p>\n<p>Perqu\u00e8 ens hem imaginat una comunitat escolar amable, emp\u00e0tica, compassiva i lliure de viol\u00e8ncies. Pel fet que volem ser una comunitat que visqui des del respecte i l&#8217;harmonia&#8230;<\/p>\n<p>Compartim amb tots vosaltres diferents materials perqu\u00e8 conegueu una mica m\u00e9s de prop el cam\u00ed que hem iniciat. Volem humanitzar l&#8217;escola i, per tant, volem promoure el desenvolupament de les habilitats necess\u00e0ries per aconseguir-ho.<\/p>\n<ol>\n<li class=\"entry-title singular-title\"><a href=\"https:\/\/youtu.be\/MIoQ_45_7SE\">V\u00eddeo sobre conviv\u00e8ncia, gesti\u00f3 del conflicte i pr\u00e0ctiques restauratives als centres escolars<\/a><\/li>\n<li class=\"entry-title singular-title\"><a href=\"https:\/\/www.encercle.cat\/wordpress\/la-restaurativa-a-casa-conversem-sobre-com-impacta-la-restaurativa-en-la-gestio-de-les-relacions-i-el-conflicte-en-la-familia\/\">La restaurativa a casa.<\/a><\/li>\n<li class=\"entry-title singular-title\"><a href=\"https:\/\/www.encercle.cat\/wordpress\/la-comunicacio-noviolenta-va-a-lescola\/\">La comunicaci\u00f3 noviolenta va a l\u2019escola<\/a><\/li>\n<li><a href=\"https:\/\/vimeo.com\/837477293\">\u201cJust\u00edcia restaurativa\u201d INS Tur\u00f3 d\u2019en Baldiri, 4t ESO 2022-23, Tei\u00e0<\/a><\/li>\n<li><a href=\"http:\/\/xtec.gencat.cat\/ca\/centres\/projeducatiu\/convivencia\/una-comunitat-educativa-restaurativa-i-resilient\/\">Informaci\u00f3 general.<\/a><\/li>\n<\/ol>\n<p><strong>Qu\u00e8 hem fet fins ara? Podeu accedir als seg\u00fcents enlla\u00e7os:<\/strong><\/p>\n<p><a href=\"https:\/\/agora.xtec.cat\/sesteia\/wp-content\/uploads\/usu180\/2025\/05\/TURO-DEN-BALDIRI-trobada-XERG_1a.pdf\">Trobada XERG I<\/a><\/p>\n<p><a href=\"https:\/\/agora.xtec.cat\/sesteia\/wp-content\/uploads\/usu180\/2025\/05\/Cami-Ins.-Turo-den-Baldiri-XERG-2.pptx.pdf\">Trobada XERG II<\/a><\/p>\n<p><a href=\"https:\/\/agora.xtec.cat\/sesteia\/wp-content\/uploads\/usu180\/2025\/05\/Producte-III-Trobada-XERG-Fem-Grup-SI-TURO-DEN-BALDIRI-.pptx-1.pdf\">Trobada XERG III<\/a><\/p>\n<p>&nbsp;<\/p>\n<p>&nbsp;<\/p>\n","protected":false},"excerpt":{"rendered":"<p>\u00a0\u00a0\u00a0\u00a0\u00a0\u00a0\u00a0\u00a0\u00a0\u00a0\u00a0\u00a0 L\u2019ensenyament que deixa empremta no \u00e9s el que es fa de cap a cap, sin\u00f3 de cor a cor. \u00a0\u00a0\u00a0\u00a0\u00a0\u00a0\u00a0\u00a0\u00a0\u00a0\u00a0\u00a0\u00a0\u00a0\u00a0\u00a0\u00a0\u00a0\u00a0\u00a0\u00a0\u00a0\u00a0\u00a0\u00a0\u00a0\u00a0\u00a0\u00a0\u00a0\u00a0\u00a0\u00a0\u00a0\u00a0\u00a0\u00a0\u00a0\u00a0\u00a0\u00a0\u00a0\u00a0\u00a0\u00a0\u00a0\u00a0\u00a0\u00a0\u00a0\u00a0\u00a0\u00a0\u00a0\u00a0\u00a0\u00a0\u00a0\u00a0\u00a0\u00a0\u00a0\u00a0\u00a0\u00a0\u00a0\u00a0\u00a0\u00a0\u00a0\u00a0\u00a0\u00a0\u00a0\u00a0\u00a0\u00a0\u00a0\u00a0\u00a0\u00a0\u00a0\u00a0\u00a0\u00a0\u00a0\u00a0\u00a0\u00a0\u00a0\u00a0\u00a0\u00a0\u00a0\u00a0\u00a0\u00a0\u00a0\u00a0\u00a0\u00a0\u00a0\u00a0\u00a0\u00a0\u00a0\u00a0\u00a0\u00a0\u00a0\u00a0\u00a0\u00a0\u00a0\u00a0\u00a0\u00a0\u00a0\u00a0\u00a0\u00a0\u00a0\u00a0\u00a0\u00a0\u00a0\u00a0\u00a0\u00a0\u00a0\u00a0\u00a0\u00a0\u00a0\u00a0\u00a0\u00a0\u00a0\u00a0\u00a0\u00a0\u00a0\u00a0\u00a0\u00a0\u00a0\u00a0\u00a0\u00a0\u00a0\u00a0\u00a0\u00a0\u00a0\u00a0\u00a0\u00a0\u00a0\u00a0\u00a0\u00a0\u00a0\u00a0\u00a0\u00a0\u00a0\u00a0\u00a0\u00a0\u00a0\u00a0\u00a0\u00a0\u00a0\u00a0\u00a0\u00a0\u00a0\u00a0\u00a0\u00a0\u00a0\u00a0\u00a0\u00a0\u00a0\u00a0\u00a0\u00a0\u00a0\u00a0\u00a0\u00a0\u00a0\u00a0\u00a0\u00a0\u00a0\u00a0\u00a0\u00a0\u00a0\u00a0\u00a0\u00a0\u00a0\u00a0\u00a0\u00a0\u00a0\u00a0\u00a0\u00a0\u00a0\u00a0\u00a0\u00a0\u00a0\u00a0\u00a0\u00a0\u00a0\u00a0\u00a0\u00a0\u00a0\u00a0\u00a0\u00a0\u00a0\u00a0\u00a0\u00a0\u00a0\u00a0\u00a0\u00a0\u00a0\u00a0\u00a0\u00a0\u00a0\u00a0\u00a0\u00a0\u00a0\u00a0\u00a0\u00a0\u00a0\u00a0\u00a0\u00a0\u00a0\u00a0\u00a0\u00a0\u00a0\u00a0\u00a0\u00a0\u00a0\u00a0\u00a0\u00a0\u00a0\u00a0\u00a0\u00a0\u00a0\u00a0\u00a0\u00a0\u00a0\u00a0\u00a0\u00a0\u00a0\u00a0\u00a0\u00a0\u00a0\u00a0\u00a0\u00a0\u00a0\u00a0\u00a0\u00a0\u00a0\u00a0\u00a0\u00a0\u00a0\u00a0\u00a0\u00a0\u00a0\u00a0\u00a0\u00a0\u00a0\u00a0\u00a0\u00a0\u00a0 Howard G. Hendricks<\/p>\n<p>Tenim un somni, tenim un objectiu.<br \/>\nPerqu\u00e8 ens hem imaginat una comunitat escolar amable, emp\u00e0tica, compassiva i lliure de viol\u00e8ncies. Pel fet que&hellip;  <a href=\"https:\/\/agora.xtec.cat\/sesteia\/practiques-restauratives\/\" title=\"Read Les Pr\u00e0ctiques restauratives.\">Llegeix m\u00e9s\u00bb<\/a><\/p>\n","protected":false},"author":38,"featured_media":0,"parent":0,"menu_order":0,"comment_status":"closed","ping_status":"closed","template":"","meta":{"_bbp_topic_count":0,"_bbp_reply_count":0,"_bbp_total_topic_count":0,"_bbp_total_reply_count":0,"_bbp_voice_count":0,"_bbp_anonymous_reply_count":0,"_bbp_topic_count_hidden":0,"_bbp_reply_count_hidden":0,"_bbp_forum_subforum_count":0,"footnotes":""},"class_list":["post-3672","page","type-page","status-publish","hentry"],"post_mailing_queue_ids":[],"_links":{"self":[{"href":"https:\/\/agora.xtec.cat\/sesteia\/wp-json\/wp\/v2\/pages\/3672","targetHints":{"allow":["GET"]}}],"collection":[{"href":"https:\/\/agora.xtec.cat\/sesteia\/wp-json\/wp\/v2\/pages"}],"about":[{"href":"https:\/\/agora.xtec.cat\/sesteia\/wp-json\/wp\/v2\/types\/page"}],"author":[{"embeddable":true,"href":"https:\/\/agora.xtec.cat\/sesteia\/wp-json\/wp\/v2\/users\/38"}],"replies":[{"embeddable":true,"href":"https:\/\/agora.xtec.cat\/sesteia\/wp-json\/wp\/v2\/comments?post=3672"}],"version-history":[{"count":7,"href":"https:\/\/agora.xtec.cat\/sesteia\/wp-json\/wp\/v2\/pages\/3672\/revisions"}],"predecessor-version":[{"id":6017,"href":"https:\/\/agora.xtec.cat\/sesteia\/wp-json\/wp\/v2\/pages\/3672\/revisions\/6017"}],"wp:attachment":[{"href":"https:\/\/agora.xtec.cat\/sesteia\/wp-json\/wp\/v2\/media?parent=3672"}],"curies":[{"name":"wp","href":"https:\/\/api.w.org\/{rel}","templated":true}]}}