{"id":27,"date":"2014-09-17T16:24:03","date_gmt":"2014-09-17T16:24:03","guid":{"rendered":"http:\/\/agora.xtec.cat\/sesteia\/?page_id=27"},"modified":"2024-09-27T10:09:52","modified_gmt":"2024-09-27T08:09:52","slug":"historia","status":"publish","type":"page","link":"https:\/\/agora.xtec.cat\/sesteia\/linstitut\/historia\/","title":{"rendered":"Hist\u00f2ria"},"content":{"rendered":"<h2><a href=\"http:\/\/agora.xtec.cat\/sesteia\/wp-content\/uploads\/usu180\/2015\/07\/SI-TuroB.jpg\"><img loading=\"lazy\" decoding=\"async\" class=\"alignnone wp-image-277 size-large\" src=\"http:\/\/agora.xtec.cat\/sesteia\/wp-content\/uploads\/usu180\/2015\/07\/SI-TuroB-1024x391.jpg\" alt=\"\" width=\"1024\" height=\"391\" srcset=\"https:\/\/agora.xtec.cat\/sesteia\/wp-content\/uploads\/usu180\/2015\/07\/SI-TuroB-1024x391.jpg 1024w, https:\/\/agora.xtec.cat\/sesteia\/wp-content\/uploads\/usu180\/2015\/07\/SI-TuroB-300x114.jpg 300w, https:\/\/agora.xtec.cat\/sesteia\/wp-content\/uploads\/usu180\/2015\/07\/SI-TuroB.jpg 1435w\" sizes=\"auto, (max-width: 1024px) 100vw, 1024px\" \/><\/a><\/h2>\n<p>L\u2019Institut Tur\u00f3 d\u2019en Baldiri, situat a Tei\u00e0, al Baix Maresme, va iniciar el seu cam\u00ed educatiu durant el curs 2007-2008. Els primers passos van ser al setembre de 2007, compartint espai amb l\u2019Institut d\u2019Alella, amb dos grups de 1r d\u2019ESO i un grup de 2n d\u2019ESO. No va ser fins al gener de 2008 que vam poder establir-nos al nostre edifici propi a Tei\u00e0, un moment esperat amb gran il\u00b7lusi\u00f3 per tota la comunitat educativa.<\/p>\n<p>L\u2019obertura del centre va representar molt m\u00e9s que l\u2019inici d\u2019un nou projecte: era la culminaci\u00f3 d\u2019un desig llargament perseguit per tot el poble. Professionals, alumnes, fam\u00edlies i institucions locals van unir esfor\u00e7os per fer realitat aquesta iniciativa, que des del primer dia es va construir sobre un s\u00f2lid esperit de col\u00b7laboraci\u00f3.<\/p>\n<p>Amb els anys, l\u2019institut ha anat creixent i evolucionant, consolidant-se com a referent en l\u2019educaci\u00f3 secund\u00e0ria obligat\u00f2ria a la nostra localitat. Actualment, oferim tots els cursos d\u2019ESO i col\u00b7laborem amb centres educatius del municipi del Masnou per garantir la continu\u00eftat dels estudis postobligatoris, tal com s\u2019estableix en la Resoluci\u00f3 ENS\/106\/2014.<\/p>\n<p>L&#8217;any 2017-2018 vam celebrar el nostre 10\u00e8 aniversari, una fita important que va reflectir el creixement, l&#8217;esfor\u00e7 i el comprom\u00eds de la nostra comunitat al llarg d&#8217;una d\u00e8cada.<\/p>\n<p>&nbsp;<\/p>\n<p>&nbsp;<\/p>\n","protected":false},"excerpt":{"rendered":"<p><a href=\"http:\/\/agora.xtec.cat\/sesteia\/wp-content\/uploads\/usu180\/2015\/07\/SI-TuroB.jpg\"><\/a><br \/>\nL\u2019Institut Tur\u00f3 d\u2019en Baldiri, situat a Tei\u00e0, al Baix Maresme, va iniciar el seu cam\u00ed educatiu durant el curs 2007-2008. Els primers passos van ser al setembre de 2007, compartint espai amb l\u2019Institut d\u2019Alella, amb dos grups de 1r d\u2019ESO i un grup de&hellip;  <a href=\"https:\/\/agora.xtec.cat\/sesteia\/linstitut\/historia\/\" title=\"Read Hist\u00f2ria\">Llegeix m\u00e9s\u00bb<\/a><\/p>\n","protected":false},"author":1,"featured_media":0,"parent":19,"menu_order":3,"comment_status":"closed","ping_status":"closed","template":"page-templates\/side-menu.php","meta":{"_bbp_topic_count":0,"_bbp_reply_count":0,"_bbp_total_topic_count":0,"_bbp_total_reply_count":0,"_bbp_voice_count":0,"_bbp_anonymous_reply_count":0,"_bbp_topic_count_hidden":0,"_bbp_reply_count_hidden":0,"_bbp_forum_subforum_count":0,"footnotes":""},"class_list":["post-27","page","type-page","status-publish","hentry"],"post_mailing_queue_ids":[],"_links":{"self":[{"href":"https:\/\/agora.xtec.cat\/sesteia\/wp-json\/wp\/v2\/pages\/27","targetHints":{"allow":["GET"]}}],"collection":[{"href":"https:\/\/agora.xtec.cat\/sesteia\/wp-json\/wp\/v2\/pages"}],"about":[{"href":"https:\/\/agora.xtec.cat\/sesteia\/wp-json\/wp\/v2\/types\/page"}],"author":[{"embeddable":true,"href":"https:\/\/agora.xtec.cat\/sesteia\/wp-json\/wp\/v2\/users\/1"}],"replies":[{"embeddable":true,"href":"https:\/\/agora.xtec.cat\/sesteia\/wp-json\/wp\/v2\/comments?post=27"}],"version-history":[{"count":4,"href":"https:\/\/agora.xtec.cat\/sesteia\/wp-json\/wp\/v2\/pages\/27\/revisions"}],"predecessor-version":[{"id":5393,"href":"https:\/\/agora.xtec.cat\/sesteia\/wp-json\/wp\/v2\/pages\/27\/revisions\/5393"}],"up":[{"embeddable":true,"href":"https:\/\/agora.xtec.cat\/sesteia\/wp-json\/wp\/v2\/pages\/19"}],"wp:attachment":[{"href":"https:\/\/agora.xtec.cat\/sesteia\/wp-json\/wp\/v2\/media?parent=27"}],"curies":[{"name":"wp","href":"https:\/\/api.w.org\/{rel}","templated":true}]}}