{"id":19,"date":"2014-09-17T14:56:56","date_gmt":"2014-09-17T14:56:56","guid":{"rendered":"http:\/\/agora.xtec.cat\/sesteia\/?page_id=19"},"modified":"2024-09-27T10:45:05","modified_gmt":"2024-09-27T08:45:05","slug":"linstitut","status":"publish","type":"page","link":"https:\/\/agora.xtec.cat\/sesteia\/linstitut\/","title":{"rendered":"L&#8217;institut"},"content":{"rendered":"<p>&nbsp;<\/p>\n<p><strong>Educar \u00e9s donar oportunitats, \u00e9s ensenyar a viure.<\/strong><\/p>\n<p>L\u2019Institut Tur\u00f3 d\u2019en Baldiri, nascut el curs 2007-2008, \u00e9s un centre de secund\u00e0ria obligat\u00f2ria que es caracteritza per oferir un ensenyament de qualitat gr\u00e0cies als nostres recursos i el comprom\u00eds de tota la comunitat educativa. Tot i ser un centre de dimensions petites, el nostre \u00e8xit es reflecteix en els excel\u00b7lents resultats acad\u00e8mics del nostre alumnat, amb un percentatge de graduaci\u00f3 en secund\u00e0ria obligat\u00f2ria molt superior a la mitjana de Catalunya. Els resultats en les compet\u00e8ncies b\u00e0siques de 4t d\u2019ESO ens situen tamb\u00e9 entre els millors centres de la nostra zona.<\/p>\n<p>Disposem d\u2019instal\u00b7lacions modernes i adequades, un projecte educatiu s\u00f2lid i un equip de professionals altament qualificats. La col\u00b7laboraci\u00f3 activa de les fam\u00edlies \u00e9s un pilar fonamental que contribueix al desenvolupament aut\u00f2nom i personal del nostre alumnat, ajudant-los a potenciar el seu aprenentatge i a esdevenir persones capaces de dirigir el seu propi futur.<\/p>\n<p>Fomentem l\u2019\u00fas de lleng\u00fces estrangeres, oferint a l\u2019alumnat la preparaci\u00f3 necess\u00e0ria per obtenir certificats oficials, com l\u2019A2 en franc\u00e8s i el B1 en angl\u00e8s. Creiem fermament que el domini de lleng\u00fces estrangeres obre noves oportunitats tant acad\u00e8miques com personals.<\/p>\n<p>Treballem per projectes de manera interdisciplin\u00e0ria de 1r a 4t d\u2019ESO, promovent les compet\u00e8ncies que l\u2019alumnat ha d\u2019assolir al llarg de la seva formaci\u00f3. Aquesta metodologia innovadora situa els estudiants com a protagonistes del seu propi aprenentatge, fomentant l\u2019autonomia, la cooperaci\u00f3 i l\u2019esperit cr\u00edtic. A trav\u00e9s d\u2019aquests projectes, els nostres nois i noies aprenen a investigar, escoltar, deduir, i establir connexions entre la informaci\u00f3, desenvolupant aix\u00ed habilitats clau per al seu futur.<\/p>\n<p>El nostre projecte &#8220;Acompanya&#8217;m&#8221; i l&#8217;acci\u00f3 tutorial&#8221; ofereixen un seguiment proper de cada alumne\/a, ajudant-los a resoldre conflictes i a sentir-se part integrant de la comunitat educativa, fomentant un sentiment de pertinen\u00e7a ferm al centre.<\/p>\n<p>A m\u00e9s, a l\u2019Institut Tur\u00f3 d\u2019en Baldiri, treballem per ser un centre on els principis i les pr\u00e0ctiques restauratives s\u00f3n l\u2019eix central de les relacions dins la comunitat educativa. Creiem fermament que el di\u00e0leg, la responsabilitat i la reparaci\u00f3 del dany s\u00f3n claus per construir un entorn segur, respectu\u00f3s i inclusiu, on tothom tingui l\u2019oportunitat de cr\u00e9ixer i aprendre de manera conjunta. Aquest enfocament ens permet abordar els conflictes d\u2019una manera constructiva, promovent la conviv\u00e8ncia pac\u00edfica i el respecte mutu entre l\u2019alumnat, el professorat i les fam\u00edlies.<\/p>\n<p>A l&#8217;Institut Tur\u00f3 d\u2019en Baldiri, creiem que l&#8217;educaci\u00f3 no \u00e9s nom\u00e9s instruir, sin\u00f3 inspirar i emocionar. La nostra tasca va m\u00e9s enll\u00e0 de la transmissi\u00f3 de coneixements; ens centrem en promoure el creixement personal, l\u2019autoestima i els valors fonamentals per a una conviv\u00e8ncia respectuosa i democr\u00e0tica. Entenem l\u2019educaci\u00f3 com una eina per dotar els nostres alumnes de les eines necess\u00e0ries per gestionar el seu futur, fent-los conscients dels seus drets i deures com a ciutadans.<\/p>\n<p>Educar \u00e9s, en definitiva, ensenyar a viure. Per aconseguir-ho, \u00e9s imprescindible la col\u00b7laboraci\u00f3 de tothom: professorat, alumnat, fam\u00edlies i la societat a la qual servim. Amb el suport i la confian\u00e7a de tota la comunitat, continuarem oferint les oportunitats que permeten a l&#8217;alumnat cr\u00e9ixer tant acad\u00e8micament com personalment.<\/p>\n<p>&nbsp;<\/p>\n","protected":false},"excerpt":{"rendered":"<p>&nbsp;<br \/>\nEducar \u00e9s donar oportunitats, \u00e9s ensenyar a viure.<br \/>\nL\u2019Institut Tur\u00f3 d\u2019en Baldiri, nascut el curs 2007-2008, \u00e9s un centre de secund\u00e0ria obligat\u00f2ria que es caracteritza per oferir un ensenyament de qualitat gr\u00e0cies als nostres recursos i el comprom\u00eds de tota la comunitat educativa. Tot i ser&hellip;  <a href=\"https:\/\/agora.xtec.cat\/sesteia\/linstitut\/\" title=\"Read L&#8217;institut\">Llegeix m\u00e9s\u00bb<\/a><\/p>\n","protected":false},"author":1,"featured_media":0,"parent":0,"menu_order":0,"comment_status":"closed","ping_status":"closed","template":"page-templates\/side-menu.php","meta":{"_bbp_topic_count":0,"_bbp_reply_count":0,"_bbp_total_topic_count":0,"_bbp_total_reply_count":0,"_bbp_voice_count":0,"_bbp_anonymous_reply_count":0,"_bbp_topic_count_hidden":0,"_bbp_reply_count_hidden":0,"_bbp_forum_subforum_count":0,"footnotes":""},"class_list":["post-19","page","type-page","status-publish","hentry"],"post_mailing_queue_ids":[],"_links":{"self":[{"href":"https:\/\/agora.xtec.cat\/sesteia\/wp-json\/wp\/v2\/pages\/19","targetHints":{"allow":["GET"]}}],"collection":[{"href":"https:\/\/agora.xtec.cat\/sesteia\/wp-json\/wp\/v2\/pages"}],"about":[{"href":"https:\/\/agora.xtec.cat\/sesteia\/wp-json\/wp\/v2\/types\/page"}],"author":[{"embeddable":true,"href":"https:\/\/agora.xtec.cat\/sesteia\/wp-json\/wp\/v2\/users\/1"}],"replies":[{"embeddable":true,"href":"https:\/\/agora.xtec.cat\/sesteia\/wp-json\/wp\/v2\/comments?post=19"}],"version-history":[{"count":5,"href":"https:\/\/agora.xtec.cat\/sesteia\/wp-json\/wp\/v2\/pages\/19\/revisions"}],"predecessor-version":[{"id":5396,"href":"https:\/\/agora.xtec.cat\/sesteia\/wp-json\/wp\/v2\/pages\/19\/revisions\/5396"}],"wp:attachment":[{"href":"https:\/\/agora.xtec.cat\/sesteia\/wp-json\/wp\/v2\/media?parent=19"}],"curies":[{"name":"wp","href":"https:\/\/api.w.org\/{rel}","templated":true}]}}