{"id":1071,"date":"2018-05-04T10:39:46","date_gmt":"2018-05-04T08:39:46","guid":{"rendered":"http:\/\/agora.xtec.cat\/sesteia\/?page_id=1071"},"modified":"2018-05-04T10:54:44","modified_gmt":"2018-05-04T08:54:44","slug":"gep-generacio-plurilingue","status":"publish","type":"page","link":"https:\/\/agora.xtec.cat\/sesteia\/gep-generacio-plurilingue\/","title":{"rendered":"GEP (Generaci\u00f3 Pluriling\u00fce)"},"content":{"rendered":"<p>El curs 2017-2018 el Departament d&#8217;Ensenyament inicia el programa\u00a0d\u2019innovaci\u00f3 pedag\u00f2gica\u00a0<strong>Generaci\u00f3 Pluriling\u00fce (GEP)<\/strong>. La finalitat d\u2019aquest programa \u00e9s millorar la compet\u00e8ncia en lleng\u00fces estrangeres de l\u2019alumnat, afavorint el seu creixement acad\u00e8mic i posterior inserci\u00f3 laboral, i capacitant-lo per interactuar amb el m\u00f3n en diverses lleng\u00fces i de manera cr\u00edtica.<\/p>\n<p>Les accions del programa GEP s\u2019orienten, d\u2019una banda, a incrementar el temps d\u2019exposici\u00f3 de l\u2019alumnat a les lleng\u00fces estrangeres curriculars i, d\u2019una altra, a acompanyar els centres educatius en el proc\u00e9s de desplegament i consolidaci\u00f3 d\u2019un projecte ling\u00fc\u00edstic pluriling\u00fce propi.<\/p>\n<p>Nascut l\u2019any 2013 com a programa experimental, s\u2019adre\u00e7a als centres educatius que imparteixen ensenyaments d\u2019educaci\u00f3 prim\u00e0ria, d\u2019educaci\u00f3 secund\u00e0ria obligat\u00f2ria, batxillerat o formaci\u00f3 professional inicial, de titularitat del Departament d\u2019Ensenyament, de titularitat municipal i de titularitat privada en r\u00e8gim de concert. La selecci\u00f3 de centres es far\u00e0 anualment a proposta dels serveis territorials i amb la col\u00b7laboraci\u00f3 de la Inspecci\u00f3 d&#8217;Educaci\u00f3.<\/p>\n<p>La durada del programa \u00e9s de tres cursos escolars. Durant aquest temps, docents dels centres participants amb una acreditaci\u00f3 suficient de coneixements de llengua estrangera reben formaci\u00f3 sobre\u00a0<strong>enfocaments<\/strong>\u00a0CLIL i \u00c9MILE (aprenentatge integrat de contingut i llengua estrangera en angl\u00e8s i franc\u00e8s, respectivament). Els equips directius, al seu torn, reben orientacions per a la implementaci\u00f3 del programa en el centre, el disseny d\u2019un\u00a0pla d\u2019acci\u00f3\u00a0i l\u2019elaboraci\u00f3 d\u2019una\u00a0mem\u00f2ria final.<\/p>\n<p>El nostre centre forma part d&#8217;aquest projecte iniciat aquest curs 2017-2018 a 1r d&#8217;ESO.<\/p>\n<p>Les mat\u00e8ries que s&#8217;imparteixen en angl\u00e8s s\u00f3n: EF i MATEM\u00c0TIQUES.<\/p>\n<p>Us presentem alguns exemples de feina realitzada al llarg d&#8217;aquest primer curs.<\/p>\n<p>&nbsp;<\/p>\n","protected":false},"excerpt":{"rendered":"<p>El curs 2017-2018 el Departament d&#8217;Ensenyament inicia el programa\u00a0d\u2019innovaci\u00f3 pedag\u00f2gica\u00a0Generaci\u00f3 Pluriling\u00fce (GEP). La finalitat d\u2019aquest programa \u00e9s millorar la compet\u00e8ncia en lleng\u00fces estrangeres de l\u2019alumnat, afavorint el seu creixement acad\u00e8mic i posterior inserci\u00f3 laboral, i capacitant-lo per interactuar amb el m\u00f3n en diverses lleng\u00fces i&hellip;  <a href=\"https:\/\/agora.xtec.cat\/sesteia\/gep-generacio-plurilingue\/\" title=\"Read GEP (Generaci\u00f3 Pluriling\u00fce)\">Llegeix m\u00e9s\u00bb<\/a><\/p>\n","protected":false},"author":1,"featured_media":0,"parent":0,"menu_order":0,"comment_status":"closed","ping_status":"closed","template":"","meta":{"_bbp_topic_count":0,"_bbp_reply_count":0,"_bbp_total_topic_count":0,"_bbp_total_reply_count":0,"_bbp_voice_count":0,"_bbp_anonymous_reply_count":0,"_bbp_topic_count_hidden":0,"_bbp_reply_count_hidden":0,"_bbp_forum_subforum_count":0,"footnotes":""},"class_list":["post-1071","page","type-page","status-publish","hentry"],"post_mailing_queue_ids":[],"_links":{"self":[{"href":"https:\/\/agora.xtec.cat\/sesteia\/wp-json\/wp\/v2\/pages\/1071","targetHints":{"allow":["GET"]}}],"collection":[{"href":"https:\/\/agora.xtec.cat\/sesteia\/wp-json\/wp\/v2\/pages"}],"about":[{"href":"https:\/\/agora.xtec.cat\/sesteia\/wp-json\/wp\/v2\/types\/page"}],"author":[{"embeddable":true,"href":"https:\/\/agora.xtec.cat\/sesteia\/wp-json\/wp\/v2\/users\/1"}],"replies":[{"embeddable":true,"href":"https:\/\/agora.xtec.cat\/sesteia\/wp-json\/wp\/v2\/comments?post=1071"}],"version-history":[{"count":3,"href":"https:\/\/agora.xtec.cat\/sesteia\/wp-json\/wp\/v2\/pages\/1071\/revisions"}],"predecessor-version":[{"id":1084,"href":"https:\/\/agora.xtec.cat\/sesteia\/wp-json\/wp\/v2\/pages\/1071\/revisions\/1084"}],"wp:attachment":[{"href":"https:\/\/agora.xtec.cat\/sesteia\/wp-json\/wp\/v2\/media?parent=1071"}],"curies":[{"name":"wp","href":"https:\/\/api.w.org\/{rel}","templated":true}]}}