{"id":1050,"date":"2018-04-11T13:33:02","date_gmt":"2018-04-11T11:33:02","guid":{"rendered":"http:\/\/agora.xtec.cat\/sesteia\/?page_id=1050"},"modified":"2018-04-11T13:33:32","modified_gmt":"2018-04-11T11:33:32","slug":"treball-per-projectes","status":"publish","type":"page","link":"https:\/\/agora.xtec.cat\/sesteia\/treball-per-projectes\/","title":{"rendered":"Treball per projectes"},"content":{"rendered":"<p style=\"text-align: justify;\">L\u2019Institut Tur\u00f3 d\u2019en Baldiri \u00e9s un centre de secund\u00e0ria obligat\u00f2ria que va n\u00e9ixer el curs 2007-2008. Som un centre petit per\u00f2 amb bons recursos per a poder fer un ensenyament de qualitat. Ens avalen els bons resultats que el nostre alumnat adquireix quan promociona de curs, l\u2019alt percentatge de graduats en secund\u00e0ria obligat\u00f2ria (molt per sobre de la mitjana de Catalunya) i tamb\u00e9 els bons resultats de CCBB de 4<sup>t<\/sup>\u00a0d\u2019 ESO que hem anat obtenint al llarg d\u2019aquests cursos i que ens situen entre els millors centres de la nostra zona.<\/p>\n<p style=\"text-align: justify;\">Tenim unes bones instal\u00b7lacions, un projecte educatiu potent i solvent, un bon equip de professionals i unes fam\u00edlies compromeses amb l\u2019educaci\u00f3 dels llurs fills i filles, cosa que possibilita que el nostre alumnat creixi de manera aut\u00f2noma i sigui capa\u00e7 de potenciar el seu propi aprenentatge.<\/p>\n<p style=\"text-align: justify;\">Fomentem l\u2019\u00fas de les lleng\u00fces estrangeres tot preparant l\u2019alumnat per a l\u2019obtenci\u00f3 de t\u00edtols oficials de les lleng\u00fces que impartim (A2 de franc\u00e8s, B1 d\u2019angl\u00e8s).<\/p>\n<p style=\"text-align: justify;\">Treballem per projectes de manera interdisciplinar de 1<sup>r<\/sup>\u00a0a 4<sup>t<\/sup>\u00a0d\u2019ESO. Amb aquesta metodologia volem promoure les diferents compet\u00e8ncies que ha d\u2019anar adquirint l\u2019alumnat. \u00c9s una manera diferent d\u2019ensenyar perqu\u00e8 l\u2019alumnat esdev\u00e9 el protagonista del seu aprenentatge, volem que en tingui un paper actiu, estigui motivat i que creixi personalment. Els nois i les noies cooperen, investiguen, aprenen a escoltar, intueixen, aprenen a buscar la informaci\u00f3 a establir-ne lligams i a deduir.<\/p>\n<p style=\"text-align: justify;\">Acompanyem el nostre alumnat des de l\u2019inici perqu\u00e8 aprengui a resoldre els conflictes i sigui capa\u00e7 de crear un ferm sentiment de pertinen\u00e7a al nostre centre (projecte acompanya\u2019m, acci\u00f3 tutorial).<\/p>\n<p style=\"text-align: justify;\">La tasca d\u2019ensenyar i aprendre t\u00e9 una dimensi\u00f3 emocional i \u00e8tica fonamental, sense la qual l\u2019educaci\u00f3 degenera en pura instrucci\u00f3, en ensenyament fred i mec\u00e0nic que no arriba al cor de la persona.\u00a0Creiem que educar \u00e9s donar oportunitats. Cal motivar l\u2019aprenentatge, l\u2019an\u00e0lisi cr\u00edtica i el pensament creatiu. Hem de permetre el creixement personal, fomentar l\u2019autoestima. Cal que transmetem valors per a una bona conviv\u00e8ncia, i cal difondre el respecte per als altres. Hem de fomentar tamb\u00e9 els drets i els deures de la ciutadania per tal d\u2019enfortir els valors de la democr\u00e0cia, perqu\u00e8 educar \u00e9s fer despertar el seny i la comprensi\u00f3 en l\u2019individu, \u00e9s dotar-lo dels mitjans adequats perqu\u00e8 pugui dirigir el seu propi dest\u00ed. \u00c9s, en definitiva, ensenyar a viure i, per a poder-ho aconseguir ens cal el suport, la motivaci\u00f3 i la confian\u00e7a de tothom, professorat, alumnat,\u00a0fam\u00edlies, i, com no, de tota la societat a la qual servim.<\/p>\n","protected":false},"excerpt":{"rendered":"<p>L\u2019Institut Tur\u00f3 d\u2019en Baldiri \u00e9s un centre de secund\u00e0ria obligat\u00f2ria que va n\u00e9ixer el curs 2007-2008. Som un centre petit per\u00f2 amb bons recursos per a poder fer un ensenyament de qualitat. Ens avalen els bons resultats que el nostre alumnat adquireix quan promociona de&hellip;  <a href=\"https:\/\/agora.xtec.cat\/sesteia\/treball-per-projectes\/\" title=\"Read Treball per projectes\">Llegeix m\u00e9s\u00bb<\/a><\/p>\n","protected":false},"author":37,"featured_media":0,"parent":0,"menu_order":0,"comment_status":"closed","ping_status":"closed","template":"page-templates\/side-menu.php","meta":{"_bbp_topic_count":0,"_bbp_reply_count":0,"_bbp_total_topic_count":0,"_bbp_total_reply_count":0,"_bbp_voice_count":0,"_bbp_anonymous_reply_count":0,"_bbp_topic_count_hidden":0,"_bbp_reply_count_hidden":0,"_bbp_forum_subforum_count":0,"footnotes":""},"class_list":["post-1050","page","type-page","status-publish","hentry"],"post_mailing_queue_ids":[],"_links":{"self":[{"href":"https:\/\/agora.xtec.cat\/sesteia\/wp-json\/wp\/v2\/pages\/1050","targetHints":{"allow":["GET"]}}],"collection":[{"href":"https:\/\/agora.xtec.cat\/sesteia\/wp-json\/wp\/v2\/pages"}],"about":[{"href":"https:\/\/agora.xtec.cat\/sesteia\/wp-json\/wp\/v2\/types\/page"}],"author":[{"embeddable":true,"href":"https:\/\/agora.xtec.cat\/sesteia\/wp-json\/wp\/v2\/users\/37"}],"replies":[{"embeddable":true,"href":"https:\/\/agora.xtec.cat\/sesteia\/wp-json\/wp\/v2\/comments?post=1050"}],"version-history":[{"count":2,"href":"https:\/\/agora.xtec.cat\/sesteia\/wp-json\/wp\/v2\/pages\/1050\/revisions"}],"predecessor-version":[{"id":1052,"href":"https:\/\/agora.xtec.cat\/sesteia\/wp-json\/wp\/v2\/pages\/1050\/revisions\/1052"}],"wp:attachment":[{"href":"https:\/\/agora.xtec.cat\/sesteia\/wp-json\/wp\/v2\/media?parent=1050"}],"curies":[{"name":"wp","href":"https:\/\/api.w.org\/{rel}","templated":true}]}}