{"id":46,"date":"2014-09-17T16:53:45","date_gmt":"2014-09-17T16:53:45","guid":{"rendered":"http:\/\/agora.xtec.cat\/sesnavarcles\/?page_id=46"},"modified":"2026-01-13T11:43:55","modified_gmt":"2026-01-13T10:43:55","slug":"organigrama","status":"publish","type":"page","link":"https:\/\/agora.xtec.cat\/sesnavarcles\/linstitut\/organigrama\/","title":{"rendered":"Organigrama"},"content":{"rendered":"<table>\n<tbody>\n<tr>\n<td colspan=\"2\">\n<h3><strong>TUTORIES<\/strong><\/h3>\n<\/td>\n<\/tr>\n<tr>\n<td><span style=\"font-weight: 400;\">1A<\/span><\/td>\n<td><span style=\"font-weight: 400;\">ROGER CAMPRUB\u00cd<\/span><\/td>\n<\/tr>\n<tr>\n<td><span style=\"font-weight: 400;\">1B<\/span><\/td>\n<td><span style=\"font-weight: 400;\">\u00c0URIA IGLESIAS<\/span><\/td>\n<\/tr>\n<tr>\n<td><span style=\"font-weight: 400;\">2A<\/span><\/td>\n<td><span style=\"font-weight: 400;\">JOSEP ALBIAC<\/span><\/td>\n<\/tr>\n<tr>\n<td><span style=\"font-weight: 400;\">2B<\/span><\/td>\n<td><span style=\"font-weight: 400;\">PEP S\u00c1NCHEZ<\/span><\/td>\n<\/tr>\n<tr>\n<td><span style=\"font-weight: 400;\">3A<\/span><\/td>\n<td><span style=\"font-weight: 400;\">ESTHER ROSALES<\/span><\/td>\n<\/tr>\n<tr>\n<td><span style=\"font-weight: 400;\">3B<\/span><\/td>\n<td><span style=\"font-weight: 400;\">EVA L\u00d3PEZ<\/span><\/td>\n<\/tr>\n<tr>\n<td><span style=\"font-weight: 400;\">3C<\/span><\/td>\n<td><span style=\"font-weight: 400;\">ALFRED SALA<\/span><\/td>\n<\/tr>\n<tr>\n<td><span style=\"font-weight: 400;\">4A<\/span><\/td>\n<td><span style=\"font-weight: 400;\">MARIA MASSEG\u00da<\/span><\/td>\n<\/tr>\n<tr>\n<td><span style=\"font-weight: 400;\">4B<\/span><\/td>\n<td><span style=\"font-weight: 400;\">LAIA SERRA<\/span><\/td>\n<\/tr>\n<\/tbody>\n<\/table>\n<p>&nbsp;<\/p>\n<table>\n<tbody>\n<tr>\n<td colspan=\"2\">\n<h3><strong>C\u00c0RRECS<\/strong><\/h3>\n<\/td>\n<\/tr>\n<tr>\n<td><b>Director<\/b><\/td>\n<td><span style=\"font-weight: 400;\">Jordi Boixader<\/span><\/td>\n<\/tr>\n<tr>\n<td><b>Cap D\u2019estudis<\/b><\/td>\n<td><span style=\"font-weight: 400;\">Paco Cascales<\/span><\/td>\n<\/tr>\n<tr>\n<td><b>Secretari\u00a0<\/b><\/td>\n<td><span style=\"font-weight: 400;\">Roger Ayala<\/span><\/td>\n<\/tr>\n<tr>\n<td><b>Coordinadora Pedag\u00f2gica<\/b><\/td>\n<td><span style=\"font-weight: 400;\">Maria Elena Garrido<\/span><\/td>\n<\/tr>\n<tr>\n<td><b>\u00c0mbit Cientificotecnol\u00f2gic<\/b><\/td>\n<td><span style=\"font-weight: 400;\">Roger Camprub\u00ed Cirera<\/span><\/td>\n<\/tr>\n<tr>\n<td><span style=\"font-weight: 400;\">Cap departament de ci\u00e8ncies experimentals<\/span><\/td>\n<td><span style=\"font-weight: 400;\">Laia Serra<\/span><\/td>\n<\/tr>\n<tr>\n<td><span style=\"font-weight: 400;\">Cap departament de tecnologia<\/span><\/td>\n<td><\/td>\n<\/tr>\n<tr>\n<td><span style=\"font-weight: 400;\">Cap departament de matem\u00e0tiques i tecnologia<\/span><\/td>\n<td><span style=\"font-weight: 400;\">Miquel R\u00edos<\/span><\/td>\n<\/tr>\n<tr>\n<td><b>\u00c0mbit Human\u00edstic<\/b><\/td>\n<td><\/td>\n<\/tr>\n<tr>\n<td><span style=\"font-weight: 400;\">Cap departament socials<\/span><\/td>\n<td><span style=\"font-weight: 400;\">Laura Carbonell<\/span><\/td>\n<\/tr>\n<tr>\n<td><b>\u00c0mbit art\u00edstic<\/b><\/td>\n<td><\/td>\n<\/tr>\n<tr>\n<td><span style=\"font-weight: 400;\">Cap departament de VIP<\/span><\/td>\n<td><span style=\"font-weight: 400;\">Tamara Hern\u00e1ndez<\/span><\/td>\n<\/tr>\n<tr>\n<td><span style=\"font-weight: 400;\">Cap departament d\u2019educaci\u00f3 f\u00edsica<\/span><\/td>\n<td><span style=\"font-weight: 400;\">Pep S\u00e1nchez<\/span><\/td>\n<\/tr>\n<tr>\n<td><b>\u00c0mbit ling\u00fc\u00edstic<\/b><\/td>\n<td><\/td>\n<\/tr>\n<tr>\n<td><span style=\"font-weight: 400;\">Cap departament de lleng\u00fces<\/span><\/td>\n<td><span style=\"font-weight: 400;\">Sandra Bassany<\/span><\/td>\n<\/tr>\n<tr>\n<td><span style=\"font-weight: 400;\">Cap departament lleng\u00fces estrangeres<\/span><\/td>\n<td><span style=\"font-weight: 400;\">N\u00faria Prat<\/span><\/td>\n<\/tr>\n<tr>\n<td><span style=\"font-weight: 400;\">Coordinador TIC<\/span><\/td>\n<td><span style=\"font-weight: 400;\">Pep S\u00e1nchez<\/span><\/td>\n<\/tr>\n<tr>\n<td><span style=\"font-weight: 400;\">Coordinador LIC<\/span><\/td>\n<td><span style=\"font-weight: 400;\">Sandra Bassany<\/span><\/td>\n<\/tr>\n<tr>\n<td><span style=\"font-weight: 400;\">Coordinadora d\u2019Activitats i Serveis Escolars<\/span><\/td>\n<td><span style=\"font-weight: 400;\">Maria Masseg\u00fa<\/span><\/td>\n<\/tr>\n<tr>\n<td><span style=\"font-weight: 400;\">Coordinador de Riscos<\/span><\/td>\n<td><span style=\"font-weight: 400;\">Maria Masseg\u00fa<\/span><\/td>\n<\/tr>\n<tr>\n<td><span style=\"font-weight: 400;\">Coordinadora d\u2019Atenci\u00f3 a la Diversitat*<\/span><\/td>\n<td><span style=\"font-weight: 400;\">Merc\u00e8 Sala<\/span><\/td>\n<\/tr>\n<tr>\n<td><span style=\"font-weight: 400;\">Coordinaci\u00f3 d\u2019Erasmus +<\/span><\/td>\n<td><span style=\"font-weight: 400;\">Sandra Bassany i Laia Serra<\/span><\/td>\n<\/tr>\n<tr>\n<td><span style=\"font-weight: 400;\">Coordinaci\u00f3 de Projectes<\/span><\/td>\n<td><span style=\"font-weight: 400;\">Roger Camprub\u00ed<\/span><\/td>\n<\/tr>\n<tr>\n<td><span style=\"font-weight: 400;\">Servei Comunitari<\/span><\/td>\n<td><span style=\"font-weight: 400;\">Merc\u00e8 Sala<\/span><\/td>\n<\/tr>\n<\/tbody>\n<\/table>\n<p>&nbsp;<\/p>\n<table>\n<tbody>\n<tr>\n<td>\n<h3><strong>COMISSIONS DEL CONSELL ESCOLAR<\/strong><\/h3>\n<\/td>\n<\/tr>\n<tr>\n<td><span style=\"font-weight: 400;\">Al si del consell escolar es constitueixen 3 comissions espec\u00edfiques: la Comissi\u00f3 Econ\u00f2mica,\u00a0 la Comissi\u00f3 Permanent i la Comissi\u00f3 de Conviv\u00e8ncia.<\/span><\/p>\n<p><span style=\"font-weight: 400;\">S\u00f3n funcions de les comissions estudiar aspectes de l\u2019\u00e0mbit del Consell que se\u2019ls sol\u00b7licitin o considerin convenient aportar, informar-ne al Consell i elevar-hi propostes, aix\u00ed com desenvolupar les tasques que el Consell encomani.<\/span><\/td>\n<\/tr>\n<tr>\n<td><b>Comissi\u00f3 Econ\u00f2mica<\/b><strong>:<\/strong><\/p>\n<p><span style=\"font-weight: 400;\">Director: Jordi Boixader<\/span><\/p>\n<p><span style=\"font-weight: 400;\">Secretari: Roger Ayala<\/span><\/p>\n<p><span style=\"font-weight: 400;\">Professor\/a:\u00a0 Merc\u00e8 Sala<\/span><\/p>\n<p><span style=\"font-weight: 400;\">Pare\/mare: Elisabeth Font<\/span><\/p>\n<p><span style=\"font-weight: 400;\">Alumne\/a: Martina Pi\u00f1a<\/span><\/p>\n<p><span style=\"font-weight: 400;\">Representant Ajuntament: Rosa Morat\u00f3<\/span><\/td>\n<\/tr>\n<tr>\n<td><b>Comissi\u00f3 Permanent<\/b><strong>:<\/strong><\/p>\n<p><span style=\"font-weight: 400;\">Director: Jordi Boixader<\/span><\/p>\n<p><span style=\"font-weight: 400;\">Secretari: Roger Ayala<\/span><\/p>\n<p><span style=\"font-weight: 400;\">Professor\/a: Merc\u00e8 Sala<\/span><\/p>\n<p><span style=\"font-weight: 400;\">Pare\/mare: Elisabeth Font<\/span><\/p>\n<p><span style=\"font-weight: 400;\">Alumne\/a: Martina Pi\u00f1a<\/span><\/p>\n<p><span style=\"font-weight: 400;\">PAS: \u00c0ngels Manceras<\/span><\/td>\n<\/tr>\n<tr>\n<td><b>Comissi\u00f3 Conviv\u00e8ncia:<\/b><\/p>\n<p><span style=\"font-weight: 400;\">Director: Jordi Boixader<\/span><\/p>\n<p><span style=\"font-weight: 400;\">Secretari: Roger Ayala<\/span><\/p>\n<p><span style=\"font-weight: 400;\">Cap d\u2019estudis: Paco Cascales<\/span><\/p>\n<p><span style=\"font-weight: 400;\">Professor\/a: Roger Camprub\u00ed<\/span><\/p>\n<p><span style=\"font-weight: 400;\">Pare\/mare: Maria Espelt<\/span><\/p>\n<p><span style=\"font-weight: 400;\">Alumne\/a:<\/span> <span style=\"font-weight: 400;\">Martina Pi\u00f1a<\/span><\/td>\n<\/tr>\n<tr>\n<td><b>Responsable coeducaci\u00f3:<\/b><\/p>\n<p><span style=\"font-weight: 400;\">Roger Camprub\u00ed<\/span><\/td>\n<\/tr>\n<tr>\n<td><b>Comissi\u00f3 digital:<\/b><\/p>\n<p><span style=\"font-weight: 400;\">Pep S\u00e1nchez, Maria Masseg\u00fa, Jordi Boixader.<\/span><\/td>\n<\/tr>\n<\/tbody>\n<\/table>\n<p>&nbsp;<\/p>\n<table>\n<tbody>\n<tr>\n<td>\n<h3><strong>COMISSIONS DEL CLAUSTRE<\/strong><\/h3>\n<\/td>\n<\/tr>\n<tr>\n<td><b>Comissi\u00f3 d\u2019atenci\u00f3 a la diversitat<\/b><strong>:<\/strong><\/p>\n<p><span style=\"font-weight: 400;\">Cap d\u2019Estudis: Paco Cascales<\/span><\/p>\n<p><span style=\"font-weight: 400;\">Coordinadora pedag\u00f2gica: Maria Elena Garrido<\/span><\/p>\n<p><span style=\"font-weight: 400;\">Psicopedagoga: Merc\u00e8 Sala<\/span><\/p>\n<p><span style=\"font-weight: 400;\">Coordinador LIC: Sandra Bassany<\/span><\/p>\n<p><span style=\"font-weight: 400;\">Puntualment es requerir\u00e0 la participaci\u00f3 dels caps d\u2019\u00e0mbit i\/o de departament,\u00a0 del professorat que sigui necessari o de l\u2019EAP.<\/span><\/td>\n<\/tr>\n<\/tbody>\n<\/table>\n<p>&nbsp;<\/p>\n","protected":false},"excerpt":{"rendered":"<p>TUTORIES<\/p>\n<p>1A<br \/>\nROGER CAMPRUB\u00cd<\/p>\n<p>1B<br \/>\n\u00c0URIA IGLESIAS<\/p>\n<p>2A<br \/>\nJOSEP ALBIAC<\/p>\n<p>2B<br \/>\nPEP S\u00c1NCHEZ<\/p>\n<p>3A<br \/>\nESTHER ROSALES<\/p>\n<p>3B<br \/>\nEVA L\u00d3PEZ<\/p>\n<p>3C<br \/>\nALFRED SALA<\/p>\n<p>4A<br \/>\nMARIA MASSEG\u00da<\/p>\n<p>4B<br \/>\nLAIA SERRA<\/p>\n<p>&nbsp;<\/p>\n<p>C\u00c0RRECS<\/p>\n<p>Director<br \/>\nJordi Boixader<\/p>\n<p>Cap D\u2019estudis<br \/>\nPaco Cascales<\/p>\n<p>Secretari\u00a0<br \/>\nRoger Ayala<\/p>\n<p>Coordinadora Pedag\u00f2gica<br \/>\nMaria Elena Garrido<\/p>\n<p>\u00c0mbit Cientificotecnol\u00f2gic<br \/>\nRoger Camprub\u00ed Cirera<\/p>\n<p>Cap departament de ci\u00e8ncies experimentals<br \/>\nLaia Serra<\/p>\n<p>Cap departament de tecnologia<\/p>\n<p>Cap departament de matem\u00e0tiques i tecnologia<br \/>\nMiquel R\u00edos<\/p>\n<p>\u00c0mbit Human\u00edstic<\/p>\n<p>Cap departament socials<br \/>\nLaura Carbonell<\/p>\n<p>\u00c0mbit art\u00edstic<\/p>\n<p>Cap departament de VIP<br \/>\nTamara Hern\u00e1ndez<\/p>\n<p>Cap departament d\u2019educaci\u00f3&hellip;  <a href=\"https:\/\/agora.xtec.cat\/sesnavarcles\/linstitut\/organigrama\/\" title=\"Read Organigrama\">Llegeix m\u00e9s\u00bb<\/a><\/p>\n","protected":false},"author":1,"featured_media":0,"parent":19,"menu_order":50,"comment_status":"closed","ping_status":"closed","template":"page-templates\/side-menu.php","meta":{"_bbp_topic_count":0,"_bbp_reply_count":0,"_bbp_total_topic_count":0,"_bbp_total_reply_count":0,"_bbp_voice_count":0,"_bbp_anonymous_reply_count":0,"_bbp_topic_count_hidden":0,"_bbp_reply_count_hidden":0,"_bbp_forum_subforum_count":0,"footnotes":""},"class_list":["post-46","page","type-page","status-publish","hentry"],"post_mailing_queue_ids":[],"_links":{"self":[{"href":"https:\/\/agora.xtec.cat\/sesnavarcles\/wp-json\/wp\/v2\/pages\/46","targetHints":{"allow":["GET"]}}],"collection":[{"href":"https:\/\/agora.xtec.cat\/sesnavarcles\/wp-json\/wp\/v2\/pages"}],"about":[{"href":"https:\/\/agora.xtec.cat\/sesnavarcles\/wp-json\/wp\/v2\/types\/page"}],"author":[{"embeddable":true,"href":"https:\/\/agora.xtec.cat\/sesnavarcles\/wp-json\/wp\/v2\/users\/1"}],"replies":[{"embeddable":true,"href":"https:\/\/agora.xtec.cat\/sesnavarcles\/wp-json\/wp\/v2\/comments?post=46"}],"version-history":[{"count":7,"href":"https:\/\/agora.xtec.cat\/sesnavarcles\/wp-json\/wp\/v2\/pages\/46\/revisions"}],"predecessor-version":[{"id":2491,"href":"https:\/\/agora.xtec.cat\/sesnavarcles\/wp-json\/wp\/v2\/pages\/46\/revisions\/2491"}],"up":[{"embeddable":true,"href":"https:\/\/agora.xtec.cat\/sesnavarcles\/wp-json\/wp\/v2\/pages\/19"}],"wp:attachment":[{"href":"https:\/\/agora.xtec.cat\/sesnavarcles\/wp-json\/wp\/v2\/media?parent=46"}],"curies":[{"name":"wp","href":"https:\/\/api.w.org\/{rel}","templated":true}]}}