{"id":43,"date":"2014-09-17T16:45:07","date_gmt":"2014-09-17T16:45:07","guid":{"rendered":"http:\/\/agora.xtec.cat\/sesnavarcles\/?page_id=43"},"modified":"2026-01-13T11:35:46","modified_gmt":"2026-01-13T10:35:46","slug":"consell-escolar","status":"publish","type":"page","link":"https:\/\/agora.xtec.cat\/sesnavarcles\/linstitut\/consell-escolar\/","title":{"rendered":"Consell escolar"},"content":{"rendered":"<p style=\"text-align: justify;\">El consell escolar \u00e9s l&#8217;\u00f2rgan de participaci\u00f3 dels diferents sectors de la comunitat educativa en el govern dels centres. El formen els representants de tota la comunitat educativa, \u00e9s a dir, direcci\u00f3, professors, alumnes, fam\u00edlies, personal d&#8217;administraci\u00f3 i serveis, representant de l&#8217;administraci\u00f3 local i altres persones que el mateix consell consideri necess\u00e0ries.<\/p>\n<p style=\"text-align: justify;\">La funci\u00f3 principal del consell escolar \u00e9s participar en la presa de decisions en relaci\u00f3 amb aquells temes importants per al funcionament i l&#8217;organitzaci\u00f3 del centre: el projecte educatiu, la programaci\u00f3 general, la gesti\u00f3 econ\u00f2mica, la resoluci\u00f3 dels conflictes, les activitats extraescolars, l&#8217;horari lectiu, etc.<\/p>\n<p style=\"text-align: justify;\"><strong>Membres del Consell escolar:<\/strong><\/p>\n<p><em>Jordi Boixader &#8211; Director<\/em><\/p>\n<p><em>Paco Cascales &#8211; Cap d\u2019Estudis<\/em><\/p>\n<p><em>Roger Ayala &#8211; Secretari<\/em><\/p>\n<p><em>Maria Masseg\u00fa &#8211; Sector professorat<\/em><\/p>\n<p><em>Maria Elena Garrido &#8211; Sector professorat<\/em><\/p>\n<p><em>Josep Llu\u00eds Albiac &#8211; Sector professorat<\/em><\/p>\n<p><em>\u00c0uria Iglesias &#8211; Sector professorat<\/em><\/p>\n<p><em>Merc\u00e8 Sala &#8211; Sector professorat<\/em><\/p>\n<p><em>Elisabet Font &#8211; Sector pares i mares<\/em><\/p>\n<p><em>M. Carme Puig &#8211; Sector pares i mares<\/em><\/p>\n<p><em>Anna Carrasco &#8211; Representant AFA<\/em><\/p>\n<p><em>Joel Grau -Sector alumnat<\/em><\/p>\n<p><em>Martina Pi\u00f1a &#8211; Sector alumnat<\/em><\/p>\n<p><em>M. \u00c1ngels Manceras &#8211; Sector PAS<\/em><\/p>\n<p><em>Rosa Morat\u00f3 &#8211; Regidora d&#8217; Educaci\u00f3<\/em><\/p>\n","protected":false},"excerpt":{"rendered":"<p>El consell escolar \u00e9s l&#8217;\u00f2rgan de participaci\u00f3 dels diferents sectors de la comunitat educativa en el govern dels centres. El formen els representants de tota la comunitat educativa, \u00e9s a dir, direcci\u00f3, professors, alumnes, fam\u00edlies, personal d&#8217;administraci\u00f3 i serveis, representant de l&#8217;administraci\u00f3 local i altres&hellip;  <a href=\"https:\/\/agora.xtec.cat\/sesnavarcles\/linstitut\/consell-escolar\/\" title=\"Read Consell escolar\">Llegeix m\u00e9s\u00bb<\/a><\/p>\n","protected":false},"author":1,"featured_media":0,"parent":19,"menu_order":40,"comment_status":"closed","ping_status":"closed","template":"page-templates\/side-menu.php","meta":{"_bbp_topic_count":0,"_bbp_reply_count":0,"_bbp_total_topic_count":0,"_bbp_total_reply_count":0,"_bbp_voice_count":0,"_bbp_anonymous_reply_count":0,"_bbp_topic_count_hidden":0,"_bbp_reply_count_hidden":0,"_bbp_forum_subforum_count":0,"footnotes":""},"class_list":["post-43","page","type-page","status-publish","hentry"],"post_mailing_queue_ids":[],"_links":{"self":[{"href":"https:\/\/agora.xtec.cat\/sesnavarcles\/wp-json\/wp\/v2\/pages\/43","targetHints":{"allow":["GET"]}}],"collection":[{"href":"https:\/\/agora.xtec.cat\/sesnavarcles\/wp-json\/wp\/v2\/pages"}],"about":[{"href":"https:\/\/agora.xtec.cat\/sesnavarcles\/wp-json\/wp\/v2\/types\/page"}],"author":[{"embeddable":true,"href":"https:\/\/agora.xtec.cat\/sesnavarcles\/wp-json\/wp\/v2\/users\/1"}],"replies":[{"embeddable":true,"href":"https:\/\/agora.xtec.cat\/sesnavarcles\/wp-json\/wp\/v2\/comments?post=43"}],"version-history":[{"count":6,"href":"https:\/\/agora.xtec.cat\/sesnavarcles\/wp-json\/wp\/v2\/pages\/43\/revisions"}],"predecessor-version":[{"id":2489,"href":"https:\/\/agora.xtec.cat\/sesnavarcles\/wp-json\/wp\/v2\/pages\/43\/revisions\/2489"}],"up":[{"embeddable":true,"href":"https:\/\/agora.xtec.cat\/sesnavarcles\/wp-json\/wp\/v2\/pages\/19"}],"wp:attachment":[{"href":"https:\/\/agora.xtec.cat\/sesnavarcles\/wp-json\/wp\/v2\/media?parent=43"}],"curies":[{"name":"wp","href":"https:\/\/api.w.org\/{rel}","templated":true}]}}