{"id":6273,"date":"2026-05-06T11:22:35","date_gmt":"2026-05-06T09:22:35","guid":{"rendered":"https:\/\/agora.xtec.cat\/sesmcarrascoformiguera-sfc\/?page_id=6273"},"modified":"2026-05-06T11:33:25","modified_gmt":"2026-05-06T09:33:25","slug":"afa","status":"publish","type":"page","link":"https:\/\/agora.xtec.cat\/sesmcarrascoformiguera-sfc\/linstitut\/afa\/","title":{"rendered":"AFA"},"content":{"rendered":"<p style=\"text-align: justify;\">L\u2019AFA, Associaci\u00f3 de Fam\u00edlies d\u2019Alumnes, \u00e9s la forma m\u00e9s efectiva que tenen totes les fam\u00edlies d\u2019agrupar-se i organitzar-se dins del Centre Escolar.<\/p>\n<p style=\"text-align: justify;\">L\u2019AFA \u00e9s una entitat sense afany de lucre, reconeguda legalment al registre d\u2019associacions i les seves funcions estan regulades per un decret de la Generalitat de Catalunya.<\/p>\n<p style=\"text-align: justify;\">Des de l\u2019AFA es participa de forma activa en la millora de les activitats i serveis que es realitzen en l\u2019institut amb l\u2019\u00fanic, per\u00f2 ambici\u00f3s desig, de donar als nostres fills i filles la millor educaci\u00f3 possible, juntament amb els i les docents. Tamb\u00e9 col\u00b7labora i vigila les responsabilitats de l\u2019Ajuntament i la Generalitat de Catalunya.<\/p>\n<p style=\"text-align: justify;\">B\u00e0sicament, l\u2019AFA intenta arribar on el nostre Ajuntament \/ Generalitat \/ Institut no pot, aportant el nostre granet de sorra en la realitzaci\u00f3 d\u2019activitats extres a m\u00e9s de proveir a l&#8217;institut d&#8217;actuacions i material que d\u2019una altra manera els nostres fills i filles no podrien gaudir.<\/p>\n<p style=\"text-align: justify;\">La tasca de l\u2019AFA \u00e9s la de vincle entre els pares i els equips docent i gestor, transmetent i traslladant totes aquelles q\u00fcestions d\u2019inter\u00e8s que van sorgint al llarg del curs. Participa activament tant en el Consell Escolar de l&#8217;Institut com al Consell Escolar Municipal.<\/p>\n<p style=\"text-align: justify;\">Participa i col\u00b7labora en la celebraci\u00f3 de les festes que organitza el centre, aportant el material que ens sol\u00b7licita la Direcci\u00f3 d\u2019aquest. Com m\u00e9s gran sigui la implicaci\u00f3 de tots i totes nosaltres, mares i pares, m\u00e9s i millor ser\u00e0 el resultat de la nostra col\u00b7laboraci\u00f3 amb la direcci\u00f3 i personal docent del centre i m\u00e9s ambiciosos els projectes.<\/p>\n<p style=\"text-align: justify;\">En els darrers anys hem organitzat i finan\u00e7at tallers d&#8217;educaci\u00f3 emocional tant al jovent com als docents i a les fam\u00edlies, la pintura de l&#8217;ala antiga de l&#8217;edifici i m\u00e9s.<\/p>\n<div class=\"wp-block-spacer\" style=\"text-align: justify;\" aria-hidden=\"true\"><\/div>\n<h4 class=\"wp-block-heading\" style=\"text-align: justify;\"><strong>A m\u00e9s, l\u2019AFA\u2026<\/strong><\/h4>\n<ul class=\"wp-block-list\" style=\"text-align: justify;\">\n<li>D\u00f3na suport als familiars, docents i alumnes i tamb\u00e9 als \u00f2rgans de govern del centre en tot all\u00f2 que contribueixi a la millora de la qualitat de l\u2019ensenyament que reben els nostres joves.<\/li>\n<li>Promou la participaci\u00f3 dels familiars a la comunitat educativa potenciant la seva implicaci\u00f3 en el funcionament del centre.<\/li>\n<li>\u00c9s un espai de reflexi\u00f3 que permet a les fam\u00edlies reflexionar i opinar sobre el funcionament quotidi\u00e0 de l&#8217;institut i sobre temes educatius d\u2019abast m\u00e9s general.<\/li>\n<li>\u00c9s el principal interlocutor que tenen les i els docents i l&#8217;equip directiu per tractar els temes que afecten a tot el col\u00b7lectiu de fam\u00edlies.<\/li>\n<li>Participa en la presa de decisions i en el govern del centre mitjan\u00e7ant un representant al consell escolar de centre.<\/li>\n<li>Orienta a les fam\u00edlies en l\u2019exercici dels seus drets i obligacions com a membres d\u2019un centre educatiu sostingut amb fons p\u00fablics.<\/li>\n<li>Administra i gestiona els recursos que s\u2019inverteixen en millores per a l&#8217;institut i l\u2019educaci\u00f3 de tots i totes les joves.<\/li>\n<\/ul>\n<div class=\"wp-block-spacer\" style=\"text-align: justify;\" aria-hidden=\"true\"><\/div>\n<h4 class=\"wp-block-heading\" style=\"text-align: justify;\"><strong>5 Raons per formar part de l\u2019AFA<\/strong><\/h4>\n<ul class=\"wp-block-list\" style=\"text-align: justify;\">\n<li><strong>Perqu\u00e8 l\u2019educaci\u00f3 dels nostres fills i filles \u00e9s la nostra responsabilitat<\/strong><br \/>\nSi no som capa\u00e7os de motivar-nos per ells, per qui ho farem?<br \/>\nParticipar de forma activa en la millora de les activitats i serveis que es realitzen a l\u2019institut<\/li>\n<li><strong>Perqu\u00e8 units tindrem m\u00e9s for\u00e7a per dur a terme les iniciatives<\/strong><br \/>\nProjecte anual subvencionat per l\u2019Ajuntament<\/li>\n<li><strong>Perqu\u00e8 hem de treballar per a ser un punt integrador entre l&#8217;institut i les fam\u00edlies<br \/>\n<\/strong>Volem ser plurals<\/li>\n<li><strong>Perqu\u00e8 podem portar a Consell Escolar les propostes, queixes i suggeriments de les fam\u00edlies agrupats per un inter\u00e8s com\u00fa i no individual<\/strong><br \/>\nPerqu\u00e8 \u00e9s necessari unir esfor\u00e7os i idees per reivindicar aspectes que ens ajudin a millorar la qualitat de l\u2019ensenyament<\/li>\n<li><strong>Perqu\u00e8 promovem la realitzaci\u00f3 d\u2019activitats per al benestar i desenvolupament com\u00fa dels i de les joves i les fam\u00edlies<\/strong><br \/>\nL\u2019AFA intenta arribar on el nostre ajuntament\/institut no pot, aportant el nostre granet de sorra en la realitzaci\u00f3 d\u2019activitats fora de pressupost oficial i aportant material i millores que d\u2019una altra manera els nostres fills i filles no podrien gaudir a causa de la falta de personal i de recursos<\/li>\n<\/ul>\n<div class=\"wp-block-spacer\" style=\"text-align: justify;\" aria-hidden=\"true\"><\/div>\n<p style=\"text-align: justify;\">Gr\u00e0cies per compartir entre tots el projecte d\u2019un institut actiu i participatiu.<\/p>\n<h5 class=\"wp-block-heading\" style=\"text-align: justify;\"><strong>L\u2019AFA del Carrasco som tots i totes!!!<\/strong><\/h5>\n","protected":false},"excerpt":{"rendered":"<p>L\u2019AFA, Associaci\u00f3 de Fam\u00edlies d\u2019Alumnes, \u00e9s la forma m\u00e9s efectiva que tenen totes les fam\u00edlies d\u2019agrupar-se i organitzar-se dins del Centre Escolar.<br \/>\nL\u2019AFA \u00e9s una entitat sense afany de lucre, reconeguda legalment al registre d\u2019associacions i les seves funcions estan regulades per un decret de la&hellip;  <a href=\"https:\/\/agora.xtec.cat\/sesmcarrascoformiguera-sfc\/linstitut\/afa\/\" title=\"Read AFA\">Llegeix m\u00e9s\u00bb<\/a><\/p>\n","protected":false},"author":1,"featured_media":0,"parent":19,"menu_order":0,"comment_status":"closed","ping_status":"closed","template":"","meta":{"_bbp_topic_count":0,"_bbp_reply_count":0,"_bbp_total_topic_count":0,"_bbp_total_reply_count":0,"_bbp_voice_count":0,"_bbp_anonymous_reply_count":0,"_bbp_topic_count_hidden":0,"_bbp_reply_count_hidden":0,"_bbp_forum_subforum_count":0,"footnotes":""},"class_list":["post-6273","page","type-page","status-publish","hentry"],"post_mailing_queue_ids":[],"_links":{"self":[{"href":"https:\/\/agora.xtec.cat\/sesmcarrascoformiguera-sfc\/wp-json\/wp\/v2\/pages\/6273","targetHints":{"allow":["GET"]}}],"collection":[{"href":"https:\/\/agora.xtec.cat\/sesmcarrascoformiguera-sfc\/wp-json\/wp\/v2\/pages"}],"about":[{"href":"https:\/\/agora.xtec.cat\/sesmcarrascoformiguera-sfc\/wp-json\/wp\/v2\/types\/page"}],"author":[{"embeddable":true,"href":"https:\/\/agora.xtec.cat\/sesmcarrascoformiguera-sfc\/wp-json\/wp\/v2\/users\/1"}],"replies":[{"embeddable":true,"href":"https:\/\/agora.xtec.cat\/sesmcarrascoformiguera-sfc\/wp-json\/wp\/v2\/comments?post=6273"}],"version-history":[{"count":3,"href":"https:\/\/agora.xtec.cat\/sesmcarrascoformiguera-sfc\/wp-json\/wp\/v2\/pages\/6273\/revisions"}],"predecessor-version":[{"id":6282,"href":"https:\/\/agora.xtec.cat\/sesmcarrascoformiguera-sfc\/wp-json\/wp\/v2\/pages\/6273\/revisions\/6282"}],"up":[{"embeddable":true,"href":"https:\/\/agora.xtec.cat\/sesmcarrascoformiguera-sfc\/wp-json\/wp\/v2\/pages\/19"}],"wp:attachment":[{"href":"https:\/\/agora.xtec.cat\/sesmcarrascoformiguera-sfc\/wp-json\/wp\/v2\/media?parent=6273"}],"curies":[{"name":"wp","href":"https:\/\/api.w.org\/{rel}","templated":true}]}}