{"id":5774,"date":"2024-07-03T13:27:17","date_gmt":"2024-07-03T11:27:17","guid":{"rendered":"https:\/\/agora.xtec.cat\/sesmcarrascoformiguera-sfc\/?page_id=5774"},"modified":"2025-07-07T09:43:23","modified_gmt":"2025-07-07T07:43:23","slug":"quota-de-llibres-socialitzats","status":"publish","type":"page","link":"https:\/\/agora.xtec.cat\/sesmcarrascoformiguera-sfc\/secretaria\/aportacions-de-les-families\/quota-de-llibres-socialitzats\/","title":{"rendered":"Quota de llibres socialitzats"},"content":{"rendered":"<p align=\"justify\"><span style=\"color: #0070c0;\"><span style=\"font-family: Arial, serif;\"><span style=\"font-size: small;\"><b>QUOTA DE LLIBRES SOCIALITZATS I LLIBRES DE LECTURA<\/b><\/span><\/span><\/span><\/p>\n<p align=\"justify\"><span style=\"font-family: Arial, serif;\"><span style=\"font-size: small;\">Aquest curs 2025-2026 hem renovat les edicions dels\u00a0<\/span><\/span><a style=\"color: #2795b6; font-family: Arial, serif; font-size: small;\" href=\"https:\/\/agora.xtec.cat\/sesmcarrascoformiguera-sfc\/informacions-per-a-les-families\/llibres-de-text\/\">llibres de text<\/a><span style=\"font-family: Arial, serif;\"><span style=\"font-size: small;\"> de 3 mat\u00e8ries en els 4 nivells de l&#8217;ESO -i hi afegim els que vam renovar ara fa un any- i tot i la reducci\u00f3 en l&#8217;import de la quota de socialitzaci\u00f3 de llibres que vam aprovar el curs passat, enguany mantenim la mateixa quota. Mirem de promoure una did\u00e0ctica h\u00edbrida amb altres eines i materials com <\/span><\/span><span style=\"font-family: Arial, serif;\"><span style=\"font-size: small;\"><i>Google Classroom<\/i><\/span><\/span><span style=\"font-family: Arial, serif;\"><span style=\"font-size: small;\">, material elaborat pel professorat, \u00fas d\u2019ordinadors de centre, etc.<\/span><\/span><\/p>\n<p align=\"justify\"><span style=\"font-family: Arial, serif;\"><span style=\"font-size: small;\">Aix\u00ed doncs, la quota de reutilitzaci\u00f3 de llibres socialitzats queda aix\u00ed:<\/span><\/span><\/p>\n<p align=\"justify\"><span style=\"color: #0070c0;\"><span style=\"font-family: Arial, serif;\"><span style=\"font-size: small;\"><b>1r cicle (1r i 2n d\u2019ESO)<\/b><\/span><\/span><\/span><\/p>\n<ul>\n<li style=\"list-style-type: none;\">\n<ul>\n<li>\n<p align=\"justify\"><span style=\"font-family: Arial, serif;\"><span style=\"font-size: small;\">Socis de l\u2019AFA: 115\u20ac<\/span><\/span><\/p>\n<\/li>\n<li>\n<p align=\"justify\"><span style=\"font-family: Arial, serif;\"><span style=\"font-size: small;\">No socis de l\u2019AFA: 130\u20ac<\/span><\/span><\/p>\n<\/li>\n<\/ul>\n<\/li>\n<\/ul>\n<p align=\"justify\"><span style=\"color: #0070c0;\"><span style=\"font-family: Arial, serif;\"><span style=\"font-size: small;\"><b>2n cicle (3r i 4t d\u2019ESO)<\/b><\/span><\/span><\/span><\/p>\n<ul>\n<li style=\"list-style-type: none;\">\n<ul>\n<li>\n<p align=\"justify\"><span style=\"font-family: Arial, serif;\"><span style=\"font-size: small;\">Socis de l\u2019AFA: 95\u20ac<\/span><\/span><\/p>\n<\/li>\n<li>\n<p align=\"justify\"><span style=\"font-family: Arial, serif;\"><span style=\"font-size: small;\">No socis de l\u2019AFA: 110\u20ac<\/span><\/span><\/p>\n<\/li>\n<\/ul>\n<\/li>\n<\/ul>\n<p align=\"justify\"><span style=\"font-family: Arial, serif;\"><span style=\"font-size: small;\">Dins d\u2019aquesta quota tamb\u00e9 incloem els llibres del fons del <\/span><\/span><span style=\"color: #0070c0;\"><span style=\"font-family: Arial, serif;\"><span style=\"font-size: small;\"><b>Projecte de Foment de la Lectura<\/b><\/span><\/span><\/span> <span style=\"font-family: Arial, serif;\"><span style=\"font-size: small;\">que s\u2019inclou al <\/span><\/span><span style=\"color: #0070c0;\"><span style=\"font-family: Arial, serif;\"><span style=\"font-size: small;\"><b>Pla Lector<\/b><\/span><\/span><\/span><span style=\"font-family: Arial, serif;\"><span style=\"font-size: small;\">: diversos llibres en les lleng\u00fces catalana, castellana i anglesa i segons el nivell (1r a 4t d\u2019ESO).<\/span><\/span><\/p>\n<p align=\"center\"><span style=\"font-family: Arial, serif;\"><span style=\"font-size: small;\"><b>IMPORTANT:<\/b><\/span><\/span><span style=\"font-family: Arial, serif;\"><span style=\"font-size: small;\"> Recordeu que si voleu el descompte, primer heu de fer el pagament de la quota de l\u2019AFA.<\/span><\/span><\/p>\n<p style=\"text-align: left;\" align=\"center\">.<\/p>\n<p style=\"text-align: left;\" align=\"center\"><span style=\"font-family: Arial, serif;\"><span style=\"font-size: small;\">Per consultar la llista dels llibres per a cada curs podeu <a href=\"https:\/\/agora.xtec.cat\/sesmcarrascoformiguera-sfc\/informacions-per-a-les-families\/llibres-de-text\/\">clicar aqu\u00ed<\/a>.<\/span><\/span><\/p>\n<pre style=\"text-align: left;\">Data d'actualitzaci\u00f3: 07\/07\/2025<\/pre>\n","protected":false},"excerpt":{"rendered":"<p>QUOTA DE LLIBRES SOCIALITZATS I LLIBRES DE LECTURA<br \/>\nAquest curs 2025-2026 hem renovat les edicions dels\u00a0<a style=\"color: #2795b6; font-family: Arial, serif; font-size: small;\" href=\"https:\/\/agora.xtec.cat\/sesmcarrascoformiguera-sfc\/informacions-per-a-les-families\/llibres-de-text\/\">llibres de text<\/a> de 3 mat\u00e8ries en els 4 nivells de l&#8217;ESO -i hi afegim els que vam renovar ara fa un any-&hellip;  <a href=\"https:\/\/agora.xtec.cat\/sesmcarrascoformiguera-sfc\/secretaria\/aportacions-de-les-families\/quota-de-llibres-socialitzats\/\" title=\"Read Quota de llibres socialitzats\">Llegeix m\u00e9s\u00bb<\/a><\/p>\n","protected":false},"author":1,"featured_media":0,"parent":3078,"menu_order":0,"comment_status":"closed","ping_status":"closed","template":"","meta":{"_bbp_topic_count":0,"_bbp_reply_count":0,"_bbp_total_topic_count":0,"_bbp_total_reply_count":0,"_bbp_voice_count":0,"_bbp_anonymous_reply_count":0,"_bbp_topic_count_hidden":0,"_bbp_reply_count_hidden":0,"_bbp_forum_subforum_count":0,"footnotes":""},"class_list":["post-5774","page","type-page","status-publish","hentry"],"post_mailing_queue_ids":[],"_links":{"self":[{"href":"https:\/\/agora.xtec.cat\/sesmcarrascoformiguera-sfc\/wp-json\/wp\/v2\/pages\/5774","targetHints":{"allow":["GET"]}}],"collection":[{"href":"https:\/\/agora.xtec.cat\/sesmcarrascoformiguera-sfc\/wp-json\/wp\/v2\/pages"}],"about":[{"href":"https:\/\/agora.xtec.cat\/sesmcarrascoformiguera-sfc\/wp-json\/wp\/v2\/types\/page"}],"author":[{"embeddable":true,"href":"https:\/\/agora.xtec.cat\/sesmcarrascoformiguera-sfc\/wp-json\/wp\/v2\/users\/1"}],"replies":[{"embeddable":true,"href":"https:\/\/agora.xtec.cat\/sesmcarrascoformiguera-sfc\/wp-json\/wp\/v2\/comments?post=5774"}],"version-history":[{"count":6,"href":"https:\/\/agora.xtec.cat\/sesmcarrascoformiguera-sfc\/wp-json\/wp\/v2\/pages\/5774\/revisions"}],"predecessor-version":[{"id":6038,"href":"https:\/\/agora.xtec.cat\/sesmcarrascoformiguera-sfc\/wp-json\/wp\/v2\/pages\/5774\/revisions\/6038"}],"up":[{"embeddable":true,"href":"https:\/\/agora.xtec.cat\/sesmcarrascoformiguera-sfc\/wp-json\/wp\/v2\/pages\/3078"}],"wp:attachment":[{"href":"https:\/\/agora.xtec.cat\/sesmcarrascoformiguera-sfc\/wp-json\/wp\/v2\/media?parent=5774"}],"curies":[{"name":"wp","href":"https:\/\/api.w.org\/{rel}","templated":true}]}}