{"id":5654,"date":"2024-05-28T10:43:35","date_gmt":"2024-05-28T08:43:35","guid":{"rendered":"https:\/\/agora.xtec.cat\/sesmcarrascoformiguera-sfc\/?page_id=5654"},"modified":"2024-07-05T10:14:44","modified_gmt":"2024-07-05T08:14:44","slug":"acreditacio-nivell-de-catala","status":"publish","type":"page","link":"https:\/\/agora.xtec.cat\/sesmcarrascoformiguera-sfc\/secretaria\/acreditacio-nivell-de-catala\/","title":{"rendered":"Acreditaci\u00f3 del nivell de catal\u00e0"},"content":{"rendered":"<div><a href=\"https:\/\/agora.xtec.cat\/sesmcarrascoformiguera-sfc\/wp-content\/uploads\/usu981\/2024\/07\/B2.png\"><img loading=\"lazy\" decoding=\"async\" class=\"aligncenter wp-image-5796\" src=\"https:\/\/agora.xtec.cat\/sesmcarrascoformiguera-sfc\/wp-content\/uploads\/usu981\/2024\/07\/B2.png\" alt=\"\" width=\"600\" height=\"374\" srcset=\"https:\/\/agora.xtec.cat\/sesmcarrascoformiguera-sfc\/wp-content\/uploads\/usu981\/2024\/07\/B2.png 1080w, https:\/\/agora.xtec.cat\/sesmcarrascoformiguera-sfc\/wp-content\/uploads\/usu981\/2024\/07\/B2-300x187.png 300w, https:\/\/agora.xtec.cat\/sesmcarrascoformiguera-sfc\/wp-content\/uploads\/usu981\/2024\/07\/B2-1024x639.png 1024w, https:\/\/agora.xtec.cat\/sesmcarrascoformiguera-sfc\/wp-content\/uploads\/usu981\/2024\/07\/B2-768x479.png 768w\" sizes=\"auto, (max-width: 600px) 100vw, 600px\" \/><\/a><\/div>\n<p><a href=\"https:\/\/agora.xtec.cat\/sesmcarrascoformiguera-sfc\/wp-content\/uploads\/usu981\/2024\/07\/C1.png\"><img loading=\"lazy\" decoding=\"async\" class=\"aligncenter wp-image-5797\" src=\"https:\/\/agora.xtec.cat\/sesmcarrascoformiguera-sfc\/wp-content\/uploads\/usu981\/2024\/07\/C1.png\" alt=\"\" width=\"600\" height=\"546\" srcset=\"https:\/\/agora.xtec.cat\/sesmcarrascoformiguera-sfc\/wp-content\/uploads\/usu981\/2024\/07\/C1.png 1080w, https:\/\/agora.xtec.cat\/sesmcarrascoformiguera-sfc\/wp-content\/uploads\/usu981\/2024\/07\/C1-300x273.png 300w, https:\/\/agora.xtec.cat\/sesmcarrascoformiguera-sfc\/wp-content\/uploads\/usu981\/2024\/07\/C1-1024x932.png 1024w, https:\/\/agora.xtec.cat\/sesmcarrascoformiguera-sfc\/wp-content\/uploads\/usu981\/2024\/07\/C1-768x699.png 768w\" sizes=\"auto, (max-width: 600px) 100vw, 600px\" \/><\/a><\/p>\n<p style=\"text-align: justify;\">M\u00e9s informaci\u00f3 a <a href=\"https:\/\/llengua.gencat.cat\/ca\/serveis\/acreditacio_coneixements\/certificats_de_catala\/equivalencies-acreditacions\/index.html\">Equival\u00e8ncies i acreditacions<\/a><\/p>\n<p style=\"text-align: justify;\">Tamb\u00e9 podeu adre\u00e7ar les vostres consultes sobre equival\u00e8ncia de t\u00edtols de l\u2019ensenyament reglat a la b\u00fastia de contacte del Departament d\u2019Educaci\u00f3:\u00a0<a href=\"http:\/\/ensenyament.gencat.cat\/ca\/contacte\/\" target=\"_blank\" rel=\"noopener noreferrer\" data-auth=\"NotApplicable\">http:\/\/ensenyament.gencat.cat\/ca\/contacte\/<\/a><\/p>\n<div style=\"text-align: justify;\"><\/div>\n<p style=\"text-align: justify;\"><strong><span style=\"font-family: inherit; font-size: 1em;\">Per sol\u00b7licitar el certificat a l&#8217;Ins Manuel Carrasco i Formiguera, cal que us presenteu a les nostres oficines amb la documentaci\u00f3 requerida o que l&#8217;envieu per <em>email a<\/em> <\/span>secretaria@insmcarrasco.cat<span style=\"font-family: inherit; font-size: 1em;\">. En el seg\u00fcent enlla\u00e7 teniu el formulari de la sol\u00b7licitud: <\/span><a style=\"font-family: inherit; font-size: 1em;\" href=\"https:\/\/agora.xtec.cat\/sesmcarrascoformiguera-sfc\/wp-content\/uploads\/usu981\/2024\/05\/SOL.LCITUD_CATALA_NIVELL_B2C1.pdf\">SOL\u00b7LICITUD_CATAL\u00c0_NIVELL_B2C1<\/a><\/strong><\/p>\n<div class=\"entry article_93\">\n<p style=\"text-align: justify;\"><span style=\"font-family: inherit; font-size: 1em;\">[P.S. I: Nom\u00e9s quan no es pugui resoldre des d&#8217;un institut d&#8217;educaci\u00f3 secund\u00e0ria p\u00fablic, adreceu-vos a <\/span><a style=\"font-family: inherit; font-size: 1em;\" href=\"https:\/\/web.gencat.cat\/ca\/tramits\/tramits-temes\/22046-reconeixement-b2-c1-catala?category=742b7874-a82c-11e3-a972-000c29052e2c\">aquest enlla\u00e7<\/a><span style=\"font-family: inherit; font-size: 1em;\">].<\/span><\/p>\n<p style=\"text-align: justify;\">[P.S. II: I s<span style=\"font-family: inherit; font-size: 1em;\">i necessiteu un <\/span>duplicat<span style=\"font-family: inherit; font-size: 1em;\"> del reconeixement dels nivells B2 i C1 de catal\u00e0, sol\u00b7liciteu-lo al mateix centre que va emetre el document original. <\/span><span style=\"font-family: inherit; font-size: 1em;\">Si el centre ja no existeix, demaneu a la <\/span><a style=\"font-family: inherit; font-size: 1em;\" title=\"Ves-hi\" href=\"https:\/\/educacio.gencat.cat\/ca\/departament\/inspeccio-educacio\/inspeccions-territorials\/\">Inspecci\u00f3 d&#8217;Educaci\u00f3 dels serveis territorials<\/a><span style=\"font-family: inherit; font-size: 1em;\"> de la vostra demarcaci\u00f3 quin \u00e9s el centre que t\u00e9 la documentaci\u00f3 del centre educatiu tancat.]<\/span><\/p>\n<div><\/div>\n<pre>Data d'actualitzaci\u00f3: 04\/07\/2024<\/pre>\n<\/div>\n","protected":false},"excerpt":{"rendered":"<p><a href=\"https:\/\/agora.xtec.cat\/sesmcarrascoformiguera-sfc\/wp-content\/uploads\/usu981\/2024\/07\/B2.png\"><\/a><br \/>\n<a href=\"https:\/\/agora.xtec.cat\/sesmcarrascoformiguera-sfc\/wp-content\/uploads\/usu981\/2024\/07\/C1.png\"><\/a><br \/>\nM\u00e9s informaci\u00f3 a <a href=\"https:\/\/llengua.gencat.cat\/ca\/serveis\/acreditacio_coneixements\/certificats_de_catala\/equivalencies-acreditacions\/index.html\">Equival\u00e8ncies i acreditacions<\/a><br \/>\nTamb\u00e9 podeu adre\u00e7ar les vostres consultes sobre equival\u00e8ncia de t\u00edtols de l\u2019ensenyament reglat a la b\u00fastia de contacte del Departament d\u2019Educaci\u00f3:\u00a0<a href=\"http:\/\/ensenyament.gencat.cat\/ca\/contacte\/\" target=\"_blank\" rel=\"noopener noreferrer\" data-auth=\"NotApplicable\">http:\/\/ensenyament.gencat.cat\/ca\/contacte\/<\/a><\/p>\n<p>Per sol\u00b7licitar el certificat a l&#8217;Ins Manuel Carrasco i Formiguera, cal que&hellip;  <a href=\"https:\/\/agora.xtec.cat\/sesmcarrascoformiguera-sfc\/secretaria\/acreditacio-nivell-de-catala\/\" title=\"Read Acreditaci\u00f3 del nivell de catal\u00e0\">Llegeix m\u00e9s\u00bb<\/a><\/p>\n","protected":false},"author":26,"featured_media":0,"parent":81,"menu_order":0,"comment_status":"closed","ping_status":"closed","template":"","meta":{"_bbp_topic_count":0,"_bbp_reply_count":0,"_bbp_total_topic_count":0,"_bbp_total_reply_count":0,"_bbp_voice_count":0,"_bbp_anonymous_reply_count":0,"_bbp_topic_count_hidden":0,"_bbp_reply_count_hidden":0,"_bbp_forum_subforum_count":0,"footnotes":""},"class_list":["post-5654","page","type-page","status-publish","hentry"],"post_mailing_queue_ids":[],"_links":{"self":[{"href":"https:\/\/agora.xtec.cat\/sesmcarrascoformiguera-sfc\/wp-json\/wp\/v2\/pages\/5654","targetHints":{"allow":["GET"]}}],"collection":[{"href":"https:\/\/agora.xtec.cat\/sesmcarrascoformiguera-sfc\/wp-json\/wp\/v2\/pages"}],"about":[{"href":"https:\/\/agora.xtec.cat\/sesmcarrascoformiguera-sfc\/wp-json\/wp\/v2\/types\/page"}],"author":[{"embeddable":true,"href":"https:\/\/agora.xtec.cat\/sesmcarrascoformiguera-sfc\/wp-json\/wp\/v2\/users\/26"}],"replies":[{"embeddable":true,"href":"https:\/\/agora.xtec.cat\/sesmcarrascoformiguera-sfc\/wp-json\/wp\/v2\/comments?post=5654"}],"version-history":[{"count":7,"href":"https:\/\/agora.xtec.cat\/sesmcarrascoformiguera-sfc\/wp-json\/wp\/v2\/pages\/5654\/revisions"}],"predecessor-version":[{"id":5798,"href":"https:\/\/agora.xtec.cat\/sesmcarrascoformiguera-sfc\/wp-json\/wp\/v2\/pages\/5654\/revisions\/5798"}],"up":[{"embeddable":true,"href":"https:\/\/agora.xtec.cat\/sesmcarrascoformiguera-sfc\/wp-json\/wp\/v2\/pages\/81"}],"wp:attachment":[{"href":"https:\/\/agora.xtec.cat\/sesmcarrascoformiguera-sfc\/wp-json\/wp\/v2\/media?parent=5654"}],"curies":[{"name":"wp","href":"https:\/\/api.w.org\/{rel}","templated":true}]}}